{"id":3510,"date":"2025-01-31T11:29:49","date_gmt":"2025-01-31T11:29:49","guid":{"rendered":"https:\/\/snoeck.process-vision.de\/shop\/ingrid-calame-being-born\/"},"modified":"2025-04-02T13:36:26","modified_gmt":"2025-04-02T13:36:26","slug":"ingrid-calame-being-born","status":"publish","type":"product","link":"https:\/\/snoeck.de\/es\/shop\/ingrid-calame-being-born\/","title":{"rendered":"Ingrid Calame: Nacer"},"content":{"rendered":"<h3>No me acuerdo, pero ...<\/h3>\n<p>M\u00e1s de 20 personas: Ni\u00f1os, adolescentes, adultos, amigos y colegas, tanto hombres como mujeres, fueron entrevistados por Ingrid Calame en su volumen \"Nacer\" sobre su conocimiento de su propio nacimiento. Estas conversaciones, naturalmente extremadamente personales, van acompa\u00f1adas de fragmentos de im\u00e1genes de frottages con pigmento sobre Mylar, que la artista cre\u00f3 en 2014 en una cisterna de la Escuela Superior de Arte y Dise\u00f1o de Savannah, en Lacoste (Francia), y en 2015 en el Zeche Zollverein de Essen (Alemania). Las obras, sombr\u00edas y coloridas, dirigen la mirada del espectador desde dentro hacia fuera, por as\u00ed decirlo. Como inundados por la luz del sol, aparecen ruedas dentadas, surcos o nervaduras met\u00e1licas junto a huellas indefinibles y desniveles en unas im\u00e1genes de otras. Las narraciones no son diferentes para el lector: por un lado, las historias de aterradores partos forzosos; por otro, leyendas de contenido casi m\u00edtico. Todo ello resulta conmovedor y aterrador a la vez, pero luego se rompe una y otra vez por el humor que recorre la mayor\u00eda de las historias familiares. El volumen es actualmente la \u00fanica publicaci\u00f3n individual disponible sobre la obra de la pintora abstracta estadounidense, nacida en Nueva York en 1965 y residente en Los \u00c1ngeles. En 2014, fue representada en la antolog\u00eda \"Painting Today\" de Tony Godfrey; se ha dado a conocer por su estilo radical, orientado hacia los legados humanos, las manchas y los grafitis, una especie de cartograf\u00eda de las huellas humanas.<\/p>","protected":false},"excerpt":{"rendered":"<p>Kienbaum Artists' Books 2016, editado por Jochen Kienbaum<br \/>\nEntrevistas (eng.) de Ingrid Calame con Rhea Anastas, James Benning, Kate Bland, Olivia Booth, Nancy Davidson, Gabrielle Monserrate Ferrer, Steven Hull, Dewey Johnson, Erik Johnson, Dolly Johnson, Remy Kushner, Thomas Lawson, Laura Miller, Iris Maczollek, Julia Paull, Beverly Reed, David Reed, Willa Pearl Calame Roberts, Shelby Roberts, Mira Schor, Esther Simpson, Ford Stone, Fred Tomaselli, Amy Wheeler, Joe Wolek.<br \/>\n96 p. con 55 ilustraciones en color<br \/>\nFormato 32,5 x 24 cm, tapa dura<\/p>","protected":false},"featured_media":4924,"template":"","meta":[],"product_brand":[],"product_cat":[108,60,68],"product_tag":[],"class_list":{"0":"post-3510","1":"product","2":"type-product","3":"status-publish","4":"has-post-thumbnail","6":"product_cat-108","7":"product_cat-c","8":"product_cat-k","10":"first","11":"instock","12":"taxable","13":"shipping-taxable","14":"purchasable","15":"product-type-simple"},"aioseo_notices":[],"_wp_attached_file":null,"_wp_attachment_metadata":null,"_wc_attachment_source":null,"_elementor_inline_svg":null,"_elementor_is_screenshot":null,"_elementor_source_image_hash":null,"_source_url":null,"_wp_attachment_context":null,"_menu_item_type":null,"_menu_item_menu_item_parent":null,"_menu_item_object_id":null,"_menu_item_object":null,"_menu_item_target":null,"_menu_item_classes":null,"_menu_item_xfn":null,"_menu_item_url":null,"__elementor_forms_snapshot":null,"_unit":"","_unit_base":"","_unit_product":"","_unit_price_auto":"no","_unit_price_regular":"","_unit_price":"","_unit_price_sale":"","_sale_price_label":"","_sale_price_regular_label":"","_manufacturer_slug":"","_mini_desc":"","_defect_description":"","_safety_instructions":"","_allergen_ids":[],"_warranty_attachment_id":"","_safety_attachment_ids":[],"_min_age":"","_ts_gtin":"","_ts_mpn":"","_delivery_time_countries":[],"_free_shipping":"no","_service":"no","_photovoltaic_system":"no","_used_good":"no","_defective_copy":"no","_wireless_electronic_device":"no","_device_contains_power_supply":"no","_device_charging_supports_usb_pd":"no","_device_charging_watt_min":"0","_device_charging_watt_max":"0","_is_food":"no","_differential_taxation":"no","_gzd_version":"3.18.7","_hs_code":"","_customs_description":"","_manufacture_country":"0","_is_non_returnable":"no","_shipping_length":"","_shipping_width":"","_shipping_height":"","_sku":"ISBN 978-3-86442-159-4","_global_unique_id":"978-3-86442-159-4","_regular_price":"29.8","total_sales":"0","_tax_status":"taxable","_tax_class":"","_manage_stock":"no","_backorders":"no","_sold_individually":"no","_weight":"1","_virtual":"no","_downloadable":"no","_download_limit":"-1","_download_expiry":"-1","_stock":"","_stock_status":"instock","_wc_average_rating":"0","_wc_review_count":"0","_product_version":"9.7.1","_price":"29.8","shopengine_product_views_count":"2713","_thumbnail_id":"4924","_product_attributes":{"erscheinungsdatum":{"name":"Erscheinungsdatum","value":"07.12.2015","position":0,"is_visible":1,"is_variation":0,"is_taxonomy":0,"checkout_visible":0}},"_nutrient_ids":[],"_upsell_ids":null,"pswc_subtitle":null,"_default_delivery_time":null,"_wp_desired_post_slug":null,"_isbn":null,"pageType":null,"isExternalUrl":null,"pageId":null,"externalUrl":null,"hideCookieBanner":null,"isTargetBlank":null,"isProviderCurrentWebsite":null,"isEmbeddingOnlyExternalResources":null,"legalBasis":null,"dataProcessingInCountries":null,"dataProcessingInCountriesSpecialTreatments":null,"technicalDefinitions":null,"googleConsentModeConsentTypes":null,"executePriority":null,"executeCodeOptInWhenNoTagManagerConsentIsGiven":null,"executeCodeOptOutWhenNoTagManagerConsentIsGiven":null,"deleteTechnicalDefinitionsAfterOptOut":null,"presetId":null,"presetVersion":null,"provider":null,"providerContactPhone":null,"providerContactEmail":null,"providerContactLink":null,"uniqueName":null,"providerPrivacyPolicyUrl":null,"providerLegalNoticeUrl":null,"codeOptIn":null,"codeOptOut":null,"codeOnPageLoad":null,"language_code":null,"shopengine_template__post_meta__type":null,"shopengine_template__post_meta":null,"shopengine_template__post_meta__edit_with":null,"origin":null,"_enabled":null,"_filters":null,"_layout":null,"_elementor_import_session_id":null,"_wp_trash_meta_status":null,"_wp_trash_meta_time":null,"_edit_lock":"1743600853:2","_elementor_floating_elements_type":null,"_elementor_edit_mode":null,"_elementor_template_type":null,"tc-thumb-fld":{"_thumb_id":4924,"_thumb_type":"thumb"},"_wp_page_template":"default","_elementor_version":null,"_elementor_pro_version":null,"_elementor_page_settings":null,"_elementor_data":null,"_elementor_conditions":null,"_elementor_popup_display_settings":null,"_edit_last":"2","_elementor_template_sub_type":null,"_elementor_controls_usage":null,"_elementor_screenshot":null,"_elementor_css":null,"_elementor_page_assets":[],"_elementor_element_cache":null,"_elementor_screenshot_failed":null,"_elementor_source":null,"_wp_old_date":null,"layout_key":"","post_slider_check_key":"0","_links":{"self":[{"href":"https:\/\/snoeck.de\/es\/wp-json\/wp\/v2\/product\/3510","targetHints":{"allow":["GET"]}}],"collection":[{"href":"https:\/\/snoeck.de\/es\/wp-json\/wp\/v2\/product"}],"about":[{"href":"https:\/\/snoeck.de\/es\/wp-json\/wp\/v2\/types\/product"}],"wp:featuredmedia":[{"embeddable":true,"href":"https:\/\/snoeck.de\/es\/wp-json\/wp\/v2\/media\/4924"}],"wp:attachment":[{"href":"https:\/\/snoeck.de\/es\/wp-json\/wp\/v2\/media?parent=3510"}],"wp:term":[{"taxonomy":"product_brand","embeddable":true,"href":"https:\/\/snoeck.de\/es\/wp-json\/wp\/v2\/product_brand?post=3510"},{"taxonomy":"product_cat","embeddable":true,"href":"https:\/\/snoeck.de\/es\/wp-json\/wp\/v2\/product_cat?post=3510"},{"taxonomy":"product_tag","embeddable":true,"href":"https:\/\/snoeck.de\/es\/wp-json\/wp\/v2\/product_tag?post=3510"}],"curies":[{"name":"wp","href":"https:\/\/api.w.org\/{rel}","templated":true}]}}