{"id":3512,"date":"2025-01-31T11:29:50","date_gmt":"2025-01-31T11:29:50","guid":{"rendered":"https:\/\/snoeck.process-vision.de\/shop\/cher-ami-votre-marcel-proust\/"},"modified":"2025-04-02T11:59:15","modified_gmt":"2025-04-02T11:59:15","slug":"cher-ami-votre-marcel-proust","status":"publish","type":"product","link":"https:\/\/snoeck.de\/es\/shop\/cher-ami-votre-marcel-proust\/","title":{"rendered":"Cher ami ... Votre Marcel Proust - Marcel Proust en el espejo de su correspondencia \/ Marcel Proust et sa correspondance"},"content":{"rendered":"<h3>Clave del mundo - Cartas y aut\u00f3grafos de la Bibliotheca Proustiana Reiner Speck<\/h3>\n<p>La evocaci\u00f3n de un mundo de recuerdos a trav\u00e9s de la degustaci\u00f3n de un pastel mojado en una taza de t\u00e9 -el famoso episodio de Madeleine en \"En busca del tiempo perdido\" de Marcel Proust- es una experiencia clave a la que nadie puede sustraerse tras la lectura de esta gran novela. Marcel Proust era un \u00e1vido escritor de cartas; tras su retirada de la sociedad a su habitaci\u00f3n con paneles de corcho, la correspondencia parece ser el \u00fanico v\u00ednculo entre el mundo exterior y el interior. Es tambi\u00e9n el fermento de la g\u00e9nesis de su opus magnum, que abarc\u00f3 m\u00e1s de una d\u00e9cada y media. Muchos de los temas all\u00ed tratados, con amplitud y sensibilidad, se encuentran como g\u00e9rmenes en \"Recherche\", en algunos casos citados textualmente. Un equipo internacional de autores ha iluminado en ensayos los diversos contextos de la correspondencia: Se aprenden cosas nuevas sobre los destinatarios y su implicaci\u00f3n en la historia de la publicaci\u00f3n y la recepci\u00f3n, sobre la vida literaria en Par\u00eds, sobre Proust como dibujante, sobre la relaci\u00f3n con su madre, su estilo epistolar... El volumen ofrece una cr\u00f3nica de su vida, un comentario contextual de m\u00e1s de 80 cartas originales ilustradas y una ficha bibliogr\u00e1fica de las ediciones de la correspondencia con numerosas ilustraciones del material, todo ello procedente de la Bibliotheca Proustiana Reiner Speck. Esto brinda al lector la oportunidad de penetrar en el misterio de la \u00c9criture de Proust, que se mueve entre los polos del pensamiento l\u00facido y la ilegibilidad lamentada por algunos destinatarios. Direcciones, omisiones, alusiones y redacciones proporcionan o revelan enigmas sobre la vida privada de Marcel Proust, envuelta en el misterio.<\/p>\n<p>Exposiciones:<br \/>\nLiterturhaus de M\u00fanich, 26\/3 - 7\/6\/2009<br \/>\nMuseo de Artes Aplicadas de Colonia, 28\/6 - 6\/9\/2009<\/p>","protected":false},"excerpt":{"rendered":"<p>Editado por J\u00fcrgen Ritte y Reiner Speck<br \/>\nTextos (alem\u00e1n\/franc\u00e9s) de Philippe Chardin, Eva Erdmann, Kirsten von Hagen, Luzius Keller, Ursula Link-Heer, Rainer Moritz, Mireille Naturel, George Pistorius, Angelica Rieger, J\u00fcrgen Ritte, Manfred Schneider, Michael Sostarich, Caroline Szylowics<br \/>\n400 p. con 700 ilustraciones en color<br \/>\nFormato 31 x 23 cm, encuadernado en tela, t\u00edtulo y lomo en relieve y sobrecubierta con doble pliegue<\/p>","protected":false},"featured_media":4926,"template":"","meta":[],"product_brand":[],"product_cat":[113,58,60,70,73,79],"product_tag":[],"class_list":{"0":"post-3512","1":"product","2":"type-product","3":"status-publish","4":"has-post-thumbnail","6":"product_cat-113","7":"product_cat-a","8":"product_cat-c","9":"product_cat-m","10":"product_cat-p","11":"product_cat-v","13":"first","14":"instock","15":"taxable","16":"shipping-taxable","17":"purchasable","18":"product-type-simple"},"aioseo_notices":[],"_wp_attached_file":null,"_wp_attachment_metadata":null,"_wc_attachment_source":null,"_elementor_inline_svg":null,"_elementor_is_screenshot":null,"_elementor_source_image_hash":null,"_source_url":null,"_wp_attachment_context":null,"_menu_item_type":null,"_menu_item_menu_item_parent":null,"_menu_item_object_id":null,"_menu_item_object":null,"_menu_item_target":null,"_menu_item_classes":null,"_menu_item_xfn":null,"_menu_item_url":null,"__elementor_forms_snapshot":null,"_unit":"","_unit_base":"","_unit_product":"","_unit_price_auto":"no","_unit_price_regular":"","_unit_price":"","_unit_price_sale":"","_sale_price_label":"","_sale_price_regular_label":"","_manufacturer_slug":"","_mini_desc":"","_defect_description":"","_safety_instructions":"","_allergen_ids":[],"_warranty_attachment_id":"","_safety_attachment_ids":[],"_min_age":"","_ts_gtin":"","_ts_mpn":"","_delivery_time_countries":[],"_free_shipping":"no","_service":"no","_photovoltaic_system":"no","_used_good":"no","_defective_copy":"no","_wireless_electronic_device":"no","_device_contains_power_supply":"no","_device_charging_supports_usb_pd":"no","_device_charging_watt_min":"0","_device_charging_watt_max":"0","_is_food":"no","_differential_taxation":"no","_gzd_version":"3.18.7","_hs_code":"","_customs_description":"","_manufacture_country":"0","_is_non_returnable":"no","_shipping_length":"","_shipping_width":"","_shipping_height":"","_sku":"ISBN 978-3-940953-04-9","_global_unique_id":"978-3-940953-04-9","_regular_price":"78","total_sales":"0","_tax_status":"taxable","_tax_class":"","_manage_stock":"no","_backorders":"no","_sold_individually":"no","_weight":"3","_virtual":"no","_downloadable":"no","_download_limit":"-1","_download_expiry":"-1","_stock":"","_stock_status":"instock","_wc_average_rating":"0","_wc_review_count":"0","_product_version":"9.7.1","_price":"78","shopengine_product_views_count":"3279","_thumbnail_id":"4926","_product_attributes":{"erscheinungsdatum":{"name":"Fecha de publicaci\u00f3n","value":"25.03.2009","position":0,"is_visible":1,"is_variation":0,"is_taxonomy":0,"checkout_visible":0}},"_nutrient_ids":[],"_upsell_ids":null,"pswc_subtitle":null,"_default_delivery_time":null,"_wp_desired_post_slug":null,"_isbn":null,"pageType":null,"isExternalUrl":null,"pageId":null,"externalUrl":null,"hideCookieBanner":null,"isTargetBlank":null,"isProviderCurrentWebsite":null,"isEmbeddingOnlyExternalResources":null,"legalBasis":null,"dataProcessingInCountries":null,"dataProcessingInCountriesSpecialTreatments":null,"technicalDefinitions":null,"googleConsentModeConsentTypes":null,"executePriority":null,"executeCodeOptInWhenNoTagManagerConsentIsGiven":null,"executeCodeOptOutWhenNoTagManagerConsentIsGiven":null,"deleteTechnicalDefinitionsAfterOptOut":null,"presetId":null,"presetVersion":null,"provider":null,"providerContactPhone":null,"providerContactEmail":null,"providerContactLink":null,"uniqueName":null,"providerPrivacyPolicyUrl":null,"providerLegalNoticeUrl":null,"codeOptIn":null,"codeOptOut":null,"codeOnPageLoad":null,"language_code":null,"shopengine_template__post_meta__type":null,"shopengine_template__post_meta":null,"shopengine_template__post_meta__edit_with":null,"origin":null,"_enabled":null,"_filters":null,"_layout":null,"_elementor_import_session_id":null,"_wp_trash_meta_status":null,"_wp_trash_meta_time":null,"_edit_lock":"1743595022:2","_elementor_floating_elements_type":null,"_elementor_edit_mode":null,"_elementor_template_type":null,"tc-thumb-fld":{"_thumb_id":4926,"_thumb_type":"thumb"},"_wp_page_template":"default","_elementor_version":null,"_elementor_pro_version":null,"_elementor_page_settings":null,"_elementor_data":null,"_elementor_conditions":null,"_elementor_popup_display_settings":null,"_edit_last":"2","_elementor_template_sub_type":null,"_elementor_controls_usage":null,"_elementor_screenshot":null,"_elementor_css":null,"_elementor_page_assets":[],"_elementor_element_cache":null,"_elementor_screenshot_failed":null,"_elementor_source":null,"_wp_old_date":null,"layout_key":"","post_slider_check_key":"0","_links":{"self":[{"href":"https:\/\/snoeck.de\/es\/wp-json\/wp\/v2\/product\/3512","targetHints":{"allow":["GET"]}}],"collection":[{"href":"https:\/\/snoeck.de\/es\/wp-json\/wp\/v2\/product"}],"about":[{"href":"https:\/\/snoeck.de\/es\/wp-json\/wp\/v2\/types\/product"}],"wp:featuredmedia":[{"embeddable":true,"href":"https:\/\/snoeck.de\/es\/wp-json\/wp\/v2\/media\/4926"}],"wp:attachment":[{"href":"https:\/\/snoeck.de\/es\/wp-json\/wp\/v2\/media?parent=3512"}],"wp:term":[{"taxonomy":"product_brand","embeddable":true,"href":"https:\/\/snoeck.de\/es\/wp-json\/wp\/v2\/product_brand?post=3512"},{"taxonomy":"product_cat","embeddable":true,"href":"https:\/\/snoeck.de\/es\/wp-json\/wp\/v2\/product_cat?post=3512"},{"taxonomy":"product_tag","embeddable":true,"href":"https:\/\/snoeck.de\/es\/wp-json\/wp\/v2\/product_tag?post=3512"}],"curies":[{"name":"wp","href":"https:\/\/api.w.org\/{rel}","templated":true}]}}