{"id":3513,"date":"2025-01-31T11:29:51","date_gmt":"2025-01-31T11:29:51","guid":{"rendered":"https:\/\/snoeck.process-vision.de\/shop\/louisa-clement-becoming-lost\/"},"modified":"2025-04-02T11:32:52","modified_gmt":"2025-04-02T11:32:52","slug":"louisa-clement-becoming-lost","status":"publish","type":"product","link":"https:\/\/snoeck.de\/es\/shop\/louisa-clement-becoming-lost\/","title":{"rendered":"Louisa Clement: perderse"},"content":{"rendered":"<h3>El sue\u00f1o (de pesadilla) de la persona perfecta<\/h3>\n<p>La \"representante\" se queda callada: \"Ni lo menciones\", dice con sorna, sonr\u00ede con un poco de suficiencia y luego guarda un obstinado silencio. Ahora hay cinco de estos cuerpos de mu\u00f1eca programados por inteligencia artificial, todos perfectamente modelados a semejanza de su creadora Louisa Clement, creados en colaboraci\u00f3n con una empresa china especializada en la producci\u00f3n de mu\u00f1ecas sexuales y la C\u00e1tedra de Ling\u00fc\u00edstica Computacional de la Universidad de Saarbr\u00fccken. \"Louisa\", la \"representante\" creada por la artista Louisa Clement, es tambi\u00e9n un poco extra\u00f1a precisamente por esta raz\u00f3n: alimentada con el contenido del smartphone de la artista y conectada a internet, no se limita a reproducir mec\u00e1nicamente respuestas prefabricadas a las preguntas de los visitantes, sino que aprende y desarrolla constantemente caracter\u00edsticas cada vez m\u00e1s complejas. En el marco de su exposici\u00f3n y del libro publicado con motivo del Bonn Art Prize, Louisa Clement se centra ahora en lo amplias que han llegado a ser ya las posibilidades de manipulaci\u00f3n del ADN humano. Sobre la base de una beca en Par\u00eds hecha posible por el premio de arte, ha desarrollado la pel\u00edcula de casi diez minutos \"off-target-effect\", que relata el sue\u00f1o (de pesadilla) del ser humano perfecto en todos los aspectos en una mezcla de textos impresionantes, planos de laboratorio y secuencias de ordenador.<\/p>\n<p>Exposiciones:<br \/>\nKunstmuseum Bonn, 22\/2 - 16\/6\/2024<\/p>","protected":false},"excerpt":{"rendered":"<p>Cat\u00e1logo de la exposici\u00f3n, Kunstmuseum Bonn, editado por Barbara J. Scheuermann<br \/>\nTextos (alem\u00e1n\/ingl\u00e9s) de Stephan Berg, Barbara J. Scheuermann, Michael Stockhausen<br \/>\n96 p. con 45 ilustraciones en color<br \/>\nFormato 17 x 12 cm, cubierta de lino impresa en cuatricrom\u00eda<\/p>","protected":false},"featured_media":4927,"template":"","meta":[],"product_brand":[],"product_cat":[88,60],"product_tag":[],"class_list":{"0":"post-3513","1":"product","2":"type-product","3":"status-publish","4":"has-post-thumbnail","6":"product_cat-88","7":"product_cat-c","9":"first","10":"instock","11":"taxable","12":"shipping-taxable","13":"purchasable","14":"product-type-simple"},"aioseo_notices":[],"_wp_attached_file":null,"_wp_attachment_metadata":null,"_wc_attachment_source":null,"_elementor_inline_svg":null,"_elementor_is_screenshot":null,"_elementor_source_image_hash":null,"_source_url":null,"_wp_attachment_context":null,"_menu_item_type":null,"_menu_item_menu_item_parent":null,"_menu_item_object_id":null,"_menu_item_object":null,"_menu_item_target":null,"_menu_item_classes":null,"_menu_item_xfn":null,"_menu_item_url":null,"__elementor_forms_snapshot":null,"_unit":"","_unit_base":"","_unit_product":"","_unit_price_auto":"no","_unit_price_regular":"","_unit_price":"","_unit_price_sale":"","_sale_price_label":"","_sale_price_regular_label":"","_manufacturer_slug":"","_mini_desc":"","_defect_description":"","_safety_instructions":"","_allergen_ids":[],"_warranty_attachment_id":"","_safety_attachment_ids":[],"_min_age":"","_ts_gtin":"","_ts_mpn":"","_delivery_time_countries":[],"_free_shipping":"no","_service":"no","_photovoltaic_system":"no","_used_good":"no","_defective_copy":"no","_wireless_electronic_device":"no","_device_contains_power_supply":"no","_device_charging_supports_usb_pd":"no","_device_charging_watt_min":"0","_device_charging_watt_max":"0","_is_food":"no","_differential_taxation":"no","_gzd_version":"3.18.7","_hs_code":"","_customs_description":"","_manufacture_country":"0","_is_non_returnable":"no","_shipping_length":"","_shipping_width":"","_shipping_height":"","_sku":"ISBN 978-3-86442-433-5","_global_unique_id":"978-3-86442-433-5","_regular_price":"29.8","total_sales":"0","_tax_status":"taxable","_tax_class":"","_manage_stock":"no","_backorders":"no","_sold_individually":"no","_weight":"1","_virtual":"no","_downloadable":"no","_download_limit":"-1","_download_expiry":"-1","_stock":"","_stock_status":"instock","_wc_average_rating":"0","_wc_review_count":"0","_product_version":"9.7.1","_price":"29.8","shopengine_product_views_count":"3339","_thumbnail_id":"4927","_product_attributes":{"erscheinungsdatum":{"name":"Fecha de publicaci\u00f3n","value":"23.02.2024","position":0,"is_visible":1,"is_variation":0,"is_taxonomy":0,"checkout_visible":0}},"_nutrient_ids":[],"_upsell_ids":null,"pswc_subtitle":null,"_default_delivery_time":null,"_wp_desired_post_slug":null,"_isbn":null,"pageType":null,"isExternalUrl":null,"pageId":null,"externalUrl":null,"hideCookieBanner":null,"isTargetBlank":null,"isProviderCurrentWebsite":null,"isEmbeddingOnlyExternalResources":null,"legalBasis":null,"dataProcessingInCountries":null,"dataProcessingInCountriesSpecialTreatments":null,"technicalDefinitions":null,"googleConsentModeConsentTypes":null,"executePriority":null,"executeCodeOptInWhenNoTagManagerConsentIsGiven":null,"executeCodeOptOutWhenNoTagManagerConsentIsGiven":null,"deleteTechnicalDefinitionsAfterOptOut":null,"presetId":null,"presetVersion":null,"provider":null,"providerContactPhone":null,"providerContactEmail":null,"providerContactLink":null,"uniqueName":null,"providerPrivacyPolicyUrl":null,"providerLegalNoticeUrl":null,"codeOptIn":null,"codeOptOut":null,"codeOnPageLoad":null,"language_code":null,"shopengine_template__post_meta__type":null,"shopengine_template__post_meta":null,"shopengine_template__post_meta__edit_with":null,"origin":null,"_enabled":null,"_filters":null,"_layout":null,"_elementor_import_session_id":null,"_wp_trash_meta_status":null,"_wp_trash_meta_time":null,"_edit_lock":"1743593433:2","_elementor_floating_elements_type":null,"_elementor_edit_mode":null,"_elementor_template_type":null,"tc-thumb-fld":{"_thumb_id":4927,"_thumb_type":"thumb"},"_wp_page_template":"default","_elementor_version":null,"_elementor_pro_version":null,"_elementor_page_settings":null,"_elementor_data":null,"_elementor_conditions":null,"_elementor_popup_display_settings":null,"_edit_last":"2","_elementor_template_sub_type":null,"_elementor_controls_usage":null,"_elementor_screenshot":null,"_elementor_css":null,"_elementor_page_assets":[],"_elementor_element_cache":null,"_elementor_screenshot_failed":null,"_elementor_source":null,"_wp_old_date":null,"layout_key":"","post_slider_check_key":"0","_links":{"self":[{"href":"https:\/\/snoeck.de\/es\/wp-json\/wp\/v2\/product\/3513","targetHints":{"allow":["GET"]}}],"collection":[{"href":"https:\/\/snoeck.de\/es\/wp-json\/wp\/v2\/product"}],"about":[{"href":"https:\/\/snoeck.de\/es\/wp-json\/wp\/v2\/types\/product"}],"wp:featuredmedia":[{"embeddable":true,"href":"https:\/\/snoeck.de\/es\/wp-json\/wp\/v2\/media\/4927"}],"wp:attachment":[{"href":"https:\/\/snoeck.de\/es\/wp-json\/wp\/v2\/media?parent=3513"}],"wp:term":[{"taxonomy":"product_brand","embeddable":true,"href":"https:\/\/snoeck.de\/es\/wp-json\/wp\/v2\/product_brand?post=3513"},{"taxonomy":"product_cat","embeddable":true,"href":"https:\/\/snoeck.de\/es\/wp-json\/wp\/v2\/product_cat?post=3513"},{"taxonomy":"product_tag","embeddable":true,"href":"https:\/\/snoeck.de\/es\/wp-json\/wp\/v2\/product_tag?post=3513"}],"curies":[{"name":"wp","href":"https:\/\/api.w.org\/{rel}","templated":true}]}}