{"id":3515,"date":"2025-01-31T11:29:52","date_gmt":"2025-01-31T11:29:52","guid":{"rendered":"https:\/\/snoeck.process-vision.de\/shop\/counter-culture-25-years-sammlung-falckenberg-objects-and-installations\/"},"modified":"2025-04-02T11:29:42","modified_gmt":"2025-04-02T11:29:42","slug":"counter-culture-25-years-sammlung-falckenberg-objects-and-installations","status":"publish","type":"product","link":"https:\/\/snoeck.de\/es\/shop\/counter-culture-25-years-sammlung-falckenberg-objects-and-installations\/","title":{"rendered":"Contracultura. 25 a\u00f1os Colecci\u00f3n Falckenberg. Objetos e instalaciones"},"content":{"rendered":"<h3>Las instalaciones son el punto de partida<\/h3>\n<p>Con motivo del 25 aniversario de la Colecci\u00f3n Falckenberg, el Deichtorhallen Hamburg\/Colecci\u00f3n Falckenberg presenta una amplia exposici\u00f3n centrada en las obras de instalaci\u00f3n y escultura de la colecci\u00f3n. La exposici\u00f3n presenta un centenar de obras de m\u00e1s de 60 artistas de renombre internacional, algunas de las cuales han sido prestadas al Centre Pompidou, el PS1, el Walker Art Center, la Tate Modern, el MoMA de Nueva York, el MOCA de Los \u00c1ngeles y las Bienales de Venecia y Shangh\u00e1i. Estas obras se re\u00fanen ahora por primera vez en una gran exposici\u00f3n en Hamburgo-Harburgo, en la Colecci\u00f3n Falckenberg. Algunas de las obras expuestas se muestran por primera vez en el Phoenix-Hallen de Harburgo. Otras, como la instalaci\u00f3n multimedia de Jon Kessler \"The Palace at 4 A.M.\", han sido restauradas en profundidad especialmente para esta exposici\u00f3n. Adem\u00e1s, las instalaciones permanentes de Jonathan Meese, Thomas Hirschhorn y John Bock en las salas de la colecci\u00f3n son parte integrante de la muestra.<\/p>\n<p>Artistas:<br \/>\nVito Acconci, Franz Ackermann, Richard Artschwager, Karla Black, John Bock, Olaf Breuning, Bj\u00f6rn Dahlem, Mark Dion, Jimmie Durham, General Idea, Thomas Gr\u00fcnfeld, Georg Herold, Thomas Hirschhorn, Mike Kelley, Jon Kessler, Martin Kippenberger, Jean-Jacques Lebel, Sherrie Levine\/Joost van Oss, Sarah Lucas, Paul McCarthy, Jonathan Meese, Bjarne Melgaard, Ernesto Neto, Tony Oursler, Nam June Paik, Manfred Pernice, Robert Rauschenberg, Jason Rhoades, Christoph Schlingensief, Thomas Sch\u00fctte, Roman Signer, Jessica Stockholder, Diana Thater, Paul Thek, Gavin Turk, Atelier van Lieshout, Peter Welz, Cosima von Bonin, Rebecca Warren, Franz West, Erwin Wurm, Thomas Zipp y muchos m\u00e1s.muchos m\u00e1s<\/p>\n<p>Exposici\u00f3n:<br \/>\nColecci\u00f3n Falckenberg \/ Deichtorhallen Hamburg, 30\/11\/2019-30\/8\/2020<\/p>","protected":false},"excerpt":{"rendered":"<p>Cat\u00e1logo de la exposici\u00f3n, Deichtorhallen Hamburg \/ Falckenberg Collection Hamburg-Harburg, editado por Dirk Luckow y Harald Falckenberg<br \/>\nTextos (alem\u00e1n\/ingl\u00e9s) de Harald Falckenberg, Belinda Grace Gardner, Dirk Luckow, Stephanie Regenbrecht<br \/>\n192 p. con 200 ilustraciones en color<br \/>\nFormato 29 x 21,5 cm, folleto<\/p>","protected":false},"featured_media":4929,"template":"","meta":[],"product_brand":[],"product_cat":[84,60,63],"product_tag":[],"class_list":{"0":"post-3515","1":"product","2":"type-product","3":"status-publish","4":"has-post-thumbnail","6":"product_cat-84","7":"product_cat-c","8":"product_cat-f","10":"first","11":"instock","12":"taxable","13":"shipping-taxable","14":"purchasable","15":"product-type-simple"},"aioseo_notices":[],"_wp_attached_file":null,"_wp_attachment_metadata":null,"_wc_attachment_source":null,"_elementor_inline_svg":null,"_elementor_is_screenshot":null,"_elementor_source_image_hash":null,"_source_url":null,"_wp_attachment_context":null,"_menu_item_type":null,"_menu_item_menu_item_parent":null,"_menu_item_object_id":null,"_menu_item_object":null,"_menu_item_target":null,"_menu_item_classes":null,"_menu_item_xfn":null,"_menu_item_url":null,"__elementor_forms_snapshot":null,"_unit":"","_unit_base":"","_unit_product":"","_unit_price_auto":"no","_unit_price_regular":"","_unit_price":"","_unit_price_sale":"","_sale_price_label":"","_sale_price_regular_label":"","_manufacturer_slug":"","_mini_desc":"","_defect_description":"","_safety_instructions":"","_allergen_ids":[],"_warranty_attachment_id":"","_safety_attachment_ids":[],"_min_age":"","_ts_gtin":"","_ts_mpn":"","_delivery_time_countries":[],"_free_shipping":"no","_service":"no","_photovoltaic_system":"no","_used_good":"no","_defective_copy":"no","_wireless_electronic_device":"no","_device_contains_power_supply":"no","_device_charging_supports_usb_pd":"no","_device_charging_watt_min":"0","_device_charging_watt_max":"0","_is_food":"no","_differential_taxation":"no","_gzd_version":"3.18.7","_hs_code":"","_customs_description":"","_manufacture_country":"0","_is_non_returnable":"no","_shipping_length":"","_shipping_width":"","_shipping_height":"","_sku":"ISBN 978-3-86442-308-6","_global_unique_id":"978-3-86442-308-6","_regular_price":"39.8","total_sales":"0","_tax_status":"taxable","_tax_class":"","_manage_stock":"no","_backorders":"no","_sold_individually":"no","_weight":"1","_virtual":"no","_downloadable":"no","_download_limit":"-1","_download_expiry":"-1","_stock":"","_stock_status":"instock","_wc_average_rating":"0","_wc_review_count":"0","_product_version":"9.7.1","_price":"39.8","shopengine_product_views_count":"3273","_thumbnail_id":"4929","_product_attributes":{"erscheinungsdatum":{"name":"Fecha de publicaci\u00f3n","value":"08.06.2020","position":0,"is_visible":1,"is_variation":0,"is_taxonomy":0,"checkout_visible":0}},"_nutrient_ids":[],"_upsell_ids":null,"pswc_subtitle":null,"_default_delivery_time":null,"_wp_desired_post_slug":null,"_isbn":null,"pageType":null,"isExternalUrl":null,"pageId":null,"externalUrl":null,"hideCookieBanner":null,"isTargetBlank":null,"isProviderCurrentWebsite":null,"isEmbeddingOnlyExternalResources":null,"legalBasis":null,"dataProcessingInCountries":null,"dataProcessingInCountriesSpecialTreatments":null,"technicalDefinitions":null,"googleConsentModeConsentTypes":null,"executePriority":null,"executeCodeOptInWhenNoTagManagerConsentIsGiven":null,"executeCodeOptOutWhenNoTagManagerConsentIsGiven":null,"deleteTechnicalDefinitionsAfterOptOut":null,"presetId":null,"presetVersion":null,"provider":null,"providerContactPhone":null,"providerContactEmail":null,"providerContactLink":null,"uniqueName":null,"providerPrivacyPolicyUrl":null,"providerLegalNoticeUrl":null,"codeOptIn":null,"codeOptOut":null,"codeOnPageLoad":null,"language_code":null,"shopengine_template__post_meta__type":null,"shopengine_template__post_meta":null,"shopengine_template__post_meta__edit_with":null,"origin":null,"_enabled":null,"_filters":null,"_layout":null,"_elementor_import_session_id":null,"_wp_trash_meta_status":null,"_wp_trash_meta_time":null,"_edit_lock":"1743593244:2","_elementor_floating_elements_type":null,"_elementor_edit_mode":null,"_elementor_template_type":null,"tc-thumb-fld":{"_thumb_id":4929,"_thumb_type":"thumb"},"_wp_page_template":"default","_elementor_version":null,"_elementor_pro_version":null,"_elementor_page_settings":null,"_elementor_data":null,"_elementor_conditions":null,"_elementor_popup_display_settings":null,"_edit_last":"2","_elementor_template_sub_type":null,"_elementor_controls_usage":null,"_elementor_screenshot":null,"_elementor_css":null,"_elementor_page_assets":[],"_elementor_element_cache":null,"_elementor_screenshot_failed":null,"_elementor_source":null,"_wp_old_date":null,"layout_key":"","post_slider_check_key":"0","_links":{"self":[{"href":"https:\/\/snoeck.de\/es\/wp-json\/wp\/v2\/product\/3515","targetHints":{"allow":["GET"]}}],"collection":[{"href":"https:\/\/snoeck.de\/es\/wp-json\/wp\/v2\/product"}],"about":[{"href":"https:\/\/snoeck.de\/es\/wp-json\/wp\/v2\/types\/product"}],"wp:featuredmedia":[{"embeddable":true,"href":"https:\/\/snoeck.de\/es\/wp-json\/wp\/v2\/media\/4929"}],"wp:attachment":[{"href":"https:\/\/snoeck.de\/es\/wp-json\/wp\/v2\/media?parent=3515"}],"wp:term":[{"taxonomy":"product_brand","embeddable":true,"href":"https:\/\/snoeck.de\/es\/wp-json\/wp\/v2\/product_brand?post=3515"},{"taxonomy":"product_cat","embeddable":true,"href":"https:\/\/snoeck.de\/es\/wp-json\/wp\/v2\/product_cat?post=3515"},{"taxonomy":"product_tag","embeddable":true,"href":"https:\/\/snoeck.de\/es\/wp-json\/wp\/v2\/product_tag?post=3515"}],"curies":[{"name":"wp","href":"https:\/\/api.w.org\/{rel}","templated":true}]}}