{"id":3516,"date":"2025-01-31T11:29:53","date_gmt":"2025-01-31T11:29:53","guid":{"rendered":"https:\/\/snoeck.process-vision.de\/shop\/martin-creed\/"},"modified":"2026-04-08T15:04:37","modified_gmt":"2026-04-08T14:04:37","slug":"martin-creed","status":"publish","type":"product","link":"https:\/\/snoeck.de\/es\/shop\/martin-creed\/","title":{"rendered":"Martin Creed"},"content":{"rendered":"<h3>El arte, un asunto emocional<\/h3>\n<p>En 2015, Martin Creed llev\u00f3 a cabo una amplia selecci\u00f3n de instalaciones site-specific en las seis grandes salas de la Kunsthalle Vogelmann para el Kunstverein Heilbronn; al a\u00f1o siguiente, tambi\u00e9n cre\u00f3 una presentaci\u00f3n en el Taxispalais de Innsbruck adaptada a las condiciones locales. Ambas exposiciones fueron estrenos en Alemania y Austria. Martin Creed no se ha comprometido con ning\u00fan medio en su trabajo; produce v\u00eddeos, pinturas, esculturas u obras de ne\u00f3n, hace m\u00fasica y pone en escena espect\u00e1culos de ballet. El entorno espacial siempre desempe\u00f1a un papel importante. En 2001, este artista escoc\u00e9s afincado en Londres recibi\u00f3 el prestigioso Premio Turner por una obra que \"s\u00f3lo\" consist\u00eda en encender y apagar regularmente la luz de una habitaci\u00f3n. A primera vista, esto parece muy minimalista, pero es muy relevante para toda la habitaci\u00f3n y para los visitantes que se mueven en ella. La brillante obra de Martin Creed parece por un lado l\u00fadica y asombrosamente amable, pero por otro es decidida y rigurosa. En una entrevista muy personal, le preguntaron a Martin Creed por qu\u00e9 hac\u00eda arte. Su respuesta fue: para sentirse mejor. Esta afirmaci\u00f3n es tan desarmante como sincera e invita siempre al espectador de su obra a participar en el proceso de compromiso con el arte, con el espacio y con el mundo en general.<\/p>\n<p>Exposiciones:<br \/>\nKunstverein Heilbronn, 27\/6-20\/9\/2015<br \/>\nGaler\u00eda en el Taxispalais Innsbruck, 10\/9-20\/11\/2016<\/p>","protected":false},"excerpt":{"rendered":"<p>Cat\u00e1logo de la exposici\u00f3n, Kunstverein Heilbronn, Galerie im Taxispalais Innsbruck, editado por Matthia L\u00f6bke y J\u00fcrgen Tabor<br \/>\nTextos (alem\u00e1n\/ingl\u00e9s) de Anouchka Grose, Matthia L\u00f6bke y J\u00fcrgen Tabor<br \/>\n216 p. con 130 ilustraciones en color<br \/>\nFormato 27 x 19 cm, tapa blanda gofrada<\/p>","protected":false},"featured_media":4932,"template":"","meta":[],"product_brand":[],"product_cat":[95],"product_tag":[],"class_list":{"0":"post-3516","1":"product","2":"type-product","3":"status-publish","4":"has-post-thumbnail","6":"product_cat-vergriffen","8":"first","9":"outofstock","10":"taxable","11":"shipping-taxable","12":"product-type-simple"},"aioseo_notices":[],"_wp_attached_file":null,"_wp_attachment_metadata":null,"_wc_attachment_source":null,"_elementor_inline_svg":null,"_elementor_is_screenshot":null,"_elementor_source_image_hash":null,"_source_url":null,"_wp_attachment_context":null,"_menu_item_type":null,"_menu_item_menu_item_parent":null,"_menu_item_object_id":null,"_menu_item_object":null,"_menu_item_target":null,"_menu_item_classes":null,"_menu_item_xfn":null,"_menu_item_url":null,"__elementor_forms_snapshot":null,"_unit":"","_unit_base":"","_unit_product":"","_unit_price_auto":"no","_unit_price_regular":"","_unit_price":"","_unit_price_sale":"","_sale_price_label":"","_sale_price_regular_label":"","_manufacturer_slug":"","_mini_desc":"","_defect_description":"","_safety_instructions":"","_allergen_ids":[],"_warranty_attachment_id":"","_safety_attachment_ids":[],"_min_age":"","_ts_gtin":"","_ts_mpn":"","_delivery_time_countries":[],"_free_shipping":"no","_service":"no","_photovoltaic_system":"no","_used_good":"no","_defective_copy":"no","_wireless_electronic_device":"no","_device_contains_power_supply":"no","_device_charging_supports_usb_pd":"no","_device_charging_watt_min":"0","_device_charging_watt_max":"0","_is_food":"no","_differential_taxation":"no","_gzd_version":"3.18.7","_hs_code":"","_customs_description":"","_manufacture_country":"0","_is_non_returnable":"no","_shipping_length":"","_shipping_width":"","_shipping_height":"","_sku":"ISBN 978-3-86442-136-5","_global_unique_id":"978-3-86442-136-5","_regular_price":null,"total_sales":"0","_tax_status":"taxable","_tax_class":"","_manage_stock":"no","_backorders":"no","_sold_individually":"no","_weight":"1","_virtual":"no","_downloadable":"no","_download_limit":"-1","_download_expiry":"-1","_stock":"","_stock_status":"outofstock","_wc_average_rating":"0","_wc_review_count":"0","_product_version":"10.1.4","_price":"","shopengine_product_views_count":"2518","_thumbnail_id":"4932","_product_attributes":{"erscheinungsdatum":{"name":"Fecha de publicaci\u00f3n","value":"19.04.2017","position":0,"is_visible":1,"is_variation":0,"is_taxonomy":0,"checkout_visible":0}},"_nutrient_ids":[],"_upsell_ids":null,"pswc_subtitle":null,"_default_delivery_time":null,"_wp_desired_post_slug":null,"_isbn":null,"pageType":null,"isExternalUrl":null,"pageId":null,"externalUrl":null,"hideCookieBanner":null,"isTargetBlank":null,"isProviderCurrentWebsite":null,"isEmbeddingOnlyExternalResources":null,"legalBasis":null,"dataProcessingInCountries":null,"dataProcessingInCountriesSpecialTreatments":null,"technicalDefinitions":null,"googleConsentModeConsentTypes":null,"executePriority":null,"executeCodeOptInWhenNoTagManagerConsentIsGiven":null,"executeCodeOptOutWhenNoTagManagerConsentIsGiven":null,"deleteTechnicalDefinitionsAfterOptOut":null,"presetId":null,"presetVersion":null,"provider":null,"providerContactPhone":null,"providerContactEmail":null,"providerContactLink":null,"uniqueName":null,"providerPrivacyPolicyUrl":null,"providerLegalNoticeUrl":null,"codeOptIn":null,"codeOptOut":null,"codeOnPageLoad":null,"language_code":null,"shopengine_template__post_meta__type":null,"shopengine_template__post_meta":null,"shopengine_template__post_meta__edit_with":null,"origin":null,"_enabled":null,"_filters":null,"_layout":null,"_elementor_import_session_id":null,"_wp_trash_meta_status":null,"_wp_trash_meta_time":null,"_edit_lock":"1743593121:2","_elementor_floating_elements_type":null,"_elementor_edit_mode":null,"_elementor_template_type":null,"tc-thumb-fld":{"_thumb_id":4932,"_thumb_type":"thumb"},"_wp_page_template":"default","_elementor_version":null,"_elementor_pro_version":null,"_elementor_page_settings":null,"_elementor_data":null,"_elementor_conditions":null,"_elementor_popup_display_settings":null,"_edit_last":"2","_elementor_template_sub_type":null,"_elementor_controls_usage":null,"_elementor_screenshot":null,"_elementor_css":null,"_elementor_page_assets":[],"_elementor_element_cache":null,"_elementor_screenshot_failed":null,"_elementor_source":null,"_wp_old_date":null,"layout_key":"","post_slider_check_key":"0","_links":{"self":[{"href":"https:\/\/snoeck.de\/es\/wp-json\/wp\/v2\/product\/3516","targetHints":{"allow":["GET"]}}],"collection":[{"href":"https:\/\/snoeck.de\/es\/wp-json\/wp\/v2\/product"}],"about":[{"href":"https:\/\/snoeck.de\/es\/wp-json\/wp\/v2\/types\/product"}],"wp:featuredmedia":[{"embeddable":true,"href":"https:\/\/snoeck.de\/es\/wp-json\/wp\/v2\/media\/4932"}],"wp:attachment":[{"href":"https:\/\/snoeck.de\/es\/wp-json\/wp\/v2\/media?parent=3516"}],"wp:term":[{"taxonomy":"product_brand","embeddable":true,"href":"https:\/\/snoeck.de\/es\/wp-json\/wp\/v2\/product_brand?post=3516"},{"taxonomy":"product_cat","embeddable":true,"href":"https:\/\/snoeck.de\/es\/wp-json\/wp\/v2\/product_cat?post=3516"},{"taxonomy":"product_tag","embeddable":true,"href":"https:\/\/snoeck.de\/es\/wp-json\/wp\/v2\/product_tag?post=3516"}],"curies":[{"name":"wp","href":"https:\/\/api.w.org\/{rel}","templated":true}]}}