{"id":3517,"date":"2025-01-31T11:29:53","date_gmt":"2025-01-31T11:29:53","guid":{"rendered":"https:\/\/snoeck.process-vision.de\/shop\/crossing-media\/"},"modified":"2026-04-08T14:26:41","modified_gmt":"2026-04-08T13:26:41","slug":"crossing-media","status":"publish","type":"product","link":"https:\/\/snoeck.de\/es\/shop\/crossing-media\/","title":{"rendered":"Medios de comunicaci\u00f3n transversales"},"content":{"rendered":"<h3>El escenario del arte<\/h3>\n<p>\"Crossing Media\" es el nombre del formato que ahora ha sustituido a la trienal fotogr\u00e1fica organizada por primera vez en Esslingen en 1989 y que se ha ampliado hasta convertirse en un festival en torno a una exposici\u00f3n con presentaciones de v\u00eddeo, performances, lecturas, debates y conciertos. La palabra clave crossover, es decir, la difuminaci\u00f3n e interpenetraci\u00f3n de g\u00e9neros y disciplinas, es cierto que ya no describe cosas tan nuevas, pero sin embargo se aplica como procedimiento a gran parte de lo que caracteriza al arte contempor\u00e1neo. Este tipo de cruce no s\u00f3lo da lugar a obras de arte que sorprenden a nuestras formas de ver y a otros modos de experiencia, sino que tambi\u00e9n demuestra una vez m\u00e1s que ya no puede haber narrativas uniformes en el arte. Lo que todas las obras de arte y acciones tienen en com\u00fan, especialmente en este festival, es que se apoyan en una presentaci\u00f3n esc\u00e9nica o performance para su comprensi\u00f3n y presentaci\u00f3n. Incluso en el gran vest\u00edbulo de la villa, los visitantes se ven sorprendidos por una inestable construcci\u00f3n de Banks Violette con suelo y techo de escenario negro brillante, del que parecen caer desordenadamente tubos de ne\u00f3n blancos: se titula \"M\u00e1tate\". O en la sala contigua, donde un gran z\u00f3calo escult\u00f3rico vac\u00edo, iluminado exactamente en la zona de la peana, se alza sobre una alfombra roja, \"Public Sculpture\" de Julien Berthier, en torno a la cual uno se ve transportado a una situaci\u00f3n sonora ef\u00edmera por los martillazos sinf\u00f3nicos del artista sobre esculturas de bronce en el espacio p\u00fablico -casi se podr\u00eda decir: rodeado por una escultura sonora. Estos ejemplos son v\u00e1lidos para muchos otros de los 17 artistas expuestos, recogidos en este completo volumen. Otros participantes en \"Crossing Media. Un escenario para el arte\": Nevin Aladag, Birgit Brenner, Daniele Buetti, Kurt Caviezel, Beate Engl, Rainer Ganahl, Johan Grimonprez, Paul Harrison\/John Wood, Christine Hill, Eva Kot\u00e1tkov\u00e1, Jung Lee, Alexandra Leykauf, Atelier van Lieshout, Andres Lutz &amp; Anders Guggisberg y Philippe Ramette.<\/p>\n<p>Exposici\u00f3n:<br \/>\nVilla Merkel Esslingen, 19\/7-6\/10\/2103<\/p>","protected":false},"excerpt":{"rendered":"<p>Cat\u00e1logo de la exposici\u00f3n, Villa Merkel Esslingen, editado por Andreas Baur<br \/>\nTextos (alem\u00e1n\/ingl\u00e9s) de Andreas Baur, Anne Horny, Tina Plokarz, Anka Wenzel<br \/>\n536 p. con 500 ilustraciones en color<br \/>\nFormato 15 x 9,5 cm, tapa blanda con sobrecubierta<\/p>","protected":false},"featured_media":4933,"template":"","meta":[],"product_brand":[],"product_cat":[95],"product_tag":[],"class_list":{"0":"post-3517","1":"product","2":"type-product","3":"status-publish","4":"has-post-thumbnail","6":"product_cat-vergriffen","8":"first","9":"outofstock","10":"taxable","11":"shipping-taxable","12":"product-type-simple"},"aioseo_notices":[],"_wp_attached_file":null,"_wp_attachment_metadata":null,"_wc_attachment_source":null,"_elementor_inline_svg":null,"_elementor_is_screenshot":null,"_elementor_source_image_hash":null,"_source_url":null,"_wp_attachment_context":null,"_menu_item_type":null,"_menu_item_menu_item_parent":null,"_menu_item_object_id":null,"_menu_item_object":null,"_menu_item_target":null,"_menu_item_classes":null,"_menu_item_xfn":null,"_menu_item_url":null,"__elementor_forms_snapshot":null,"_unit":"","_unit_base":"","_unit_product":"","_unit_price_auto":"no","_unit_price_regular":"","_unit_price":"","_unit_price_sale":"","_sale_price_label":"","_sale_price_regular_label":"","_manufacturer_slug":"","_mini_desc":"","_defect_description":"","_safety_instructions":"","_allergen_ids":[],"_warranty_attachment_id":"","_safety_attachment_ids":[],"_min_age":"","_ts_gtin":"","_ts_mpn":"","_delivery_time_countries":[],"_free_shipping":"no","_service":"no","_photovoltaic_system":"no","_used_good":"no","_defective_copy":"no","_wireless_electronic_device":"no","_device_contains_power_supply":"no","_device_charging_supports_usb_pd":"no","_device_charging_watt_min":"0","_device_charging_watt_max":"0","_is_food":"no","_differential_taxation":"no","_gzd_version":"3.18.7","_hs_code":"","_customs_description":"","_manufacture_country":"0","_is_non_returnable":"no","_shipping_length":"","_shipping_width":"","_shipping_height":"","_sku":"ISBN 978-3-86442-071-9","_global_unique_id":"978-3-86442-071-9","_regular_price":null,"total_sales":"0","_tax_status":"taxable","_tax_class":"","_manage_stock":"no","_backorders":"no","_sold_individually":"no","_weight":"1","_virtual":"no","_downloadable":"no","_download_limit":"-1","_download_expiry":"-1","_stock":"","_stock_status":"outofstock","_wc_average_rating":"0","_wc_review_count":"0","_product_version":"10.1.4","_price":"","shopengine_product_views_count":"2921","_thumbnail_id":"4933","_product_attributes":{"erscheinungsdatum":{"name":"Erscheinungsdatum","value":"30.10.2013","position":0,"is_visible":1,"is_variation":0,"is_taxonomy":0,"checkout_visible":0}},"_nutrient_ids":[],"_upsell_ids":null,"pswc_subtitle":null,"_default_delivery_time":null,"_wp_desired_post_slug":null,"_isbn":null,"pageType":null,"isExternalUrl":null,"pageId":null,"externalUrl":null,"hideCookieBanner":null,"isTargetBlank":null,"isProviderCurrentWebsite":null,"isEmbeddingOnlyExternalResources":null,"legalBasis":null,"dataProcessingInCountries":null,"dataProcessingInCountriesSpecialTreatments":null,"technicalDefinitions":null,"googleConsentModeConsentTypes":null,"executePriority":null,"executeCodeOptInWhenNoTagManagerConsentIsGiven":null,"executeCodeOptOutWhenNoTagManagerConsentIsGiven":null,"deleteTechnicalDefinitionsAfterOptOut":null,"presetId":null,"presetVersion":null,"provider":null,"providerContactPhone":null,"providerContactEmail":null,"providerContactLink":null,"uniqueName":null,"providerPrivacyPolicyUrl":null,"providerLegalNoticeUrl":null,"codeOptIn":null,"codeOptOut":null,"codeOnPageLoad":null,"language_code":null,"shopengine_template__post_meta__type":null,"shopengine_template__post_meta":null,"shopengine_template__post_meta__edit_with":null,"origin":null,"_enabled":null,"_filters":null,"_layout":null,"_elementor_import_session_id":null,"_wp_trash_meta_status":null,"_wp_trash_meta_time":null,"_edit_lock":"1743593023:2","_elementor_floating_elements_type":null,"_elementor_edit_mode":null,"_elementor_template_type":null,"tc-thumb-fld":{"_thumb_id":4933,"_thumb_type":"thumb"},"_wp_page_template":"default","_elementor_version":null,"_elementor_pro_version":null,"_elementor_page_settings":null,"_elementor_data":null,"_elementor_conditions":null,"_elementor_popup_display_settings":null,"_edit_last":"2","_elementor_template_sub_type":null,"_elementor_controls_usage":null,"_elementor_screenshot":null,"_elementor_css":null,"_elementor_page_assets":[],"_elementor_element_cache":null,"_elementor_screenshot_failed":null,"_elementor_source":null,"_wp_old_date":null,"layout_key":"","post_slider_check_key":"0","_links":{"self":[{"href":"https:\/\/snoeck.de\/es\/wp-json\/wp\/v2\/product\/3517","targetHints":{"allow":["GET"]}}],"collection":[{"href":"https:\/\/snoeck.de\/es\/wp-json\/wp\/v2\/product"}],"about":[{"href":"https:\/\/snoeck.de\/es\/wp-json\/wp\/v2\/types\/product"}],"wp:featuredmedia":[{"embeddable":true,"href":"https:\/\/snoeck.de\/es\/wp-json\/wp\/v2\/media\/4933"}],"wp:attachment":[{"href":"https:\/\/snoeck.de\/es\/wp-json\/wp\/v2\/media?parent=3517"}],"wp:term":[{"taxonomy":"product_brand","embeddable":true,"href":"https:\/\/snoeck.de\/es\/wp-json\/wp\/v2\/product_brand?post=3517"},{"taxonomy":"product_cat","embeddable":true,"href":"https:\/\/snoeck.de\/es\/wp-json\/wp\/v2\/product_cat?post=3517"},{"taxonomy":"product_tag","embeddable":true,"href":"https:\/\/snoeck.de\/es\/wp-json\/wp\/v2\/product_tag?post=3517"}],"curies":[{"name":"wp","href":"https:\/\/api.w.org\/{rel}","templated":true}]}}