{"id":3522,"date":"2025-01-31T11:29:57","date_gmt":"2025-01-31T11:29:57","guid":{"rendered":"https:\/\/snoeck.process-vision.de\/shop\/katja-davar\/"},"modified":"2026-04-08T15:21:44","modified_gmt":"2026-04-08T14:21:44","slug":"katja-davar","status":"publish","type":"product","link":"https:\/\/snoeck.de\/es\/shop\/katja-davar\/","title":{"rendered":"Katja Davar"},"content":{"rendered":"<h3>Gasa de hilar el\u00e9ctrica<\/h3>\n<p>En \"Electric Spinning Gaze\", Katja Davar utiliza los procesos de plegado y desplegado, la apertura y cierre de las alas, para examinar el proceso de metamorfosis tanto en el escenario como en la naturaleza, subrayando la conexi\u00f3n entre ambas esferas (cultura y naturaleza). El punto de partida es la Danza Serpentina de la bailarina, core\u00f3grafa e inventora estadounidense Lo\u00efe Fuller (1862-1928), que desarroll\u00f3 coreograf\u00edas abstractas con trajes de seda ondulantes, luz de colores y proyecciones de linterna m\u00e1gica poco antes de la llegada del cine. En el proyecto de Katja Davar, la tela de seda, captada por una c\u00e1mara de alta velocidad, se convierte en una superficie de proyecci\u00f3n din\u00e1mica en la que, fusionando el motor natural del desarrollo con la ilusi\u00f3n digital, se reflejan los estudios art\u00edsticos de la luz y el color, junto con la poes\u00eda l\u00edrica de la \u00e9poca. Una serie de dibujos abstractos a l\u00e1piz de gran formato -inspirados en los estudios de vestuario de Matthias Gr\u00fcnewald (hacia 1511)- complementa el material f\u00edlmico y sit\u00faa en escena figuras en las que los sinuosos pliegues parecen haber ocupado el lugar del cuerpo humano. Annelie Pohlen concluye en su cr\u00edtica en \"Kunstforum\" (8\/2019): \"Esto sienta innegablemente las bases para un juego de roles subversivo del sexo femenino. Pero lo que brilla por encima de todo en esta producci\u00f3n es la compleja pulverizaci\u00f3n de Davar de todas las atribuciones formales y tem\u00e1ticas.\"<\/p>\n<p>Exposiciones:<br \/>\nMuseo de Escultura Glaskasten Marl, 16\/6-22\/9\/2019<br \/>\nKunstverein Heilbronn, 18\/10-29\/11\/2020<\/p>","protected":false},"excerpt":{"rendered":"<p>Cat\u00e1logo de la exposici\u00f3n, Skulpturenmuseum Glaskasten Marl, Kunstverein Heilbronn, editado por Georg Elben, Matthia L\u00f6bke<br \/>\nTextos (alem\u00e1n\/ingl\u00e9s) de Marie-Luise Angerer, Ilka Becker, Maria Spitz, Matthia L\u00f6bke en conversaci\u00f3n con Katja Davar<br \/>\n192 p. con 120 ilustraciones en color y 22 en blanco y negro<br \/>\nFormato 29,7 x 23 cm, folleto desplegable<\/p>","protected":false},"featured_media":4938,"template":"","meta":[],"product_brand":[],"product_cat":[95],"product_tag":[],"class_list":{"0":"post-3522","1":"product","2":"type-product","3":"status-publish","4":"has-post-thumbnail","6":"product_cat-vergriffen","8":"first","9":"outofstock","10":"taxable","11":"shipping-taxable","12":"product-type-simple"},"aioseo_notices":[],"_wp_attached_file":null,"_wp_attachment_metadata":null,"_wc_attachment_source":null,"_elementor_inline_svg":null,"_elementor_is_screenshot":null,"_elementor_source_image_hash":null,"_source_url":null,"_wp_attachment_context":null,"_menu_item_type":null,"_menu_item_menu_item_parent":null,"_menu_item_object_id":null,"_menu_item_object":null,"_menu_item_target":null,"_menu_item_classes":null,"_menu_item_xfn":null,"_menu_item_url":null,"__elementor_forms_snapshot":null,"_unit":"","_unit_base":"","_unit_product":"","_unit_price_auto":"no","_unit_price_regular":"","_unit_price":"","_unit_price_sale":"","_sale_price_label":"","_sale_price_regular_label":"","_manufacturer_slug":"","_mini_desc":"","_defect_description":"","_safety_instructions":"","_allergen_ids":[],"_warranty_attachment_id":"","_safety_attachment_ids":[],"_min_age":"","_ts_gtin":"","_ts_mpn":"","_delivery_time_countries":[],"_free_shipping":"no","_service":"no","_photovoltaic_system":"no","_used_good":"no","_defective_copy":"no","_wireless_electronic_device":"no","_device_contains_power_supply":"no","_device_charging_supports_usb_pd":"no","_device_charging_watt_min":"0","_device_charging_watt_max":"0","_is_food":"no","_differential_taxation":"no","_gzd_version":"3.18.7","_hs_code":"","_customs_description":"","_manufacture_country":"0","_is_non_returnable":"no","_shipping_length":"","_shipping_width":"","_shipping_height":"","_sku":"ISBN 978-3-86442-307-9","_global_unique_id":"978-3-86442-307-9","_regular_price":null,"total_sales":"0","_tax_status":"taxable","_tax_class":"","_manage_stock":"no","_backorders":"no","_sold_individually":"no","_weight":"2","_virtual":"no","_downloadable":"no","_download_limit":"-1","_download_expiry":"-1","_stock":"","_stock_status":"outofstock","_wc_average_rating":"0","_wc_review_count":"0","_product_version":"10.1.4","_price":"","shopengine_product_views_count":"2906","_thumbnail_id":"4938","_product_attributes":{"erscheinungsdatum":{"name":"Fecha de publicaci\u00f3n","value":"21.08.2020","position":0,"is_visible":1,"is_variation":0,"is_taxonomy":0,"checkout_visible":0}},"_nutrient_ids":[],"_upsell_ids":null,"pswc_subtitle":null,"_default_delivery_time":null,"_wp_desired_post_slug":null,"_isbn":null,"pageType":null,"isExternalUrl":null,"pageId":null,"externalUrl":null,"hideCookieBanner":null,"isTargetBlank":null,"isProviderCurrentWebsite":null,"isEmbeddingOnlyExternalResources":null,"legalBasis":null,"dataProcessingInCountries":null,"dataProcessingInCountriesSpecialTreatments":null,"technicalDefinitions":null,"googleConsentModeConsentTypes":null,"executePriority":null,"executeCodeOptInWhenNoTagManagerConsentIsGiven":null,"executeCodeOptOutWhenNoTagManagerConsentIsGiven":null,"deleteTechnicalDefinitionsAfterOptOut":null,"presetId":null,"presetVersion":null,"provider":null,"providerContactPhone":null,"providerContactEmail":null,"providerContactLink":null,"uniqueName":null,"providerPrivacyPolicyUrl":null,"providerLegalNoticeUrl":null,"codeOptIn":null,"codeOptOut":null,"codeOnPageLoad":null,"language_code":null,"shopengine_template__post_meta__type":null,"shopengine_template__post_meta":null,"shopengine_template__post_meta__edit_with":null,"origin":null,"_enabled":null,"_filters":null,"_layout":null,"_elementor_import_session_id":null,"_wp_trash_meta_status":null,"_wp_trash_meta_time":null,"_edit_lock":"1743592248:2","_elementor_floating_elements_type":null,"_elementor_edit_mode":null,"_elementor_template_type":null,"tc-thumb-fld":{"_thumb_id":4938,"_thumb_type":"thumb"},"_wp_page_template":"default","_elementor_version":null,"_elementor_pro_version":null,"_elementor_page_settings":null,"_elementor_data":null,"_elementor_conditions":null,"_elementor_popup_display_settings":null,"_edit_last":"2","_elementor_template_sub_type":null,"_elementor_controls_usage":null,"_elementor_screenshot":null,"_elementor_css":null,"_elementor_page_assets":[],"_elementor_element_cache":null,"_elementor_screenshot_failed":null,"_elementor_source":null,"_wp_old_date":null,"layout_key":"","post_slider_check_key":"0","_links":{"self":[{"href":"https:\/\/snoeck.de\/es\/wp-json\/wp\/v2\/product\/3522","targetHints":{"allow":["GET"]}}],"collection":[{"href":"https:\/\/snoeck.de\/es\/wp-json\/wp\/v2\/product"}],"about":[{"href":"https:\/\/snoeck.de\/es\/wp-json\/wp\/v2\/types\/product"}],"wp:featuredmedia":[{"embeddable":true,"href":"https:\/\/snoeck.de\/es\/wp-json\/wp\/v2\/media\/4938"}],"wp:attachment":[{"href":"https:\/\/snoeck.de\/es\/wp-json\/wp\/v2\/media?parent=3522"}],"wp:term":[{"taxonomy":"product_brand","embeddable":true,"href":"https:\/\/snoeck.de\/es\/wp-json\/wp\/v2\/product_brand?post=3522"},{"taxonomy":"product_cat","embeddable":true,"href":"https:\/\/snoeck.de\/es\/wp-json\/wp\/v2\/product_cat?post=3522"},{"taxonomy":"product_tag","embeddable":true,"href":"https:\/\/snoeck.de\/es\/wp-json\/wp\/v2\/product_tag?post=3522"}],"curies":[{"name":"wp","href":"https:\/\/api.w.org\/{rel}","templated":true}]}}