{"id":3523,"date":"2025-01-31T11:29:57","date_gmt":"2025-01-31T11:29:57","guid":{"rendered":"https:\/\/snoeck.process-vision.de\/shop\/solweig-de-barry-zwischen-dicht-und-duenn\/"},"modified":"2025-04-02T11:14:20","modified_gmt":"2025-04-02T11:14:20","slug":"solweig-de-barry-zwischen-dicht-und-duenn","status":"publish","type":"product","link":"https:\/\/snoeck.de\/es\/shop\/solweig-de-barry-zwischen-dicht-und-duenn\/","title":{"rendered":"Solweig de Barry: Entre lo bueno y lo malo"},"content":{"rendered":"<h3>Al sol a la luz<\/h3>\n<p>Una de las cualidades especiales de la pintura de Solweig de Barry (*1987 en Estrasburgo, vive y trabaja en Berl\u00edn) es el equilibrio entre sugerencia y formulaci\u00f3n, entre distancia conceptual e intuici\u00f3n, entre representacionalismo y abstracci\u00f3n. La exposici\u00f3n en la Kunstverein Heilbronn es la primera presentaci\u00f3n individual completa de su obra en una instituci\u00f3n, con obras sobre lienzo y una vidriera en el gran escaparate de la Kunstverein. Los artistas llevan pregunt\u00e1ndose c\u00f3mo pintar con la luz desde los primeros tiempos del g\u00f3tico. A lo largo de los siglos, hay ejemplos impresionantes de ello: las catedrales de Chartres o Amiens, la capilla de Notre Dame du Ronchamp de Le Corbusier o las vidrieras de artistas contempor\u00e1neos como Gerhard Richter en Tholey o, m\u00e1s recientemente, Olafur Eliasson en Greifswald, por citar s\u00f3lo algunos. Sin embargo, lo que todos tienen en com\u00fan es que el color y el vidrio est\u00e1n firmemente conectados a trav\u00e9s del proceso t\u00e9cnico de producci\u00f3n. Solweig de Barry, por su parte, buscaba una forma de crear in situ pinturas sobre cristales cuyo color produjera el mismo efecto transl\u00facido que el arte cl\u00e1sico del vidrio, ya que la mayor\u00eda de las pinturas disponibles en el mercado, como las pinturas de dedos o los barnices, s\u00f3lo proyectan una sombra gris o negra sobre el suelo una vez aplicadas. El proceso que ha desarrollado ahora para la pintura sobre vidrio experimentando con tintas y barnices abre la posibilidad de extender la pintura bidimensional al espacio, trabajar con reflejos y repeticiones, e integrar el movimiento del sol y la luz.<\/p>\n<p>Exposici\u00f3n:<br \/>\nKunstverein Heilbronn, 18\/5 - 8\/9\/2024<\/p>","protected":false},"excerpt":{"rendered":"<p>Cat\u00e1logo de la exposici\u00f3n, Kunstverein Heilbronn, editado por Matthia L\u00f6bke<br \/>\nTexto (alem\u00e1n\/ingl\u00e9s\/franc\u00e9s) de Matthia L\u00f6bke<br \/>\n40 p. con 20 ilustraciones en color<br \/>\nFormato 24 x 17 cm, r\u00fastica con sobrecubierta transparente<\/p>","protected":false},"featured_media":4939,"template":"","meta":[],"product_brand":[],"product_cat":[88,59,61],"product_tag":[],"class_list":{"0":"post-3523","1":"product","2":"type-product","3":"status-publish","4":"has-post-thumbnail","6":"product_cat-88","7":"product_cat-b","8":"product_cat-d","10":"first","11":"instock","12":"taxable","13":"shipping-taxable","14":"purchasable","15":"product-type-simple"},"aioseo_notices":[],"_wp_attached_file":null,"_wp_attachment_metadata":null,"_wc_attachment_source":null,"_elementor_inline_svg":null,"_elementor_is_screenshot":null,"_elementor_source_image_hash":null,"_source_url":null,"_wp_attachment_context":null,"_menu_item_type":null,"_menu_item_menu_item_parent":null,"_menu_item_object_id":null,"_menu_item_object":null,"_menu_item_target":null,"_menu_item_classes":null,"_menu_item_xfn":null,"_menu_item_url":null,"__elementor_forms_snapshot":null,"_unit":"","_unit_base":"","_unit_product":"","_unit_price_auto":"no","_unit_price_regular":"","_unit_price":"","_unit_price_sale":"","_sale_price_label":"","_sale_price_regular_label":"","_manufacturer_slug":"","_mini_desc":"","_defect_description":"","_safety_instructions":"","_allergen_ids":[],"_warranty_attachment_id":"","_safety_attachment_ids":[],"_min_age":"","_ts_gtin":"","_ts_mpn":"","_delivery_time_countries":[],"_free_shipping":"no","_service":"no","_photovoltaic_system":"no","_used_good":"no","_defective_copy":"no","_wireless_electronic_device":"no","_device_contains_power_supply":"no","_device_charging_supports_usb_pd":"no","_device_charging_watt_min":"0","_device_charging_watt_max":"0","_is_food":"no","_differential_taxation":"no","_gzd_version":"3.18.7","_hs_code":"","_customs_description":"","_manufacture_country":"0","_is_non_returnable":"no","_shipping_length":"","_shipping_width":"","_shipping_height":"","_sku":"ISBN 978-3-86442-444-1","_global_unique_id":"978-3-86442-444-1","_regular_price":"24.8","total_sales":"0","_tax_status":"taxable","_tax_class":"","_manage_stock":"no","_backorders":"no","_sold_individually":"no","_weight":"1","_virtual":"no","_downloadable":"no","_download_limit":"-1","_download_expiry":"-1","_stock":"","_stock_status":"instock","_wc_average_rating":"0","_wc_review_count":"0","_product_version":"9.7.1","_price":"24.8","shopengine_product_views_count":"2512","_thumbnail_id":"4939","_product_attributes":{"erscheinungsdatum":{"name":"Fecha de publicaci\u00f3n","value":"18.07.2024","position":0,"is_visible":1,"is_variation":0,"is_taxonomy":0,"checkout_visible":0}},"_nutrient_ids":[],"_upsell_ids":null,"pswc_subtitle":null,"_default_delivery_time":null,"_wp_desired_post_slug":null,"_isbn":null,"pageType":null,"isExternalUrl":null,"pageId":null,"externalUrl":null,"hideCookieBanner":null,"isTargetBlank":null,"isProviderCurrentWebsite":null,"isEmbeddingOnlyExternalResources":null,"legalBasis":null,"dataProcessingInCountries":null,"dataProcessingInCountriesSpecialTreatments":null,"technicalDefinitions":null,"googleConsentModeConsentTypes":null,"executePriority":null,"executeCodeOptInWhenNoTagManagerConsentIsGiven":null,"executeCodeOptOutWhenNoTagManagerConsentIsGiven":null,"deleteTechnicalDefinitionsAfterOptOut":null,"presetId":null,"presetVersion":null,"provider":null,"providerContactPhone":null,"providerContactEmail":null,"providerContactLink":null,"uniqueName":null,"providerPrivacyPolicyUrl":null,"providerLegalNoticeUrl":null,"codeOptIn":null,"codeOptOut":null,"codeOnPageLoad":null,"language_code":null,"shopengine_template__post_meta__type":null,"shopengine_template__post_meta":null,"shopengine_template__post_meta__edit_with":null,"origin":null,"_enabled":null,"_filters":null,"_layout":null,"_elementor_import_session_id":null,"_wp_trash_meta_status":null,"_wp_trash_meta_time":null,"_edit_lock":"1743592320:2","_elementor_floating_elements_type":null,"_elementor_edit_mode":null,"_elementor_template_type":null,"tc-thumb-fld":{"_thumb_id":4939,"_thumb_type":"thumb"},"_wp_page_template":"default","_elementor_version":null,"_elementor_pro_version":null,"_elementor_page_settings":null,"_elementor_data":null,"_elementor_conditions":null,"_elementor_popup_display_settings":null,"_edit_last":"2","_elementor_template_sub_type":null,"_elementor_controls_usage":null,"_elementor_screenshot":null,"_elementor_css":null,"_elementor_page_assets":[],"_elementor_element_cache":null,"_elementor_screenshot_failed":null,"_elementor_source":null,"_wp_old_date":null,"layout_key":"","post_slider_check_key":"0","_links":{"self":[{"href":"https:\/\/snoeck.de\/es\/wp-json\/wp\/v2\/product\/3523","targetHints":{"allow":["GET"]}}],"collection":[{"href":"https:\/\/snoeck.de\/es\/wp-json\/wp\/v2\/product"}],"about":[{"href":"https:\/\/snoeck.de\/es\/wp-json\/wp\/v2\/types\/product"}],"wp:featuredmedia":[{"embeddable":true,"href":"https:\/\/snoeck.de\/es\/wp-json\/wp\/v2\/media\/4939"}],"wp:attachment":[{"href":"https:\/\/snoeck.de\/es\/wp-json\/wp\/v2\/media?parent=3523"}],"wp:term":[{"taxonomy":"product_brand","embeddable":true,"href":"https:\/\/snoeck.de\/es\/wp-json\/wp\/v2\/product_brand?post=3523"},{"taxonomy":"product_cat","embeddable":true,"href":"https:\/\/snoeck.de\/es\/wp-json\/wp\/v2\/product_cat?post=3523"},{"taxonomy":"product_tag","embeddable":true,"href":"https:\/\/snoeck.de\/es\/wp-json\/wp\/v2\/product_tag?post=3523"}],"curies":[{"name":"wp","href":"https:\/\/api.w.org\/{rel}","templated":true}]}}