{"id":3525,"date":"2025-01-31T11:29:58","date_gmt":"2025-01-31T11:29:58","guid":{"rendered":"https:\/\/snoeck.process-vision.de\/shop\/katalin-deer-present-things\/"},"modified":"2026-04-08T15:35:14","modified_gmt":"2026-04-08T14:35:14","slug":"katalin-deer-present-things","status":"publish","type":"product","link":"https:\/\/snoeck.de\/es\/shop\/katalin-deer-present-things\/","title":{"rendered":"Katalin De\u00e9r: Cosas presentes"},"content":{"rendered":"<h3>Casas que se caen<\/h3>\n<p>A la vista de las im\u00e1genes de Katalin De\u00e9r, es importante resistirse a la tentaci\u00f3n de hablar de fotograf\u00eda en el verdadero sentido de la palabra, ya que la obra de la artista tiene una motivaci\u00f3n totalmente escult\u00f3rica. Sus obras se mueven entre los mundos de diferentes regularidades medi\u00e1ticas y al mismo tiempo intentan concretarse como objetos pict\u00f3ricos. La fotograf\u00eda no se centra aqu\u00ed en la imagen, sino que como objeto remite m\u00e1s all\u00e1 de la imagen. La base de esta estrategia art\u00edstica es el enfoque escult\u00f3rico subyacente de la artista, que desarrolla sus motivos a partir de una aproximaci\u00f3n dirigida al objeto y al espacio. En este contexto, por ejemplo, se ocupa de constelaciones de muebles cotidianos: mesas, sillas, taburetes y bancos se empotran y se superponen de tal manera que se crean complejas estructuras escult\u00f3ricas en la habitaci\u00f3n, cuyas sombras proyectadas a menudo se perfilan en el suelo y luego, en algunos casos, se proyectan hacia arriba como base de la construcci\u00f3n y se materializan como z\u00f3calo. En un paso posterior, estas constelaciones sirven ahora como modelos para fotograf\u00edas, con lo que estas situaciones escult\u00f3ricas se trasladan medialmente a otro nivel de dimensi\u00f3n m\u00e1s profundo. Las im\u00e1genes resultantes de las construcciones revelan m\u00e1s o menos claramente las impresiones arquitect\u00f3nicas emergentes en una fase temprana. Aunque la escala es, por supuesto, importante en el tratamiento concreto y metaf\u00f3rico de los elementos escult\u00f3ricos, est\u00e1 claro que no son principalmente las dimensiones y proporciones lo que est\u00e1 en juego aqu\u00ed. Este libro de artista es la primera publicaci\u00f3n en solitario del artista, que vive en Suiza y naci\u00f3 en EE.UU. de padres h\u00fangaros.<\/p>\n<p>Exposiciones:<br \/>\nMuseo de Fotograf\u00eda Contempor\u00e1nea de Chicago, 12\/02-19\/04\/09<br \/>\nKunstverein Heilbronn, 24\/05-16\/08\/09<br \/>\nMuseo de Arte Moderno de Carintia, Klagenfurt, 30\/09\/2009-31\/01\/2010<\/p>","protected":false},"excerpt":{"rendered":"<p>Texto (alem\u00e1n\/ingl\u00e9s) de Max Wechsler<br \/>\n80 p. con 58 ilustraciones en color<br \/>\nFormato 16,5 x 32 cm, tapa blanda en folleto suizo<\/p>","protected":false},"featured_media":4941,"template":"","meta":[],"product_brand":[],"product_cat":[95],"product_tag":[],"class_list":{"0":"post-3525","1":"product","2":"type-product","3":"status-publish","4":"has-post-thumbnail","6":"product_cat-vergriffen","8":"first","9":"outofstock","10":"taxable","11":"shipping-taxable","12":"product-type-simple"},"aioseo_notices":[],"_wp_attached_file":null,"_wp_attachment_metadata":null,"_wc_attachment_source":null,"_elementor_inline_svg":null,"_elementor_is_screenshot":null,"_elementor_source_image_hash":null,"_source_url":null,"_wp_attachment_context":null,"_menu_item_type":null,"_menu_item_menu_item_parent":null,"_menu_item_object_id":null,"_menu_item_object":null,"_menu_item_target":null,"_menu_item_classes":null,"_menu_item_xfn":null,"_menu_item_url":null,"__elementor_forms_snapshot":null,"_unit":"","_unit_base":"","_unit_product":"","_unit_price_auto":"no","_unit_price_regular":"","_unit_price":"","_unit_price_sale":"","_sale_price_label":"","_sale_price_regular_label":"","_manufacturer_slug":"","_mini_desc":"","_defect_description":"","_safety_instructions":"","_allergen_ids":[],"_warranty_attachment_id":"","_safety_attachment_ids":[],"_min_age":"","_ts_gtin":"","_ts_mpn":"","_delivery_time_countries":[],"_free_shipping":"no","_service":"no","_photovoltaic_system":"no","_used_good":"no","_defective_copy":"no","_wireless_electronic_device":"no","_device_contains_power_supply":"no","_device_charging_supports_usb_pd":"no","_device_charging_watt_min":"0","_device_charging_watt_max":"0","_is_food":"no","_differential_taxation":"no","_gzd_version":"3.18.7","_hs_code":"","_customs_description":"","_manufacture_country":"0","_is_non_returnable":"no","_shipping_length":"","_shipping_width":"","_shipping_height":"","_sku":"ISBN 978-3-940953-16-2","_global_unique_id":"978-3-940953-16-2","_regular_price":null,"total_sales":"0","_tax_status":"taxable","_tax_class":"","_manage_stock":"no","_backorders":"no","_sold_individually":"no","_weight":"1","_virtual":"no","_downloadable":"no","_download_limit":"-1","_download_expiry":"-1","_stock":"","_stock_status":"outofstock","_wc_average_rating":"0","_wc_review_count":"0","_product_version":"10.1.4","_price":"","shopengine_product_views_count":"2886","_thumbnail_id":"4941","_product_attributes":{"erscheinungsdatum":{"name":"Fecha de publicaci\u00f3n","value":"12.02.2009","position":0,"is_visible":1,"is_variation":0,"is_taxonomy":0,"checkout_visible":0}},"_nutrient_ids":[],"_upsell_ids":null,"pswc_subtitle":null,"_default_delivery_time":null,"_wp_desired_post_slug":null,"_isbn":null,"pageType":null,"isExternalUrl":null,"pageId":null,"externalUrl":null,"hideCookieBanner":null,"isTargetBlank":null,"isProviderCurrentWebsite":null,"isEmbeddingOnlyExternalResources":null,"legalBasis":null,"dataProcessingInCountries":null,"dataProcessingInCountriesSpecialTreatments":null,"technicalDefinitions":null,"googleConsentModeConsentTypes":null,"executePriority":null,"executeCodeOptInWhenNoTagManagerConsentIsGiven":null,"executeCodeOptOutWhenNoTagManagerConsentIsGiven":null,"deleteTechnicalDefinitionsAfterOptOut":null,"presetId":null,"presetVersion":null,"provider":null,"providerContactPhone":null,"providerContactEmail":null,"providerContactLink":null,"uniqueName":null,"providerPrivacyPolicyUrl":null,"providerLegalNoticeUrl":null,"codeOptIn":null,"codeOptOut":null,"codeOnPageLoad":null,"language_code":null,"shopengine_template__post_meta__type":null,"shopengine_template__post_meta":null,"shopengine_template__post_meta__edit_with":null,"origin":null,"_enabled":null,"_filters":null,"_layout":null,"_elementor_import_session_id":null,"_wp_trash_meta_status":null,"_wp_trash_meta_time":null,"_edit_lock":"1743592118:2","_elementor_floating_elements_type":null,"_elementor_edit_mode":null,"_elementor_template_type":null,"tc-thumb-fld":{"_thumb_id":4941,"_thumb_type":"thumb"},"_wp_page_template":"default","_elementor_version":null,"_elementor_pro_version":null,"_elementor_page_settings":null,"_elementor_data":null,"_elementor_conditions":null,"_elementor_popup_display_settings":null,"_edit_last":"2","_elementor_template_sub_type":null,"_elementor_controls_usage":null,"_elementor_screenshot":null,"_elementor_css":null,"_elementor_page_assets":[],"_elementor_element_cache":null,"_elementor_screenshot_failed":null,"_elementor_source":null,"_wp_old_date":null,"layout_key":"","post_slider_check_key":"0","_links":{"self":[{"href":"https:\/\/snoeck.de\/es\/wp-json\/wp\/v2\/product\/3525","targetHints":{"allow":["GET"]}}],"collection":[{"href":"https:\/\/snoeck.de\/es\/wp-json\/wp\/v2\/product"}],"about":[{"href":"https:\/\/snoeck.de\/es\/wp-json\/wp\/v2\/types\/product"}],"wp:featuredmedia":[{"embeddable":true,"href":"https:\/\/snoeck.de\/es\/wp-json\/wp\/v2\/media\/4941"}],"wp:attachment":[{"href":"https:\/\/snoeck.de\/es\/wp-json\/wp\/v2\/media?parent=3525"}],"wp:term":[{"taxonomy":"product_brand","embeddable":true,"href":"https:\/\/snoeck.de\/es\/wp-json\/wp\/v2\/product_brand?post=3525"},{"taxonomy":"product_cat","embeddable":true,"href":"https:\/\/snoeck.de\/es\/wp-json\/wp\/v2\/product_cat?post=3525"},{"taxonomy":"product_tag","embeddable":true,"href":"https:\/\/snoeck.de\/es\/wp-json\/wp\/v2\/product_tag?post=3525"}],"curies":[{"name":"wp","href":"https:\/\/api.w.org\/{rel}","templated":true}]}}