{"id":3527,"date":"2025-01-31T11:29:59","date_gmt":"2025-01-31T11:29:59","guid":{"rendered":"https:\/\/snoeck.process-vision.de\/shop\/delikatessen-zwischen-kunst-kueche\/"},"modified":"2025-04-02T10:52:15","modified_gmt":"2025-04-02T10:52:15","slug":"delikatessen-zwischen-kunst-kueche","status":"publish","type":"product","link":"https:\/\/snoeck.de\/es\/shop\/delikatessen-zwischen-kunst-kueche\/","title":{"rendered":"Delikatessen - Zwischen Kunst &amp; K\u00fcche \/ Delicatessen - Entre arte y gastronom\u00eda"},"content":{"rendered":"<h3>\"Ecuador + Polo Norte\" o \"Electricidad atmosf\u00e9rica confitada\"<\/h3>\n<p>A principios de los a\u00f1os 30, \u00e9ste y no otro era el nombre de los platos que los futuristas italianos pon\u00edan en el men\u00fa de la \"Taverne zum Heiligen Gaumen\". \"No comas, s\u00f3lo mira y huele\" es la instrucci\u00f3n de Ben Heinrich y Lukas P\u00fcrmayr para su actual \"Receta para la copa de cicuta\". La publicaci\u00f3n que acompa\u00f1a a la exposici\u00f3n \"Delikatessen. Entre arte y cocina\" se centra en las diversas obras de muchos artistas, sus sugerencias de recetas y su preferencia por los restaurantes como banco de trabajo ampliado, ya sean posturas hist\u00f3ricas como las de Daniel Spoerri, Allen Ruppersberg, Pierro Manzoni, Dieter Roth y Gordon Matta-Clark o las contempor\u00e1neas de Thomas Friemel y Michael Riedel, Carsten H\u00f6ller, Sonja Alh\u00e4user, Boris Becker, Tobias Hantmann, Candida H\u00f6fer, Martin Parr, Wolfgang Stehle, Walid Raad y muchos m\u00e1s. Adem\u00e1s de las cuestiones de creatividad, en las que sin duda el arte y la cocina siempre se han pensado en paralelo, tambi\u00e9n se trata de rituales y ceremonias en nuestra cultura alimentaria. Al fin y al cabo, en las \u00faltimas d\u00e9cadas la comida ha alcanzado un estatus pop instant\u00e1neo: programas de cocina por doquier, en todos los canales de televisi\u00f3n, posts y selfies en las redes sociales, y masas de likes.<\/p>\n<p>Exposici\u00f3n:<br \/>\nKunsthalle de N\u00faremberg, 9\/11\/2024 - 2\/3\/2025<\/p>","protected":false},"excerpt":{"rendered":"<p>Cat\u00e1logo de la exposici\u00f3n, Kunsthalle N\u00fcrnberg, editado por Anne Schloen<br \/>\nTextos (alem\u00e1n\/ingl\u00e9s) de Felix Br\u00f6cker, Alexander Graff, Michael Kr\u00f6ger, Anne Schloen, Harriet Zilch, entrevistas con Sonja Ahlh\u00e4user, con Isabelle Enders, con Ben Heirich y Likas P\u00fcrmayr, con Harald Lemke<br \/>\n144 p. con 100 ilustraciones en color<br \/>\nFormato 28,4 x 23,4 cm, tapa blanda<\/p>","protected":false},"featured_media":4943,"template":"","meta":[],"product_brand":[],"product_cat":[88,61],"product_tag":[],"class_list":{"0":"post-3527","1":"product","2":"type-product","3":"status-publish","4":"has-post-thumbnail","6":"product_cat-88","7":"product_cat-d","9":"first","10":"instock","11":"taxable","12":"shipping-taxable","13":"purchasable","14":"product-type-simple"},"aioseo_notices":[],"_wp_attached_file":null,"_wp_attachment_metadata":null,"_wc_attachment_source":null,"_elementor_inline_svg":null,"_elementor_is_screenshot":null,"_elementor_source_image_hash":null,"_source_url":null,"_wp_attachment_context":null,"_menu_item_type":null,"_menu_item_menu_item_parent":null,"_menu_item_object_id":null,"_menu_item_object":null,"_menu_item_target":null,"_menu_item_classes":null,"_menu_item_xfn":null,"_menu_item_url":null,"__elementor_forms_snapshot":null,"_unit":"","_unit_base":"","_unit_product":"","_unit_price_auto":"no","_unit_price_regular":"","_unit_price":"","_unit_price_sale":"","_sale_price_label":"","_sale_price_regular_label":"","_manufacturer_slug":"","_mini_desc":"","_defect_description":"","_safety_instructions":"","_allergen_ids":[],"_warranty_attachment_id":"","_safety_attachment_ids":[],"_min_age":"","_ts_gtin":"","_ts_mpn":"","_delivery_time_countries":[],"_free_shipping":"no","_service":"no","_photovoltaic_system":"no","_used_good":"no","_defective_copy":"no","_wireless_electronic_device":"no","_device_contains_power_supply":"no","_device_charging_supports_usb_pd":"no","_device_charging_watt_min":"0","_device_charging_watt_max":"0","_is_food":"no","_differential_taxation":"no","_gzd_version":"3.18.7","_hs_code":"","_customs_description":"","_manufacture_country":"0","_is_non_returnable":"no","_shipping_length":"","_shipping_width":"","_shipping_height":"","_sku":"ISBN 978-3-86442-454-0","_global_unique_id":"978-3-86442-454-0","_regular_price":"24.8","total_sales":"0","_tax_status":"taxable","_tax_class":"","_manage_stock":"no","_backorders":"no","_sold_individually":"no","_weight":"1","_virtual":"no","_downloadable":"no","_download_limit":"-1","_download_expiry":"-1","_stock":"","_stock_status":"instock","_wc_average_rating":"0","_wc_review_count":"0","_product_version":"9.7.1","_price":"24.8","shopengine_product_views_count":"3383","_thumbnail_id":"4943","_product_attributes":{"erscheinungsdatum":{"name":"Fecha de publicaci\u00f3n","value":"07.11.2024","position":0,"is_visible":1,"is_variation":0,"is_taxonomy":0,"checkout_visible":0}},"_nutrient_ids":[],"_upsell_ids":null,"pswc_subtitle":null,"_default_delivery_time":null,"_wp_desired_post_slug":null,"_isbn":null,"pageType":null,"isExternalUrl":null,"pageId":null,"externalUrl":null,"hideCookieBanner":null,"isTargetBlank":null,"isProviderCurrentWebsite":null,"isEmbeddingOnlyExternalResources":null,"legalBasis":null,"dataProcessingInCountries":null,"dataProcessingInCountriesSpecialTreatments":null,"technicalDefinitions":null,"googleConsentModeConsentTypes":null,"executePriority":null,"executeCodeOptInWhenNoTagManagerConsentIsGiven":null,"executeCodeOptOutWhenNoTagManagerConsentIsGiven":null,"deleteTechnicalDefinitionsAfterOptOut":null,"presetId":null,"presetVersion":null,"provider":null,"providerContactPhone":null,"providerContactEmail":null,"providerContactLink":null,"uniqueName":null,"providerPrivacyPolicyUrl":null,"providerLegalNoticeUrl":null,"codeOptIn":null,"codeOptOut":null,"codeOnPageLoad":null,"language_code":null,"shopengine_template__post_meta__type":null,"shopengine_template__post_meta":null,"shopengine_template__post_meta__edit_with":null,"origin":null,"_enabled":null,"_filters":null,"_layout":null,"_elementor_import_session_id":null,"_wp_trash_meta_status":null,"_wp_trash_meta_time":null,"_edit_lock":"1743590997:2","_elementor_floating_elements_type":null,"_elementor_edit_mode":null,"_elementor_template_type":null,"tc-thumb-fld":{"_thumb_id":4943,"_thumb_type":"thumb"},"_wp_page_template":"default","_elementor_version":null,"_elementor_pro_version":null,"_elementor_page_settings":null,"_elementor_data":null,"_elementor_conditions":null,"_elementor_popup_display_settings":null,"_edit_last":"2","_elementor_template_sub_type":null,"_elementor_controls_usage":null,"_elementor_screenshot":null,"_elementor_css":null,"_elementor_page_assets":[],"_elementor_element_cache":null,"_elementor_screenshot_failed":null,"_elementor_source":null,"_wp_old_date":null,"layout_key":"","post_slider_check_key":"0","_links":{"self":[{"href":"https:\/\/snoeck.de\/es\/wp-json\/wp\/v2\/product\/3527","targetHints":{"allow":["GET"]}}],"collection":[{"href":"https:\/\/snoeck.de\/es\/wp-json\/wp\/v2\/product"}],"about":[{"href":"https:\/\/snoeck.de\/es\/wp-json\/wp\/v2\/types\/product"}],"wp:featuredmedia":[{"embeddable":true,"href":"https:\/\/snoeck.de\/es\/wp-json\/wp\/v2\/media\/4943"}],"wp:attachment":[{"href":"https:\/\/snoeck.de\/es\/wp-json\/wp\/v2\/media?parent=3527"}],"wp:term":[{"taxonomy":"product_brand","embeddable":true,"href":"https:\/\/snoeck.de\/es\/wp-json\/wp\/v2\/product_brand?post=3527"},{"taxonomy":"product_cat","embeddable":true,"href":"https:\/\/snoeck.de\/es\/wp-json\/wp\/v2\/product_cat?post=3527"},{"taxonomy":"product_tag","embeddable":true,"href":"https:\/\/snoeck.de\/es\/wp-json\/wp\/v2\/product_tag?post=3527"}],"curies":[{"name":"wp","href":"https:\/\/api.w.org\/{rel}","templated":true}]}}