{"id":3528,"date":"2025-01-31T11:30:00","date_gmt":"2025-01-31T11:30:00","guid":{"rendered":"https:\/\/snoeck.process-vision.de\/shop\/dem-wasser-folgen\/"},"modified":"2025-04-02T10:49:10","modified_gmt":"2025-04-02T10:49:10","slug":"dem-wasser-folgen","status":"publish","type":"product","link":"https:\/\/snoeck.de\/es\/shop\/dem-wasser-folgen\/","title":{"rendered":"Sigue el agua"},"content":{"rendered":"<h3>Una nueva mirada sobre el elemento<\/h3>\n<p>El agua es sumamente indiferente. Por un lado, es omnipresente, fuente de toda vida y, por tanto, \u00edntimamente ligada a la existencia en todas sus dimensiones. Por otro lado, no tiene forma fija, ni color u olor propios; sus manifestaciones son innumerables y no se le puede atribuir un \u00fanico significado ni, por tanto, una forma definitiva de determinaci\u00f3n. Est\u00e1 en relaci\u00f3n con su entorno, conforma nuestro planeta azul y nuestro propio cuerpo, conecta como ruta comercial y separa como frontera, sirve para la limpieza o el recreo y es al mismo tiempo peligroso, un lugar potencial de desgracias. Simboliza fuerzas espirituales y muta en mercanc\u00eda de dif\u00edcil adquisici\u00f3n en tiempos de sistemas econ\u00f3micos neoliberales. Por \u00faltimo, el agua como recurso remite a la cuesti\u00f3n social m\u00e1s urgente del siglo XXI: la crisis clim\u00e1tica. Al mismo tiempo, la naturaleza especial de este tema ha abierto a los comisarios nuevas perspectivas sobre la propia colecci\u00f3n de la Kunsthalle Bielefeld, proporcionando as\u00ed puntos de referencia para los debates globales y sociales actuales. El tema del agua conduce a complejas cuestiones relativas a la cultura, la naturaleza, la pol\u00edtica, la econom\u00eda, el cuerpo y la mente, por lo que es de gran actualidad y omnipresente como tema de proyectos curatoriales, art\u00edsticos y cient\u00edficos internacionales de m\u00faltiples facetas. La observaci\u00f3n de que un n\u00famero inusualmente elevado de obras de la colecci\u00f3n de la Kunsthalle abordan tem\u00e1ticamente el elemento agua no s\u00f3lo pone de manifiesto que el tema resulta atractivo para artistas con una gran variedad de planteamientos formales y narrativos. Sin embargo, un impulso importante para la exposici\u00f3n y el libro vino de la artista estadounidense Roni Horn y su obra \"Saying Water\" (2012). En ella, dirige un mon\u00f3logo sobre el agua y nos hace darnos cuenta de que todos queremos decir algo diferente cuando hablamos del agua. De este modo, su importante obra ha allanado el camino para la exposici\u00f3n Follow the Water y ha aportado una nueva perspectiva sobre el elemento:<br \/>\nKunsthalle Bielefeld, 4\/6 - 16\/10\/2022<\/p>\n<p>Artistas:<br \/>\nKatinka Bock, Carolina Caycedo, Lovis Corinth, Catherina Cramer &amp; Giulietta Ockenfu\u00df, Ludwig Dill, Karl Ellermann, Max Ernst, Lyonel Feininger, Conrad Felixm\u00fcller, Hermann Freudenau, Henri Gaudier-Brzeska, Hella Guth, Franz Hecker, Klara Hobza, Ferdinand Hodler, Ludwig von Hofmann, Roni Horn, Axel Kasseb\u00f6hmer, Jacques Lipchitz, Henri Manguin, Anton Melbye, Otto Modersohn, Gabriele M\u00fcnter, Kenneth Noland, Adrian Paci, Enrique Ram\u00edrez, Ernst Sagewka, Robert Smithson, Hiroshi Sugimoto, Heinrich Vogeler y muchos m\u00e1s. y muchos m\u00e1s.<\/p>\n<p>Exposici\u00f3n:<br \/>\nKunsthalle Bielefeld, 4\/6 - 16\/10\/2022<\/p>","protected":false},"excerpt":{"rendered":"<p>Cat\u00e1logo de la exposici\u00f3n, editado por Christina V\u00e9gh, Laura Rehme y Linda Walther<br \/>\nTextos (alem\u00e1n) de Astrida Neimanis (por primera vez en alem\u00e1n), Laura Rehme y Linda Walther, Christina V\u00e9gh<br \/>\n100 p. con 100 ilustraciones en color<br \/>\nFormato 27 x 21 cm, r\u00fastica con sobrecubierta<\/p>","protected":false},"featured_media":4944,"template":"","meta":[],"product_brand":[],"product_cat":[86,63,80],"product_tag":[],"class_list":{"0":"post-3528","1":"product","2":"type-product","3":"status-publish","4":"has-post-thumbnail","6":"product_cat-86","7":"product_cat-f","8":"product_cat-w","10":"first","11":"instock","12":"taxable","13":"shipping-taxable","14":"purchasable","15":"product-type-simple"},"aioseo_notices":[],"_wp_attached_file":null,"_wp_attachment_metadata":null,"_wc_attachment_source":null,"_elementor_inline_svg":null,"_elementor_is_screenshot":null,"_elementor_source_image_hash":null,"_source_url":null,"_wp_attachment_context":null,"_menu_item_type":null,"_menu_item_menu_item_parent":null,"_menu_item_object_id":null,"_menu_item_object":null,"_menu_item_target":null,"_menu_item_classes":null,"_menu_item_xfn":null,"_menu_item_url":null,"__elementor_forms_snapshot":null,"_unit":"","_unit_base":"","_unit_product":"","_unit_price_auto":"no","_unit_price_regular":"","_unit_price":"","_unit_price_sale":"","_sale_price_label":"","_sale_price_regular_label":"","_manufacturer_slug":"","_mini_desc":"","_defect_description":"","_safety_instructions":"","_allergen_ids":[],"_warranty_attachment_id":"","_safety_attachment_ids":[],"_min_age":"","_ts_gtin":"","_ts_mpn":"","_delivery_time_countries":[],"_free_shipping":"no","_service":"no","_photovoltaic_system":"no","_used_good":"no","_defective_copy":"no","_wireless_electronic_device":"no","_device_contains_power_supply":"no","_device_charging_supports_usb_pd":"no","_device_charging_watt_min":"0","_device_charging_watt_max":"0","_is_food":"no","_differential_taxation":"no","_gzd_version":"3.18.7","_hs_code":"","_customs_description":"","_manufacture_country":"0","_is_non_returnable":"no","_shipping_length":"","_shipping_width":"","_shipping_height":"","_sku":"ISBN 978-3-86442-389-5","_global_unique_id":"978-3-86442-389-5","_regular_price":"29.8","total_sales":"0","_tax_status":"taxable","_tax_class":"","_manage_stock":"no","_backorders":"no","_sold_individually":"no","_weight":"1","_virtual":"no","_downloadable":"no","_download_limit":"-1","_download_expiry":"-1","_stock":"","_stock_status":"instock","_wc_average_rating":"0","_wc_review_count":"0","_product_version":"9.7.1","_price":"29.8","shopengine_product_views_count":"3184","_thumbnail_id":"4944","_product_attributes":{"erscheinungsdatum":{"name":"Fecha de publicaci\u00f3n","value":"09.09.2022","position":0,"is_visible":1,"is_variation":0,"is_taxonomy":0,"checkout_visible":0}},"_nutrient_ids":[],"_upsell_ids":null,"pswc_subtitle":null,"_default_delivery_time":null,"_wp_desired_post_slug":null,"_isbn":null,"pageType":null,"isExternalUrl":null,"pageId":null,"externalUrl":null,"hideCookieBanner":null,"isTargetBlank":null,"isProviderCurrentWebsite":null,"isEmbeddingOnlyExternalResources":null,"legalBasis":null,"dataProcessingInCountries":null,"dataProcessingInCountriesSpecialTreatments":null,"technicalDefinitions":null,"googleConsentModeConsentTypes":null,"executePriority":null,"executeCodeOptInWhenNoTagManagerConsentIsGiven":null,"executeCodeOptOutWhenNoTagManagerConsentIsGiven":null,"deleteTechnicalDefinitionsAfterOptOut":null,"presetId":null,"presetVersion":null,"provider":null,"providerContactPhone":null,"providerContactEmail":null,"providerContactLink":null,"uniqueName":null,"providerPrivacyPolicyUrl":null,"providerLegalNoticeUrl":null,"codeOptIn":null,"codeOptOut":null,"codeOnPageLoad":null,"language_code":null,"shopengine_template__post_meta__type":null,"shopengine_template__post_meta":null,"shopengine_template__post_meta__edit_with":null,"origin":null,"_enabled":null,"_filters":null,"_layout":null,"_elementor_import_session_id":null,"_wp_trash_meta_status":null,"_wp_trash_meta_time":null,"_edit_lock":"1743590952:2","_elementor_floating_elements_type":null,"_elementor_edit_mode":null,"_elementor_template_type":null,"tc-thumb-fld":{"_thumb_id":4944,"_thumb_type":"thumb"},"_wp_page_template":"default","_elementor_version":null,"_elementor_pro_version":null,"_elementor_page_settings":null,"_elementor_data":null,"_elementor_conditions":null,"_elementor_popup_display_settings":null,"_edit_last":"2","_elementor_template_sub_type":null,"_elementor_controls_usage":null,"_elementor_screenshot":null,"_elementor_css":null,"_elementor_page_assets":[],"_elementor_element_cache":null,"_elementor_screenshot_failed":null,"_elementor_source":null,"_wp_old_date":null,"layout_key":"","post_slider_check_key":"0","_links":{"self":[{"href":"https:\/\/snoeck.de\/es\/wp-json\/wp\/v2\/product\/3528","targetHints":{"allow":["GET"]}}],"collection":[{"href":"https:\/\/snoeck.de\/es\/wp-json\/wp\/v2\/product"}],"about":[{"href":"https:\/\/snoeck.de\/es\/wp-json\/wp\/v2\/types\/product"}],"wp:featuredmedia":[{"embeddable":true,"href":"https:\/\/snoeck.de\/es\/wp-json\/wp\/v2\/media\/4944"}],"wp:attachment":[{"href":"https:\/\/snoeck.de\/es\/wp-json\/wp\/v2\/media?parent=3528"}],"wp:term":[{"taxonomy":"product_brand","embeddable":true,"href":"https:\/\/snoeck.de\/es\/wp-json\/wp\/v2\/product_brand?post=3528"},{"taxonomy":"product_cat","embeddable":true,"href":"https:\/\/snoeck.de\/es\/wp-json\/wp\/v2\/product_cat?post=3528"},{"taxonomy":"product_tag","embeddable":true,"href":"https:\/\/snoeck.de\/es\/wp-json\/wp\/v2\/product_tag?post=3528"}],"curies":[{"name":"wp","href":"https:\/\/api.w.org\/{rel}","templated":true}]}}