{"id":3531,"date":"2025-01-31T11:30:04","date_gmt":"2025-01-31T11:30:04","guid":{"rendered":"https:\/\/snoeck.process-vision.de\/shop\/christa-dichgans-kein-stillleben\/"},"modified":"2025-04-02T10:33:06","modified_gmt":"2025-04-02T10:33:06","slug":"christa-dichgans-kein-stillleben","status":"publish","type":"product","link":"https:\/\/snoeck.de\/es\/shop\/christa-dichgans-kein-stillleben\/","title":{"rendered":"Christa Dichgans: Ning\u00fan bodeg\u00f3n"},"content":{"rendered":"<h3>Christa Dichgans - Arte pop femenino<\/h3>\n<p>Juguetes de pl\u00e1stico amontonados en la habitaci\u00f3n de los ni\u00f1os, un animal hinchado a modo de piscina, Batman y monta\u00f1as de salchichas: estos son los motivos que caracterizan los cuadros de Christa Dichgans (nacida en 1940 en Berl\u00edn). La artista, que se dio a conocer sobre todo por sus primeras obras de la d\u00e9cada de 1960 y que \u00faltimamente ha atra\u00eddo gran atenci\u00f3n por su participaci\u00f3n en diversas exposiciones colectivas nacionales e internacionales, es sin duda una de las protagonistas m\u00e1s importantes del Pop Art. Durante m\u00e1s de cinco d\u00e9cadas, ha explorado la relaci\u00f3n entre el hombre y el objeto, siempre en el contexto de un cuestionamiento del consumo de masas, que ha cambiado considerablemente con el paso del tiempo: en lugar de la calidad y la cantidad, han pasado cada vez m\u00e1s a primer plano las atribuciones inmateriales, que se ventilan en el contenido simb\u00f3lico de los bienes y, en correlaci\u00f3n con ello, en la conciencia de marca de los consumidores. Por ello, los motivos de Christa Dichgans recuerdan tambi\u00e9n a las naturalezas muertas vanitas, que aluden a la vida media cada vez m\u00e1s corta del mundo de las cosas en una cultura acelerada.<\/p>\n<p>Exposici\u00f3n:<br \/>\nKestnergesellschaft Hannover, 26\/1 - 8\/5\/2018<\/p>","protected":false},"excerpt":{"rendered":"<p>Cat\u00e1logo de la exposici\u00f3n, Kestnergesellschaft Hannover, editado por Christina V\u00e9gh<br \/>\nTextos (alem\u00e1n\/ingl\u00e9s) de Chris Dercon, Martin Engler, Eva Meyer-Hermann, pr\u00f3logo de Christina V\u00e9gh y Milan Ther<br \/>\n112 p. con 80 ilustraciones en color<br \/>\nFormato 32 x 23,5 cm, tapa dura<\/p>","protected":false},"featured_media":4947,"template":"","meta":[],"product_brand":[],"product_cat":[111,61,90],"product_tag":[],"class_list":{"0":"post-3531","1":"product","2":"type-product","3":"status-publish","4":"has-post-thumbnail","6":"product_cat-111","7":"product_cat-d","8":"product_cat-rare-books","10":"first","11":"instock","12":"taxable","13":"shipping-taxable","14":"purchasable","15":"product-type-simple"},"aioseo_notices":[],"_wp_attached_file":null,"_wp_attachment_metadata":null,"_wc_attachment_source":null,"_elementor_inline_svg":null,"_elementor_is_screenshot":null,"_elementor_source_image_hash":null,"_source_url":null,"_wp_attachment_context":null,"_menu_item_type":null,"_menu_item_menu_item_parent":null,"_menu_item_object_id":null,"_menu_item_object":null,"_menu_item_target":null,"_menu_item_classes":null,"_menu_item_xfn":null,"_menu_item_url":null,"__elementor_forms_snapshot":null,"_unit":"","_unit_base":"","_unit_product":"","_unit_price_auto":"no","_unit_price_regular":"","_unit_price":"","_unit_price_sale":"","_sale_price_label":"","_sale_price_regular_label":"","_manufacturer_slug":"","_mini_desc":"","_defect_description":"","_safety_instructions":"","_allergen_ids":[],"_warranty_attachment_id":"","_safety_attachment_ids":[],"_min_age":"","_ts_gtin":"","_ts_mpn":"","_delivery_time_countries":[],"_free_shipping":"no","_service":"no","_photovoltaic_system":"no","_used_good":"no","_defective_copy":"no","_wireless_electronic_device":"no","_device_contains_power_supply":"no","_device_charging_supports_usb_pd":"no","_device_charging_watt_min":"0","_device_charging_watt_max":"0","_is_food":"no","_differential_taxation":"no","_gzd_version":"3.18.7","_hs_code":"","_customs_description":"","_manufacture_country":"0","_is_non_returnable":"no","_shipping_length":"","_shipping_width":"","_shipping_height":"","_sku":"ISBN 978-3-86442-235-5","_global_unique_id":"978-3-86442-235-5","_regular_price":"48","total_sales":"0","_tax_status":"taxable","_tax_class":"","_manage_stock":"no","_backorders":"no","_sold_individually":"no","_weight":"1","_virtual":"no","_downloadable":"no","_download_limit":"-1","_download_expiry":"-1","_stock":"","_stock_status":"instock","_wc_average_rating":"0","_wc_review_count":"0","_product_version":"9.7.1","_price":"48","shopengine_product_views_count":"2752","_thumbnail_id":"4947","_product_attributes":{"erscheinungsdatum":{"name":"Fecha de publicaci\u00f3n","value":"05.03.2018","position":0,"is_visible":1,"is_variation":0,"is_taxonomy":0,"checkout_visible":0}},"_nutrient_ids":[],"_upsell_ids":null,"pswc_subtitle":null,"_default_delivery_time":null,"_wp_desired_post_slug":null,"_isbn":null,"pageType":null,"isExternalUrl":null,"pageId":null,"externalUrl":null,"hideCookieBanner":null,"isTargetBlank":null,"isProviderCurrentWebsite":null,"isEmbeddingOnlyExternalResources":null,"legalBasis":null,"dataProcessingInCountries":null,"dataProcessingInCountriesSpecialTreatments":null,"technicalDefinitions":null,"googleConsentModeConsentTypes":null,"executePriority":null,"executeCodeOptInWhenNoTagManagerConsentIsGiven":null,"executeCodeOptOutWhenNoTagManagerConsentIsGiven":null,"deleteTechnicalDefinitionsAfterOptOut":null,"presetId":null,"presetVersion":null,"provider":null,"providerContactPhone":null,"providerContactEmail":null,"providerContactLink":null,"uniqueName":null,"providerPrivacyPolicyUrl":null,"providerLegalNoticeUrl":null,"codeOptIn":null,"codeOptOut":null,"codeOnPageLoad":null,"language_code":null,"shopengine_template__post_meta__type":null,"shopengine_template__post_meta":null,"shopengine_template__post_meta__edit_with":null,"origin":null,"_enabled":null,"_filters":null,"_layout":null,"_elementor_import_session_id":null,"_wp_trash_meta_status":null,"_wp_trash_meta_time":null,"_edit_lock":"1743589848:2","_elementor_floating_elements_type":null,"_elementor_edit_mode":null,"_elementor_template_type":null,"tc-thumb-fld":{"_thumb_id":4947,"_thumb_type":"thumb"},"_wp_page_template":"default","_elementor_version":null,"_elementor_pro_version":null,"_elementor_page_settings":null,"_elementor_data":null,"_elementor_conditions":null,"_elementor_popup_display_settings":null,"_edit_last":"2","_elementor_template_sub_type":null,"_elementor_controls_usage":null,"_elementor_screenshot":null,"_elementor_css":null,"_elementor_page_assets":[],"_elementor_element_cache":null,"_elementor_screenshot_failed":null,"_elementor_source":null,"_wp_old_date":null,"layout_key":"","post_slider_check_key":"0","_links":{"self":[{"href":"https:\/\/snoeck.de\/es\/wp-json\/wp\/v2\/product\/3531","targetHints":{"allow":["GET"]}}],"collection":[{"href":"https:\/\/snoeck.de\/es\/wp-json\/wp\/v2\/product"}],"about":[{"href":"https:\/\/snoeck.de\/es\/wp-json\/wp\/v2\/types\/product"}],"wp:featuredmedia":[{"embeddable":true,"href":"https:\/\/snoeck.de\/es\/wp-json\/wp\/v2\/media\/4947"}],"wp:attachment":[{"href":"https:\/\/snoeck.de\/es\/wp-json\/wp\/v2\/media?parent=3531"}],"wp:term":[{"taxonomy":"product_brand","embeddable":true,"href":"https:\/\/snoeck.de\/es\/wp-json\/wp\/v2\/product_brand?post=3531"},{"taxonomy":"product_cat","embeddable":true,"href":"https:\/\/snoeck.de\/es\/wp-json\/wp\/v2\/product_cat?post=3531"},{"taxonomy":"product_tag","embeddable":true,"href":"https:\/\/snoeck.de\/es\/wp-json\/wp\/v2\/product_tag?post=3531"}],"curies":[{"name":"wp","href":"https:\/\/api.w.org\/{rel}","templated":true}]}}