{"id":3533,"date":"2025-01-31T11:30:05","date_gmt":"2025-01-31T11:30:05","guid":{"rendered":"https:\/\/snoeck.process-vision.de\/shop\/dicker-als-wasser\/"},"modified":"2026-04-08T15:11:49","modified_gmt":"2026-04-08T14:11:49","slug":"dicker-als-wasser","status":"publish","type":"product","link":"https:\/\/snoeck.de\/es\/shop\/dicker-als-wasser\/","title":{"rendered":"M\u00e1s espeso que el agua"},"content":{"rendered":"<h3>\u00bfFatal?<\/h3>\n<p>El fin de la familia, la desaparici\u00f3n de las relaciones familiares, pero tambi\u00e9n la cr\u00edtica a las estructuras familiares r\u00edgidas, son temas recurrentes de los debates sociales en la era moderna. La familia segu\u00eda siendo vista por los del 68 como una comunidad peque\u00f1oburguesa de destino de la que hab\u00eda que desprenderse y a la que hab\u00eda que dejar atr\u00e1s. Las nuevas generaciones siempre han luchado contra tradiciones obsoletas y modelos de conducta arraigados para probar y poner en pr\u00e1ctica nuevas formas de convivencia. Aunque repetidamente declarada como un modelo obsoleto, la familia no ha perdido su importancia para el individuo y la sociedad, pues nada tiene un impacto tan duradero en nosotros como esta red de relaciones. Los asuntos familiares no son s\u00f3lo de car\u00e1cter privado, sino que tienen siempre una dimensi\u00f3n pol\u00edtica. Son expresi\u00f3n y motor de estructuras sociales cambiantes, en las que el modelo cl\u00e1sico de formaci\u00f3n de la identidad, consistente en convivir en familia como lugar de seguridad, se enfrenta a numerosos trastornos. En consecuencia, las percepciones de lo que constituye una familia tambi\u00e9n se han multiplicado: ya no puede reducirse a criterios biol\u00f3gicos y jur\u00eddicos, sino que tambi\u00e9n puede verse como un proceso, como \"hacer familia\", o como un \"mosaico\" en expansi\u00f3n. La exposici\u00f3n y el libro no s\u00f3lo abordan las diversas formas de convivencia, sino que tambi\u00e9n se aventuran a lanzar una mirada interrogativa hacia el futuro: \u00bfqu\u00e9 significado sigue teniendo hoy la familia ante unas condiciones de trabajo globalizadas y unos estilos de vida pluralistas? \u00bfHasta qu\u00e9 punto las redes y los amigos est\u00e1n sustituyendo a las estructuras familiares tradicionales? \u00bfDe qu\u00e9 manera las biotecnolog\u00edas (a veces ya digitalizadas), desde la inseminaci\u00f3n artificial a la maternidad subrogada, est\u00e1n cambiando nuestra concepci\u00f3n tradicional de la familia?<\/p>\n<p>Artistas:<br \/>\nCandice Breitz, Omer Fast, Simon Fujiwara, Nan Goldin, Badr el Hammami &amp; Fadma Kaddouri, Verena Jaekel, Haejun Jo, Nina Katchadourian, Ragnar Kjartansson, Neozoon, Johannes Paul Raether, Gillian Wearing, Tobias Yves Zintel<\/p>\n<p>Exposiciones:<br \/>\nKunstpalais Erlangen, 24\/9 - 27\/11\/2016<br \/>\nVilla Merkel Esslingen 18\/12\/2016 - 26\/12\/2017<\/p>","protected":false},"excerpt":{"rendered":"<p>Cat\u00e1logo de la exposici\u00f3n, Kunstpalais Erlangen, Villa Merkel Esslingen, editado por Amely Deiss, Andreas Baur e Ina Neddermeyer<br \/>\nTextos (alem\u00e1n) de Andreas Bernard, Sabine Einzelberger, Sabine Fellner, Renate Liebold, Ina Neddermeyer, Felicita Reuschling, Karin Schlor, Christina Strunck, Elena Zanichelli y entrevistas con los artistas.<br \/>\n240 p. con 240 ilustraciones en color<br \/>\nFormato 24 x 19 cm, tapa dura forrada<\/p>","protected":false},"featured_media":4949,"template":"","meta":[],"product_brand":[],"product_cat":[95],"product_tag":[],"class_list":{"0":"post-3533","1":"product","2":"type-product","3":"status-publish","4":"has-post-thumbnail","6":"product_cat-vergriffen","8":"first","9":"outofstock","10":"taxable","11":"shipping-taxable","12":"product-type-simple"},"aioseo_notices":[],"_wp_attached_file":null,"_wp_attachment_metadata":null,"_wc_attachment_source":null,"_elementor_inline_svg":null,"_elementor_is_screenshot":null,"_elementor_source_image_hash":null,"_source_url":null,"_wp_attachment_context":null,"_menu_item_type":null,"_menu_item_menu_item_parent":null,"_menu_item_object_id":null,"_menu_item_object":null,"_menu_item_target":null,"_menu_item_classes":null,"_menu_item_xfn":null,"_menu_item_url":null,"__elementor_forms_snapshot":null,"_unit":"","_unit_base":"","_unit_product":"","_unit_price_auto":"no","_unit_price_regular":"","_unit_price":"","_unit_price_sale":"","_sale_price_label":"","_sale_price_regular_label":"","_manufacturer_slug":"","_mini_desc":"","_defect_description":"","_safety_instructions":"","_allergen_ids":[],"_warranty_attachment_id":"","_safety_attachment_ids":[],"_min_age":"","_ts_gtin":"","_ts_mpn":"","_delivery_time_countries":[],"_free_shipping":"no","_service":"no","_photovoltaic_system":"no","_used_good":"no","_defective_copy":"no","_wireless_electronic_device":"no","_device_contains_power_supply":"no","_device_charging_supports_usb_pd":"no","_device_charging_watt_min":"0","_device_charging_watt_max":"0","_is_food":"no","_differential_taxation":"no","_gzd_version":"3.18.7","_hs_code":"","_customs_description":"","_manufacture_country":"0","_is_non_returnable":"no","_shipping_length":"","_shipping_width":"","_shipping_height":"","_sku":"ISBN 978-3-86442-198-3","_global_unique_id":"978-3-86442-198-3","_regular_price":null,"total_sales":"0","_tax_status":"taxable","_tax_class":"","_manage_stock":"no","_backorders":"no","_sold_individually":"no","_weight":"2","_virtual":"no","_downloadable":"no","_download_limit":"-1","_download_expiry":"-1","_stock":"","_stock_status":"outofstock","_wc_average_rating":"0","_wc_review_count":"0","_product_version":"10.1.4","_price":"","shopengine_product_views_count":"2915","_thumbnail_id":"4949","_product_attributes":{"erscheinungsdatum":{"name":"Fecha de publicaci\u00f3n","value":"19.12.2019","position":0,"is_visible":1,"is_variation":0,"is_taxonomy":0,"checkout_visible":0}},"_nutrient_ids":[],"_upsell_ids":null,"pswc_subtitle":null,"_default_delivery_time":null,"_wp_desired_post_slug":null,"_isbn":null,"pageType":null,"isExternalUrl":null,"pageId":null,"externalUrl":null,"hideCookieBanner":null,"isTargetBlank":null,"isProviderCurrentWebsite":null,"isEmbeddingOnlyExternalResources":null,"legalBasis":null,"dataProcessingInCountries":null,"dataProcessingInCountriesSpecialTreatments":null,"technicalDefinitions":null,"googleConsentModeConsentTypes":null,"executePriority":null,"executeCodeOptInWhenNoTagManagerConsentIsGiven":null,"executeCodeOptOutWhenNoTagManagerConsentIsGiven":null,"deleteTechnicalDefinitionsAfterOptOut":null,"presetId":null,"presetVersion":null,"provider":null,"providerContactPhone":null,"providerContactEmail":null,"providerContactLink":null,"uniqueName":null,"providerPrivacyPolicyUrl":null,"providerLegalNoticeUrl":null,"codeOptIn":null,"codeOptOut":null,"codeOnPageLoad":null,"language_code":null,"shopengine_template__post_meta__type":null,"shopengine_template__post_meta":null,"shopengine_template__post_meta__edit_with":null,"origin":null,"_enabled":null,"_filters":null,"_layout":null,"_elementor_import_session_id":null,"_wp_trash_meta_status":null,"_wp_trash_meta_time":null,"_edit_lock":"1743589483:2","_elementor_floating_elements_type":null,"_elementor_edit_mode":null,"_elementor_template_type":null,"tc-thumb-fld":{"_thumb_id":4949,"_thumb_type":"thumb"},"_wp_page_template":"default","_elementor_version":null,"_elementor_pro_version":null,"_elementor_page_settings":null,"_elementor_data":null,"_elementor_conditions":null,"_elementor_popup_display_settings":null,"_edit_last":"2","_elementor_template_sub_type":null,"_elementor_controls_usage":null,"_elementor_screenshot":null,"_elementor_css":null,"_elementor_page_assets":[],"_elementor_element_cache":null,"_elementor_screenshot_failed":null,"_elementor_source":null,"_wp_old_date":null,"layout_key":"","post_slider_check_key":"0","_links":{"self":[{"href":"https:\/\/snoeck.de\/es\/wp-json\/wp\/v2\/product\/3533","targetHints":{"allow":["GET"]}}],"collection":[{"href":"https:\/\/snoeck.de\/es\/wp-json\/wp\/v2\/product"}],"about":[{"href":"https:\/\/snoeck.de\/es\/wp-json\/wp\/v2\/types\/product"}],"wp:featuredmedia":[{"embeddable":true,"href":"https:\/\/snoeck.de\/es\/wp-json\/wp\/v2\/media\/4949"}],"wp:attachment":[{"href":"https:\/\/snoeck.de\/es\/wp-json\/wp\/v2\/media?parent=3533"}],"wp:term":[{"taxonomy":"product_brand","embeddable":true,"href":"https:\/\/snoeck.de\/es\/wp-json\/wp\/v2\/product_brand?post=3533"},{"taxonomy":"product_cat","embeddable":true,"href":"https:\/\/snoeck.de\/es\/wp-json\/wp\/v2\/product_cat?post=3533"},{"taxonomy":"product_tag","embeddable":true,"href":"https:\/\/snoeck.de\/es\/wp-json\/wp\/v2\/product_tag?post=3533"}],"curies":[{"name":"wp","href":"https:\/\/api.w.org\/{rel}","templated":true}]}}