{"id":3534,"date":"2025-01-31T11:30:05","date_gmt":"2025-01-31T11:30:05","guid":{"rendered":"https:\/\/snoeck.process-vision.de\/shop\/die-wolken-und-die-wolke\/"},"modified":"2026-04-08T15:27:30","modified_gmt":"2026-04-08T14:27:30","slug":"die-wolken-und-die-wolke","status":"publish","type":"product","link":"https:\/\/snoeck.de\/es\/shop\/die-wolken-und-die-wolke\/","title":{"rendered":"Die Wolken und die Wolke \/ Las nubes y los nubarrones"},"content":{"rendered":"<h3>Ver nubes<\/h3>\n<p>Las nubes tienen -sin que nos demos cuenta- un significado elemental para nosotros. En su fugacidad e indeterminada diversidad inscribimos nuestros deseos, esperanzas y temores. El \"descubrimiento\" art\u00edstico de la nube ha sido paralelo a su creciente importancia en las ciencias naturales y las humanidades desde la Edad Media, y cada vez m\u00e1s en el siglo XIX. En el contexto de los esfuerzos te\u00f3ricos del siglo XX, la nube se convirti\u00f3 en un modelo para comprender la complejidad de las condiciones contempor\u00e1neas. Lleg\u00f3 a simbolizar una arquitectura de la informaci\u00f3n en red, relaciones geopol\u00edticas y nuevos conceptos del espacio. Es bien sabido que las nubes no respetan fronteras. La exposici\u00f3n y el libro \"Clouds and the Cloud\" abordan el fen\u00f3meno de la nube desde una perspectiva que nos permite mirar m\u00e1s all\u00e1 de las im\u00e1genes habituales de las nubes. Incorporando una amplia variedad de medios, las contribuciones van desde la traducci\u00f3n art\u00edstica del motivo natural hasta la infraestructura t\u00e9cnica de las nubes y sus efectos. Las obras presentadas combinan aspectos ecol\u00f3gicos, sociopol\u00edticos, econ\u00f3micos y tecnol\u00f3gicos. En el centro de la exposici\u00f3n est\u00e1 el examen actual de diversos conceptos, materialidades y funciones de la(s) nube(es).<\/p>\n<p>Artistas:<br \/>\nJames Bridle, Nina Canell, Latifa Echakhch, Lara Favaretto, Hans-Peter Feldmann, Shilpa Gupta, Flaka Haliti, David Horvitz, Almut Linde, Beno\u00eet Maire, Metahaven, Marie-Luce Nadal, Ho Tzu Nyen, Trevor Paglen, Michael Sailstorfer, Christopher Kulendran Thomas<\/p>\n<p>Exposici\u00f3n:<br \/>\nMuseo de Arte Contempor\u00e1neo de Siegen, 4\/9\/2020 - 10\/1\/2021<\/p>","protected":false},"excerpt":{"rendered":"<p>Cat\u00e1logo de la exposici\u00f3n, Museum f\u00fcr Gegenwartskunst Siegen, editado por Thomas Thiel<br \/>\nTextos (alem\u00e1n\/ingl\u00e9s) de Benjamin H. Bratton, James Bridle, Simon Elson, Joseph Imorde, Anne R\u00f6hl, Thomas Thiel<br \/>\n208 p. con 70 ilustraciones en color<br \/>\nFormato 24 x 17 cm, folleto suizo<\/p>","protected":false},"featured_media":4950,"template":"","meta":[],"product_brand":[],"product_cat":[95],"product_tag":[],"class_list":{"0":"post-3534","1":"product","2":"type-product","3":"status-publish","4":"has-post-thumbnail","6":"product_cat-vergriffen","8":"first","9":"outofstock","10":"taxable","11":"shipping-taxable","12":"product-type-simple"},"aioseo_notices":[],"_wp_attached_file":null,"_wp_attachment_metadata":null,"_wc_attachment_source":null,"_elementor_inline_svg":null,"_elementor_is_screenshot":null,"_elementor_source_image_hash":null,"_source_url":null,"_wp_attachment_context":null,"_menu_item_type":null,"_menu_item_menu_item_parent":null,"_menu_item_object_id":null,"_menu_item_object":null,"_menu_item_target":null,"_menu_item_classes":null,"_menu_item_xfn":null,"_menu_item_url":null,"__elementor_forms_snapshot":null,"_unit":"","_unit_base":"","_unit_product":"","_unit_price_auto":"no","_unit_price_regular":"","_unit_price":"","_unit_price_sale":"","_sale_price_label":"","_sale_price_regular_label":"","_manufacturer_slug":"","_mini_desc":"","_defect_description":"","_safety_instructions":"","_allergen_ids":[],"_warranty_attachment_id":"","_safety_attachment_ids":[],"_min_age":"","_ts_gtin":"","_ts_mpn":"","_delivery_time_countries":[],"_free_shipping":"no","_service":"no","_photovoltaic_system":"no","_used_good":"no","_defective_copy":"no","_wireless_electronic_device":"no","_device_contains_power_supply":"no","_device_charging_supports_usb_pd":"no","_device_charging_watt_min":"0","_device_charging_watt_max":"0","_is_food":"no","_differential_taxation":"no","_gzd_version":"3.18.7","_hs_code":"","_customs_description":"","_manufacture_country":"0","_is_non_returnable":"no","_shipping_length":"","_shipping_width":"","_shipping_height":"","_sku":"ISBN 978-3-86442-352-9","_global_unique_id":"978-3-86442-352-9","_regular_price":null,"total_sales":"0","_tax_status":"taxable","_tax_class":"","_manage_stock":"no","_backorders":"no","_sold_individually":"no","_weight":"1","_virtual":"no","_downloadable":"no","_download_limit":"-1","_download_expiry":"-1","_stock":"","_stock_status":"outofstock","_wc_average_rating":"0","_wc_review_count":"0","_product_version":"10.1.4","_price":"","shopengine_product_views_count":"2910","_thumbnail_id":"4950","_product_attributes":{"erscheinungsdatum":{"name":"Erscheinungsdatum","value":"14.01.2020","position":0,"is_visible":1,"is_variation":0,"is_taxonomy":0,"checkout_visible":0}},"_nutrient_ids":[],"_upsell_ids":null,"pswc_subtitle":null,"_default_delivery_time":null,"_wp_desired_post_slug":null,"_isbn":null,"pageType":null,"isExternalUrl":null,"pageId":null,"externalUrl":null,"hideCookieBanner":null,"isTargetBlank":null,"isProviderCurrentWebsite":null,"isEmbeddingOnlyExternalResources":null,"legalBasis":null,"dataProcessingInCountries":null,"dataProcessingInCountriesSpecialTreatments":null,"technicalDefinitions":null,"googleConsentModeConsentTypes":null,"executePriority":null,"executeCodeOptInWhenNoTagManagerConsentIsGiven":null,"executeCodeOptOutWhenNoTagManagerConsentIsGiven":null,"deleteTechnicalDefinitionsAfterOptOut":null,"presetId":null,"presetVersion":null,"provider":null,"providerContactPhone":null,"providerContactEmail":null,"providerContactLink":null,"uniqueName":null,"providerPrivacyPolicyUrl":null,"providerLegalNoticeUrl":null,"codeOptIn":null,"codeOptOut":null,"codeOnPageLoad":null,"language_code":null,"shopengine_template__post_meta__type":null,"shopengine_template__post_meta":null,"shopengine_template__post_meta__edit_with":null,"origin":null,"_enabled":null,"_filters":null,"_layout":null,"_elementor_import_session_id":null,"_wp_trash_meta_status":null,"_wp_trash_meta_time":null,"_edit_lock":"1743589354:2","_elementor_floating_elements_type":null,"_elementor_edit_mode":null,"_elementor_template_type":null,"tc-thumb-fld":{"_thumb_id":4950,"_thumb_type":"thumb"},"_wp_page_template":"default","_elementor_version":null,"_elementor_pro_version":null,"_elementor_page_settings":null,"_elementor_data":null,"_elementor_conditions":null,"_elementor_popup_display_settings":null,"_edit_last":"2","_elementor_template_sub_type":null,"_elementor_controls_usage":null,"_elementor_screenshot":null,"_elementor_css":null,"_elementor_page_assets":[],"_elementor_element_cache":null,"_elementor_screenshot_failed":null,"_elementor_source":null,"_wp_old_date":null,"layout_key":"","post_slider_check_key":"0","_links":{"self":[{"href":"https:\/\/snoeck.de\/es\/wp-json\/wp\/v2\/product\/3534","targetHints":{"allow":["GET"]}}],"collection":[{"href":"https:\/\/snoeck.de\/es\/wp-json\/wp\/v2\/product"}],"about":[{"href":"https:\/\/snoeck.de\/es\/wp-json\/wp\/v2\/types\/product"}],"wp:featuredmedia":[{"embeddable":true,"href":"https:\/\/snoeck.de\/es\/wp-json\/wp\/v2\/media\/4950"}],"wp:attachment":[{"href":"https:\/\/snoeck.de\/es\/wp-json\/wp\/v2\/media?parent=3534"}],"wp:term":[{"taxonomy":"product_brand","embeddable":true,"href":"https:\/\/snoeck.de\/es\/wp-json\/wp\/v2\/product_brand?post=3534"},{"taxonomy":"product_cat","embeddable":true,"href":"https:\/\/snoeck.de\/es\/wp-json\/wp\/v2\/product_cat?post=3534"},{"taxonomy":"product_tag","embeddable":true,"href":"https:\/\/snoeck.de\/es\/wp-json\/wp\/v2\/product_tag?post=3534"}],"curies":[{"name":"wp","href":"https:\/\/api.w.org\/{rel}","templated":true}]}}