{"id":3537,"date":"2025-01-31T11:30:07","date_gmt":"2025-01-31T11:30:07","guid":{"rendered":"https:\/\/snoeck.process-vision.de\/shop\/paul-dobe-photographische-naturstudien-und-formfindung\/"},"modified":"2026-04-08T15:14:49","modified_gmt":"2026-04-08T14:14:49","slug":"paul-dobe-photographische-naturstudien-und-formfindung","status":"publish","type":"product","link":"https:\/\/snoeck.de\/es\/shop\/paul-dobe-photographische-naturstudien-und-formfindung\/","title":{"rendered":"Paul Dobe: estudios fotogr\u00e1ficos de la naturaleza y b\u00fasqueda de formas"},"content":{"rendered":"<h3>El pintor e ilustrador de plantas Paul Dobe (1880-1965)<\/h3>\n<p>Las fotograf\u00edas de plantas de Paul Dobe hab\u00edan ca\u00eddo en el olvido durante mucho tiempo, hasta que volvieron a salir a la luz p\u00fablica gracias a un descubrimiento casual relacionado con la investigaci\u00f3n sobre la editorial Folkwang-Auriga. El responsable de ello es el historiador del arte Rainer Stamm, que ha reunido un conjunto fotogr\u00e1fico parcial de las obras de Dobe y las ha puesto a disposici\u00f3n de la Colecci\u00f3n Fotogr\u00e1fica\/SK Stiftung Kultur en pr\u00e9stamo permanente. Lo que m\u00e1s llama la atenci\u00f3n de las fotograf\u00edas de Paul Dobe es su enfoque sistem\u00e1tico. De un modo cient\u00edfico-documental, rodea su tema: el mundo vegetal aut\u00f3ctono, deduce tipos y principios de construcci\u00f3n y, en todo ello, busca una ley subyacente de la forma. Se puede hablar de una comparaci\u00f3n en serie, que sit\u00faa el planteamiento de Paul Dobe en la vecindad de figuras pioneras de la historia del arte como Karl Blossfeldt, August Sander y Bernd e Hilla Becher, todas ellas posiciones centrales en los fondos de la Colecci\u00f3n Fotogr\u00e1fica\/SK Stiftung Kultur. Adem\u00e1s de las representaciones de plantas, la publicaci\u00f3n tambi\u00e9n incluye fotograf\u00edas de Paul Dobes de diversas formaciones de nubes.<\/p>\n<p>Exposici\u00f3n:<br \/>\nThe Photographic Collection\/SK Stiftung Kultur, Colonia, 2\/3-8\/7\/2018<\/p>","protected":false},"excerpt":{"rendered":"<p>Cat\u00e1logo de la exposici\u00f3n, publicado por Die Photographische Sammlung\/SK Stiftung Kultur K\u00f6ln<br \/>\nTextos (alem\u00e1n) de Jule Schaffer y Rainer Stamm y pr\u00f3logo de Gabriele Conrath-Scholl<br \/>\n96 p\u00e1ginas con 60 ilustraciones en color y b\/n<br \/>\nFormato 26 x 19,5 cm, tapa dura<\/p>","protected":false},"featured_media":4953,"template":"","meta":[],"product_brand":[],"product_cat":[95],"product_tag":[],"class_list":{"0":"post-3537","1":"product","2":"type-product","3":"status-publish","4":"has-post-thumbnail","6":"product_cat-vergriffen","8":"first","9":"outofstock","10":"taxable","11":"shipping-taxable","12":"product-type-simple"},"aioseo_notices":[],"_wp_attached_file":null,"_wp_attachment_metadata":null,"_wc_attachment_source":null,"_elementor_inline_svg":null,"_elementor_is_screenshot":null,"_elementor_source_image_hash":null,"_source_url":null,"_wp_attachment_context":null,"_menu_item_type":null,"_menu_item_menu_item_parent":null,"_menu_item_object_id":null,"_menu_item_object":null,"_menu_item_target":null,"_menu_item_classes":null,"_menu_item_xfn":null,"_menu_item_url":null,"__elementor_forms_snapshot":null,"_unit":"","_unit_base":"","_unit_product":"","_unit_price_auto":"no","_unit_price_regular":"","_unit_price":"","_unit_price_sale":"","_sale_price_label":"","_sale_price_regular_label":"","_manufacturer_slug":"","_mini_desc":"","_defect_description":"","_safety_instructions":"","_allergen_ids":[],"_warranty_attachment_id":"","_safety_attachment_ids":[],"_min_age":"","_ts_gtin":"","_ts_mpn":"","_delivery_time_countries":[],"_free_shipping":"no","_service":"no","_photovoltaic_system":"no","_used_good":"no","_defective_copy":"no","_wireless_electronic_device":"no","_device_contains_power_supply":"no","_device_charging_supports_usb_pd":"no","_device_charging_watt_min":"0","_device_charging_watt_max":"0","_is_food":"no","_differential_taxation":"no","_gzd_version":"3.18.7","_hs_code":"","_customs_description":"","_manufacture_country":"0","_is_non_returnable":"no","_shipping_length":"","_shipping_width":"","_shipping_height":"","_sku":"ISBN 978-3-86442-238-6","_global_unique_id":"978-3-86442-238-6","_regular_price":null,"total_sales":"1","_tax_status":"taxable","_tax_class":"","_manage_stock":"no","_backorders":"no","_sold_individually":"no","_weight":"1","_virtual":"no","_downloadable":"no","_download_limit":"-1","_download_expiry":"-1","_stock":"","_stock_status":"outofstock","_wc_average_rating":"0","_wc_review_count":"0","_product_version":"10.1.4","_price":"","shopengine_product_views_count":"2316","_thumbnail_id":"4953","_product_attributes":{"erscheinungsdatum":{"name":"Fecha de publicaci\u00f3n","value":"13.06.2018","position":0,"is_visible":1,"is_variation":0,"is_taxonomy":0,"checkout_visible":0}},"_nutrient_ids":[],"_upsell_ids":null,"pswc_subtitle":null,"_default_delivery_time":null,"_wp_desired_post_slug":null,"_isbn":null,"pageType":null,"isExternalUrl":null,"pageId":null,"externalUrl":null,"hideCookieBanner":null,"isTargetBlank":null,"isProviderCurrentWebsite":null,"isEmbeddingOnlyExternalResources":null,"legalBasis":null,"dataProcessingInCountries":null,"dataProcessingInCountriesSpecialTreatments":null,"technicalDefinitions":null,"googleConsentModeConsentTypes":null,"executePriority":null,"executeCodeOptInWhenNoTagManagerConsentIsGiven":null,"executeCodeOptOutWhenNoTagManagerConsentIsGiven":null,"deleteTechnicalDefinitionsAfterOptOut":null,"presetId":null,"presetVersion":null,"provider":null,"providerContactPhone":null,"providerContactEmail":null,"providerContactLink":null,"uniqueName":null,"providerPrivacyPolicyUrl":null,"providerLegalNoticeUrl":null,"codeOptIn":null,"codeOptOut":null,"codeOnPageLoad":null,"language_code":null,"shopengine_template__post_meta__type":null,"shopengine_template__post_meta":null,"shopengine_template__post_meta__edit_with":null,"origin":null,"_enabled":null,"_filters":null,"_layout":null,"_elementor_import_session_id":null,"_wp_trash_meta_status":null,"_wp_trash_meta_time":null,"_edit_lock":"1743531288:2","_elementor_floating_elements_type":null,"_elementor_edit_mode":null,"_elementor_template_type":null,"tc-thumb-fld":{"_thumb_id":4953,"_thumb_type":"thumb"},"_wp_page_template":"default","_elementor_version":null,"_elementor_pro_version":null,"_elementor_page_settings":null,"_elementor_data":null,"_elementor_conditions":null,"_elementor_popup_display_settings":null,"_edit_last":"2","_elementor_template_sub_type":null,"_elementor_controls_usage":null,"_elementor_screenshot":null,"_elementor_css":null,"_elementor_page_assets":[],"_elementor_element_cache":null,"_elementor_screenshot_failed":null,"_elementor_source":null,"_wp_old_date":null,"layout_key":"","post_slider_check_key":"0","_links":{"self":[{"href":"https:\/\/snoeck.de\/es\/wp-json\/wp\/v2\/product\/3537","targetHints":{"allow":["GET"]}}],"collection":[{"href":"https:\/\/snoeck.de\/es\/wp-json\/wp\/v2\/product"}],"about":[{"href":"https:\/\/snoeck.de\/es\/wp-json\/wp\/v2\/types\/product"}],"wp:featuredmedia":[{"embeddable":true,"href":"https:\/\/snoeck.de\/es\/wp-json\/wp\/v2\/media\/4953"}],"wp:attachment":[{"href":"https:\/\/snoeck.de\/es\/wp-json\/wp\/v2\/media?parent=3537"}],"wp:term":[{"taxonomy":"product_brand","embeddable":true,"href":"https:\/\/snoeck.de\/es\/wp-json\/wp\/v2\/product_brand?post=3537"},{"taxonomy":"product_cat","embeddable":true,"href":"https:\/\/snoeck.de\/es\/wp-json\/wp\/v2\/product_cat?post=3537"},{"taxonomy":"product_tag","embeddable":true,"href":"https:\/\/snoeck.de\/es\/wp-json\/wp\/v2\/product_tag?post=3537"}],"curies":[{"name":"wp","href":"https:\/\/api.w.org\/{rel}","templated":true}]}}