{"id":3539,"date":"2025-01-31T11:30:08","date_gmt":"2025-01-31T11:30:08","guid":{"rendered":"https:\/\/snoeck.process-vision.de\/shop\/dorothea-von-stetten-kunstpreis-2022\/"},"modified":"2025-04-01T18:13:18","modified_gmt":"2025-04-01T18:13:18","slug":"dorothea-von-stetten-kunstpreis-2022","status":"publish","type":"product","link":"https:\/\/snoeck.de\/es\/shop\/dorothea-von-stetten-kunstpreis-2022\/","title":{"rendered":"Premio de Arte Dorothea von Stetten 2022"},"content":{"rendered":"<h3>98 % Cat\u00f3licos devotos<\/h3>\n<p>Con Polonia, el Premio de Arte Dorothea von Stetten 2022 est\u00e1 dedicado a una escena art\u00edstica extremadamente polif\u00f3nica, incre\u00edblemente vital y muy reflexiva. Con el tel\u00f3n de fondo social de un catolicismo todav\u00eda bastante r\u00edgido (el 98 % de la poblaci\u00f3n polaca se describe como cat\u00f3lica devota) por un lado y un neoliberalismo urbano por otro, muchos de los dise\u00f1os art\u00edsticos, a menudo performativos y basados en instalaciones, giran principalmente en torno a cuestiones de identidad, nacionalidad y religi\u00f3n. Esto distingue a la escena joven actual de los representantes del \"arte cr\u00edtico\" de los a\u00f1os 90, como Pawe\u0142 Althamer o Artur Zmijewski, as\u00ed como de la generaci\u00f3n poscomunista de pintores como Wilhelm Sasnal o Rafa\u0142 Bujnowski, que situaron las banalidades de la vida cotidiana en el centro de sus investigaciones despu\u00e9s del a\u00f1o 2000. La selecci\u00f3n de posiciones representadas en la exposici\u00f3n refleja de manera impresionante la amplitud, intensidad y profundidad cr\u00edtica con que la joven generaci\u00f3n de artistas polacos aborda sus \u00e1reas tem\u00e1ticas. Zuza Goli\u0144ska (*1990), por ejemplo, cuestiona la posici\u00f3n del cuerpo en el mundo con sus sugerentes disposiciones escult\u00f3ricas, mientras que Diana Lelonek (*1988) examina cr\u00edticamente la idea del crecimiento ilimitado y nuestro uso irresponsable de los recursos naturales en sus proliferantes instalaciones. Por \u00faltimo, Daniel Rycharski (*1986) trabaja en la superaci\u00f3n de los antagonismos dentro de la cultura polaca en su obra, fuertemente caracterizada por elementos accionistas, adoptando una postura clara contra la reivindicaci\u00f3n normativa de la orientaci\u00f3n heterosexual.<\/p>\n<p>Exposici\u00f3n:<br \/>\nKunstmuseum Bonn, 16\/6 - 4\/9\/2022<\/p>","protected":false},"excerpt":{"rendered":"<p>Cat\u00e1logo de la exposici\u00f3n, Kunstmuseum Bonn, editado por Stephan Berg<br \/>\nTextos (alem\u00e1n\/ingl\u00e9s) de Sebastian Cichocki, Anda Rottenberg, Monika Szwczyk<br \/>\n120 p. con 96 ilustraciones en color<br \/>\nFormato 26 x 21 cm, folleto desplegable<\/p>","protected":false},"featured_media":4955,"template":"","meta":[],"product_brand":[],"product_cat":[86,61,68,76],"product_tag":[],"class_list":{"0":"post-3539","1":"product","2":"type-product","3":"status-publish","4":"has-post-thumbnail","6":"product_cat-86","7":"product_cat-d","8":"product_cat-k","9":"product_cat-s","11":"first","12":"instock","13":"taxable","14":"shipping-taxable","15":"purchasable","16":"product-type-simple"},"aioseo_notices":[],"_wp_attached_file":null,"_wp_attachment_metadata":null,"_wc_attachment_source":null,"_elementor_inline_svg":null,"_elementor_is_screenshot":null,"_elementor_source_image_hash":null,"_source_url":null,"_wp_attachment_context":null,"_menu_item_type":null,"_menu_item_menu_item_parent":null,"_menu_item_object_id":null,"_menu_item_object":null,"_menu_item_target":null,"_menu_item_classes":null,"_menu_item_xfn":null,"_menu_item_url":null,"__elementor_forms_snapshot":null,"_unit":"","_unit_base":"","_unit_product":"","_unit_price_auto":"no","_unit_price_regular":"","_unit_price":"","_unit_price_sale":"","_sale_price_label":"","_sale_price_regular_label":"","_manufacturer_slug":"","_mini_desc":"","_defect_description":"","_safety_instructions":"","_allergen_ids":[],"_warranty_attachment_id":"","_safety_attachment_ids":[],"_min_age":"","_ts_gtin":"","_ts_mpn":"","_delivery_time_countries":[],"_free_shipping":"no","_service":"no","_photovoltaic_system":"no","_used_good":"no","_defective_copy":"no","_wireless_electronic_device":"no","_device_contains_power_supply":"no","_device_charging_supports_usb_pd":"no","_device_charging_watt_min":"0","_device_charging_watt_max":"0","_is_food":"no","_differential_taxation":"no","_gzd_version":"3.18.7","_hs_code":"","_customs_description":"","_manufacture_country":"0","_is_non_returnable":"no","_shipping_length":"","_shipping_width":"","_shipping_height":"","_sku":"ISBN 978-3-86442-387-1","_global_unique_id":"978-3-86442-387-1","_regular_price":"29.8","total_sales":"0","_tax_status":"taxable","_tax_class":"","_manage_stock":"no","_backorders":"no","_sold_individually":"no","_weight":"1","_virtual":"no","_downloadable":"no","_download_limit":"-1","_download_expiry":"-1","_stock":"","_stock_status":"instock","_wc_average_rating":"0","_wc_review_count":"0","_product_version":"9.7.1","_price":"29.8","shopengine_product_views_count":"2904","_thumbnail_id":"4955","_product_attributes":{"erscheinungsdatum":{"name":"Fecha de publicaci\u00f3n","value":"17.06.2022","position":0,"is_visible":1,"is_variation":0,"is_taxonomy":0,"checkout_visible":0}},"_nutrient_ids":[],"_upsell_ids":null,"pswc_subtitle":null,"_default_delivery_time":null,"_wp_desired_post_slug":null,"_isbn":null,"pageType":null,"isExternalUrl":null,"pageId":null,"externalUrl":null,"hideCookieBanner":null,"isTargetBlank":null,"isProviderCurrentWebsite":null,"isEmbeddingOnlyExternalResources":null,"legalBasis":null,"dataProcessingInCountries":null,"dataProcessingInCountriesSpecialTreatments":null,"technicalDefinitions":null,"googleConsentModeConsentTypes":null,"executePriority":null,"executeCodeOptInWhenNoTagManagerConsentIsGiven":null,"executeCodeOptOutWhenNoTagManagerConsentIsGiven":null,"deleteTechnicalDefinitionsAfterOptOut":null,"presetId":null,"presetVersion":null,"provider":null,"providerContactPhone":null,"providerContactEmail":null,"providerContactLink":null,"uniqueName":null,"providerPrivacyPolicyUrl":null,"providerLegalNoticeUrl":null,"codeOptIn":null,"codeOptOut":null,"codeOnPageLoad":null,"language_code":null,"shopengine_template__post_meta__type":null,"shopengine_template__post_meta":null,"shopengine_template__post_meta__edit_with":null,"origin":null,"_enabled":null,"_filters":null,"_layout":null,"_elementor_import_session_id":null,"_wp_trash_meta_status":null,"_wp_trash_meta_time":null,"_edit_lock":"1743531060:2","_elementor_floating_elements_type":null,"_elementor_edit_mode":null,"_elementor_template_type":null,"tc-thumb-fld":{"_thumb_id":4955,"_thumb_type":"thumb"},"_wp_page_template":"default","_elementor_version":null,"_elementor_pro_version":null,"_elementor_page_settings":null,"_elementor_data":null,"_elementor_conditions":null,"_elementor_popup_display_settings":null,"_edit_last":"2","_elementor_template_sub_type":null,"_elementor_controls_usage":null,"_elementor_screenshot":null,"_elementor_css":null,"_elementor_page_assets":[],"_elementor_element_cache":null,"_elementor_screenshot_failed":null,"_elementor_source":null,"_wp_old_date":null,"layout_key":"","post_slider_check_key":"0","_links":{"self":[{"href":"https:\/\/snoeck.de\/es\/wp-json\/wp\/v2\/product\/3539","targetHints":{"allow":["GET"]}}],"collection":[{"href":"https:\/\/snoeck.de\/es\/wp-json\/wp\/v2\/product"}],"about":[{"href":"https:\/\/snoeck.de\/es\/wp-json\/wp\/v2\/types\/product"}],"wp:featuredmedia":[{"embeddable":true,"href":"https:\/\/snoeck.de\/es\/wp-json\/wp\/v2\/media\/4955"}],"wp:attachment":[{"href":"https:\/\/snoeck.de\/es\/wp-json\/wp\/v2\/media?parent=3539"}],"wp:term":[{"taxonomy":"product_brand","embeddable":true,"href":"https:\/\/snoeck.de\/es\/wp-json\/wp\/v2\/product_brand?post=3539"},{"taxonomy":"product_cat","embeddable":true,"href":"https:\/\/snoeck.de\/es\/wp-json\/wp\/v2\/product_cat?post=3539"},{"taxonomy":"product_tag","embeddable":true,"href":"https:\/\/snoeck.de\/es\/wp-json\/wp\/v2\/product_tag?post=3539"}],"curies":[{"name":"wp","href":"https:\/\/api.w.org\/{rel}","templated":true}]}}