{"id":3540,"date":"2025-01-31T11:30:09","date_gmt":"2025-01-31T11:30:09","guid":{"rendered":"https:\/\/snoeck.process-vision.de\/shop\/peter-dreher-hommage-an-die-malerei\/"},"modified":"2025-04-01T18:12:06","modified_gmt":"2025-04-01T18:12:06","slug":"peter-dreher-hommage-an-die-malerei","status":"publish","type":"product","link":"https:\/\/snoeck.de\/es\/shop\/peter-dreher-hommage-an-die-malerei\/","title":{"rendered":"Peter Dreher: Homenaje a la pintura"},"content":{"rendered":"<h3>\"... y hoy hay 5000\"<\/h3>\n<p>Peter Dreher celebr\u00f3 este verano su 80 cumplea\u00f1os. La variada obra art\u00edstica del em\u00e9rito de la Academia de Arte de Karlsruhe, nacido en Mannheim, culmina en una serie que se viene realizando desde 1974. Los paneles, cada uno de 25 x 20 cm y pintados al \u00f3leo sobre lienzo o cart\u00f3n, muestran siempre una sola copa bajo el t\u00edtulo \"Tag um Tag guter Tag\", que resume la serie. Con motivo de su donaci\u00f3n de m\u00e1s de 400 obras de esta serie al Museum f\u00fcr Neue Kunst de Friburgo, el artista escribe ahora en un art\u00edculo: \"Una idea que tuve a finales de los sesenta y principios de los setenta fue pintar un cuadro que fuera invisible. Se trata, por supuesto, de un encargo imposible. Una exigencia que parece imposible de realizar si no es pintando lo m\u00e1s sencillo posible... Lo m\u00e1s sencillo que hay es la realidad ineludible que nos rodea. Siempre he huido de los cuadros narrativos. Pero el cuadro individual pierde su conexi\u00f3n con la realidad en cuanto se repite. Es s\u00f3lo pintura. As\u00ed es como se me ocurri\u00f3 la idea de pintar lo mismo una y otra vez... A\u00fan lo recuerdo muy claramente: el concepto para la serie de los cristales -era abril de 1974 y estaba tumbado en un ba\u00f1o caliente- surgi\u00f3 en un segundo. De repente lo supe con exactitud: ten\u00eda que ser un objeto, y este objeto ten\u00eda que estar siempre a la misma distancia de m\u00ed, con la misma luz artificial... En aquel momento pens\u00e9 en hacer cinco o seis fotos as\u00ed, sin cambiar de tema, para que la gente entendiera lo que quer\u00eda decir. As\u00ed que al principio fueron seis, y luego me entraron ganas de pintar otro y otro... y hoy son 5000\".<\/p>\n<p>Exposici\u00f3n:<br \/>\nMuseo de Arte Contempor\u00e1neo de Friburgo, 25\/11\/2012-7\/4\/2013<\/p>","protected":false},"excerpt":{"rendered":"<p>Cat\u00e1logo de la exposici\u00f3n, publicado por el Museum f\u00fcr Neue Kunst Freiburg<br \/>\nTextos (alem\u00e1n\/ingl\u00e9s\/franc\u00e9s) de Peter Dreher y Christine Litz<br \/>\n180 p. con 500 ilustraciones col. ilustraciones<br \/>\nFormato 29 x 24 cm, tapa dura<\/p>","protected":false},"featured_media":4956,"template":"","meta":[],"product_brand":[],"product_cat":[103,61],"product_tag":[],"class_list":{"0":"post-3540","1":"product","2":"type-product","3":"status-publish","4":"has-post-thumbnail","6":"product_cat-103","7":"product_cat-d","9":"first","10":"instock","11":"taxable","12":"shipping-taxable","13":"purchasable","14":"product-type-simple"},"aioseo_notices":[],"_wp_attached_file":null,"_wp_attachment_metadata":null,"_wc_attachment_source":null,"_elementor_inline_svg":null,"_elementor_is_screenshot":null,"_elementor_source_image_hash":null,"_source_url":null,"_wp_attachment_context":null,"_menu_item_type":null,"_menu_item_menu_item_parent":null,"_menu_item_object_id":null,"_menu_item_object":null,"_menu_item_target":null,"_menu_item_classes":null,"_menu_item_xfn":null,"_menu_item_url":null,"__elementor_forms_snapshot":null,"_unit":"","_unit_base":"","_unit_product":"","_unit_price_auto":"no","_unit_price_regular":"","_unit_price":"","_unit_price_sale":"","_sale_price_label":"","_sale_price_regular_label":"","_manufacturer_slug":"","_mini_desc":"","_defect_description":"","_safety_instructions":"","_allergen_ids":[],"_warranty_attachment_id":"","_safety_attachment_ids":[],"_min_age":"","_ts_gtin":"","_ts_mpn":"","_delivery_time_countries":[],"_free_shipping":"no","_service":"no","_photovoltaic_system":"no","_used_good":"no","_defective_copy":"no","_wireless_electronic_device":"no","_device_contains_power_supply":"no","_device_charging_supports_usb_pd":"no","_device_charging_watt_min":"0","_device_charging_watt_max":"0","_is_food":"no","_differential_taxation":"no","_gzd_version":"3.18.7","_hs_code":"","_customs_description":"","_manufacture_country":"0","_is_non_returnable":"no","_shipping_length":"","_shipping_width":"","_shipping_height":"","_sku":"ISBN 978-3-86442-026-9","_global_unique_id":"978-3-86442-026-9","_regular_price":"48","total_sales":"1","_tax_status":"taxable","_tax_class":"","_manage_stock":"no","_backorders":"no","_sold_individually":"no","_weight":"2","_virtual":"no","_downloadable":"no","_download_limit":"-1","_download_expiry":"-1","_stock":"","_stock_status":"instock","_wc_average_rating":"0","_wc_review_count":"0","_product_version":"9.7.1","_price":"48","shopengine_product_views_count":"2647","_thumbnail_id":"4956","_product_attributes":{"erscheinungsdatum":{"name":"Fecha de publicaci\u00f3n","value":"23.11.2012","position":0,"is_visible":1,"is_variation":0,"is_taxonomy":0,"checkout_visible":0}},"_nutrient_ids":[],"_upsell_ids":null,"pswc_subtitle":null,"_default_delivery_time":null,"_wp_desired_post_slug":null,"_isbn":null,"pageType":null,"isExternalUrl":null,"pageId":null,"externalUrl":null,"hideCookieBanner":null,"isTargetBlank":null,"isProviderCurrentWebsite":null,"isEmbeddingOnlyExternalResources":null,"legalBasis":null,"dataProcessingInCountries":null,"dataProcessingInCountriesSpecialTreatments":null,"technicalDefinitions":null,"googleConsentModeConsentTypes":null,"executePriority":null,"executeCodeOptInWhenNoTagManagerConsentIsGiven":null,"executeCodeOptOutWhenNoTagManagerConsentIsGiven":null,"deleteTechnicalDefinitionsAfterOptOut":null,"presetId":null,"presetVersion":null,"provider":null,"providerContactPhone":null,"providerContactEmail":null,"providerContactLink":null,"uniqueName":null,"providerPrivacyPolicyUrl":null,"providerLegalNoticeUrl":null,"codeOptIn":null,"codeOptOut":null,"codeOnPageLoad":null,"language_code":null,"shopengine_template__post_meta__type":null,"shopengine_template__post_meta":null,"shopengine_template__post_meta__edit_with":null,"origin":null,"_enabled":null,"_filters":null,"_layout":null,"_elementor_import_session_id":null,"_wp_trash_meta_status":null,"_wp_trash_meta_time":null,"_edit_lock":"1743530994:2","_elementor_floating_elements_type":null,"_elementor_edit_mode":null,"_elementor_template_type":null,"tc-thumb-fld":{"_thumb_id":4956,"_thumb_type":"thumb"},"_wp_page_template":"default","_elementor_version":null,"_elementor_pro_version":null,"_elementor_page_settings":null,"_elementor_data":null,"_elementor_conditions":null,"_elementor_popup_display_settings":null,"_edit_last":"2","_elementor_template_sub_type":null,"_elementor_controls_usage":null,"_elementor_screenshot":null,"_elementor_css":null,"_elementor_page_assets":null,"_elementor_element_cache":null,"_elementor_screenshot_failed":null,"_elementor_source":null,"_wp_old_date":null,"layout_key":"","post_slider_check_key":"0","_links":{"self":[{"href":"https:\/\/snoeck.de\/es\/wp-json\/wp\/v2\/product\/3540","targetHints":{"allow":["GET"]}}],"collection":[{"href":"https:\/\/snoeck.de\/es\/wp-json\/wp\/v2\/product"}],"about":[{"href":"https:\/\/snoeck.de\/es\/wp-json\/wp\/v2\/types\/product"}],"wp:featuredmedia":[{"embeddable":true,"href":"https:\/\/snoeck.de\/es\/wp-json\/wp\/v2\/media\/4956"}],"wp:attachment":[{"href":"https:\/\/snoeck.de\/es\/wp-json\/wp\/v2\/media?parent=3540"}],"wp:term":[{"taxonomy":"product_brand","embeddable":true,"href":"https:\/\/snoeck.de\/es\/wp-json\/wp\/v2\/product_brand?post=3540"},{"taxonomy":"product_cat","embeddable":true,"href":"https:\/\/snoeck.de\/es\/wp-json\/wp\/v2\/product_cat?post=3540"},{"taxonomy":"product_tag","embeddable":true,"href":"https:\/\/snoeck.de\/es\/wp-json\/wp\/v2\/product_tag?post=3540"}],"curies":[{"name":"wp","href":"https:\/\/api.w.org\/{rel}","templated":true}]}}