{"id":3542,"date":"2025-01-31T11:30:10","date_gmt":"2025-01-31T11:30:10","guid":{"rendered":"https:\/\/snoeck.process-vision.de\/shop\/marcel-duchamp-das-kuratorische-werk\/"},"modified":"2025-04-01T18:05:35","modified_gmt":"2025-04-01T18:05:35","slug":"marcel-duchamp-das-kuratorische-werk","status":"publish","type":"product","link":"https:\/\/snoeck.de\/es\/shop\/marcel-duchamp-das-kuratorische-werk\/","title":{"rendered":"Marcel Duchamp: El trabajo curatorial"},"content":{"rendered":"<h3>Duchamp como comisario<\/h3>\n<p>Son legendarios en la palabra y en la imagen: los disfraces de Marcel Duchamp y sus innumerables autorretratos fotogr\u00e1ficos, sus comentarios ir\u00f3nicos, sarc\u00e1sticos y humor\u00edsticos sobre el arte, el mundo del arte, la cr\u00edtica de arte y la historia del arte. Menos conocido es el Marcel Duchamp que, con empat\u00eda y agudeza estrat\u00e9gica, defendi\u00f3 a los artistas de su entorno cultural contempor\u00e1neo: como comisario de exposiciones entre la d\u00e9cada de 1910 y su muerte en 1968, como jurado y asesor de algunas de las m\u00e1s importantes colecciones, museos y galer\u00edas de arte moderno. Este volumen esboza unas setenta exposiciones y, complementado con los \u00faltimos resultados de la investigaci\u00f3n, presenta la cooperaci\u00f3n de Duchamp con muchos de los protagonistas de la \u00e9poca: Louise y Walter Conrad Arensberg, Katherine S. Dreier, Francis Picabia, Sidney y Harriet Janis, Andr\u00e9 Breton, Julien Levy y Peggy Guggenheim.<\/p>\n<p>Exposici\u00f3n:<br \/>\nDaimler Contemporary Berl\u00edn, 29\/2\/2020 - 7\/2\/2021<\/p>","protected":false},"excerpt":{"rendered":"<p>Cat\u00e1logo de la exposici\u00f3n, editado por Renate Wiehager para Daimler Art Collection Berlin<br \/>\nTexto (alem\u00e1n\/ingl\u00e9s) de Renate Wiehager, breve biograf\u00eda de Katharina Neuburger<br \/>\n104 p. con 10 ilustraciones en color y 30 en blanco y negro<br \/>\nFormato 23 x 15 cm, tapa blanda<\/p>","protected":false},"featured_media":4958,"template":"","meta":[],"product_brand":[],"product_cat":[84,61],"product_tag":[],"class_list":{"0":"post-3542","1":"product","2":"type-product","3":"status-publish","4":"has-post-thumbnail","6":"product_cat-84","7":"product_cat-d","9":"first","10":"instock","11":"taxable","12":"shipping-taxable","13":"purchasable","14":"product-type-simple"},"aioseo_notices":[],"_wp_attached_file":null,"_wp_attachment_metadata":null,"_wc_attachment_source":null,"_elementor_inline_svg":null,"_elementor_is_screenshot":null,"_elementor_source_image_hash":null,"_source_url":null,"_wp_attachment_context":null,"_menu_item_type":null,"_menu_item_menu_item_parent":null,"_menu_item_object_id":null,"_menu_item_object":null,"_menu_item_target":null,"_menu_item_classes":null,"_menu_item_xfn":null,"_menu_item_url":null,"__elementor_forms_snapshot":null,"_unit":"","_unit_base":"","_unit_product":"","_unit_price_auto":"no","_unit_price_regular":"","_unit_price":"","_unit_price_sale":"","_sale_price_label":"","_sale_price_regular_label":"","_manufacturer_slug":"","_mini_desc":"","_defect_description":"","_safety_instructions":"","_allergen_ids":[],"_warranty_attachment_id":"","_safety_attachment_ids":[],"_min_age":"","_ts_gtin":"","_ts_mpn":"","_delivery_time_countries":[],"_free_shipping":"no","_service":"no","_photovoltaic_system":"no","_used_good":"no","_defective_copy":"no","_wireless_electronic_device":"no","_device_contains_power_supply":"no","_device_charging_supports_usb_pd":"no","_device_charging_watt_min":"0","_device_charging_watt_max":"0","_is_food":"no","_differential_taxation":"no","_gzd_version":"3.18.7","_hs_code":"","_customs_description":"","_manufacture_country":"0","_is_non_returnable":"no","_shipping_length":"","_shipping_width":"","_shipping_height":"","_sku":"ISBN 978-3-86442-303-1","_global_unique_id":"978-3-86442-303-1","_regular_price":"22","total_sales":"0","_tax_status":"taxable","_tax_class":"","_manage_stock":"no","_backorders":"no","_sold_individually":"no","_weight":"1","_virtual":"no","_downloadable":"no","_download_limit":"-1","_download_expiry":"-1","_stock":"","_stock_status":"instock","_wc_average_rating":"0","_wc_review_count":"0","_product_version":"9.7.1","_price":"22","shopengine_product_views_count":"2246","_thumbnail_id":"4958","_product_attributes":{"erscheinungsdatum":{"name":"Erscheinungsdatum","value":"07.01.2020","position":0,"is_visible":1,"is_variation":0,"is_taxonomy":0,"checkout_visible":0}},"_nutrient_ids":[],"_upsell_ids":null,"pswc_subtitle":null,"_default_delivery_time":null,"_wp_desired_post_slug":null,"_isbn":null,"pageType":null,"isExternalUrl":null,"pageId":null,"externalUrl":null,"hideCookieBanner":null,"isTargetBlank":null,"isProviderCurrentWebsite":null,"isEmbeddingOnlyExternalResources":null,"legalBasis":null,"dataProcessingInCountries":null,"dataProcessingInCountriesSpecialTreatments":null,"technicalDefinitions":null,"googleConsentModeConsentTypes":null,"executePriority":null,"executeCodeOptInWhenNoTagManagerConsentIsGiven":null,"executeCodeOptOutWhenNoTagManagerConsentIsGiven":null,"deleteTechnicalDefinitionsAfterOptOut":null,"presetId":null,"presetVersion":null,"provider":null,"providerContactPhone":null,"providerContactEmail":null,"providerContactLink":null,"uniqueName":null,"providerPrivacyPolicyUrl":null,"providerLegalNoticeUrl":null,"codeOptIn":null,"codeOptOut":null,"codeOnPageLoad":null,"language_code":null,"shopengine_template__post_meta__type":null,"shopengine_template__post_meta":null,"shopengine_template__post_meta__edit_with":null,"origin":null,"_enabled":null,"_filters":null,"_layout":null,"_elementor_import_session_id":null,"_wp_trash_meta_status":null,"_wp_trash_meta_time":null,"_edit_lock":"1743530596:2","_elementor_floating_elements_type":null,"_elementor_edit_mode":null,"_elementor_template_type":null,"tc-thumb-fld":{"_thumb_id":4958,"_thumb_type":"thumb"},"_wp_page_template":"default","_elementor_version":null,"_elementor_pro_version":null,"_elementor_page_settings":null,"_elementor_data":null,"_elementor_conditions":null,"_elementor_popup_display_settings":null,"_edit_last":"2","_elementor_template_sub_type":null,"_elementor_controls_usage":null,"_elementor_screenshot":null,"_elementor_css":null,"_elementor_page_assets":[],"_elementor_element_cache":null,"_elementor_screenshot_failed":null,"_elementor_source":null,"_wp_old_date":null,"layout_key":"","post_slider_check_key":"0","_links":{"self":[{"href":"https:\/\/snoeck.de\/es\/wp-json\/wp\/v2\/product\/3542","targetHints":{"allow":["GET"]}}],"collection":[{"href":"https:\/\/snoeck.de\/es\/wp-json\/wp\/v2\/product"}],"about":[{"href":"https:\/\/snoeck.de\/es\/wp-json\/wp\/v2\/types\/product"}],"wp:featuredmedia":[{"embeddable":true,"href":"https:\/\/snoeck.de\/es\/wp-json\/wp\/v2\/media\/4958"}],"wp:attachment":[{"href":"https:\/\/snoeck.de\/es\/wp-json\/wp\/v2\/media?parent=3542"}],"wp:term":[{"taxonomy":"product_brand","embeddable":true,"href":"https:\/\/snoeck.de\/es\/wp-json\/wp\/v2\/product_brand?post=3542"},{"taxonomy":"product_cat","embeddable":true,"href":"https:\/\/snoeck.de\/es\/wp-json\/wp\/v2\/product_cat?post=3542"},{"taxonomy":"product_tag","embeddable":true,"href":"https:\/\/snoeck.de\/es\/wp-json\/wp\/v2\/product_tag?post=3542"}],"curies":[{"name":"wp","href":"https:\/\/api.w.org\/{rel}","templated":true}]}}