{"id":3544,"date":"2025-01-31T11:30:11","date_gmt":"2025-01-31T11:30:11","guid":{"rendered":"https:\/\/snoeck.process-vision.de\/shop\/austin-eddy-immutable-traveler\/"},"modified":"2025-04-01T18:03:55","modified_gmt":"2025-04-01T18:03:55","slug":"austin-eddy-immutable-traveler","status":"publish","type":"product","link":"https:\/\/snoeck.de\/es\/shop\/austin-eddy-immutable-traveler\/","title":{"rendered":"Austin Eddy. Viajero inmutable"},"content":{"rendered":"<h3>Cuando mil flores trepan al fais\u00e1n<\/h3>\n<p>Austin Eddy formula contradicciones en su obra pict\u00f3rica, inspir\u00e1ndose en las tradiciones cubistas y buscando un equilibrio entre figuraci\u00f3n y abstracci\u00f3n. Sus elementos figurativos se pliegan en paisajes nocturnos, los edificios se convierten en vistas aisladas de espacios aparentemente claustrof\u00f3bicos, las nubes flotantes parecen dedos bulbosos... y todos ellos son a la vez retratos, bodegones y paisajes. La obra de Austin Eddy remite formal y conceptualmente al modernismo americano, pero nadie describe lo que tiene de especial mejor que el propio artista: \"Creo que los cuadros intentan constantemente encontrar un camino entre la realidad y la abstracci\u00f3n. Me interesa explorar los l\u00edmites de hasta d\u00f3nde se puede estirar la conversaci\u00f3n entre ambas\". Los cuadros se basan en narraciones de la vida real, pero no est\u00e1n necesariamente ligados a la representaci\u00f3n de la realidad. Para vincularlos a la tierra, intento utilizar el tiempo. La luz desempe\u00f1a un papel crucial para entender c\u00f3mo funcionan estas im\u00e1genes. No s\u00f3lo en cuanto a la hora del d\u00eda, sino tambi\u00e9n en cuanto a la posible duraci\u00f3n de un acontecimiento. Intentar capturar una tarde en un momento - o la prisa de volar en la quietud de una imagen - me resulta especialmente atractivo. Como quer\u00eda simplificar el lenguaje visual, me parece importante que se remitan al mundo natural a trav\u00e9s del color de la hora correspondiente\".<\/p>\n<p>Exposiciones:<br \/>\nAcad\u00e9mie Conti, Le Consortium, Dijon 3\/7 - 9\/10\/2022<br \/>\nEdiciones de la Galer\u00eda Knust Kunz, M\u00fanich, 29\/9 - 12\/11\/2022<\/p>","protected":false},"excerpt":{"rendered":"<p>Texto (eng.) de Matthias Kunz, conversaci\u00f3n (eng.) entre Ory Dessau y el artista<br \/>\n80 p. con 45 ilustraciones en color<br \/>\nFormato 24 x 17 cm, tapa dura<\/p>","protected":false},"featured_media":4960,"template":"","meta":[],"product_brand":[],"product_cat":[87,62],"product_tag":[],"class_list":{"0":"post-3544","1":"product","2":"type-product","3":"status-publish","4":"has-post-thumbnail","6":"product_cat-87","7":"product_cat-e","9":"first","10":"instock","11":"taxable","12":"shipping-taxable","13":"purchasable","14":"product-type-simple"},"aioseo_notices":[],"_wp_attached_file":null,"_wp_attachment_metadata":null,"_wc_attachment_source":null,"_elementor_inline_svg":null,"_elementor_is_screenshot":null,"_elementor_source_image_hash":null,"_source_url":null,"_wp_attachment_context":null,"_menu_item_type":null,"_menu_item_menu_item_parent":null,"_menu_item_object_id":null,"_menu_item_object":null,"_menu_item_target":null,"_menu_item_classes":null,"_menu_item_xfn":null,"_menu_item_url":null,"__elementor_forms_snapshot":null,"_unit":"","_unit_base":"","_unit_product":"","_unit_price_auto":"no","_unit_price_regular":"","_unit_price":"","_unit_price_sale":"","_sale_price_label":"","_sale_price_regular_label":"","_manufacturer_slug":"","_mini_desc":"","_defect_description":"","_safety_instructions":"","_allergen_ids":[],"_warranty_attachment_id":"","_safety_attachment_ids":[],"_min_age":"","_ts_gtin":"","_ts_mpn":"","_delivery_time_countries":[],"_free_shipping":"no","_service":"no","_photovoltaic_system":"no","_used_good":"no","_defective_copy":"no","_wireless_electronic_device":"no","_device_contains_power_supply":"no","_device_charging_supports_usb_pd":"no","_device_charging_watt_min":"0","_device_charging_watt_max":"0","_is_food":"no","_differential_taxation":"no","_gzd_version":"3.18.7","_hs_code":"","_customs_description":"","_manufacture_country":"0","_is_non_returnable":"no","_shipping_length":"","_shipping_width":"","_shipping_height":"","_sku":"ISBN 978-3-86442-408-3","_global_unique_id":"978-3-86442-408-3","_regular_price":"29.8","total_sales":"0","_tax_status":"taxable","_tax_class":"","_manage_stock":"no","_backorders":"no","_sold_individually":"no","_weight":"1","_virtual":"no","_downloadable":"no","_download_limit":"-1","_download_expiry":"-1","_stock":"","_stock_status":"instock","_wc_average_rating":"0","_wc_review_count":"0","_product_version":"9.7.1","_price":"29.8","shopengine_product_views_count":"3873","_thumbnail_id":"4960","_product_attributes":{"erscheinungsdatum":{"name":"Fecha de publicaci\u00f3n","value":"09.01.2023","position":0,"is_visible":1,"is_variation":0,"is_taxonomy":0,"checkout_visible":0}},"_nutrient_ids":[],"_upsell_ids":null,"pswc_subtitle":null,"_default_delivery_time":null,"_wp_desired_post_slug":null,"_isbn":null,"pageType":null,"isExternalUrl":null,"pageId":null,"externalUrl":null,"hideCookieBanner":null,"isTargetBlank":null,"isProviderCurrentWebsite":null,"isEmbeddingOnlyExternalResources":null,"legalBasis":null,"dataProcessingInCountries":null,"dataProcessingInCountriesSpecialTreatments":null,"technicalDefinitions":null,"googleConsentModeConsentTypes":null,"executePriority":null,"executeCodeOptInWhenNoTagManagerConsentIsGiven":null,"executeCodeOptOutWhenNoTagManagerConsentIsGiven":null,"deleteTechnicalDefinitionsAfterOptOut":null,"presetId":null,"presetVersion":null,"provider":null,"providerContactPhone":null,"providerContactEmail":null,"providerContactLink":null,"uniqueName":null,"providerPrivacyPolicyUrl":null,"providerLegalNoticeUrl":null,"codeOptIn":null,"codeOptOut":null,"codeOnPageLoad":null,"language_code":null,"shopengine_template__post_meta__type":null,"shopengine_template__post_meta":null,"shopengine_template__post_meta__edit_with":null,"origin":null,"_enabled":null,"_filters":null,"_layout":null,"_elementor_import_session_id":null,"_wp_trash_meta_status":null,"_wp_trash_meta_time":null,"_edit_lock":"1743530499:2","_elementor_floating_elements_type":null,"_elementor_edit_mode":null,"_elementor_template_type":null,"tc-thumb-fld":{"_thumb_id":4960,"_thumb_type":"thumb"},"_wp_page_template":"default","_elementor_version":null,"_elementor_pro_version":null,"_elementor_page_settings":null,"_elementor_data":null,"_elementor_conditions":null,"_elementor_popup_display_settings":null,"_edit_last":"2","_elementor_template_sub_type":null,"_elementor_controls_usage":null,"_elementor_screenshot":null,"_elementor_css":null,"_elementor_page_assets":[],"_elementor_element_cache":null,"_elementor_screenshot_failed":null,"_elementor_source":null,"_wp_old_date":null,"layout_key":"","post_slider_check_key":"0","_links":{"self":[{"href":"https:\/\/snoeck.de\/es\/wp-json\/wp\/v2\/product\/3544","targetHints":{"allow":["GET"]}}],"collection":[{"href":"https:\/\/snoeck.de\/es\/wp-json\/wp\/v2\/product"}],"about":[{"href":"https:\/\/snoeck.de\/es\/wp-json\/wp\/v2\/types\/product"}],"wp:featuredmedia":[{"embeddable":true,"href":"https:\/\/snoeck.de\/es\/wp-json\/wp\/v2\/media\/4960"}],"wp:attachment":[{"href":"https:\/\/snoeck.de\/es\/wp-json\/wp\/v2\/media?parent=3544"}],"wp:term":[{"taxonomy":"product_brand","embeddable":true,"href":"https:\/\/snoeck.de\/es\/wp-json\/wp\/v2\/product_brand?post=3544"},{"taxonomy":"product_cat","embeddable":true,"href":"https:\/\/snoeck.de\/es\/wp-json\/wp\/v2\/product_cat?post=3544"},{"taxonomy":"product_tag","embeddable":true,"href":"https:\/\/snoeck.de\/es\/wp-json\/wp\/v2\/product_tag?post=3544"}],"curies":[{"name":"wp","href":"https:\/\/api.w.org\/{rel}","templated":true}]}}