{"id":3545,"date":"2025-01-31T11:30:11","date_gmt":"2025-01-31T11:30:11","guid":{"rendered":"https:\/\/snoeck.process-vision.de\/shop\/nicole-eisenman-und-die-modernen-koepfe-kuesse-kaempfe\/"},"modified":"2025-04-01T18:02:50","modified_gmt":"2025-04-01T18:02:50","slug":"nicole-eisenman-und-die-modernen-koepfe-kuesse-kaempfe","status":"publish","type":"product","link":"https:\/\/snoeck.de\/es\/shop\/nicole-eisenman-und-die-modernen-koepfe-kuesse-kaempfe\/","title":{"rendered":"Nicole Eisenman y los modernos: cabezas, besos, peleas"},"content":{"rendered":"<h3>\"En la fuente de la historia\"<\/h3>\n<p>As\u00ed ve Georg Imdahl la obra de la neoyorquina Nicole Eisenman (*1965) en su importante cr\u00edtica en el FAZ (22.11.21). Cautiva por su observaci\u00f3n comprometida de la condici\u00f3n humana, su inter\u00e9s por las interacciones socialmente relevantes y la observaci\u00f3n precisa de los procesos de alienaci\u00f3n civilizatoria. En sus dibujos, pinturas y esculturas, la artista combina elementos de medios visuales populares (s\u00e1tira pol\u00edtica, c\u00f3mics) con referencias hist\u00f3rico-art\u00edsticas tradicionales para crear una nueva unidad. \"Cabezas, besos, peleas\" re\u00fane obras de todos los periodos creativos de Eisenman. Con el tel\u00f3n de fondo de una pr\u00e1ctica art\u00edstica que recurre a diversos elementos estil\u00edsticos y compositivos de la pintura hist\u00f3rica junto a piezas de ambientaci\u00f3n pop-cultural, la exposici\u00f3n y el libro combinan el arte de Eisenman con obras del modernismo cl\u00e1sico de las colecciones de los museos colaboradores, creando as\u00ed un espacio de resonancia visual en el que el pasado y las convulsiones sociales venideras ganan contorno en su urgencia, pero tambi\u00e9n en su poder para inspirar esperanza.<\/p>\n<p>Exposiciones:<br \/>\nKunsthalle Bielefeld, 2\/10\/2021 - 9\/1\/2022<br \/>\nAargauer Kunsthaus, Aarau, 28\/1 - 24\/4\/2022<br \/>\nFundaci\u00f3n Vincent van Gogh, Arles, 13\/5 - 23\/10\/2022<br \/>\nKunstmuseum La Haya, 11\/11\/2022 - 1\/3\/2023<\/p>","protected":false},"excerpt":{"rendered":"<p>Cat\u00e1logo de la exposici\u00f3n, Kunsthalle Bielefeld, editado por Christina V\u00e9gh<br \/>\nTextos (alem\u00e1n) de Katharina Ammann, Bice Curiger, Daniel Koep, Benno Tempel, Christina V\u00e9gh y mesa redonda con Bice Curiger, Daniel Koep, Beate S\u00f6ntgen y Kolja Reichert.<br \/>\n160 p. con 130 ilustraciones en color<br \/>\nFormato 29,7 x 22,5 cm, folleto<\/p>","protected":false},"featured_media":4961,"template":"","meta":[],"product_brand":[],"product_cat":[86,62,71],"product_tag":[],"class_list":{"0":"post-3545","1":"product","2":"type-product","3":"status-publish","4":"has-post-thumbnail","6":"product_cat-86","7":"product_cat-e","8":"product_cat-n","10":"first","11":"instock","12":"taxable","13":"shipping-taxable","14":"purchasable","15":"product-type-simple"},"aioseo_notices":[],"_wp_attached_file":null,"_wp_attachment_metadata":null,"_wc_attachment_source":null,"_elementor_inline_svg":null,"_elementor_is_screenshot":null,"_elementor_source_image_hash":null,"_source_url":null,"_wp_attachment_context":null,"_menu_item_type":null,"_menu_item_menu_item_parent":null,"_menu_item_object_id":null,"_menu_item_object":null,"_menu_item_target":null,"_menu_item_classes":null,"_menu_item_xfn":null,"_menu_item_url":null,"__elementor_forms_snapshot":null,"_unit":"","_unit_base":"","_unit_product":"","_unit_price_auto":"no","_unit_price_regular":"","_unit_price":"","_unit_price_sale":"","_sale_price_label":"","_sale_price_regular_label":"","_manufacturer_slug":"","_mini_desc":"","_defect_description":"","_safety_instructions":"","_allergen_ids":[],"_warranty_attachment_id":"","_safety_attachment_ids":[],"_min_age":"","_ts_gtin":"","_ts_mpn":"","_delivery_time_countries":[],"_free_shipping":"no","_service":"no","_photovoltaic_system":"no","_used_good":"no","_defective_copy":"no","_wireless_electronic_device":"no","_device_contains_power_supply":"no","_device_charging_supports_usb_pd":"no","_device_charging_watt_min":"0","_device_charging_watt_max":"0","_is_food":"no","_differential_taxation":"no","_gzd_version":"3.18.7","_hs_code":"","_customs_description":"","_manufacture_country":"0","_is_non_returnable":"no","_shipping_length":"","_shipping_width":"","_shipping_height":"","_sku":"ISBN 978-3-86442-361-1","_global_unique_id":"978-3-86442-361-1","_regular_price":"39.8","total_sales":"0","_tax_status":"taxable","_tax_class":"","_manage_stock":"no","_backorders":"no","_sold_individually":"no","_weight":"1","_virtual":"no","_downloadable":"no","_download_limit":"-1","_download_expiry":"-1","_stock":"","_stock_status":"instock","_wc_average_rating":"0","_wc_review_count":"0","_product_version":"9.7.1","_price":"39.8","shopengine_product_views_count":"2848","_thumbnail_id":"4961","_product_attributes":{"erscheinungsdatum":{"name":"Fecha de publicaci\u00f3n","value":"17.01.2022","position":0,"is_visible":1,"is_variation":0,"is_taxonomy":0,"checkout_visible":0}},"_nutrient_ids":[],"_upsell_ids":null,"pswc_subtitle":null,"_default_delivery_time":null,"_wp_desired_post_slug":null,"_isbn":null,"pageType":null,"isExternalUrl":null,"pageId":null,"externalUrl":null,"hideCookieBanner":null,"isTargetBlank":null,"isProviderCurrentWebsite":null,"isEmbeddingOnlyExternalResources":null,"legalBasis":null,"dataProcessingInCountries":null,"dataProcessingInCountriesSpecialTreatments":null,"technicalDefinitions":null,"googleConsentModeConsentTypes":null,"executePriority":null,"executeCodeOptInWhenNoTagManagerConsentIsGiven":null,"executeCodeOptOutWhenNoTagManagerConsentIsGiven":null,"deleteTechnicalDefinitionsAfterOptOut":null,"presetId":null,"presetVersion":null,"provider":null,"providerContactPhone":null,"providerContactEmail":null,"providerContactLink":null,"uniqueName":null,"providerPrivacyPolicyUrl":null,"providerLegalNoticeUrl":null,"codeOptIn":null,"codeOptOut":null,"codeOnPageLoad":null,"language_code":null,"shopengine_template__post_meta__type":null,"shopengine_template__post_meta":null,"shopengine_template__post_meta__edit_with":null,"origin":null,"_enabled":null,"_filters":null,"_layout":null,"_elementor_import_session_id":null,"_wp_trash_meta_status":null,"_wp_trash_meta_time":null,"_edit_lock":"1765986917:2","_elementor_floating_elements_type":null,"_elementor_edit_mode":null,"_elementor_template_type":null,"tc-thumb-fld":{"_thumb_id":4961,"_thumb_type":"thumb"},"_wp_page_template":"default","_elementor_version":null,"_elementor_pro_version":null,"_elementor_page_settings":null,"_elementor_data":null,"_elementor_conditions":null,"_elementor_popup_display_settings":null,"_edit_last":"2","_elementor_template_sub_type":null,"_elementor_controls_usage":null,"_elementor_screenshot":null,"_elementor_css":null,"_elementor_page_assets":[],"_elementor_element_cache":null,"_elementor_screenshot_failed":null,"_elementor_source":null,"_wp_old_date":null,"layout_key":"","post_slider_check_key":"0","_links":{"self":[{"href":"https:\/\/snoeck.de\/es\/wp-json\/wp\/v2\/product\/3545","targetHints":{"allow":["GET"]}}],"collection":[{"href":"https:\/\/snoeck.de\/es\/wp-json\/wp\/v2\/product"}],"about":[{"href":"https:\/\/snoeck.de\/es\/wp-json\/wp\/v2\/types\/product"}],"wp:featuredmedia":[{"embeddable":true,"href":"https:\/\/snoeck.de\/es\/wp-json\/wp\/v2\/media\/4961"}],"wp:attachment":[{"href":"https:\/\/snoeck.de\/es\/wp-json\/wp\/v2\/media?parent=3545"}],"wp:term":[{"taxonomy":"product_brand","embeddable":true,"href":"https:\/\/snoeck.de\/es\/wp-json\/wp\/v2\/product_brand?post=3545"},{"taxonomy":"product_cat","embeddable":true,"href":"https:\/\/snoeck.de\/es\/wp-json\/wp\/v2\/product_cat?post=3545"},{"taxonomy":"product_tag","embeddable":true,"href":"https:\/\/snoeck.de\/es\/wp-json\/wp\/v2\/product_tag?post=3545"}],"curies":[{"name":"wp","href":"https:\/\/api.w.org\/{rel}","templated":true}]}}