{"id":3546,"date":"2025-01-31T11:30:12","date_gmt":"2025-01-31T11:30:12","guid":{"rendered":"https:\/\/snoeck.process-vision.de\/shop\/elementarteile-elementary-parts\/"},"modified":"2025-04-01T17:57:37","modified_gmt":"2025-04-01T17:57:37","slug":"elementarteile-elementary-parts","status":"publish","type":"product","link":"https:\/\/snoeck.de\/es\/shop\/elementarteile-elementary-parts\/","title":{"rendered":"Partes elementales"},"content":{"rendered":"<h3>La colecci\u00f3n de Bernhard y Margrit Sprengel<\/h3>\n<p>El Museo Sprengel de Hannover celebra el 50 aniversario de la donaci\u00f3n de Bernhard y Margrit Sprengel y el 40 aniversario del museo con ELEMENTARTEILE. La exposici\u00f3n y el cat\u00e1logo de la colecci\u00f3n ELEMENTARTEILE plantean preguntas sobre el arte tan sencillas como obvias, pero que resultan absolutamente fundamentales: \u00bfQu\u00e9 es el arte? \u00bfDe qu\u00e9 est\u00e1n hechas realmente las obras de arte, qu\u00e9 materiales se utilizan? \u00bfQu\u00e9 lenguajes formales utilizan? \u00bfA qu\u00e9 realidad(es) se refieren entre la figuraci\u00f3n, la abstracci\u00f3n y los mundos virtuales? \u00bfDe qu\u00e9 trata el arte, qu\u00e9 historias cuenta, c\u00f3mo refleja la historia? El impresionante espectro de posibilidades expresivas fundamentales se despliega a la luz de los diez focos tem\u00e1ticos inteligentemente elegidos, que incluyen el color, el material, la forma\/formas, las realidades, la(s) historia(s), los espacios naturales y vivos, las grandes emociones y, por \u00faltimo, los rostros. En total, se presentan m\u00e1s de 150 obras, desde Max Beckmann, Pablo Picasso, Fernand L\u00e9ger y Paul Klee hasta Louise Bourgeois, Sean Scully, Bruce Nauman, Niki de Saint Phalle y Gerhard Richter, pasando por Marlene Dumas, Andrea Fraser, Julian Charri\u00e8re, Julius von Bismarck, Christoph Girardet y Julia Schmid.<\/p>\n<p>Exposici\u00f3n:<br \/>\ndesde el 13 de abril de 2019<\/p>","protected":false},"excerpt":{"rendered":"<p>Cat\u00e1logo de la exposici\u00f3n, Sprengel Museum Hannover, editado por Reinhard Spieler y Stella Jaeger<br \/>\nTextos (alem\u00e1n\/ingl\u00e9s) de Stella Jaeger, Katrin Kolk, Olga Nevzorova, Reinhard Spieler<br \/>\n320 p. con 228 ilustraciones en color<br \/>\nFormato 21 x 14,8 cm, 10 cuadernillos en estuche impreso<\/p>","protected":false},"featured_media":4962,"template":"","meta":[],"product_brand":[],"product_cat":[85,62,73,77],"product_tag":[],"class_list":{"0":"post-3546","1":"product","2":"type-product","3":"status-publish","4":"has-post-thumbnail","6":"product_cat-85","7":"product_cat-e","8":"product_cat-p","9":"product_cat-t","11":"first","12":"instock","13":"taxable","14":"shipping-taxable","15":"purchasable","16":"product-type-simple"},"aioseo_notices":[],"_wp_attached_file":null,"_wp_attachment_metadata":null,"_wc_attachment_source":null,"_elementor_inline_svg":null,"_elementor_is_screenshot":null,"_elementor_source_image_hash":null,"_source_url":null,"_wp_attachment_context":null,"_menu_item_type":null,"_menu_item_menu_item_parent":null,"_menu_item_object_id":null,"_menu_item_object":null,"_menu_item_target":null,"_menu_item_classes":null,"_menu_item_xfn":null,"_menu_item_url":null,"__elementor_forms_snapshot":null,"_unit":"","_unit_base":"","_unit_product":"","_unit_price_auto":"no","_unit_price_regular":"","_unit_price":"","_unit_price_sale":"","_sale_price_label":"","_sale_price_regular_label":"","_manufacturer_slug":"","_mini_desc":"","_defect_description":"","_safety_instructions":"","_allergen_ids":[],"_warranty_attachment_id":"","_safety_attachment_ids":[],"_min_age":"","_ts_gtin":"","_ts_mpn":"","_delivery_time_countries":[],"_free_shipping":"no","_service":"no","_photovoltaic_system":"no","_used_good":"no","_defective_copy":"no","_wireless_electronic_device":"no","_device_contains_power_supply":"no","_device_charging_supports_usb_pd":"no","_device_charging_watt_min":"0","_device_charging_watt_max":"0","_is_food":"no","_differential_taxation":"no","_gzd_version":"3.18.7","_hs_code":"","_customs_description":"","_manufacture_country":"0","_is_non_returnable":"no","_shipping_length":"","_shipping_width":"","_shipping_height":"","_sku":"ISBN 978-3-86442-297-3","_global_unique_id":"978-3-86442-297-3","_regular_price":"29.8","total_sales":"0","_tax_status":"taxable","_tax_class":"","_manage_stock":"no","_backorders":"no","_sold_individually":"no","_weight":"1","_virtual":"no","_downloadable":"no","_download_limit":"-1","_download_expiry":"-1","_stock":"","_stock_status":"instock","_wc_average_rating":"0","_wc_review_count":"0","_product_version":"9.7.1","_price":"29.8","shopengine_product_views_count":"2919","_thumbnail_id":"4962","_product_attributes":{"erscheinungsdatum":{"name":"Fecha de publicaci\u00f3n","value":"26.03.2021","position":0,"is_visible":1,"is_variation":0,"is_taxonomy":0,"checkout_visible":0}},"_nutrient_ids":[],"_upsell_ids":null,"pswc_subtitle":null,"_default_delivery_time":null,"_wp_desired_post_slug":null,"_isbn":null,"pageType":null,"isExternalUrl":null,"pageId":null,"externalUrl":null,"hideCookieBanner":null,"isTargetBlank":null,"isProviderCurrentWebsite":null,"isEmbeddingOnlyExternalResources":null,"legalBasis":null,"dataProcessingInCountries":null,"dataProcessingInCountriesSpecialTreatments":null,"technicalDefinitions":null,"googleConsentModeConsentTypes":null,"executePriority":null,"executeCodeOptInWhenNoTagManagerConsentIsGiven":null,"executeCodeOptOutWhenNoTagManagerConsentIsGiven":null,"deleteTechnicalDefinitionsAfterOptOut":null,"presetId":null,"presetVersion":null,"provider":null,"providerContactPhone":null,"providerContactEmail":null,"providerContactLink":null,"uniqueName":null,"providerPrivacyPolicyUrl":null,"providerLegalNoticeUrl":null,"codeOptIn":null,"codeOptOut":null,"codeOnPageLoad":null,"language_code":null,"shopengine_template__post_meta__type":null,"shopengine_template__post_meta":null,"shopengine_template__post_meta__edit_with":null,"origin":null,"_enabled":null,"_filters":null,"_layout":null,"_elementor_import_session_id":null,"_wp_trash_meta_status":null,"_wp_trash_meta_time":null,"_edit_lock":"1743530258:2","_elementor_floating_elements_type":null,"_elementor_edit_mode":null,"_elementor_template_type":null,"tc-thumb-fld":{"_thumb_id":4962,"_thumb_type":"thumb"},"_wp_page_template":"default","_elementor_version":null,"_elementor_pro_version":null,"_elementor_page_settings":null,"_elementor_data":null,"_elementor_conditions":null,"_elementor_popup_display_settings":null,"_edit_last":"2","_elementor_template_sub_type":null,"_elementor_controls_usage":null,"_elementor_screenshot":null,"_elementor_css":null,"_elementor_page_assets":[],"_elementor_element_cache":null,"_elementor_screenshot_failed":null,"_elementor_source":null,"_wp_old_date":null,"layout_key":"","post_slider_check_key":"0","_links":{"self":[{"href":"https:\/\/snoeck.de\/es\/wp-json\/wp\/v2\/product\/3546","targetHints":{"allow":["GET"]}}],"collection":[{"href":"https:\/\/snoeck.de\/es\/wp-json\/wp\/v2\/product"}],"about":[{"href":"https:\/\/snoeck.de\/es\/wp-json\/wp\/v2\/types\/product"}],"wp:featuredmedia":[{"embeddable":true,"href":"https:\/\/snoeck.de\/es\/wp-json\/wp\/v2\/media\/4962"}],"wp:attachment":[{"href":"https:\/\/snoeck.de\/es\/wp-json\/wp\/v2\/media?parent=3546"}],"wp:term":[{"taxonomy":"product_brand","embeddable":true,"href":"https:\/\/snoeck.de\/es\/wp-json\/wp\/v2\/product_brand?post=3546"},{"taxonomy":"product_cat","embeddable":true,"href":"https:\/\/snoeck.de\/es\/wp-json\/wp\/v2\/product_cat?post=3546"},{"taxonomy":"product_tag","embeddable":true,"href":"https:\/\/snoeck.de\/es\/wp-json\/wp\/v2\/product_tag?post=3546"}],"curies":[{"name":"wp","href":"https:\/\/api.w.org\/{rel}","templated":true}]}}