{"id":3547,"date":"2025-01-31T11:30:12","date_gmt":"2025-01-31T11:30:12","guid":{"rendered":"https:\/\/snoeck.process-vision.de\/shop\/dag-erik-elgin-mirror-falling-from-the-wall\/"},"modified":"2026-04-08T15:20:50","modified_gmt":"2026-04-08T14:20:50","slug":"dag-erik-elgin-mirror-falling-from-the-wall","status":"publish","type":"product","link":"https:\/\/snoeck.de\/es\/shop\/dag-erik-elgin-mirror-falling-from-the-wall\/","title":{"rendered":"Dag Erik Elgin: Espejo ca\u00eddo de la pared"},"content":{"rendered":"<h3>Original o no<\/h3>\n<p>En su serie \"Originales\", Dag Erik Elgin se dedica desde 1986 a su propio canon subjetivo, aunque no ins\u00f3lito, de la pintura moderna. En las obras resultantes, repite las obras seleccionadas, todas ellas procedentes del modernismo o del modernismo cl\u00e1sico, sin pretender la m\u00e1xima autenticidad a la manera de copia de un falsificador de arte. Los lienzos resultantes representan un caso l\u00edmite entre la apropiaci\u00f3n completa y la r\u00e9plica de aprendizaje; en ellos, Dag Erik Elgin como pintor recrea los procesos de creaci\u00f3n de los originales reales como en una recreaci\u00f3n y al mismo tiempo genera a partir de ellos una reflexi\u00f3n intelectual sobre los delicados conceptos de original y falsificaci\u00f3n, de pintura hecha a mano y copiada a mano. Sus \"originales\" son del mayor atractivo est\u00e9tico y, sin embargo, como falsificaciones, no resistir\u00edan una autopsia cr\u00edtica en el mercado del arte, ya que su material y su estilo no ocultan en absoluto su creaci\u00f3n en el presente. Y, sin embargo, es la propia pintura, la insistencia en una ejecuci\u00f3n artesanal al \u00f3leo sobre lienzo, lo que hace que el \"original\" sea el original, y ello en tiempos de perfeccionadas posibilidades de apropiaci\u00f3n digital que superar\u00edan con creces cualquier transferencia manual de un modelo pintado. (Uwe Fleckner)<\/p>","protected":false},"excerpt":{"rendered":"<p>Editado por Tone Hansen<br \/>\nTextos (eng.) de Uwe Fleckner, Tone Hansen, Gabriele Knapstein, \u00d8ystein Ustvedt<br \/>\n224 p. con 180 ilustraciones en color<br \/>\nFormas 28 x 20,5 cm, lino gofrado con sobrecubierta<\/p>","protected":false},"featured_media":4963,"template":"","meta":[],"product_brand":[],"product_cat":[95],"product_tag":[],"class_list":{"0":"post-3547","1":"product","2":"type-product","3":"status-publish","4":"has-post-thumbnail","6":"product_cat-vergriffen","8":"first","9":"outofstock","10":"taxable","11":"shipping-taxable","12":"product-type-simple"},"aioseo_notices":[],"_wp_attached_file":null,"_wp_attachment_metadata":null,"_wc_attachment_source":null,"_elementor_inline_svg":null,"_elementor_is_screenshot":null,"_elementor_source_image_hash":null,"_source_url":null,"_wp_attachment_context":null,"_menu_item_type":null,"_menu_item_menu_item_parent":null,"_menu_item_object_id":null,"_menu_item_object":null,"_menu_item_target":null,"_menu_item_classes":null,"_menu_item_xfn":null,"_menu_item_url":null,"__elementor_forms_snapshot":null,"_unit":"","_unit_base":"","_unit_product":"","_unit_price_auto":"no","_unit_price_regular":"","_unit_price":"","_unit_price_sale":"","_sale_price_label":"","_sale_price_regular_label":"","_manufacturer_slug":"","_mini_desc":"","_defect_description":"","_safety_instructions":"","_allergen_ids":[],"_warranty_attachment_id":"","_safety_attachment_ids":[],"_min_age":"","_ts_gtin":"","_ts_mpn":"","_delivery_time_countries":[],"_free_shipping":"no","_service":"no","_photovoltaic_system":"no","_used_good":"no","_defective_copy":"no","_wireless_electronic_device":"no","_device_contains_power_supply":"no","_device_charging_supports_usb_pd":"no","_device_charging_watt_min":"0","_device_charging_watt_max":"0","_is_food":"no","_differential_taxation":"no","_gzd_version":"3.18.7","_hs_code":"","_customs_description":"","_manufacture_country":"0","_is_non_returnable":"no","_shipping_length":"","_shipping_width":"","_shipping_height":"","_sku":"ISBN 978-3-86442-294-2","_global_unique_id":"978-3-86442-294-2","_regular_price":null,"total_sales":"0","_tax_status":"taxable","_tax_class":"","_manage_stock":"no","_backorders":"no","_sold_individually":"no","_weight":"2","_virtual":"no","_downloadable":"no","_download_limit":"-1","_download_expiry":"-1","_stock":"","_stock_status":"outofstock","_wc_average_rating":"0","_wc_review_count":"0","_product_version":"10.1.4","_price":"","shopengine_product_views_count":"3709","_thumbnail_id":"4963","_product_attributes":{"erscheinungsdatum":{"name":"Fecha de publicaci\u00f3n","value":"18.09.2019","position":0,"is_visible":1,"is_variation":0,"is_taxonomy":0,"checkout_visible":0}},"_nutrient_ids":[],"_upsell_ids":null,"pswc_subtitle":null,"_default_delivery_time":null,"_wp_desired_post_slug":null,"_isbn":null,"pageType":null,"isExternalUrl":null,"pageId":null,"externalUrl":null,"hideCookieBanner":null,"isTargetBlank":null,"isProviderCurrentWebsite":null,"isEmbeddingOnlyExternalResources":null,"legalBasis":null,"dataProcessingInCountries":null,"dataProcessingInCountriesSpecialTreatments":null,"technicalDefinitions":null,"googleConsentModeConsentTypes":null,"executePriority":null,"executeCodeOptInWhenNoTagManagerConsentIsGiven":null,"executeCodeOptOutWhenNoTagManagerConsentIsGiven":null,"deleteTechnicalDefinitionsAfterOptOut":null,"presetId":null,"presetVersion":null,"provider":null,"providerContactPhone":null,"providerContactEmail":null,"providerContactLink":null,"uniqueName":null,"providerPrivacyPolicyUrl":null,"providerLegalNoticeUrl":null,"codeOptIn":null,"codeOptOut":null,"codeOnPageLoad":null,"language_code":null,"shopengine_template__post_meta__type":null,"shopengine_template__post_meta":null,"shopengine_template__post_meta__edit_with":null,"origin":null,"_enabled":null,"_filters":null,"_layout":null,"_elementor_import_session_id":null,"_wp_trash_meta_status":null,"_wp_trash_meta_time":null,"_edit_lock":"1743530023:2","_elementor_floating_elements_type":null,"_elementor_edit_mode":null,"_elementor_template_type":null,"tc-thumb-fld":{"_thumb_id":4963,"_thumb_type":"thumb"},"_wp_page_template":"default","_elementor_version":null,"_elementor_pro_version":null,"_elementor_page_settings":null,"_elementor_data":null,"_elementor_conditions":null,"_elementor_popup_display_settings":null,"_edit_last":"2","_elementor_template_sub_type":null,"_elementor_controls_usage":null,"_elementor_screenshot":null,"_elementor_css":null,"_elementor_page_assets":[],"_elementor_element_cache":null,"_elementor_screenshot_failed":null,"_elementor_source":null,"_wp_old_date":null,"layout_key":"","post_slider_check_key":"0","_links":{"self":[{"href":"https:\/\/snoeck.de\/es\/wp-json\/wp\/v2\/product\/3547","targetHints":{"allow":["GET"]}}],"collection":[{"href":"https:\/\/snoeck.de\/es\/wp-json\/wp\/v2\/product"}],"about":[{"href":"https:\/\/snoeck.de\/es\/wp-json\/wp\/v2\/types\/product"}],"wp:featuredmedia":[{"embeddable":true,"href":"https:\/\/snoeck.de\/es\/wp-json\/wp\/v2\/media\/4963"}],"wp:attachment":[{"href":"https:\/\/snoeck.de\/es\/wp-json\/wp\/v2\/media?parent=3547"}],"wp:term":[{"taxonomy":"product_brand","embeddable":true,"href":"https:\/\/snoeck.de\/es\/wp-json\/wp\/v2\/product_brand?post=3547"},{"taxonomy":"product_cat","embeddable":true,"href":"https:\/\/snoeck.de\/es\/wp-json\/wp\/v2\/product_cat?post=3547"},{"taxonomy":"product_tag","embeddable":true,"href":"https:\/\/snoeck.de\/es\/wp-json\/wp\/v2\/product_tag?post=3547"}],"curies":[{"name":"wp","href":"https:\/\/api.w.org\/{rel}","templated":true}]}}