{"id":3548,"date":"2025-01-31T11:30:13","date_gmt":"2025-01-31T11:30:13","guid":{"rendered":"https:\/\/snoeck.process-vision.de\/shop\/hans-emmenegger\/"},"modified":"2025-04-01T17:51:57","modified_gmt":"2025-04-01T17:51:57","slug":"hans-emmenegger","status":"publish","type":"product","link":"https:\/\/snoeck.de\/es\/shop\/hans-emmenegger\/","title":{"rendered":"Hans Emmenegger"},"content":{"rendered":"<h3>La escuela de la visi\u00f3n<\/h3>\n<p>Hace m\u00e1s de 25 a\u00f1os que la obra del pintor idiosincr\u00e1sico Hans Emmenegger, originario de la Suiza central, no es accesible a un p\u00fablico m\u00e1s amplio. El gran estilista, que siempre se situ\u00f3 entre Hodler y B\u00f6cklin, cre\u00f3 una obra de gran alcance, 166 obras de las cuales se presentan en este cat\u00e1logo de exposici\u00f3n, actualmente la \u00fanica publicaci\u00f3n disponible. Lo especial de los paisajes y bodegones de Emmenegger, pero tambi\u00e9n de sus desnudos individuales, sus representaciones de animales y su arquitectura, es una cierta melancol\u00eda que se transmite en los cuadros y que probablemente corresponde a su a\u00f1oranza de la \"regi\u00f3n maravillosamente desolada y solitaria\" de la Suiza Central. Si queremos ir un poco m\u00e1s lejos, veremos en las colinas, los \u00e1rboles desnudos y los yermos deshielos, los bordes sombr\u00edos de los bosques con las manchas solares incisas precursores de la pintura realista contempor\u00e1nea de Franz Gertsch o Gerhard Richter, por ejemplo.<\/p>\n<p>Exposici\u00f3n:<br \/>\nMuseo de Arte de Lucerna, 5\/7 - 12\/10\/2104<\/p>","protected":false},"excerpt":{"rendered":"<p>Cat\u00e1logo de la exposici\u00f3n Kunstmuseum Luzern, editado por Fanni Fetzer y Heinz Stahlhut<br \/>\nTextos (alem\u00e1n\/ingl\u00e9s) de Patricia Bieder, Monika Brunner, Christian Klemm, Dominik M\u00fcller, Heinz Stahlhut, Peter Suter<br \/>\n280 p. con 180 ilustraciones en color<br \/>\nFormato 29,5 x 24 cm, tapa dura<\/p>","protected":false},"featured_media":4964,"template":"","meta":[],"product_brand":[],"product_cat":[104,62],"product_tag":[],"class_list":{"0":"post-3548","1":"product","2":"type-product","3":"status-publish","4":"has-post-thumbnail","6":"product_cat-104","7":"product_cat-e","9":"first","10":"instock","11":"taxable","12":"shipping-taxable","13":"purchasable","14":"product-type-simple"},"aioseo_notices":[],"_wp_attached_file":null,"_wp_attachment_metadata":null,"_wc_attachment_source":null,"_elementor_inline_svg":null,"_elementor_is_screenshot":null,"_elementor_source_image_hash":null,"_source_url":null,"_wp_attachment_context":null,"_menu_item_type":null,"_menu_item_menu_item_parent":null,"_menu_item_object_id":null,"_menu_item_object":null,"_menu_item_target":null,"_menu_item_classes":null,"_menu_item_xfn":null,"_menu_item_url":null,"__elementor_forms_snapshot":null,"_unit":"","_unit_base":"","_unit_product":"","_unit_price_auto":"no","_unit_price_regular":"","_unit_price":"","_unit_price_sale":"","_sale_price_label":"","_sale_price_regular_label":"","_manufacturer_slug":"","_mini_desc":"","_defect_description":"","_safety_instructions":"","_allergen_ids":[],"_warranty_attachment_id":"","_safety_attachment_ids":[],"_min_age":"","_ts_gtin":"","_ts_mpn":"","_delivery_time_countries":[],"_free_shipping":"no","_service":"no","_photovoltaic_system":"no","_used_good":"no","_defective_copy":"no","_wireless_electronic_device":"no","_device_contains_power_supply":"no","_device_charging_supports_usb_pd":"no","_device_charging_watt_min":"0","_device_charging_watt_max":"0","_is_food":"no","_differential_taxation":"no","_gzd_version":"3.18.7","_hs_code":"","_customs_description":"","_manufacture_country":"0","_is_non_returnable":"no","_shipping_length":"","_shipping_width":"","_shipping_height":"","_sku":"ISBN 978-3-86442-089-4","_global_unique_id":"978-3-86442-089-4","_regular_price":"39.8","total_sales":"4","_tax_status":"taxable","_tax_class":"","_manage_stock":"no","_backorders":"no","_sold_individually":"no","_weight":"2","_virtual":"no","_downloadable":"no","_download_limit":"-1","_download_expiry":"-1","_stock":"","_stock_status":"instock","_wc_average_rating":"0","_wc_review_count":"0","_product_version":"9.7.1","_price":"39.8","shopengine_product_views_count":"3033","_thumbnail_id":"4964","_product_attributes":{"erscheinungsdatum":{"name":"Fecha de publicaci\u00f3n","value":"27.06.2014","position":0,"is_visible":1,"is_variation":0,"is_taxonomy":0,"checkout_visible":0}},"_nutrient_ids":[],"_upsell_ids":null,"pswc_subtitle":null,"_default_delivery_time":null,"_wp_desired_post_slug":null,"_isbn":null,"pageType":null,"isExternalUrl":null,"pageId":null,"externalUrl":null,"hideCookieBanner":null,"isTargetBlank":null,"isProviderCurrentWebsite":null,"isEmbeddingOnlyExternalResources":null,"legalBasis":null,"dataProcessingInCountries":null,"dataProcessingInCountriesSpecialTreatments":null,"technicalDefinitions":null,"googleConsentModeConsentTypes":null,"executePriority":null,"executeCodeOptInWhenNoTagManagerConsentIsGiven":null,"executeCodeOptOutWhenNoTagManagerConsentIsGiven":null,"deleteTechnicalDefinitionsAfterOptOut":null,"presetId":null,"presetVersion":null,"provider":null,"providerContactPhone":null,"providerContactEmail":null,"providerContactLink":null,"uniqueName":null,"providerPrivacyPolicyUrl":null,"providerLegalNoticeUrl":null,"codeOptIn":null,"codeOptOut":null,"codeOnPageLoad":null,"language_code":null,"shopengine_template__post_meta__type":null,"shopengine_template__post_meta":null,"shopengine_template__post_meta__edit_with":null,"origin":null,"_enabled":null,"_filters":null,"_layout":null,"_elementor_import_session_id":null,"_wp_trash_meta_status":null,"_wp_trash_meta_time":null,"_edit_lock":"1743529780:2","_elementor_floating_elements_type":null,"_elementor_edit_mode":null,"_elementor_template_type":null,"tc-thumb-fld":{"_thumb_id":4964,"_thumb_type":"thumb"},"_wp_page_template":"default","_elementor_version":null,"_elementor_pro_version":null,"_elementor_page_settings":null,"_elementor_data":null,"_elementor_conditions":null,"_elementor_popup_display_settings":null,"_edit_last":"2","_elementor_template_sub_type":null,"_elementor_controls_usage":null,"_elementor_screenshot":null,"_elementor_css":null,"_elementor_page_assets":[],"_elementor_element_cache":null,"_elementor_screenshot_failed":null,"_elementor_source":null,"_wp_old_date":null,"layout_key":"","post_slider_check_key":"0","_links":{"self":[{"href":"https:\/\/snoeck.de\/es\/wp-json\/wp\/v2\/product\/3548","targetHints":{"allow":["GET"]}}],"collection":[{"href":"https:\/\/snoeck.de\/es\/wp-json\/wp\/v2\/product"}],"about":[{"href":"https:\/\/snoeck.de\/es\/wp-json\/wp\/v2\/types\/product"}],"wp:featuredmedia":[{"embeddable":true,"href":"https:\/\/snoeck.de\/es\/wp-json\/wp\/v2\/media\/4964"}],"wp:attachment":[{"href":"https:\/\/snoeck.de\/es\/wp-json\/wp\/v2\/media?parent=3548"}],"wp:term":[{"taxonomy":"product_brand","embeddable":true,"href":"https:\/\/snoeck.de\/es\/wp-json\/wp\/v2\/product_brand?post=3548"},{"taxonomy":"product_cat","embeddable":true,"href":"https:\/\/snoeck.de\/es\/wp-json\/wp\/v2\/product_cat?post=3548"},{"taxonomy":"product_tag","embeddable":true,"href":"https:\/\/snoeck.de\/es\/wp-json\/wp\/v2\/product_tag?post=3548"}],"curies":[{"name":"wp","href":"https:\/\/api.w.org\/{rel}","templated":true}]}}