{"id":3549,"date":"2025-01-31T11:30:13","date_gmt":"2025-01-31T11:30:13","guid":{"rendered":"https:\/\/snoeck.process-vision.de\/shop\/ayse-erkmen-eins-zwei-drei\/"},"modified":"2025-04-01T17:54:28","modified_gmt":"2025-04-01T17:54:28","slug":"ayse-erkmen-eins-zwei-drei","status":"publish","type":"product","link":"https:\/\/snoeck.de\/es\/shop\/ayse-erkmen-eins-zwei-drei\/","title":{"rendered":"Ay\u015fe Erkmen: UNO DOS TRES"},"content":{"rendered":"<h3>Ay\u015fe Erkmen recibe el Premio Ernst Franz Vogelmann 2020<\/h3>\n<p>Ay\u015fe Erkmen no apareci\u00f3 en la escena mundial del arte de forma inesperada, sino con acciones llenas de impacto conceptual. La artista, que se form\u00f3 como escultora cl\u00e1sica en Estambul a principios de la d\u00e9cada de 1970 y ahora vive all\u00ed y en Berl\u00edn, caus\u00f3 sensaci\u00f3n en todo el mundo con su vuelo en helic\u00f3ptero alrededor de la catedral de M\u00fcnster en el marco de la SkulpturProjekte 1997 -el helic\u00f3ptero llevaba en su gancho una escultura da\u00f1ada en la guerra- o 20 a\u00f1os despu\u00e9s con la obra \"Sobre el agua\", tambi\u00e9n creada para la SkulpturProjekte, en la que se permit\u00eda a los visitantes caminar sobre el agua en la d\u00e1rsena del puerto de M\u00fcnster. Sin embargo, el contraste entre Occidente y Oriente tiene poca relevancia art\u00edstica para ella, que busca \"lo que el lugar y la situaci\u00f3n le exigen\". En sus acciones, instalaciones e intervenciones, la atenci\u00f3n de Erkmen se centra en las caracter\u00edsticas espec\u00edficas de cada lugar. Al hacerlo, se centra en lo fortuito, en lo que se pasa por alto, en lo que oculta la complejidad cuando la historia y la funci\u00f3n se solapan. En julio de 2020, Ay\u015fe Erkmen recibir\u00e1 el quinto Premio Ernst Franz Vogelmann de Escultura, que se concede cada tres a\u00f1os en Heilbronn desde 2008; es la primera mujer en la l\u00ednea de los anteriores galardonados Roman Signer, Franz Erhard Walther, Thomas Sch\u00fctte y Richard Deacon. Sus obras temporales desaparecen con el fin de las exposiciones; siempre ha desconfiado de lo permanente y fijo. El trabajo de Ay\u015fe Erkmen no pretende crear una obra de arte permanente, sino que utiliza intervenciones m\u00ednimas in situ para crear un estado temporal que desaf\u00eda la percepci\u00f3n y permanece como recuerdo. A lo largo de cinco d\u00e9cadas, ha creado una obra siempre basada en lo escult\u00f3rico y caracterizada por la agudeza de pensamiento, la sensualidad y la coherencia formal, en la que una variedad de conceptos, formas, medios y materiales se entrecruzan en los niveles m\u00e1s diversos. El libro ofrece una brillante panor\u00e1mica de la g\u00e9nesis de esta obra, a la que el texto extremadamente instructivo de la comisaria Rita T\u00e4uber aporta una clave adicional.<\/p>\n<p>Exposici\u00f3n:<br \/>\nMuseos municipales de Heilbronn \/ Kunsthalle Vogelmann, 18\/7 - 1\/11\/2020<\/p>","protected":false},"excerpt":{"rendered":"<p>Cat\u00e1logo de la exposici\u00f3n, St\u00e4dtische Museen Heilbronn\/Kunsthalle Vogelmann, editado por Marc Gundel con Rita E. T\u00e4uber<br \/>\nTextos (alem\u00e1n\/ingl\u00e9s) de Rita E. T\u00e4uber, Andrea Schlieker, pr\u00f3logo de Marc Gundel, entrevista con la artista por Rita E. T\u00e4uber, biograf\u00eda de Rita E. T\u00e4uber y Rose Field.<br \/>\n200 p. con 130 ilustraciones en color<br \/>\nFormato 27 x 20 cm, folleto r\u00edgido con encarte<\/p>","protected":false},"featured_media":4965,"template":"","meta":[],"product_brand":[],"product_cat":[84,62],"product_tag":[],"class_list":{"0":"post-3549","1":"product","2":"type-product","3":"status-publish","4":"has-post-thumbnail","6":"product_cat-84","7":"product_cat-e","9":"first","10":"instock","11":"taxable","12":"shipping-taxable","13":"purchasable","14":"product-type-simple"},"aioseo_notices":[],"_wp_attached_file":null,"_wp_attachment_metadata":null,"_wc_attachment_source":null,"_elementor_inline_svg":null,"_elementor_is_screenshot":null,"_elementor_source_image_hash":null,"_source_url":null,"_wp_attachment_context":null,"_menu_item_type":null,"_menu_item_menu_item_parent":null,"_menu_item_object_id":null,"_menu_item_object":null,"_menu_item_target":null,"_menu_item_classes":null,"_menu_item_xfn":null,"_menu_item_url":null,"__elementor_forms_snapshot":null,"_unit":"","_unit_base":"","_unit_product":"","_unit_price_auto":"no","_unit_price_regular":"","_unit_price":"","_unit_price_sale":"","_sale_price_label":"","_sale_price_regular_label":"","_manufacturer_slug":"","_mini_desc":"","_defect_description":"","_safety_instructions":"","_allergen_ids":[],"_warranty_attachment_id":"","_safety_attachment_ids":[],"_min_age":"","_ts_gtin":"","_ts_mpn":"","_delivery_time_countries":[],"_free_shipping":"no","_service":"no","_photovoltaic_system":"no","_used_good":"no","_defective_copy":"no","_wireless_electronic_device":"no","_device_contains_power_supply":"no","_device_charging_supports_usb_pd":"no","_device_charging_watt_min":"0","_device_charging_watt_max":"0","_is_food":"no","_differential_taxation":"no","_gzd_version":"3.18.7","_hs_code":"","_customs_description":"","_manufacture_country":"0","_is_non_returnable":"no","_shipping_length":"","_shipping_width":"","_shipping_height":"","_sku":"ISBN 978-3-86442-330-7","_global_unique_id":"978-3-86442-330-7","_regular_price":"39.8","total_sales":"0","_tax_status":"taxable","_tax_class":"","_manage_stock":"no","_backorders":"no","_sold_individually":"no","_weight":"1","_virtual":"no","_downloadable":"no","_download_limit":"-1","_download_expiry":"-1","_stock":"","_stock_status":"instock","_wc_average_rating":"0","_wc_review_count":"0","_product_version":"9.7.1","_price":"39.8","shopengine_product_views_count":"3188","_thumbnail_id":"4965","_product_attributes":{"erscheinungsdatum":{"name":"Fecha de publicaci\u00f3n","value":"02.09.2020","position":0,"is_visible":1,"is_variation":0,"is_taxonomy":0,"checkout_visible":0}},"_nutrient_ids":[],"_upsell_ids":null,"pswc_subtitle":null,"_default_delivery_time":null,"_wp_desired_post_slug":null,"_isbn":null,"pageType":null,"isExternalUrl":null,"pageId":null,"externalUrl":null,"hideCookieBanner":null,"isTargetBlank":null,"isProviderCurrentWebsite":null,"isEmbeddingOnlyExternalResources":null,"legalBasis":null,"dataProcessingInCountries":null,"dataProcessingInCountriesSpecialTreatments":null,"technicalDefinitions":null,"googleConsentModeConsentTypes":null,"executePriority":null,"executeCodeOptInWhenNoTagManagerConsentIsGiven":null,"executeCodeOptOutWhenNoTagManagerConsentIsGiven":null,"deleteTechnicalDefinitionsAfterOptOut":null,"presetId":null,"presetVersion":null,"provider":null,"providerContactPhone":null,"providerContactEmail":null,"providerContactLink":null,"uniqueName":null,"providerPrivacyPolicyUrl":null,"providerLegalNoticeUrl":null,"codeOptIn":null,"codeOptOut":null,"codeOnPageLoad":null,"language_code":null,"shopengine_template__post_meta__type":null,"shopengine_template__post_meta":null,"shopengine_template__post_meta__edit_with":null,"origin":null,"_enabled":null,"_filters":null,"_layout":null,"_elementor_import_session_id":null,"_wp_trash_meta_status":null,"_wp_trash_meta_time":null,"_edit_lock":"1743529928:2","_elementor_floating_elements_type":null,"_elementor_edit_mode":null,"_elementor_template_type":null,"tc-thumb-fld":{"_thumb_id":4965,"_thumb_type":"thumb"},"_wp_page_template":"default","_elementor_version":null,"_elementor_pro_version":null,"_elementor_page_settings":null,"_elementor_data":null,"_elementor_conditions":null,"_elementor_popup_display_settings":null,"_edit_last":"2","_elementor_template_sub_type":null,"_elementor_controls_usage":null,"_elementor_screenshot":null,"_elementor_css":null,"_elementor_page_assets":[],"_elementor_element_cache":null,"_elementor_screenshot_failed":null,"_elementor_source":null,"_wp_old_date":null,"layout_key":"","post_slider_check_key":"0","_links":{"self":[{"href":"https:\/\/snoeck.de\/es\/wp-json\/wp\/v2\/product\/3549","targetHints":{"allow":["GET"]}}],"collection":[{"href":"https:\/\/snoeck.de\/es\/wp-json\/wp\/v2\/product"}],"about":[{"href":"https:\/\/snoeck.de\/es\/wp-json\/wp\/v2\/types\/product"}],"wp:featuredmedia":[{"embeddable":true,"href":"https:\/\/snoeck.de\/es\/wp-json\/wp\/v2\/media\/4965"}],"wp:attachment":[{"href":"https:\/\/snoeck.de\/es\/wp-json\/wp\/v2\/media?parent=3549"}],"wp:term":[{"taxonomy":"product_brand","embeddable":true,"href":"https:\/\/snoeck.de\/es\/wp-json\/wp\/v2\/product_brand?post=3549"},{"taxonomy":"product_cat","embeddable":true,"href":"https:\/\/snoeck.de\/es\/wp-json\/wp\/v2\/product_cat?post=3549"},{"taxonomy":"product_tag","embeddable":true,"href":"https:\/\/snoeck.de\/es\/wp-json\/wp\/v2\/product_tag?post=3549"}],"curies":[{"name":"wp","href":"https:\/\/api.w.org\/{rel}","templated":true}]}}