{"id":3552,"date":"2025-01-31T11:30:17","date_gmt":"2025-01-31T11:30:17","guid":{"rendered":"https:\/\/snoeck.process-vision.de\/shop\/jeanne-faust\/"},"modified":"2026-04-08T16:38:09","modified_gmt":"2026-04-08T15:38:09","slug":"jeanne-faust","status":"publish","type":"product","link":"https:\/\/snoeck.de\/es\/shop\/jeanne-faust\/","title":{"rendered":"Jeanne Faust"},"content":{"rendered":"<h3>Es lo contrario de Jeanne Faust<\/h3>\n<p>El cine y la fotograf\u00eda son los medios utilizados por Jeanne Faust, nacida en 1968 y residente en Hamburgo. En su lenguaje cinematogr\u00e1fico, utiliza los momentos de vac\u00edo dramat\u00fargico, los clich\u00e9s de lo extra\u00f1o y lo familiar que hicieron famoso a su gran modelo Rainer Werner Fassbinder en los a\u00f1os sesenta y setenta. Su proceso fotogr\u00e1fico, por otra parte, escenifica situaciones f\u00edlmicas, a veces en variaciones de plano y contraplano, como se conocen de la fotograf\u00eda fija cl\u00e1sica y como Jeff Wall, por ejemplo, las traslad\u00f3 al documental en su fotograf\u00eda altamente escenificada. El proceso de contradisparo de Jeanne Faust produce resultados encantadores, a trav\u00e9s de los cuales consigue mantener su obra en un desconcertante estado de suspensi\u00f3n; el espectador siempre espera y anticipa una continuaci\u00f3n, pero para ello se le deja a su imaginaci\u00f3n. Adem\u00e1s de una primera gran presentaci\u00f3n individual en el Kunstmuseum Liechtenstein, Vaduz (2002), las obras de Jeanne Faust han llamado especialmente la atenci\u00f3n en las exposiciones \"New Heimat\" (Frankfurter Kunstverein 2001) y \"Manifesta 4\" (Frankfurt 2002). El cat\u00e1logo que acompa\u00f1a a las exposiciones de la Kunsthalle D\u00fcsseldorf (y la Kunstverein Heilbronn es la primera publicaci\u00f3n individual y contiene numerosas fotograf\u00edas de gran formato, as\u00ed como una filmograf\u00eda completa con breves textos explicativos de la artista.<\/p>\n<p>Exposiciones:<br \/>\nKunsthalle D\u00fcsseldorf, 26\/1 - 30\/3\/2003<br \/>\nKunstverein Heilbronn, 5\/4 - 18\/5\/2003<\/p>","protected":false},"excerpt":{"rendered":"<p>Cat\u00e1logo de la exposici\u00f3n, Kunsthalle D\u00fcsseldorf, Kunstverein Heilbronn, editado por Ulrike Groos y Matthia L\u00f6bke<br \/>\nTexto (alem\u00e1n\/ingl\u00e9s) de Tom Holert y lista de sus pel\u00edculas comentadas por Jeanne Faust.<br \/>\n64 p. con 50 ilustraciones en color<br \/>\nFormato 24 x 30 cm, folleto<\/p>","protected":false},"featured_media":4968,"template":"","meta":[],"product_brand":[],"product_cat":[95],"product_tag":[],"class_list":{"0":"post-3552","1":"product","2":"type-product","3":"status-publish","4":"has-post-thumbnail","6":"product_cat-vergriffen","8":"first","9":"outofstock","10":"taxable","11":"shipping-taxable","12":"product-type-simple"},"aioseo_notices":[],"_wp_attached_file":null,"_wp_attachment_metadata":null,"_wc_attachment_source":null,"_elementor_inline_svg":null,"_elementor_is_screenshot":null,"_elementor_source_image_hash":null,"_source_url":null,"_wp_attachment_context":null,"_menu_item_type":null,"_menu_item_menu_item_parent":null,"_menu_item_object_id":null,"_menu_item_object":null,"_menu_item_target":null,"_menu_item_classes":null,"_menu_item_xfn":null,"_menu_item_url":null,"__elementor_forms_snapshot":null,"_unit":"","_unit_base":"","_unit_product":"","_unit_price_auto":"no","_unit_price_regular":"","_unit_price":"","_unit_price_sale":"","_sale_price_label":"","_sale_price_regular_label":"","_manufacturer_slug":"","_mini_desc":"","_defect_description":"","_safety_instructions":"","_allergen_ids":[],"_warranty_attachment_id":"","_safety_attachment_ids":[],"_min_age":"","_ts_gtin":"","_ts_mpn":"","_delivery_time_countries":[],"_free_shipping":"no","_service":"no","_photovoltaic_system":"no","_used_good":"no","_defective_copy":"no","_wireless_electronic_device":"no","_device_contains_power_supply":"no","_device_charging_supports_usb_pd":"no","_device_charging_watt_min":"0","_device_charging_watt_max":"0","_is_food":"no","_differential_taxation":"no","_gzd_version":"3.18.7","_hs_code":"","_customs_description":"","_manufacture_country":"0","_is_non_returnable":"no","_shipping_length":"","_shipping_width":"","_shipping_height":"","_sku":"ISBN 978-3-936859-03-4","_global_unique_id":"978-3-936859-03-4","_regular_price":null,"total_sales":"0","_tax_status":"taxable","_tax_class":"","_manage_stock":"no","_backorders":"no","_sold_individually":"no","_weight":"1","_virtual":"no","_downloadable":"no","_download_limit":"-1","_download_expiry":"-1","_stock":"","_stock_status":"outofstock","_wc_average_rating":"0","_wc_review_count":"0","_product_version":"10.1.4","_price":"","shopengine_product_views_count":"2460","_thumbnail_id":"4968","_product_attributes":{"erscheinungsdatum":{"name":"Fecha de publicaci\u00f3n","value":"26.01.2003","position":0,"is_visible":1,"is_variation":0,"is_taxonomy":0,"checkout_visible":0}},"_nutrient_ids":[],"_upsell_ids":null,"pswc_subtitle":null,"_default_delivery_time":null,"_wp_desired_post_slug":null,"_isbn":null,"pageType":null,"isExternalUrl":null,"pageId":null,"externalUrl":null,"hideCookieBanner":null,"isTargetBlank":null,"isProviderCurrentWebsite":null,"isEmbeddingOnlyExternalResources":null,"legalBasis":null,"dataProcessingInCountries":null,"dataProcessingInCountriesSpecialTreatments":null,"technicalDefinitions":null,"googleConsentModeConsentTypes":null,"executePriority":null,"executeCodeOptInWhenNoTagManagerConsentIsGiven":null,"executeCodeOptOutWhenNoTagManagerConsentIsGiven":null,"deleteTechnicalDefinitionsAfterOptOut":null,"presetId":null,"presetVersion":null,"provider":null,"providerContactPhone":null,"providerContactEmail":null,"providerContactLink":null,"uniqueName":null,"providerPrivacyPolicyUrl":null,"providerLegalNoticeUrl":null,"codeOptIn":null,"codeOptOut":null,"codeOnPageLoad":null,"language_code":null,"shopengine_template__post_meta__type":null,"shopengine_template__post_meta":null,"shopengine_template__post_meta__edit_with":null,"origin":null,"_enabled":null,"_filters":null,"_layout":null,"_elementor_import_session_id":null,"_wp_trash_meta_status":null,"_wp_trash_meta_time":null,"_edit_lock":"1743529245:2","_elementor_floating_elements_type":null,"_elementor_edit_mode":null,"_elementor_template_type":null,"tc-thumb-fld":{"_thumb_id":4968,"_thumb_type":"thumb"},"_wp_page_template":"default","_elementor_version":null,"_elementor_pro_version":null,"_elementor_page_settings":null,"_elementor_data":null,"_elementor_conditions":null,"_elementor_popup_display_settings":null,"_edit_last":"2","_elementor_template_sub_type":null,"_elementor_controls_usage":null,"_elementor_screenshot":null,"_elementor_css":null,"_elementor_page_assets":[],"_elementor_element_cache":null,"_elementor_screenshot_failed":null,"_elementor_source":null,"_wp_old_date":null,"layout_key":"","post_slider_check_key":"0","_links":{"self":[{"href":"https:\/\/snoeck.de\/es\/wp-json\/wp\/v2\/product\/3552","targetHints":{"allow":["GET"]}}],"collection":[{"href":"https:\/\/snoeck.de\/es\/wp-json\/wp\/v2\/product"}],"about":[{"href":"https:\/\/snoeck.de\/es\/wp-json\/wp\/v2\/types\/product"}],"wp:featuredmedia":[{"embeddable":true,"href":"https:\/\/snoeck.de\/es\/wp-json\/wp\/v2\/media\/4968"}],"wp:attachment":[{"href":"https:\/\/snoeck.de\/es\/wp-json\/wp\/v2\/media?parent=3552"}],"wp:term":[{"taxonomy":"product_brand","embeddable":true,"href":"https:\/\/snoeck.de\/es\/wp-json\/wp\/v2\/product_brand?post=3552"},{"taxonomy":"product_cat","embeddable":true,"href":"https:\/\/snoeck.de\/es\/wp-json\/wp\/v2\/product_cat?post=3552"},{"taxonomy":"product_tag","embeddable":true,"href":"https:\/\/snoeck.de\/es\/wp-json\/wp\/v2\/product_tag?post=3552"}],"curies":[{"name":"wp","href":"https:\/\/api.w.org\/{rel}","templated":true}]}}