{"id":3555,"date":"2025-01-31T11:30:19","date_gmt":"2025-01-31T11:30:19","guid":{"rendered":"https:\/\/snoeck.process-vision.de\/shop\/arno-fischer-eine-reise\/"},"modified":"2025-04-01T17:37:20","modified_gmt":"2025-04-01T17:37:20","slug":"arno-fischer-eine-reise","status":"publish","type":"product","link":"https:\/\/snoeck.de\/es\/shop\/arno-fischer-eine-reise\/","title":{"rendered":"Arno Fischer: un viaje"},"content":{"rendered":"<h3>Las calles de Berl\u00edn<\/h3>\n<p>Arno Fischer (1927-2011) ocupa un lugar importante en la fotograf\u00eda alemana del siglo XX. A lo largo de su carrera, trabaj\u00f3 en una gran variedad de g\u00e9neros fotogr\u00e1ficos: mostr\u00f3 la moda en las calles de las ciudades de Europa del Este, pero tambi\u00e9n fotografi\u00f3 a ciudadanos corrientes del Bloque del Este y su vida cotidiana. Sus viajes le llevaron a Guinea Ecuatorial, India, la Uni\u00f3n Sovi\u00e9tica y Estados Unidos, donde, naturalmente, siempre llevaba consigo su c\u00e1mara. Cuando no estaba recorriendo las calles con ella, era un miembro activo de DIREKT, un grupo de fot\u00f3grafos -fundado en Berl\u00edn Oriental en 1965- que contribuy\u00f3 significativamente a la diferenciaci\u00f3n de la cultura visual de Alemania Oriental en las d\u00e9cadas de 1970 y 1980. Arno Fischer y su esposa, la fot\u00f3grafa Sibylle Bergemann, tambi\u00e9n cultivaron contactos con la escena fotogr\u00e1fica internacional. Robert Frank, Henri Cartier-Bresson y Ren\u00e9 Burri siempre estaban encantados de hacer una visita rel\u00e1mpago a su piso de Schiffbauerdamm. Arno Fischer fue tambi\u00e9n un apasionado profesor, primero en la Academia de Artes Visuales de Leipzig y despu\u00e9s, tras la ca\u00edda del Muro, en la Ostkreuzschule f\u00fcr Fotografie und Gestaltung de Berl\u00edn, donde entabl\u00f3 un intenso di\u00e1logo con los estudiantes.<\/p>\n<p>Exposici\u00f3n:<br \/>\nCastillo de Kummerow, Kummerow Mecklemburgo-Pomerania Occidental, 8\/5 - 31\/10\/2022<br \/>\nHaus am Kleistpark, Berl\u00edn, 16\/6 - 13\/8\/2023<\/p>","protected":false},"excerpt":{"rendered":"<p>Cat\u00e1logo de la exposici\u00f3n, publicado por Schloss Kummerow<br \/>\nTexto (alem\u00e1n\/ingl\u00e9s) de Candice M. Hamelin<br \/>\n128 p. con 45 ilustraciones en b\/n y 50 en color<br \/>\nFomat 24 x 19 cm, encuadernaci\u00f3n en tela con sobrecubierta americana<\/p>","protected":false},"featured_media":4971,"template":"","meta":[],"product_brand":[],"product_cat":[86,63],"product_tag":[],"class_list":{"0":"post-3555","1":"product","2":"type-product","3":"status-publish","4":"has-post-thumbnail","6":"product_cat-86","7":"product_cat-f","9":"first","10":"instock","11":"taxable","12":"shipping-taxable","13":"purchasable","14":"product-type-simple"},"aioseo_notices":[],"_wp_attached_file":null,"_wp_attachment_metadata":null,"_wc_attachment_source":null,"_elementor_inline_svg":null,"_elementor_is_screenshot":null,"_elementor_source_image_hash":null,"_source_url":null,"_wp_attachment_context":null,"_menu_item_type":null,"_menu_item_menu_item_parent":null,"_menu_item_object_id":null,"_menu_item_object":null,"_menu_item_target":null,"_menu_item_classes":null,"_menu_item_xfn":null,"_menu_item_url":null,"__elementor_forms_snapshot":null,"_unit":"","_unit_base":"","_unit_product":"","_unit_price_auto":"no","_unit_price_regular":"","_unit_price":"","_unit_price_sale":"","_sale_price_label":"","_sale_price_regular_label":"","_manufacturer_slug":"","_mini_desc":"","_defect_description":"","_safety_instructions":"","_allergen_ids":[],"_warranty_attachment_id":"","_safety_attachment_ids":[],"_min_age":"","_ts_gtin":"","_ts_mpn":"","_delivery_time_countries":[],"_free_shipping":"no","_service":"no","_photovoltaic_system":"no","_used_good":"no","_defective_copy":"no","_wireless_electronic_device":"no","_device_contains_power_supply":"no","_device_charging_supports_usb_pd":"no","_device_charging_watt_min":"0","_device_charging_watt_max":"0","_is_food":"no","_differential_taxation":"no","_gzd_version":"3.18.7","_hs_code":"","_customs_description":"","_manufacture_country":"0","_is_non_returnable":"no","_shipping_length":"","_shipping_width":"","_shipping_height":"","_sku":"ISBN 978-3-86442-386-4","_global_unique_id":"978-3-86442-386-4","_regular_price":"32","total_sales":"0","_tax_status":"taxable","_tax_class":"","_manage_stock":"no","_backorders":"no","_sold_individually":"no","_weight":"1","_virtual":"no","_downloadable":"no","_download_limit":"-1","_download_expiry":"-1","_stock":"","_stock_status":"instock","_wc_average_rating":"0","_wc_review_count":"0","_product_version":"9.7.1","_price":"32","shopengine_product_views_count":"2796","_thumbnail_id":"4971","_product_attributes":{"erscheinungsdatum":{"name":"Erscheinungsdatum","value":"09.05.2022","position":0,"is_visible":1,"is_variation":0,"is_taxonomy":0,"checkout_visible":0}},"_nutrient_ids":[],"_upsell_ids":null,"pswc_subtitle":null,"_default_delivery_time":null,"_wp_desired_post_slug":null,"_isbn":null,"pageType":null,"isExternalUrl":null,"pageId":null,"externalUrl":null,"hideCookieBanner":null,"isTargetBlank":null,"isProviderCurrentWebsite":null,"isEmbeddingOnlyExternalResources":null,"legalBasis":null,"dataProcessingInCountries":null,"dataProcessingInCountriesSpecialTreatments":null,"technicalDefinitions":null,"googleConsentModeConsentTypes":null,"executePriority":null,"executeCodeOptInWhenNoTagManagerConsentIsGiven":null,"executeCodeOptOutWhenNoTagManagerConsentIsGiven":null,"deleteTechnicalDefinitionsAfterOptOut":null,"presetId":null,"presetVersion":null,"provider":null,"providerContactPhone":null,"providerContactEmail":null,"providerContactLink":null,"uniqueName":null,"providerPrivacyPolicyUrl":null,"providerLegalNoticeUrl":null,"codeOptIn":null,"codeOptOut":null,"codeOnPageLoad":null,"language_code":null,"shopengine_template__post_meta__type":null,"shopengine_template__post_meta":null,"shopengine_template__post_meta__edit_with":null,"origin":null,"_enabled":null,"_filters":null,"_layout":null,"_elementor_import_session_id":null,"_wp_trash_meta_status":null,"_wp_trash_meta_time":null,"_edit_lock":"1743529042:2","_elementor_floating_elements_type":null,"_elementor_edit_mode":null,"_elementor_template_type":null,"tc-thumb-fld":{"_thumb_id":4971,"_thumb_type":"thumb"},"_wp_page_template":"default","_elementor_version":null,"_elementor_pro_version":null,"_elementor_page_settings":null,"_elementor_data":null,"_elementor_conditions":null,"_elementor_popup_display_settings":null,"_edit_last":"2","_elementor_template_sub_type":null,"_elementor_controls_usage":null,"_elementor_screenshot":null,"_elementor_css":null,"_elementor_page_assets":[],"_elementor_element_cache":null,"_elementor_screenshot_failed":null,"_elementor_source":null,"_wp_old_date":null,"layout_key":"","post_slider_check_key":"0","_links":{"self":[{"href":"https:\/\/snoeck.de\/es\/wp-json\/wp\/v2\/product\/3555","targetHints":{"allow":["GET"]}}],"collection":[{"href":"https:\/\/snoeck.de\/es\/wp-json\/wp\/v2\/product"}],"about":[{"href":"https:\/\/snoeck.de\/es\/wp-json\/wp\/v2\/types\/product"}],"wp:featuredmedia":[{"embeddable":true,"href":"https:\/\/snoeck.de\/es\/wp-json\/wp\/v2\/media\/4971"}],"wp:attachment":[{"href":"https:\/\/snoeck.de\/es\/wp-json\/wp\/v2\/media?parent=3555"}],"wp:term":[{"taxonomy":"product_brand","embeddable":true,"href":"https:\/\/snoeck.de\/es\/wp-json\/wp\/v2\/product_brand?post=3555"},{"taxonomy":"product_cat","embeddable":true,"href":"https:\/\/snoeck.de\/es\/wp-json\/wp\/v2\/product_cat?post=3555"},{"taxonomy":"product_tag","embeddable":true,"href":"https:\/\/snoeck.de\/es\/wp-json\/wp\/v2\/product_tag?post=3555"}],"curies":[{"name":"wp","href":"https:\/\/api.w.org\/{rel}","templated":true}]}}