{"id":3556,"date":"2025-01-31T11:30:20","date_gmt":"2025-01-31T11:30:20","guid":{"rendered":"https:\/\/snoeck.process-vision.de\/shop\/robert-fleck-ko-goetz-west-hundertwasser\/"},"modified":"2025-04-01T17:35:35","modified_gmt":"2025-04-01T17:35:35","slug":"robert-fleck-ko-goetz-west-hundertwasser","status":"publish","type":"product","link":"https:\/\/snoeck.de\/es\/shop\/robert-fleck-ko-goetz-west-hundertwasser\/","title":{"rendered":"Robert Fleck: KO G\u00f6tz West Hundertwasser"},"content":{"rendered":"<h3>C\u00f3mo la m\u00e1xima de hacer de la propia vida una obra de arte da lugar a un arte fecundo y bueno<\/h3>\n<p>Por sorprendente que pueda parecer la serie KO G\u00f6tz (1914-2017), Franz West (1947-2012) y Friedensreich Hundertwasser (1928-2000) -sobre todo porque su arte es muy diferente-, estos artistas, a los que Robert Fleck visit\u00f3 durante muchos a\u00f1os y de los que en algunos casos lleg\u00f3 a ser amigo, est\u00e1n unidos por sus vidas inusuales y sus personalidades art\u00edsticas individuales. En el mejor de los casos, la vida de los artistas ha sido siempre materia de grandes historias, incluso de gran literatura; lo contrario ocurre con el cotilleo, a menudo alimentado por los celos, pero lo que ambos patrones narrativos tienen en com\u00fan es la idea b\u00e1sica de que los artistas son grandes figuras capaces de lograr cosas sobrehumanas: genios. En este libro, Robert Fleck aborda las vidas de los tres artistas con humor y empat\u00eda y muestra c\u00f3mo han socavado repetidamente el mito generalizado sobre ser artista. En el caso de KO G\u00f6tz, por ejemplo, el decano del Art Informel, apenas se sabe c\u00f3mo se resisti\u00f3 al papel del artista como bohemio en los a\u00f1os de posguerra desde 1945 y tambi\u00e9n tom\u00f3 un camino casi diametralmente opuesto en la vida como poeta y cient\u00edfico. O Franz West, que a lo largo de su vida pareci\u00f3 interesado en cultivar sus inicios en la escena art\u00edstica vienesa como \"sandler\", porque de este modo consigui\u00f3 atraer a un importante s\u00e9quito de forma inimitable. Friedensreich Hundertwasser, por el contrario, empez\u00f3 a pintar el cuadro de un profeta culto con sus primeras acciones a principios de los 60. La escena alternativa de los 80 no tuvo m\u00e1s remedio que admirarle como uno de los artistas se\u00f1al junto a Joseph Beuys, pero se convirti\u00f3 en un paria entre sus colegas - muy al contrario del efecto Beuys - a pesar de que no s\u00f3lo hablaba de dimensiones ecol\u00f3gicas, sino que trabajaba seriamente en su realizaci\u00f3n. Robert Fleck ha mantenido un estrecho contacto con los tres artistas a lo largo de los a\u00f1os: Por ejemplo, el autor ayud\u00f3 al joven Franz West a vender sus collages de peri\u00f3dicos pintados por encima en los pubs vieneses; y posteriormente visit\u00f3 una y otra vez a KO G\u00f6tz, de 103 a\u00f1os, a quien ya hab\u00eda entrevistado en la d\u00e9cada de 1990, la \u00faltima vez a principios de 2017, unos meses antes de la muerte de este \u00faltimo. Por \u00faltimo, con Friedensreich Hundertwasser, sobre quien Robert Fleck public\u00f3 por \u00faltima vez en 2016 (\"Kunst und Natur. Hundertwasser, New Zealand and the Design of an Aesthetic Ecology\"), no solo estuvo en estrecho contacto con Hundertwasser en los \u00faltimos a\u00f1os de su vida, sino que fue una de las pocas personas que pudo mantener un largo intercambio de ideas con el artista, conocido por lo dem\u00e1s por su comportamiento monosil\u00e1bico y su silencio. En conjunto, los tres retratos dibujados por Robert Fleck como autor independiente muestran de forma maravillosamente abierta c\u00f3mo el proyecto creativo del hombre moderno, especialmente del artista, no s\u00f3lo es dif\u00edcil, sino que debe ser defendido una y otra vez por sus protagonistas en autodefensa contra todo intento de apropiaci\u00f3n.<\/p>","protected":false},"excerpt":{"rendered":"<p>128 p\u00e1ginas con 20 ilustraciones en color y 5 en blanco y negro<br \/>\nFormato 21 x 14 cm, folleto<\/p>","protected":false},"featured_media":4972,"template":"","meta":[],"product_brand":[],"product_cat":[112,63,64,65,80],"product_tag":[],"class_list":{"0":"post-3556","1":"product","2":"type-product","3":"status-publish","4":"has-post-thumbnail","6":"product_cat-112","7":"product_cat-f","8":"product_cat-g","9":"product_cat-h","10":"product_cat-w","12":"first","13":"instock","14":"taxable","15":"shipping-taxable","16":"purchasable","17":"product-type-simple"},"aioseo_notices":[],"_wp_attached_file":null,"_wp_attachment_metadata":null,"_wc_attachment_source":null,"_elementor_inline_svg":null,"_elementor_is_screenshot":null,"_elementor_source_image_hash":null,"_source_url":null,"_wp_attachment_context":null,"_menu_item_type":null,"_menu_item_menu_item_parent":null,"_menu_item_object_id":null,"_menu_item_object":null,"_menu_item_target":null,"_menu_item_classes":null,"_menu_item_xfn":null,"_menu_item_url":null,"__elementor_forms_snapshot":null,"_unit":"","_unit_base":"","_unit_product":"","_unit_price_auto":"no","_unit_price_regular":"","_unit_price":"","_unit_price_sale":"","_sale_price_label":"","_sale_price_regular_label":"","_manufacturer_slug":"","_mini_desc":"","_defect_description":"","_safety_instructions":"","_allergen_ids":[],"_warranty_attachment_id":"","_safety_attachment_ids":[],"_min_age":"","_ts_gtin":"","_ts_mpn":"","_delivery_time_countries":[],"_free_shipping":"no","_service":"no","_photovoltaic_system":"no","_used_good":"no","_defective_copy":"no","_wireless_electronic_device":"no","_device_contains_power_supply":"no","_device_charging_supports_usb_pd":"no","_device_charging_watt_min":"0","_device_charging_watt_max":"0","_is_food":"no","_differential_taxation":"no","_gzd_version":"3.18.7","_hs_code":"","_customs_description":"","_manufacture_country":"0","_is_non_returnable":"no","_shipping_length":"","_shipping_width":"","_shipping_height":"","_sku":"ISBN 978-3-86442-219-5","_global_unique_id":"978-3-86442-219-5","_regular_price":"19.8","total_sales":"0","_tax_status":"taxable","_tax_class":"","_manage_stock":"no","_backorders":"no","_sold_individually":"no","_weight":"1","_virtual":"no","_downloadable":"no","_download_limit":"-1","_download_expiry":"-1","_stock":"","_stock_status":"instock","_wc_average_rating":"0","_wc_review_count":"0","_product_version":"9.7.1","_price":"19.8","shopengine_product_views_count":"2684","_thumbnail_id":"4972","_product_attributes":{"erscheinungsdatum":{"name":"Fecha de publicaci\u00f3n","value":"01.12.2017","position":0,"is_visible":1,"is_variation":0,"is_taxonomy":0,"checkout_visible":0}},"_nutrient_ids":[],"_upsell_ids":null,"pswc_subtitle":null,"_default_delivery_time":null,"_wp_desired_post_slug":null,"_isbn":null,"pageType":null,"isExternalUrl":null,"pageId":null,"externalUrl":null,"hideCookieBanner":null,"isTargetBlank":null,"isProviderCurrentWebsite":null,"isEmbeddingOnlyExternalResources":null,"legalBasis":null,"dataProcessingInCountries":null,"dataProcessingInCountriesSpecialTreatments":null,"technicalDefinitions":null,"googleConsentModeConsentTypes":null,"executePriority":null,"executeCodeOptInWhenNoTagManagerConsentIsGiven":null,"executeCodeOptOutWhenNoTagManagerConsentIsGiven":null,"deleteTechnicalDefinitionsAfterOptOut":null,"presetId":null,"presetVersion":null,"provider":null,"providerContactPhone":null,"providerContactEmail":null,"providerContactLink":null,"uniqueName":null,"providerPrivacyPolicyUrl":null,"providerLegalNoticeUrl":null,"codeOptIn":null,"codeOptOut":null,"codeOnPageLoad":null,"language_code":null,"shopengine_template__post_meta__type":null,"shopengine_template__post_meta":null,"shopengine_template__post_meta__edit_with":null,"origin":null,"_enabled":null,"_filters":null,"_layout":null,"_elementor_import_session_id":null,"_wp_trash_meta_status":null,"_wp_trash_meta_time":null,"_edit_lock":"1743528936:2","_elementor_floating_elements_type":null,"_elementor_edit_mode":null,"_elementor_template_type":null,"tc-thumb-fld":{"_thumb_id":4972,"_thumb_type":"thumb"},"_wp_page_template":"default","_elementor_version":null,"_elementor_pro_version":null,"_elementor_page_settings":null,"_elementor_data":null,"_elementor_conditions":null,"_elementor_popup_display_settings":null,"_edit_last":"2","_elementor_template_sub_type":null,"_elementor_controls_usage":null,"_elementor_screenshot":null,"_elementor_css":null,"_elementor_page_assets":[],"_elementor_element_cache":null,"_elementor_screenshot_failed":null,"_elementor_source":null,"_wp_old_date":null,"layout_key":"","post_slider_check_key":"0","_links":{"self":[{"href":"https:\/\/snoeck.de\/es\/wp-json\/wp\/v2\/product\/3556","targetHints":{"allow":["GET"]}}],"collection":[{"href":"https:\/\/snoeck.de\/es\/wp-json\/wp\/v2\/product"}],"about":[{"href":"https:\/\/snoeck.de\/es\/wp-json\/wp\/v2\/types\/product"}],"wp:featuredmedia":[{"embeddable":true,"href":"https:\/\/snoeck.de\/es\/wp-json\/wp\/v2\/media\/4972"}],"wp:attachment":[{"href":"https:\/\/snoeck.de\/es\/wp-json\/wp\/v2\/media?parent=3556"}],"wp:term":[{"taxonomy":"product_brand","embeddable":true,"href":"https:\/\/snoeck.de\/es\/wp-json\/wp\/v2\/product_brand?post=3556"},{"taxonomy":"product_cat","embeddable":true,"href":"https:\/\/snoeck.de\/es\/wp-json\/wp\/v2\/product_cat?post=3556"},{"taxonomy":"product_tag","embeddable":true,"href":"https:\/\/snoeck.de\/es\/wp-json\/wp\/v2\/product_tag?post=3556"}],"curies":[{"name":"wp","href":"https:\/\/api.w.org\/{rel}","templated":true}]}}