{"id":3557,"date":"2025-01-31T11:30:20","date_gmt":"2025-01-31T11:30:20","guid":{"rendered":"https:\/\/snoeck.process-vision.de\/shop\/adolf-fleischmann-ein-abstrakter-amerikanischer-maler\/"},"modified":"2026-04-08T15:08:20","modified_gmt":"2026-04-08T14:08:20","slug":"adolf-fleischmann-ein-abstrakter-amerikanischer-maler","status":"publish","type":"product","link":"https:\/\/snoeck.de\/es\/shop\/adolf-fleischmann-ein-abstrakter-amerikanischer-maler\/","title":{"rendered":"Adolf Fleischmann: \u00bfUn pintor abstracto estadounidense?"},"content":{"rendered":"<h3>El dise\u00f1o es el factor determinante<\/h3>\n<p>En 1955, el artista y escritor Will Barnet presentaba con toda naturalidad a Adolf Fleischmann como un \"pintor americano\" en su texto \"Aspects of American Abstract Painting\"; y en 1966, Fleischmann aparec\u00eda en el \"Dictionary of Contemporary American Artists\" de Paul Cummings entre los artistas m\u00e1s destacados de Estados Unidos. Lo que resuena en estas declaraciones procedentes del entorno de la pintura neoyorquina de los a\u00f1os cincuenta es una valoraci\u00f3n de su importancia que a\u00fan no se ha tenido en cuenta en toda la bibliograf\u00eda sobre Fleischmann: el pintor, que naci\u00f3 en Esslingen, Suabia, en 1892 y no se estableci\u00f3 en EE.UU. hasta 1952, a la edad de 60 a\u00f1os, se convirti\u00f3 r\u00e1pidamente en una figura original en el contexto de la pintura abstracta inspirada en Mondrian en la \"Meca\" del arte americano de la Costa Este. Adolf Fleischmann, representado en la Colecci\u00f3n de Arte Daimler con un importante grupo de obras, es uno de los pintores abstractos m\u00e1s destacados de Alemania y EE.UU. despu\u00e9s de 1945. La Colecci\u00f3n de Arte Daimler de Berl\u00edn muestra ahora una primera retrospectiva de la obra del artista con unas sesenta obras de tres d\u00e9cadas, incluida la obra principal creada en Nueva York en los a\u00f1os 1952-65, completada con cuadros representativos de los a\u00f1os cuarenta que a\u00fan se crearon en Europa. La publicaci\u00f3n que acompa\u00f1a a la exposici\u00f3n es la primera que ofrece una categorizaci\u00f3n bien fundamentada de la obra de Fleischmann en el contexto de la pintura abstracta americana de la \u00e9poca. Tambi\u00e9n publica los primeros textos sobre la recepci\u00f3n de la obra americana de Fleischmann de los a\u00f1os cincuenta y sesenta. Se trata, adem\u00e1s, de la primera publicaci\u00f3n en lengua inglesa sobre la pintura de Fleischmann, por lo que su obra promete ahora interesar tambi\u00e9n al p\u00fablico y a las instituciones muse\u00edsticas de los Estados Unidos. La obra tard\u00eda de Adolf Fleischmann -tanto por su asombrosa coherencia como por su diversidad pict\u00f3rica y riqueza de facetas- espera, pues, ser descubierta y apreciada en el contexto del arte alem\u00e1n y americano del siglo XX.<\/p>\n<p>Exposici\u00f3n:<br \/>\nDaimler Contemporary Berl\u00edn, 30\/4 - 6\/11\/2016<\/p>","protected":false},"excerpt":{"rendered":"<p>Cat\u00e1logo de la exposici\u00f3n, editado para Daimler Contemporary por Renate Wiehager,<br \/>\nTextos (alem\u00e1n\/ingl\u00e9s) de Raymond Bayer, Carlo Belloli, Benedikt Fred Dolbin, Adolf Fleischmann, Sanson Flexor, Roger van Gindertael, Eugen Gomringer, Kurt Leonhard, Thomas Schnalke, Michel Seuphor, Dario Suo, Renate Wiehager<br \/>\n224 p. con 150 ilustraciones en color<br \/>\nFormato 21 x 21 cm, encuadernaci\u00f3n en tela gofrada<\/p>","protected":false},"featured_media":4973,"template":"","meta":[],"product_brand":[],"product_cat":[95],"product_tag":[],"class_list":{"0":"post-3557","1":"product","2":"type-product","3":"status-publish","4":"has-post-thumbnail","6":"product_cat-vergriffen","8":"first","9":"outofstock","10":"taxable","11":"shipping-taxable","12":"product-type-simple"},"aioseo_notices":[],"_wp_attached_file":null,"_wp_attachment_metadata":null,"_wc_attachment_source":null,"_elementor_inline_svg":null,"_elementor_is_screenshot":null,"_elementor_source_image_hash":null,"_source_url":null,"_wp_attachment_context":null,"_menu_item_type":null,"_menu_item_menu_item_parent":null,"_menu_item_object_id":null,"_menu_item_object":null,"_menu_item_target":null,"_menu_item_classes":null,"_menu_item_xfn":null,"_menu_item_url":null,"__elementor_forms_snapshot":null,"_unit":"","_unit_base":"","_unit_product":"","_unit_price_auto":"no","_unit_price_regular":"","_unit_price":"","_unit_price_sale":"","_sale_price_label":"","_sale_price_regular_label":"","_manufacturer_slug":"","_mini_desc":"","_defect_description":"","_safety_instructions":"","_allergen_ids":[],"_warranty_attachment_id":"","_safety_attachment_ids":[],"_min_age":"","_ts_gtin":"","_ts_mpn":"","_delivery_time_countries":[],"_free_shipping":"no","_service":"no","_photovoltaic_system":"no","_used_good":"no","_defective_copy":"no","_wireless_electronic_device":"no","_device_contains_power_supply":"no","_device_charging_supports_usb_pd":"no","_device_charging_watt_min":"0","_device_charging_watt_max":"0","_is_food":"no","_differential_taxation":"no","_gzd_version":"3.18.7","_hs_code":"","_customs_description":"","_manufacture_country":"0","_is_non_returnable":"no","_shipping_length":"","_shipping_width":"","_shipping_height":"","_sku":"ISBN 978-3-86442-167-9","_global_unique_id":"978-3-86442-167-9","_regular_price":null,"total_sales":"0","_tax_status":"taxable","_tax_class":"","_manage_stock":"no","_backorders":"no","_sold_individually":"no","_weight":"1","_virtual":"no","_downloadable":"no","_download_limit":"-1","_download_expiry":"-1","_stock":"","_stock_status":"outofstock","_wc_average_rating":"0","_wc_review_count":"0","_product_version":"10.1.4","_price":"","shopengine_product_views_count":"3317","_thumbnail_id":"4973","_product_attributes":{"erscheinungsdatum":{"name":"Fecha de publicaci\u00f3n","value":"07.04.2016","position":0,"is_visible":1,"is_variation":0,"is_taxonomy":0,"checkout_visible":0}},"_nutrient_ids":[],"_upsell_ids":null,"pswc_subtitle":null,"_default_delivery_time":null,"_wp_desired_post_slug":null,"_isbn":null,"pageType":null,"isExternalUrl":null,"pageId":null,"externalUrl":null,"hideCookieBanner":null,"isTargetBlank":null,"isProviderCurrentWebsite":null,"isEmbeddingOnlyExternalResources":null,"legalBasis":null,"dataProcessingInCountries":null,"dataProcessingInCountriesSpecialTreatments":null,"technicalDefinitions":null,"googleConsentModeConsentTypes":null,"executePriority":null,"executeCodeOptInWhenNoTagManagerConsentIsGiven":null,"executeCodeOptOutWhenNoTagManagerConsentIsGiven":null,"deleteTechnicalDefinitionsAfterOptOut":null,"presetId":null,"presetVersion":null,"provider":null,"providerContactPhone":null,"providerContactEmail":null,"providerContactLink":null,"uniqueName":null,"providerPrivacyPolicyUrl":null,"providerLegalNoticeUrl":null,"codeOptIn":null,"codeOptOut":null,"codeOnPageLoad":null,"language_code":null,"shopengine_template__post_meta__type":null,"shopengine_template__post_meta":null,"shopengine_template__post_meta__edit_with":null,"origin":null,"_enabled":null,"_filters":null,"_layout":null,"_elementor_import_session_id":null,"_wp_trash_meta_status":null,"_wp_trash_meta_time":null,"_edit_lock":"1743528681:2","_elementor_floating_elements_type":null,"_elementor_edit_mode":null,"_elementor_template_type":null,"tc-thumb-fld":{"_thumb_id":4973,"_thumb_type":"thumb"},"_wp_page_template":"default","_elementor_version":null,"_elementor_pro_version":null,"_elementor_page_settings":null,"_elementor_data":null,"_elementor_conditions":null,"_elementor_popup_display_settings":null,"_edit_last":"2","_elementor_template_sub_type":null,"_elementor_controls_usage":null,"_elementor_screenshot":null,"_elementor_css":null,"_elementor_page_assets":[],"_elementor_element_cache":null,"_elementor_screenshot_failed":null,"_elementor_source":null,"_wp_old_date":null,"layout_key":"","post_slider_check_key":"0","_links":{"self":[{"href":"https:\/\/snoeck.de\/es\/wp-json\/wp\/v2\/product\/3557","targetHints":{"allow":["GET"]}}],"collection":[{"href":"https:\/\/snoeck.de\/es\/wp-json\/wp\/v2\/product"}],"about":[{"href":"https:\/\/snoeck.de\/es\/wp-json\/wp\/v2\/types\/product"}],"wp:featuredmedia":[{"embeddable":true,"href":"https:\/\/snoeck.de\/es\/wp-json\/wp\/v2\/media\/4973"}],"wp:attachment":[{"href":"https:\/\/snoeck.de\/es\/wp-json\/wp\/v2\/media?parent=3557"}],"wp:term":[{"taxonomy":"product_brand","embeddable":true,"href":"https:\/\/snoeck.de\/es\/wp-json\/wp\/v2\/product_brand?post=3557"},{"taxonomy":"product_cat","embeddable":true,"href":"https:\/\/snoeck.de\/es\/wp-json\/wp\/v2\/product_cat?post=3557"},{"taxonomy":"product_tag","embeddable":true,"href":"https:\/\/snoeck.de\/es\/wp-json\/wp\/v2\/product_tag?post=3557"}],"curies":[{"name":"wp","href":"https:\/\/api.w.org\/{rel}","templated":true}]}}