{"id":3558,"date":"2025-01-31T11:30:21","date_gmt":"2025-01-31T11:30:21","guid":{"rendered":"https:\/\/snoeck.process-vision.de\/shop\/sylvie-fleury-exhibition-history-1991-2023\/"},"modified":"2025-04-01T17:30:49","modified_gmt":"2025-04-01T17:30:49","slug":"sylvie-fleury-exhibition-history-1991-2023","status":"publish","type":"product","link":"https:\/\/snoeck.de\/es\/shop\/sylvie-fleury-exhibition-history-1991-2023\/","title":{"rendered":"Sylvie Fleury: historial de exposiciones 1991-2023"},"content":{"rendered":"<h3>Moda, Glamour, Estilo de vida<\/h3>\n<p>Cuando un museo de arte se transforma en un desfile de moda, Sylvie Fleury es sin duda la invitada. Desde hace unos 25 a\u00f1os, la artista juega ir\u00f3nicamente con los clich\u00e9s de g\u00e9nero y los estereotipos de la sociedad de consumo. Con \"Shoplifters from Venus\", el Kunst Museum Winterthur presenta por primera vez en Suiza en 15 a\u00f1os una amplia exposici\u00f3n individual de la artista ginebrina, en la que busca un di\u00e1logo con el modernismo y revela con fruici\u00f3n su influencia masculina. El libro que acompa\u00f1ar\u00e1 a la exposici\u00f3n es algo m\u00e1s que un cat\u00e1logo: Sigue la evoluci\u00f3n de la obra de la artista a partir de todas sus exposiciones individuales desde la d\u00e9cada de 1990. Los ensayos de Simon Baier, Konrad Bitterli y Elisabeth Bronfen arrojan luz sobre determinados aspectos de su obra, que no ha perdido nada de su contenido explosivo ni de su poder emancipador a lo largo de los a\u00f1os.<\/p>\n<p>Exposici\u00f3n:<br \/>\nMuseo de Arte de Winterthur, 3\/6 - 20\/8\/2023<\/p>","protected":false},"excerpt":{"rendered":"<p>Cat\u00e1logo de la exposici\u00f3n, Kunst Museum, editado por Konrad Bitterli, David Schmidhauser<br \/>\nTextos (alem\u00e1n\/ingl\u00e9s) de Konrad Bitterli, Simon Baier, Elisabeth Bronfen<br \/>\n208 p. con 600 ilustraciones, la mayor\u00eda en col. ilustraciones<br \/>\nFormato 29,5 x 22 cm, encuadernaci\u00f3n en tela con gofrado bicolor<\/p>","protected":false},"featured_media":4974,"template":"","meta":[],"product_brand":[],"product_cat":[87,63],"product_tag":[],"class_list":{"0":"post-3558","1":"product","2":"type-product","3":"status-publish","4":"has-post-thumbnail","6":"product_cat-87","7":"product_cat-f","9":"first","10":"instock","11":"taxable","12":"shipping-taxable","13":"purchasable","14":"product-type-simple"},"aioseo_notices":[],"_wp_attached_file":null,"_wp_attachment_metadata":null,"_wc_attachment_source":null,"_elementor_inline_svg":null,"_elementor_is_screenshot":null,"_elementor_source_image_hash":null,"_source_url":null,"_wp_attachment_context":null,"_menu_item_type":null,"_menu_item_menu_item_parent":null,"_menu_item_object_id":null,"_menu_item_object":null,"_menu_item_target":null,"_menu_item_classes":null,"_menu_item_xfn":null,"_menu_item_url":null,"__elementor_forms_snapshot":null,"_unit":"","_unit_base":"","_unit_product":"","_unit_price_auto":"no","_unit_price_regular":"","_unit_price":"","_unit_price_sale":"","_sale_price_label":"","_sale_price_regular_label":"","_manufacturer_slug":"","_mini_desc":"","_defect_description":"","_safety_instructions":"","_allergen_ids":[],"_warranty_attachment_id":"","_safety_attachment_ids":[],"_min_age":"","_ts_gtin":"","_ts_mpn":"","_delivery_time_countries":[],"_free_shipping":"no","_service":"no","_photovoltaic_system":"no","_used_good":"no","_defective_copy":"no","_wireless_electronic_device":"no","_device_contains_power_supply":"no","_device_charging_supports_usb_pd":"no","_device_charging_watt_min":"0","_device_charging_watt_max":"0","_is_food":"no","_differential_taxation":"no","_gzd_version":"3.18.7","_hs_code":"","_customs_description":"","_manufacture_country":"0","_is_non_returnable":"no","_shipping_length":"","_shipping_width":"","_shipping_height":"","_sku":"ISBN 978-3-86442-420-5","_global_unique_id":"978-3-86442-420-5","_regular_price":"48","total_sales":"5","_tax_status":"taxable","_tax_class":"","_manage_stock":"no","_backorders":"no","_sold_individually":"no","_weight":"1","_virtual":"no","_downloadable":"no","_download_limit":"-1","_download_expiry":"-1","_stock":"","_stock_status":"instock","_wc_average_rating":"0","_wc_review_count":"0","_product_version":"9.7.1","_price":"48","shopengine_product_views_count":"3080","_thumbnail_id":"4974","_product_attributes":{"erscheinungsdatum":{"name":"Fecha de publicaci\u00f3n","value":"07.08.2023","position":0,"is_visible":1,"is_variation":0,"is_taxonomy":0,"checkout_visible":0}},"_nutrient_ids":[],"_upsell_ids":null,"pswc_subtitle":null,"_default_delivery_time":null,"_wp_desired_post_slug":null,"_isbn":null,"pageType":null,"isExternalUrl":null,"pageId":null,"externalUrl":null,"hideCookieBanner":null,"isTargetBlank":null,"isProviderCurrentWebsite":null,"isEmbeddingOnlyExternalResources":null,"legalBasis":null,"dataProcessingInCountries":null,"dataProcessingInCountriesSpecialTreatments":null,"technicalDefinitions":null,"googleConsentModeConsentTypes":null,"executePriority":null,"executeCodeOptInWhenNoTagManagerConsentIsGiven":null,"executeCodeOptOutWhenNoTagManagerConsentIsGiven":null,"deleteTechnicalDefinitionsAfterOptOut":null,"presetId":null,"presetVersion":null,"provider":null,"providerContactPhone":null,"providerContactEmail":null,"providerContactLink":null,"uniqueName":null,"providerPrivacyPolicyUrl":null,"providerLegalNoticeUrl":null,"codeOptIn":null,"codeOptOut":null,"codeOnPageLoad":null,"language_code":null,"shopengine_template__post_meta__type":null,"shopengine_template__post_meta":null,"shopengine_template__post_meta__edit_with":null,"origin":null,"_enabled":null,"_filters":null,"_layout":null,"_elementor_import_session_id":null,"_wp_trash_meta_status":null,"_wp_trash_meta_time":null,"_edit_lock":"1743528509:2","_elementor_floating_elements_type":null,"_elementor_edit_mode":null,"_elementor_template_type":null,"tc-thumb-fld":{"_thumb_id":4974,"_thumb_type":"thumb"},"_wp_page_template":"default","_elementor_version":null,"_elementor_pro_version":null,"_elementor_page_settings":null,"_elementor_data":null,"_elementor_conditions":null,"_elementor_popup_display_settings":null,"_edit_last":"2","_elementor_template_sub_type":null,"_elementor_controls_usage":null,"_elementor_screenshot":null,"_elementor_css":null,"_elementor_page_assets":[],"_elementor_element_cache":null,"_elementor_screenshot_failed":null,"_elementor_source":null,"_wp_old_date":null,"layout_key":"","post_slider_check_key":"0","_links":{"self":[{"href":"https:\/\/snoeck.de\/es\/wp-json\/wp\/v2\/product\/3558","targetHints":{"allow":["GET"]}}],"collection":[{"href":"https:\/\/snoeck.de\/es\/wp-json\/wp\/v2\/product"}],"about":[{"href":"https:\/\/snoeck.de\/es\/wp-json\/wp\/v2\/types\/product"}],"wp:featuredmedia":[{"embeddable":true,"href":"https:\/\/snoeck.de\/es\/wp-json\/wp\/v2\/media\/4974"}],"wp:attachment":[{"href":"https:\/\/snoeck.de\/es\/wp-json\/wp\/v2\/media?parent=3558"}],"wp:term":[{"taxonomy":"product_brand","embeddable":true,"href":"https:\/\/snoeck.de\/es\/wp-json\/wp\/v2\/product_brand?post=3558"},{"taxonomy":"product_cat","embeddable":true,"href":"https:\/\/snoeck.de\/es\/wp-json\/wp\/v2\/product_cat?post=3558"},{"taxonomy":"product_tag","embeddable":true,"href":"https:\/\/snoeck.de\/es\/wp-json\/wp\/v2\/product_tag?post=3558"}],"curies":[{"name":"wp","href":"https:\/\/api.w.org\/{rel}","templated":true}]}}