{"id":3559,"date":"2025-01-31T11:30:21","date_gmt":"2025-01-31T11:30:21","guid":{"rendered":"https:\/\/snoeck.process-vision.de\/shop\/guenther-foerg-guenter-herburger-die-trilogie-der-tatzen\/"},"modified":"2025-04-01T17:28:57","modified_gmt":"2025-04-01T17:28:57","slug":"guenther-foerg-guenter-herburger-die-trilogie-der-tatzen","status":"publish","type":"product","link":"https:\/\/snoeck.de\/es\/shop\/guenther-foerg-guenter-herburger-die-trilogie-der-tatzen\/","title":{"rendered":"G\u00fcnther F\u00f6rg \/ G\u00fcnter Herburger: La trilog\u00eda de las patas"},"content":{"rendered":"<h3>Conocer a Valentin<\/h3>\n<p>Tras el volumen \"Acuarelas\" con Arnold Stadler, G\u00fcnther F\u00f6rg invit\u00f3 en 2008 a G\u00fcnter Herburger, otra voz literaria, a acompa\u00f1arle a \u00e9l y a su obra. Aqu\u00ed, sin embargo, el proceso fue diferente: mientras que el inimitable texto de Stadler, que reun\u00eda fragmentos y astillas de pensamiento del contexto de su nueva novela \"Komm, gehen wir\", se dirig\u00eda a las acuarelas de G\u00fcnther F\u00f6rg, G\u00fcnter Herburger esboz\u00f3 los lugares y fases de la vida del artista en una peque\u00f1a trilog\u00eda, a la que el artista respondi\u00f3 con una serie de monotipos. Lo especialmente atractivo para G\u00fcnther F\u00f6rg fue que Herburger bas\u00f3 sus tres textos en historias ilustradas que quer\u00edan llamar al espectador \"todo ha estado ah\u00ed antes\". El resultado fue un proyecto de di\u00e1logo entre disciplinas como no se hab\u00eda visto en los \u00faltimos a\u00f1os. G\u00fcnter Herburger es m\u00e1s conocido como autor por su novela \"Die Messe\" (1969) y el volumen en prosa \"Die Eroberung der Zitadelle\" (1972). Su trilog\u00eda \"Thuja\" (1977-1991) fue elogiada por su \"cr\u00edtica social sin ilusiones y a veces locura casi valentiniana\", y G\u00fcnter Herburger se hizo popular con sus libros infantiles \"Birne kann alles\" (1971) y \"Birne brennt durch\" (1975).<\/p>","protected":false},"excerpt":{"rendered":"<p>Con tres textos (alem\u00e1n\/ingl\u00e9s) y fotos en b\/n de G\u00fcnter Herburger<br \/>\n160 p. con 78 ilustraciones en b\/n y 48 en color<br \/>\nFormato 20,3 x 13,8 cm, tapa dura<\/p>","protected":false},"featured_media":4975,"template":"","meta":[],"product_brand":[],"product_cat":[116,63,92,65],"product_tag":[],"class_list":{"0":"post-3559","1":"product","2":"type-product","3":"status-publish","4":"has-post-thumbnail","6":"product_cat-116","7":"product_cat-f","8":"product_cat-guenther-foerg","9":"product_cat-h","11":"first","12":"instock","13":"taxable","14":"shipping-taxable","15":"purchasable","16":"product-type-simple"},"aioseo_notices":[],"_wp_attached_file":null,"_wp_attachment_metadata":null,"_wc_attachment_source":null,"_elementor_inline_svg":null,"_elementor_is_screenshot":null,"_elementor_source_image_hash":null,"_source_url":null,"_wp_attachment_context":null,"_menu_item_type":null,"_menu_item_menu_item_parent":null,"_menu_item_object_id":null,"_menu_item_object":null,"_menu_item_target":null,"_menu_item_classes":null,"_menu_item_xfn":null,"_menu_item_url":null,"__elementor_forms_snapshot":null,"_unit":"","_unit_base":"","_unit_product":"","_unit_price_auto":"no","_unit_price_regular":"","_unit_price":"","_unit_price_sale":"","_sale_price_label":"","_sale_price_regular_label":"","_manufacturer_slug":"","_mini_desc":"","_defect_description":"","_safety_instructions":"","_allergen_ids":[],"_warranty_attachment_id":"","_safety_attachment_ids":[],"_min_age":"","_ts_gtin":"","_ts_mpn":"","_delivery_time_countries":[],"_free_shipping":"no","_service":"no","_photovoltaic_system":"no","_used_good":"no","_defective_copy":"no","_wireless_electronic_device":"no","_device_contains_power_supply":"no","_device_charging_supports_usb_pd":"no","_device_charging_watt_min":"0","_device_charging_watt_max":"0","_is_food":"no","_differential_taxation":"no","_gzd_version":"3.18.7","_hs_code":"","_customs_description":"","_manufacture_country":"0","_is_non_returnable":"no","_shipping_length":"","_shipping_width":"","_shipping_height":"","_sku":"ISBN 978-3-936859-77-5","_global_unique_id":"978-3-936859-77-5","_regular_price":"68","total_sales":"0","_tax_status":"taxable","_tax_class":"","_manage_stock":"no","_backorders":"no","_sold_individually":"no","_weight":"1","_virtual":"no","_downloadable":"no","_download_limit":"-1","_download_expiry":"-1","_stock":"","_stock_status":"instock","_wc_average_rating":"0","_wc_review_count":"0","_product_version":"9.7.1","_price":"68","shopengine_product_views_count":"3087","_thumbnail_id":"4975","_product_attributes":{"erscheinungsdatum":{"name":"Erscheinungsdatum","value":"30.05.2008","position":0,"is_visible":1,"is_variation":0,"is_taxonomy":0,"checkout_visible":0}},"_nutrient_ids":[],"_upsell_ids":null,"pswc_subtitle":null,"_default_delivery_time":null,"_wp_desired_post_slug":null,"_isbn":null,"pageType":null,"isExternalUrl":null,"pageId":null,"externalUrl":null,"hideCookieBanner":null,"isTargetBlank":null,"isProviderCurrentWebsite":null,"isEmbeddingOnlyExternalResources":null,"legalBasis":null,"dataProcessingInCountries":null,"dataProcessingInCountriesSpecialTreatments":null,"technicalDefinitions":null,"googleConsentModeConsentTypes":null,"executePriority":null,"executeCodeOptInWhenNoTagManagerConsentIsGiven":null,"executeCodeOptOutWhenNoTagManagerConsentIsGiven":null,"deleteTechnicalDefinitionsAfterOptOut":null,"presetId":null,"presetVersion":null,"provider":null,"providerContactPhone":null,"providerContactEmail":null,"providerContactLink":null,"uniqueName":null,"providerPrivacyPolicyUrl":null,"providerLegalNoticeUrl":null,"codeOptIn":null,"codeOptOut":null,"codeOnPageLoad":null,"language_code":null,"shopengine_template__post_meta__type":null,"shopengine_template__post_meta":null,"shopengine_template__post_meta__edit_with":null,"origin":null,"_enabled":null,"_filters":null,"_layout":null,"_elementor_import_session_id":null,"_wp_trash_meta_status":null,"_wp_trash_meta_time":null,"_edit_lock":"1743528423:2","_elementor_floating_elements_type":null,"_elementor_edit_mode":null,"_elementor_template_type":null,"tc-thumb-fld":{"_thumb_id":4975,"_thumb_type":"thumb"},"_wp_page_template":"default","_elementor_version":null,"_elementor_pro_version":null,"_elementor_page_settings":null,"_elementor_data":null,"_elementor_conditions":null,"_elementor_popup_display_settings":null,"_edit_last":"2","_elementor_template_sub_type":null,"_elementor_controls_usage":null,"_elementor_screenshot":null,"_elementor_css":null,"_elementor_page_assets":[],"_elementor_element_cache":null,"_elementor_screenshot_failed":null,"_elementor_source":null,"_wp_old_date":null,"layout_key":"","post_slider_check_key":"0","_links":{"self":[{"href":"https:\/\/snoeck.de\/es\/wp-json\/wp\/v2\/product\/3559","targetHints":{"allow":["GET"]}}],"collection":[{"href":"https:\/\/snoeck.de\/es\/wp-json\/wp\/v2\/product"}],"about":[{"href":"https:\/\/snoeck.de\/es\/wp-json\/wp\/v2\/types\/product"}],"wp:featuredmedia":[{"embeddable":true,"href":"https:\/\/snoeck.de\/es\/wp-json\/wp\/v2\/media\/4975"}],"wp:attachment":[{"href":"https:\/\/snoeck.de\/es\/wp-json\/wp\/v2\/media?parent=3559"}],"wp:term":[{"taxonomy":"product_brand","embeddable":true,"href":"https:\/\/snoeck.de\/es\/wp-json\/wp\/v2\/product_brand?post=3559"},{"taxonomy":"product_cat","embeddable":true,"href":"https:\/\/snoeck.de\/es\/wp-json\/wp\/v2\/product_cat?post=3559"},{"taxonomy":"product_tag","embeddable":true,"href":"https:\/\/snoeck.de\/es\/wp-json\/wp\/v2\/product_tag?post=3559"}],"curies":[{"name":"wp","href":"https:\/\/api.w.org\/{rel}","templated":true}]}}