{"id":3561,"date":"2025-01-31T11:30:23","date_gmt":"2025-01-31T11:30:23","guid":{"rendered":"https:\/\/snoeck.process-vision.de\/shop\/guenther-foerg-back-and-forth\/"},"modified":"2025-04-01T17:24:06","modified_gmt":"2025-04-01T17:24:06","slug":"guenther-foerg-back-and-forth","status":"publish","type":"product","link":"https:\/\/snoeck.de\/es\/shop\/guenther-foerg-back-and-forth\/","title":{"rendered":"G\u00fcnther F\u00f6rg: de aqu\u00ed para all\u00e1"},"content":{"rendered":"<h3>Siempre en movimiento<\/h3>\n<p>M\u00e1s de 100 nuevos lienzos abstractos, cuidadosamente reproducidos en este libro en un formato inusual, son el resultado de una de las fases de trabajo m\u00e1s intensas de G\u00fcnther F\u00f6rg en los \u00faltimos a\u00f1os, entre finales del oto\u00f1o de 2008 y la primavera de 2009. El artista establece una secuencia de campos de color bien calculados en una cuadr\u00edcula b\u00e1sica que cambia de formato a formato, y cada cuadro individual tiene un ritmo colorido que se caracteriza por un alto grado de concentraci\u00f3n art\u00edstica y f\u00edsica. Por ello, no es casualidad que Rudi Fuchs encuentre una afinidad entre esta obra y el \u00faltimo y m\u00e1s inusual cuadro de Piet Mondrian, \"Victory Boogie Woogie\", en su texto ling\u00fc\u00edsticamente conmovedor, pero precisamente observador. Sin embargo, la organizaci\u00f3n de la paleta de colores, complementada por la estructura de los campos de color individuales, es lo que hace que la obra de G\u00fcnther F\u00f6rg sea tan diferente de sus predecesoras. Es m\u00e1s bien el movimiento libre de la pincelada, los ligeros movimientos ascendentes y los m\u00e1s en\u00e9rgicos descendentes, adem\u00e1s de la elecci\u00f3n del color, lo que catapulta cada composici\u00f3n individual m\u00e1s all\u00e1 de los resultados de toda la abstracci\u00f3n que hemos conocido hasta ahora. O como concluye Rudi Fuchs: \"Tanto si pintaba campos de colores vibrantes como cuadr\u00edculas irregulares de l\u00edneas fibrosas y crudas, siempre incorporaba a su ejecuci\u00f3n ingeniosas estrategias de refracci\u00f3n. La figuraci\u00f3n ten\u00eda que ceder para liberar la energ\u00eda primigenia de las pinceladas en su forma m\u00e1s pura: la abstracci\u00f3n feroz\".<\/p>","protected":false},"excerpt":{"rendered":"<p>Texto (eng.\/dt.) de Rudi Fuchs<br \/>\n160 p. con 102 ilustraciones en color<br \/>\nFormato 35 x 29 cm, encuadernaci\u00f3n en tela con t\u00edtulo y lomo en relieve, sobrecubierta con doble pliegue<\/p>","protected":false},"featured_media":4977,"template":"","meta":[],"product_brand":[],"product_cat":[113,63,92],"product_tag":[],"class_list":{"0":"post-3561","1":"product","2":"type-product","3":"status-publish","4":"has-post-thumbnail","6":"product_cat-113","7":"product_cat-f","8":"product_cat-guenther-foerg","10":"first","11":"instock","12":"taxable","13":"shipping-taxable","14":"purchasable","15":"product-type-simple"},"aioseo_notices":[],"_wp_attached_file":null,"_wp_attachment_metadata":null,"_wc_attachment_source":null,"_elementor_inline_svg":null,"_elementor_is_screenshot":null,"_elementor_source_image_hash":null,"_source_url":null,"_wp_attachment_context":null,"_menu_item_type":null,"_menu_item_menu_item_parent":null,"_menu_item_object_id":null,"_menu_item_object":null,"_menu_item_target":null,"_menu_item_classes":null,"_menu_item_xfn":null,"_menu_item_url":null,"__elementor_forms_snapshot":null,"_unit":"","_unit_base":"","_unit_product":"","_unit_price_auto":"no","_unit_price_regular":"","_unit_price":"","_unit_price_sale":"","_sale_price_label":"","_sale_price_regular_label":"","_manufacturer_slug":"","_mini_desc":"","_defect_description":"","_safety_instructions":"","_allergen_ids":[],"_warranty_attachment_id":"","_safety_attachment_ids":[],"_min_age":"","_ts_gtin":"","_ts_mpn":"","_delivery_time_countries":[],"_free_shipping":"no","_service":"no","_photovoltaic_system":"no","_used_good":"no","_defective_copy":"no","_wireless_electronic_device":"no","_device_contains_power_supply":"no","_device_charging_supports_usb_pd":"no","_device_charging_watt_min":"0","_device_charging_watt_max":"0","_is_food":"no","_differential_taxation":"no","_gzd_version":"3.18.7","_hs_code":"","_customs_description":"","_manufacture_country":"0","_is_non_returnable":"no","_shipping_length":"","_shipping_width":"","_shipping_height":"","_sku":"ISBN 978-3-936859-91-1","_global_unique_id":"978-3-936859-91-1","_regular_price":"198","total_sales":"0","_tax_status":"taxable","_tax_class":"","_manage_stock":"no","_backorders":"no","_sold_individually":"no","_weight":"3","_virtual":"no","_downloadable":"no","_download_limit":"-1","_download_expiry":"-1","_stock":"","_stock_status":"instock","_wc_average_rating":"0","_wc_review_count":"0","_product_version":"9.7.1","_price":"198","shopengine_product_views_count":"3562","_thumbnail_id":"4977","_product_attributes":{"erscheinungsdatum":{"name":"Fecha de publicaci\u00f3n","value":"10.06.2009","position":0,"is_visible":1,"is_variation":0,"is_taxonomy":0,"checkout_visible":0}},"_nutrient_ids":[],"_upsell_ids":null,"pswc_subtitle":null,"_default_delivery_time":null,"_wp_desired_post_slug":null,"_isbn":null,"pageType":null,"isExternalUrl":null,"pageId":null,"externalUrl":null,"hideCookieBanner":null,"isTargetBlank":null,"isProviderCurrentWebsite":null,"isEmbeddingOnlyExternalResources":null,"legalBasis":null,"dataProcessingInCountries":null,"dataProcessingInCountriesSpecialTreatments":null,"technicalDefinitions":null,"googleConsentModeConsentTypes":null,"executePriority":null,"executeCodeOptInWhenNoTagManagerConsentIsGiven":null,"executeCodeOptOutWhenNoTagManagerConsentIsGiven":null,"deleteTechnicalDefinitionsAfterOptOut":null,"presetId":null,"presetVersion":null,"provider":null,"providerContactPhone":null,"providerContactEmail":null,"providerContactLink":null,"uniqueName":null,"providerPrivacyPolicyUrl":null,"providerLegalNoticeUrl":null,"codeOptIn":null,"codeOptOut":null,"codeOnPageLoad":null,"language_code":null,"shopengine_template__post_meta__type":null,"shopengine_template__post_meta":null,"shopengine_template__post_meta__edit_with":null,"origin":null,"_enabled":null,"_filters":null,"_layout":null,"_elementor_import_session_id":null,"_wp_trash_meta_status":null,"_wp_trash_meta_time":null,"_edit_lock":"1743528105:2","_elementor_floating_elements_type":null,"_elementor_edit_mode":null,"_elementor_template_type":null,"tc-thumb-fld":{"_thumb_id":4977,"_thumb_type":"thumb"},"_wp_page_template":"default","_elementor_version":null,"_elementor_pro_version":null,"_elementor_page_settings":null,"_elementor_data":null,"_elementor_conditions":null,"_elementor_popup_display_settings":null,"_edit_last":"2","_elementor_template_sub_type":null,"_elementor_controls_usage":null,"_elementor_screenshot":null,"_elementor_css":null,"_elementor_page_assets":[],"_elementor_element_cache":null,"_elementor_screenshot_failed":null,"_elementor_source":null,"_wp_old_date":null,"layout_key":"","post_slider_check_key":"0","_links":{"self":[{"href":"https:\/\/snoeck.de\/es\/wp-json\/wp\/v2\/product\/3561","targetHints":{"allow":["GET"]}}],"collection":[{"href":"https:\/\/snoeck.de\/es\/wp-json\/wp\/v2\/product"}],"about":[{"href":"https:\/\/snoeck.de\/es\/wp-json\/wp\/v2\/types\/product"}],"wp:featuredmedia":[{"embeddable":true,"href":"https:\/\/snoeck.de\/es\/wp-json\/wp\/v2\/media\/4977"}],"wp:attachment":[{"href":"https:\/\/snoeck.de\/es\/wp-json\/wp\/v2\/media?parent=3561"}],"wp:term":[{"taxonomy":"product_brand","embeddable":true,"href":"https:\/\/snoeck.de\/es\/wp-json\/wp\/v2\/product_brand?post=3561"},{"taxonomy":"product_cat","embeddable":true,"href":"https:\/\/snoeck.de\/es\/wp-json\/wp\/v2\/product_cat?post=3561"},{"taxonomy":"product_tag","embeddable":true,"href":"https:\/\/snoeck.de\/es\/wp-json\/wp\/v2\/product_tag?post=3561"}],"curies":[{"name":"wp","href":"https:\/\/api.w.org\/{rel}","templated":true}]}}