{"id":3562,"date":"2025-01-31T11:30:23","date_gmt":"2025-01-31T11:30:23","guid":{"rendered":"https:\/\/snoeck.process-vision.de\/shop\/guenther-foerg-felder-raender\/"},"modified":"2025-04-01T17:26:02","modified_gmt":"2025-04-01T17:26:02","slug":"guenther-foerg-felder-raender","status":"publish","type":"product","link":"https:\/\/snoeck.de\/es\/shop\/guenther-foerg-felder-raender\/","title":{"rendered":"G\u00fcnther F\u00f6rg: Campos - M\u00e1rgenes"},"content":{"rendered":"<h3>Fearless F\u00f6rg ...<\/h3>\n<p>escribe Rudi Fuchs y prosigue: \"Hay una cierta cronolog\u00eda en la obra de G\u00fcnther F\u00f6rg: cu\u00e1ndo utiliz\u00f3 una determinada estrategia por primera vez y lo que vino despu\u00e9s. Pero tiene poco sentido en vista de su m\u00e9todo de trabajo. Mondrian, al parecer, hizo una variaci\u00f3n tras otra en su fase abstracta, cada vez m\u00e1s precisa que la anterior. Existe la idea de progreso en su arte. G\u00fcnther F\u00f6rg, en cambio, da vueltas en c\u00edrculo. As\u00ed que no hay raz\u00f3n para que un dise\u00f1o concreto no vuelva a utilizarse. Con cada nueva aplicaci\u00f3n de un dise\u00f1o, surgir\u00e1n nuevos efectos, que entrar\u00e1n en su repertorio siempre creciente como conocimiento art\u00edstico. Por ejemplo, considere el siguiente dise\u00f1o: cuadr\u00edculas pintadas de l\u00edneas muy cortas que se cruzan. Las cuadr\u00edculas pueden ser sueltas o compactas, ricamente coloreadas o dispersas. Por \u00faltimo, tambi\u00e9n se puede variar la longitud de las l\u00edneas o combinar fragmentos de diferentes cuadr\u00edculas de forma suelta y aleatoria para crear una especie de collage. En la reciente exposici\u00f3n de Z\u00farich, vi tambi\u00e9n un cuadro con una cuadr\u00edcula muy densa en rojo fuego, m\u00e1s luminoso de lo que hab\u00eda visto nunca. Otra nueva invenci\u00f3n: al parecer, el m\u00e9todo de la cuadr\u00edcula es inagotable en la forma relajada en que G\u00fcnther F\u00f6rg lo utiliza. Es un aventurero. Los primeros maestros abstractos ten\u00edan la necesidad de controlar su pr\u00e1ctica. Mondrian y Malevich eran muy circunspectos. Sabemos por sus escritos hasta qu\u00e9 punto ve\u00edan su arte como algo espiritual. Necesitaban esa sensaci\u00f3n de afirmaci\u00f3n. Schwitters y Mir\u00f2 ten\u00edan menos principios, pero segu\u00edan teniendo la peculiaridad filos\u00f3fica de hacer arte abstracto como una responsabilidad. A G\u00fcnther F\u00f6rg no le preocupa ninguno de estos obst\u00e1culos. Por eso, en su lac\u00f3nico dise\u00f1o de construcciones pict\u00f3ricas, es capaz de desplegar y realizar todo el espectro de riqueza visual que s\u00f3lo el arte abstracto puede ofrecer. Tras una larga carrera en el arte geom\u00e9trico, su gran colega Sol Lewitt comenz\u00f3 a producir dibujos coloristas con l\u00edneas ondulantes. \u00bfUna violaci\u00f3n del principio? Eso pensaban algunos cr\u00edticos: Sol se hab\u00eda desviado. \u00bfPor qu\u00e9? Sol se qued\u00f3 callado un momento y luego dijo: \u00bfPor qu\u00e9 no? Efectivamente. En este punto, tambi\u00e9n en la obra de G\u00fcnther F\u00f6rg, ha llegado el arte abstracto, la grandiosa invenci\u00f3n moderna, al manejo exhaustivo, sin restricciones y sin miedo de todas sus formas y medios\".<\/p>","protected":false},"excerpt":{"rendered":"<p>Textos (ital.\/dt.\/eng.) de Rudi Fuchs, Max Wechsler<br \/>\n144 p. con 100 ilustraciones en color<br \/>\nFormato 32 x 24,5 mm, encuadernaci\u00f3n en tela, t\u00edtulo y lomo en relieve, sobrecubierta con doble pliegue<\/p>","protected":false},"featured_media":4978,"template":"","meta":[],"product_brand":[],"product_cat":[117,63,92],"product_tag":[],"class_list":{"0":"post-3562","1":"product","2":"type-product","3":"status-publish","4":"has-post-thumbnail","6":"product_cat-117","7":"product_cat-f","8":"product_cat-guenther-foerg","10":"first","11":"instock","12":"taxable","13":"shipping-taxable","14":"purchasable","15":"product-type-simple"},"aioseo_notices":[],"_wp_attached_file":null,"_wp_attachment_metadata":null,"_wc_attachment_source":null,"_elementor_inline_svg":null,"_elementor_is_screenshot":null,"_elementor_source_image_hash":null,"_source_url":null,"_wp_attachment_context":null,"_menu_item_type":null,"_menu_item_menu_item_parent":null,"_menu_item_object_id":null,"_menu_item_object":null,"_menu_item_target":null,"_menu_item_classes":null,"_menu_item_xfn":null,"_menu_item_url":null,"__elementor_forms_snapshot":null,"_unit":"","_unit_base":"","_unit_product":"","_unit_price_auto":"no","_unit_price_regular":"","_unit_price":"","_unit_price_sale":"","_sale_price_label":"","_sale_price_regular_label":"","_manufacturer_slug":"","_mini_desc":"","_defect_description":"","_safety_instructions":"","_allergen_ids":[],"_warranty_attachment_id":"","_safety_attachment_ids":[],"_min_age":"","_ts_gtin":"","_ts_mpn":"","_delivery_time_countries":[],"_free_shipping":"no","_service":"no","_photovoltaic_system":"no","_used_good":"no","_defective_copy":"no","_wireless_electronic_device":"no","_device_contains_power_supply":"no","_device_charging_supports_usb_pd":"no","_device_charging_watt_min":"0","_device_charging_watt_max":"0","_is_food":"no","_differential_taxation":"no","_gzd_version":"3.18.7","_hs_code":"","_customs_description":"","_manufacture_country":"0","_is_non_returnable":"no","_shipping_length":"","_shipping_width":"","_shipping_height":"","_sku":"ISBN 978-3-936859-65-2","_global_unique_id":"978-3-936859-65-2","_regular_price":"148","total_sales":"0","_tax_status":"taxable","_tax_class":"","_manage_stock":"no","_backorders":"no","_sold_individually":"no","_weight":"2","_virtual":"no","_downloadable":"no","_download_limit":"-1","_download_expiry":"-1","_stock":"","_stock_status":"instock","_wc_average_rating":"0","_wc_review_count":"0","_product_version":"9.7.1","_price":"148","shopengine_product_views_count":"3217","_thumbnail_id":"4978","_product_attributes":{"erscheinungsdatum":{"name":"Fecha de publicaci\u00f3n","value":"15.05.2007","position":0,"is_visible":1,"is_variation":0,"is_taxonomy":0,"checkout_visible":0}},"_nutrient_ids":[],"_upsell_ids":null,"pswc_subtitle":null,"_default_delivery_time":null,"_wp_desired_post_slug":null,"_isbn":null,"pageType":null,"isExternalUrl":null,"pageId":null,"externalUrl":null,"hideCookieBanner":null,"isTargetBlank":null,"isProviderCurrentWebsite":null,"isEmbeddingOnlyExternalResources":null,"legalBasis":null,"dataProcessingInCountries":null,"dataProcessingInCountriesSpecialTreatments":null,"technicalDefinitions":null,"googleConsentModeConsentTypes":null,"executePriority":null,"executeCodeOptInWhenNoTagManagerConsentIsGiven":null,"executeCodeOptOutWhenNoTagManagerConsentIsGiven":null,"deleteTechnicalDefinitionsAfterOptOut":null,"presetId":null,"presetVersion":null,"provider":null,"providerContactPhone":null,"providerContactEmail":null,"providerContactLink":null,"uniqueName":null,"providerPrivacyPolicyUrl":null,"providerLegalNoticeUrl":null,"codeOptIn":null,"codeOptOut":null,"codeOnPageLoad":null,"language_code":null,"shopengine_template__post_meta__type":null,"shopengine_template__post_meta":null,"shopengine_template__post_meta__edit_with":null,"origin":null,"_enabled":null,"_filters":null,"_layout":null,"_elementor_import_session_id":null,"_wp_trash_meta_status":null,"_wp_trash_meta_time":null,"_edit_lock":"1743528224:2","_elementor_floating_elements_type":null,"_elementor_edit_mode":null,"_elementor_template_type":null,"tc-thumb-fld":{"_thumb_id":4978,"_thumb_type":"thumb"},"_wp_page_template":"default","_elementor_version":null,"_elementor_pro_version":null,"_elementor_page_settings":null,"_elementor_data":null,"_elementor_conditions":null,"_elementor_popup_display_settings":null,"_edit_last":"2","_elementor_template_sub_type":null,"_elementor_controls_usage":null,"_elementor_screenshot":null,"_elementor_css":null,"_elementor_page_assets":[],"_elementor_element_cache":null,"_elementor_screenshot_failed":null,"_elementor_source":null,"_wp_old_date":null,"layout_key":"","post_slider_check_key":"0","_links":{"self":[{"href":"https:\/\/snoeck.de\/es\/wp-json\/wp\/v2\/product\/3562","targetHints":{"allow":["GET"]}}],"collection":[{"href":"https:\/\/snoeck.de\/es\/wp-json\/wp\/v2\/product"}],"about":[{"href":"https:\/\/snoeck.de\/es\/wp-json\/wp\/v2\/types\/product"}],"wp:featuredmedia":[{"embeddable":true,"href":"https:\/\/snoeck.de\/es\/wp-json\/wp\/v2\/media\/4978"}],"wp:attachment":[{"href":"https:\/\/snoeck.de\/es\/wp-json\/wp\/v2\/media?parent=3562"}],"wp:term":[{"taxonomy":"product_brand","embeddable":true,"href":"https:\/\/snoeck.de\/es\/wp-json\/wp\/v2\/product_brand?post=3562"},{"taxonomy":"product_cat","embeddable":true,"href":"https:\/\/snoeck.de\/es\/wp-json\/wp\/v2\/product_cat?post=3562"},{"taxonomy":"product_tag","embeddable":true,"href":"https:\/\/snoeck.de\/es\/wp-json\/wp\/v2\/product_tag?post=3562"}],"curies":[{"name":"wp","href":"https:\/\/api.w.org\/{rel}","templated":true}]}}