{"id":3563,"date":"2025-01-31T11:30:24","date_gmt":"2025-01-31T11:30:24","guid":{"rendered":"https:\/\/snoeck.process-vision.de\/shop\/guenther-foerg-gazzetta-dello-sport\/"},"modified":"2025-04-01T17:22:28","modified_gmt":"2025-04-01T17:22:28","slug":"guenther-foerg-gazzetta-dello-sport","status":"publish","type":"product","link":"https:\/\/snoeck.de\/es\/shop\/guenther-foerg-gazzetta-dello-sport\/","title":{"rendered":"G\u00fcnther F\u00f6rg: Gazzetta dello Sport"},"content":{"rendered":"<h3>P\u00e1ginas coloreadas de aficionados al f\u00fatbol<\/h3>\n<p>Para el \"culto\" pero \"fan\u00e1tico\" aficionado al f\u00fatbol, la \"Gazzetta dello Sport\", que se publica diariamente en papel de peri\u00f3dico de color rosa desde hace casi 120 a\u00f1os, ya era la prueba de Dios en Italia hace m\u00e1s de 25 a\u00f1os: \"Maradonna = Dios\" fue uno de los titulares cuando Argentina se proclam\u00f3 campeona del mundo contra Alemania. Puede que fueran instant\u00e1neas como \u00e9sta las que impulsaron a G\u00fcnther F\u00f6rg a reelaborar el material de partida, b\u00e1sicamente barato, del papel de peri\u00f3dico impreso en rosa. En 2006 complet\u00f3 una serie de cuatro obras acr\u00edlicas de gran formato (2,10 x 3 metros), seis de tama\u00f1o medio (1 x 1 metro 50) y 64 peque\u00f1as (53 x 76 cm cada una), que superponen las columnas de los peri\u00f3dicos en formas libres. Los motivos cuadriculados refuerzan y sostienen la superposici\u00f3n con la plantilla de color rosa, y G\u00fcnther F\u00f6rg afin\u00f3 as\u00ed uno de sus fant\u00e1sticos motivos pict\u00f3ricos de una forma completamente nueva.<\/p>\n<p>Exposici\u00f3n:<br \/>\nGaler\u00eda B\u00e4rbel Gr\u00e4sslin Frankfurt, 13\/5 - 20\/6\/2006<\/p>","protected":false},"excerpt":{"rendered":"<p>Cat\u00e1logo de la exposici\u00f3n, publicado por la Galerie Gr\u00e4sslin<br \/>\nTextos (alem\u00e1n\/ingl\u00e9s) de Valentina Avon, Max Wechsler<br \/>\n54 p. con 80 ilustraciones en color<br \/>\nFormato 28 x 30 cm, encuadernaci\u00f3n en tela gofrada con sobrecubierta<\/p>","protected":false},"featured_media":4979,"template":"","meta":[],"product_brand":[],"product_cat":[109,63,92],"product_tag":[],"class_list":{"0":"post-3563","1":"product","2":"type-product","3":"status-publish","4":"has-post-thumbnail","6":"product_cat-109","7":"product_cat-f","8":"product_cat-guenther-foerg","10":"first","11":"instock","12":"taxable","13":"shipping-taxable","14":"purchasable","15":"product-type-simple"},"aioseo_notices":[],"_wp_attached_file":null,"_wp_attachment_metadata":null,"_wc_attachment_source":null,"_elementor_inline_svg":null,"_elementor_is_screenshot":null,"_elementor_source_image_hash":null,"_source_url":null,"_wp_attachment_context":null,"_menu_item_type":null,"_menu_item_menu_item_parent":null,"_menu_item_object_id":null,"_menu_item_object":null,"_menu_item_target":null,"_menu_item_classes":null,"_menu_item_xfn":null,"_menu_item_url":null,"__elementor_forms_snapshot":null,"_unit":"","_unit_base":"","_unit_product":"","_unit_price_auto":"no","_unit_price_regular":"","_unit_price":"","_unit_price_sale":"","_sale_price_label":"","_sale_price_regular_label":"","_manufacturer_slug":"","_mini_desc":"","_defect_description":"","_safety_instructions":"","_allergen_ids":[],"_warranty_attachment_id":"","_safety_attachment_ids":[],"_min_age":"","_ts_gtin":"","_ts_mpn":"","_delivery_time_countries":[],"_free_shipping":"no","_service":"no","_photovoltaic_system":"no","_used_good":"no","_defective_copy":"no","_wireless_electronic_device":"no","_device_contains_power_supply":"no","_device_charging_supports_usb_pd":"no","_device_charging_watt_min":"0","_device_charging_watt_max":"0","_is_food":"no","_differential_taxation":"no","_gzd_version":"3.18.7","_hs_code":"","_customs_description":"","_manufacture_country":"0","_is_non_returnable":"no","_shipping_length":"","_shipping_width":"","_shipping_height":"","_sku":"ISBN 978-3-936859-43-0","_global_unique_id":"978-3-936859-43-0","_regular_price":"98","total_sales":"1","_tax_status":"taxable","_tax_class":"","_manage_stock":"no","_backorders":"no","_sold_individually":"no","_weight":"1","_virtual":"no","_downloadable":"no","_download_limit":"-1","_download_expiry":"-1","_stock":"","_stock_status":"instock","_wc_average_rating":"0","_wc_review_count":"0","_product_version":"9.7.1","_price":"98","shopengine_product_views_count":"3487","_thumbnail_id":"4979","_product_attributes":{"erscheinungsdatum":{"name":"Fecha de publicaci\u00f3n","value":"30.03.2006","position":0,"is_visible":1,"is_variation":0,"is_taxonomy":0,"checkout_visible":0}},"_nutrient_ids":[],"_upsell_ids":null,"pswc_subtitle":null,"_default_delivery_time":null,"_wp_desired_post_slug":null,"_isbn":null,"pageType":null,"isExternalUrl":null,"pageId":null,"externalUrl":null,"hideCookieBanner":null,"isTargetBlank":null,"isProviderCurrentWebsite":null,"isEmbeddingOnlyExternalResources":null,"legalBasis":null,"dataProcessingInCountries":null,"dataProcessingInCountriesSpecialTreatments":null,"technicalDefinitions":null,"googleConsentModeConsentTypes":null,"executePriority":null,"executeCodeOptInWhenNoTagManagerConsentIsGiven":null,"executeCodeOptOutWhenNoTagManagerConsentIsGiven":null,"deleteTechnicalDefinitionsAfterOptOut":null,"presetId":null,"presetVersion":null,"provider":null,"providerContactPhone":null,"providerContactEmail":null,"providerContactLink":null,"uniqueName":null,"providerPrivacyPolicyUrl":null,"providerLegalNoticeUrl":null,"codeOptIn":null,"codeOptOut":null,"codeOnPageLoad":null,"language_code":null,"shopengine_template__post_meta__type":null,"shopengine_template__post_meta":null,"shopengine_template__post_meta__edit_with":null,"origin":null,"_enabled":null,"_filters":null,"_layout":null,"_elementor_import_session_id":null,"_wp_trash_meta_status":null,"_wp_trash_meta_time":null,"_edit_lock":"1743528008:2","_elementor_floating_elements_type":null,"_elementor_edit_mode":null,"_elementor_template_type":null,"tc-thumb-fld":{"_thumb_id":4979,"_thumb_type":"thumb"},"_wp_page_template":"default","_elementor_version":null,"_elementor_pro_version":null,"_elementor_page_settings":null,"_elementor_data":null,"_elementor_conditions":null,"_elementor_popup_display_settings":null,"_edit_last":"2","_elementor_template_sub_type":null,"_elementor_controls_usage":null,"_elementor_screenshot":null,"_elementor_css":null,"_elementor_page_assets":[],"_elementor_element_cache":null,"_elementor_screenshot_failed":null,"_elementor_source":null,"_wp_old_date":null,"layout_key":"","post_slider_check_key":"0","_links":{"self":[{"href":"https:\/\/snoeck.de\/es\/wp-json\/wp\/v2\/product\/3563","targetHints":{"allow":["GET"]}}],"collection":[{"href":"https:\/\/snoeck.de\/es\/wp-json\/wp\/v2\/product"}],"about":[{"href":"https:\/\/snoeck.de\/es\/wp-json\/wp\/v2\/types\/product"}],"wp:featuredmedia":[{"embeddable":true,"href":"https:\/\/snoeck.de\/es\/wp-json\/wp\/v2\/media\/4979"}],"wp:attachment":[{"href":"https:\/\/snoeck.de\/es\/wp-json\/wp\/v2\/media?parent=3563"}],"wp:term":[{"taxonomy":"product_brand","embeddable":true,"href":"https:\/\/snoeck.de\/es\/wp-json\/wp\/v2\/product_brand?post=3563"},{"taxonomy":"product_cat","embeddable":true,"href":"https:\/\/snoeck.de\/es\/wp-json\/wp\/v2\/product_cat?post=3563"},{"taxonomy":"product_tag","embeddable":true,"href":"https:\/\/snoeck.de\/es\/wp-json\/wp\/v2\/product_tag?post=3563"}],"curies":[{"name":"wp","href":"https:\/\/api.w.org\/{rel}","templated":true}]}}