{"id":3564,"date":"2025-01-31T11:30:24","date_gmt":"2025-01-31T11:30:24","guid":{"rendered":"https:\/\/snoeck.process-vision.de\/shop\/guenther-foerg-kunsthalle-bremen-fotografie\/"},"modified":"2025-04-01T17:18:39","modified_gmt":"2025-04-01T17:18:39","slug":"guenther-foerg-kunsthalle-bremen-fotografie","status":"publish","type":"product","link":"https:\/\/snoeck.de\/es\/shop\/guenther-foerg-kunsthalle-bremen-fotografie\/","title":{"rendered":"G\u00fcnther F\u00f6rg: Kunsthalle Bremen - Fotograf\u00eda"},"content":{"rendered":"<h3>G\u00fcnther F\u00f6rg en la Kunsthalle Bremen: Fotograf\u00eda<\/h3>\n<p>La Kunsthalle Bremen dedic\u00f3 una exposici\u00f3n monogr\u00e1fica a la amplia obra fotogr\u00e1fica de G\u00fcnther F\u00f6rg sobre la arquitectura modernista con obras de gran formato de 1982 a 2004. La exposici\u00f3n de G\u00fcnther F\u00f6rg en la Kunstverein M\u00fcnster fue la primera en la que causaron un gran revuelo las obras de aproximadamente 2 metros 40 por 1 metro 60 que reflejaban la arquitectura del espacio. La muestra de Bremen las inclu\u00eda ahora, adem\u00e1s de retratos anteriores, autorretratos y obras procedentes de Italia sobre la arquitectura de Guiseppe Terragni. Adem\u00e1s, estaban la escalera de la Alte Pinakothek de M\u00fanich, de Hans D\u00f6llgast, as\u00ed como las escaleras de Madrid y Atenas y, a partir de 1986, los cuadros de la Villa Wittgenstein. Tambi\u00e9n se agrupan las fachadas de Melnikov, fachadas de Tel Aviv y Speicherstadt de Hamburgo de 1997, as\u00ed como fotograf\u00edas de la Escuela de Periodismo de \u00c1lvaro Siza en Santiago de Compostela de 2003. El libro, compilado \u00edntegramente en secuencia por el propio artista, mezcla de nuevo la muestra de su obra con fotograf\u00edas tan famosas como las de Villa Malaparte, Villa Tugenhat de Mies van der Rohe o Haus Lange en Krefeld.<\/p>\n<p>Exposici\u00f3n:<br \/>\nKunsthalle Bremen, 11\/6 - 16\/7\/2006<\/p>","protected":false},"excerpt":{"rendered":"<p>Cat\u00e1logo de la exposici\u00f3n, publicado por Kunstverein y Kunsthalle Bremen<br \/>\nTexto (alem\u00e1n\/ingl\u00e9s) de Max Wechsler<br \/>\n172 p. con 162 ilustraciones en color y duotono<br \/>\nFormato 32 x 22,5 cm, tapa dura con sobrecubierta<\/p>","protected":false},"featured_media":4980,"template":"","meta":[],"product_brand":[],"product_cat":[109,63,92],"product_tag":[],"class_list":{"0":"post-3564","1":"product","2":"type-product","3":"status-publish","4":"has-post-thumbnail","6":"product_cat-109","7":"product_cat-f","8":"product_cat-guenther-foerg","10":"first","11":"instock","12":"taxable","13":"shipping-taxable","14":"purchasable","15":"product-type-simple"},"aioseo_notices":[],"_wp_attached_file":null,"_wp_attachment_metadata":null,"_wc_attachment_source":null,"_elementor_inline_svg":null,"_elementor_is_screenshot":null,"_elementor_source_image_hash":null,"_source_url":null,"_wp_attachment_context":null,"_menu_item_type":null,"_menu_item_menu_item_parent":null,"_menu_item_object_id":null,"_menu_item_object":null,"_menu_item_target":null,"_menu_item_classes":null,"_menu_item_xfn":null,"_menu_item_url":null,"__elementor_forms_snapshot":null,"_unit":"","_unit_base":"","_unit_product":"","_unit_price_auto":"no","_unit_price_regular":"","_unit_price":"","_unit_price_sale":"","_sale_price_label":"","_sale_price_regular_label":"","_manufacturer_slug":"","_mini_desc":"","_defect_description":"","_safety_instructions":"","_allergen_ids":[],"_warranty_attachment_id":"","_safety_attachment_ids":[],"_min_age":"","_ts_gtin":"","_ts_mpn":"","_delivery_time_countries":[],"_free_shipping":"no","_service":"no","_photovoltaic_system":"no","_used_good":"no","_defective_copy":"no","_wireless_electronic_device":"no","_device_contains_power_supply":"no","_device_charging_supports_usb_pd":"no","_device_charging_watt_min":"0","_device_charging_watt_max":"0","_is_food":"no","_differential_taxation":"no","_gzd_version":"3.18.7","_hs_code":"","_customs_description":"","_manufacture_country":"0","_is_non_returnable":"no","_shipping_length":"","_shipping_width":"","_shipping_height":"","_sku":"ISBN 978-3-936859-44-7","_global_unique_id":"978-3-936859-44-7","_regular_price":"148","total_sales":"0","_tax_status":"taxable","_tax_class":"","_manage_stock":"no","_backorders":"no","_sold_individually":"no","_weight":"2","_virtual":"no","_downloadable":"no","_download_limit":"-1","_download_expiry":"-1","_stock":"","_stock_status":"instock","_wc_average_rating":"0","_wc_review_count":"0","_product_version":"9.7.1","_price":"148","shopengine_product_views_count":"2769","_thumbnail_id":"4980","_product_attributes":{"erscheinungsdatum":{"name":"Fecha de publicaci\u00f3n","value":"11.06.2006","position":0,"is_visible":1,"is_variation":0,"is_taxonomy":0,"checkout_visible":0}},"_nutrient_ids":[],"_upsell_ids":null,"pswc_subtitle":null,"_default_delivery_time":null,"_wp_desired_post_slug":null,"_isbn":null,"pageType":null,"isExternalUrl":null,"pageId":null,"externalUrl":null,"hideCookieBanner":null,"isTargetBlank":null,"isProviderCurrentWebsite":null,"isEmbeddingOnlyExternalResources":null,"legalBasis":null,"dataProcessingInCountries":null,"dataProcessingInCountriesSpecialTreatments":null,"technicalDefinitions":null,"googleConsentModeConsentTypes":null,"executePriority":null,"executeCodeOptInWhenNoTagManagerConsentIsGiven":null,"executeCodeOptOutWhenNoTagManagerConsentIsGiven":null,"deleteTechnicalDefinitionsAfterOptOut":null,"presetId":null,"presetVersion":null,"provider":null,"providerContactPhone":null,"providerContactEmail":null,"providerContactLink":null,"uniqueName":null,"providerPrivacyPolicyUrl":null,"providerLegalNoticeUrl":null,"codeOptIn":null,"codeOptOut":null,"codeOnPageLoad":null,"language_code":null,"shopengine_template__post_meta__type":null,"shopengine_template__post_meta":null,"shopengine_template__post_meta__edit_with":null,"origin":null,"_enabled":null,"_filters":null,"_layout":null,"_elementor_import_session_id":null,"_wp_trash_meta_status":null,"_wp_trash_meta_time":null,"_edit_lock":"1743527785:2","_elementor_floating_elements_type":null,"_elementor_edit_mode":null,"_elementor_template_type":null,"tc-thumb-fld":{"_thumb_id":4980,"_thumb_type":"thumb"},"_wp_page_template":"default","_elementor_version":null,"_elementor_pro_version":null,"_elementor_page_settings":null,"_elementor_data":null,"_elementor_conditions":null,"_elementor_popup_display_settings":null,"_edit_last":"2","_elementor_template_sub_type":null,"_elementor_controls_usage":null,"_elementor_screenshot":null,"_elementor_css":null,"_elementor_page_assets":[],"_elementor_element_cache":null,"_elementor_screenshot_failed":null,"_elementor_source":null,"_wp_old_date":null,"layout_key":"","post_slider_check_key":"0","_links":{"self":[{"href":"https:\/\/snoeck.de\/es\/wp-json\/wp\/v2\/product\/3564","targetHints":{"allow":["GET"]}}],"collection":[{"href":"https:\/\/snoeck.de\/es\/wp-json\/wp\/v2\/product"}],"about":[{"href":"https:\/\/snoeck.de\/es\/wp-json\/wp\/v2\/types\/product"}],"wp:featuredmedia":[{"embeddable":true,"href":"https:\/\/snoeck.de\/es\/wp-json\/wp\/v2\/media\/4980"}],"wp:attachment":[{"href":"https:\/\/snoeck.de\/es\/wp-json\/wp\/v2\/media?parent=3564"}],"wp:term":[{"taxonomy":"product_brand","embeddable":true,"href":"https:\/\/snoeck.de\/es\/wp-json\/wp\/v2\/product_brand?post=3564"},{"taxonomy":"product_cat","embeddable":true,"href":"https:\/\/snoeck.de\/es\/wp-json\/wp\/v2\/product_cat?post=3564"},{"taxonomy":"product_tag","embeddable":true,"href":"https:\/\/snoeck.de\/es\/wp-json\/wp\/v2\/product_tag?post=3564"}],"curies":[{"name":"wp","href":"https:\/\/api.w.org\/{rel}","templated":true}]}}