{"id":3565,"date":"2025-01-31T11:30:25","date_gmt":"2025-01-31T11:30:25","guid":{"rendered":"https:\/\/snoeck.process-vision.de\/shop\/guenther-foerg-laissez-un-message\/"},"modified":"2025-04-01T17:17:15","modified_gmt":"2025-04-01T17:17:15","slug":"guenther-foerg-laissez-un-message","status":"publish","type":"product","link":"https:\/\/snoeck.de\/es\/shop\/guenther-foerg-laissez-un-message\/","title":{"rendered":"G\u00fcnther F\u00f6rg: Deja un mensaje"},"content":{"rendered":"<h3>Deje un mensaje<\/h3>\n<p>Con motivo del 50 cumplea\u00f1os de G\u00fcnther F\u00f6rg, sus amigos, con Reiner Speck como editor iniciador, acordaron un libro que, gracias a la aportaci\u00f3n de 50 acuarelas del propio G\u00fcnther F\u00f6rg, se ha convertido en un libro de artista. Ya fuera con sensibilidad, como Rudi Fuchs traza una acuarela, con un largo aliento de historia del arte, como Siegfried Gohr aborda el motivo de la ventana, de forma alegre y subterr\u00e1nea, como Rudolf Schmitz entona un poema, o a un gran ritmo narrativo, como Johannes Gachnang se asoma a la ventana en una c\u00e1lida noche de verano en Mil\u00e1n, siempre hubo enfoques profundos y amistosos basados en una gran y penetrante pericia. Las acuarelas eran casi alegres, los primeros indicios en la obra de G\u00fcnther F\u00f6rg de que sab\u00eda afirmarse entre Eros y T\u00e1natos cuando vest\u00eda y desvest\u00eda a mujeres como durmientes, ba\u00f1istas o posadoras con toques de color.<\/p>","protected":false},"excerpt":{"rendered":"<p>Editado por Reiner Speck<br \/>\nCon contribuciones (en alem\u00e1n) de Jean Fr\u00e9mon, Rudi Fuchs, Johannes Gachnang, Siegfried Gohr, Kay Heymer, Veit Loers, Ingrid Rein, Rudolf Schmitz, Reiner Speck y Heliod Spiekermann.<br \/>\n108 p. con 50 ilustraciones en color a toda p\u00e1gina<br \/>\nFormato 30 x 21 cm, encuadernaci\u00f3n en tela con sobrecubierta<br \/>\n800 Ex. firmado y numerado<\/p>","protected":false},"featured_media":4981,"template":"","meta":[],"product_brand":[],"product_cat":[114,63,92,69,70],"product_tag":[],"class_list":{"0":"post-3565","1":"product","2":"type-product","3":"status-publish","4":"has-post-thumbnail","6":"product_cat-114","7":"product_cat-f","8":"product_cat-guenther-foerg","9":"product_cat-l","10":"product_cat-m","12":"first","13":"instock","14":"taxable","15":"shipping-taxable","16":"purchasable","17":"product-type-simple"},"aioseo_notices":[],"_wp_attached_file":null,"_wp_attachment_metadata":null,"_wc_attachment_source":null,"_elementor_inline_svg":null,"_elementor_is_screenshot":null,"_elementor_source_image_hash":null,"_source_url":null,"_wp_attachment_context":null,"_menu_item_type":null,"_menu_item_menu_item_parent":null,"_menu_item_object_id":null,"_menu_item_object":null,"_menu_item_target":null,"_menu_item_classes":null,"_menu_item_xfn":null,"_menu_item_url":null,"__elementor_forms_snapshot":null,"_unit":"","_unit_base":"","_unit_product":"","_unit_price_auto":"no","_unit_price_regular":"","_unit_price":"","_unit_price_sale":"","_sale_price_label":"","_sale_price_regular_label":"","_manufacturer_slug":"","_mini_desc":"","_defect_description":"","_safety_instructions":"","_allergen_ids":[],"_warranty_attachment_id":"","_safety_attachment_ids":[],"_min_age":"","_ts_gtin":"","_ts_mpn":"","_delivery_time_countries":[],"_free_shipping":"no","_service":"no","_photovoltaic_system":"no","_used_good":"no","_defective_copy":"no","_wireless_electronic_device":"no","_device_contains_power_supply":"no","_device_charging_supports_usb_pd":"no","_device_charging_watt_min":"0","_device_charging_watt_max":"0","_is_food":"no","_differential_taxation":"no","_gzd_version":"3.18.7","_hs_code":"","_customs_description":"","_manufacture_country":"0","_is_non_returnable":"no","_shipping_length":"","_shipping_width":"","_shipping_height":"","_sku":"ISBN 978-3-936859-30-0","_global_unique_id":"978-3-936859-30-0","_regular_price":"128","total_sales":"0","_tax_status":"taxable","_tax_class":"","_manage_stock":"no","_backorders":"no","_sold_individually":"no","_weight":"1","_virtual":"no","_downloadable":"no","_download_limit":"-1","_download_expiry":"-1","_stock":"","_stock_status":"instock","_wc_average_rating":"0","_wc_review_count":"0","_product_version":"9.7.1","_price":"128","shopengine_product_views_count":"3141","_thumbnail_id":"4981","_product_attributes":{"erscheinungsdatum":{"name":"Fecha de publicaci\u00f3n","value":"30.10.2005","position":0,"is_visible":1,"is_variation":0,"is_taxonomy":0,"checkout_visible":0}},"_nutrient_ids":[],"_upsell_ids":null,"pswc_subtitle":null,"_default_delivery_time":null,"_wp_desired_post_slug":null,"_isbn":null,"pageType":null,"isExternalUrl":null,"pageId":null,"externalUrl":null,"hideCookieBanner":null,"isTargetBlank":null,"isProviderCurrentWebsite":null,"isEmbeddingOnlyExternalResources":null,"legalBasis":null,"dataProcessingInCountries":null,"dataProcessingInCountriesSpecialTreatments":null,"technicalDefinitions":null,"googleConsentModeConsentTypes":null,"executePriority":null,"executeCodeOptInWhenNoTagManagerConsentIsGiven":null,"executeCodeOptOutWhenNoTagManagerConsentIsGiven":null,"deleteTechnicalDefinitionsAfterOptOut":null,"presetId":null,"presetVersion":null,"provider":null,"providerContactPhone":null,"providerContactEmail":null,"providerContactLink":null,"uniqueName":null,"providerPrivacyPolicyUrl":null,"providerLegalNoticeUrl":null,"codeOptIn":null,"codeOptOut":null,"codeOnPageLoad":null,"language_code":null,"shopengine_template__post_meta__type":null,"shopengine_template__post_meta":null,"shopengine_template__post_meta__edit_with":null,"origin":null,"_enabled":null,"_filters":null,"_layout":null,"_elementor_import_session_id":null,"_wp_trash_meta_status":null,"_wp_trash_meta_time":null,"_edit_lock":"1743527695:2","_elementor_floating_elements_type":null,"_elementor_edit_mode":null,"_elementor_template_type":null,"tc-thumb-fld":{"_thumb_id":4981,"_thumb_type":"thumb"},"_wp_page_template":"default","_elementor_version":null,"_elementor_pro_version":null,"_elementor_page_settings":null,"_elementor_data":null,"_elementor_conditions":null,"_elementor_popup_display_settings":null,"_edit_last":"2","_elementor_template_sub_type":null,"_elementor_controls_usage":null,"_elementor_screenshot":null,"_elementor_css":null,"_elementor_page_assets":[],"_elementor_element_cache":null,"_elementor_screenshot_failed":null,"_elementor_source":null,"_wp_old_date":null,"layout_key":"","post_slider_check_key":"0","_links":{"self":[{"href":"https:\/\/snoeck.de\/es\/wp-json\/wp\/v2\/product\/3565","targetHints":{"allow":["GET"]}}],"collection":[{"href":"https:\/\/snoeck.de\/es\/wp-json\/wp\/v2\/product"}],"about":[{"href":"https:\/\/snoeck.de\/es\/wp-json\/wp\/v2\/types\/product"}],"wp:featuredmedia":[{"embeddable":true,"href":"https:\/\/snoeck.de\/es\/wp-json\/wp\/v2\/media\/4981"}],"wp:attachment":[{"href":"https:\/\/snoeck.de\/es\/wp-json\/wp\/v2\/media?parent=3565"}],"wp:term":[{"taxonomy":"product_brand","embeddable":true,"href":"https:\/\/snoeck.de\/es\/wp-json\/wp\/v2\/product_brand?post=3565"},{"taxonomy":"product_cat","embeddable":true,"href":"https:\/\/snoeck.de\/es\/wp-json\/wp\/v2\/product_cat?post=3565"},{"taxonomy":"product_tag","embeddable":true,"href":"https:\/\/snoeck.de\/es\/wp-json\/wp\/v2\/product_tag?post=3565"}],"curies":[{"name":"wp","href":"https:\/\/api.w.org\/{rel}","templated":true}]}}