{"id":3567,"date":"2025-01-31T11:30:26","date_gmt":"2025-01-31T11:30:26","guid":{"rendered":"https:\/\/snoeck.process-vision.de\/shop\/guenther-foerg-passage\/"},"modified":"2025-04-01T17:13:33","modified_gmt":"2025-04-01T17:13:33","slug":"guenther-foerg-passage","status":"publish","type":"product","link":"https:\/\/snoeck.de\/es\/shop\/guenther-foerg-passage\/","title":{"rendered":"G\u00fcnther F\u00f6rg: pasaje"},"content":{"rendered":"<h3>Nada sigue siendo lo que es<\/h3>\n<p>Algunas de estas acuarelas se crearon sobre hojas de papel parcialmente sucias. En hojas que hab\u00edan servido de base para pintar otras acuarelas o que estaban al alcance de la mano durante esta actividad, para que el artista pudiera mojar su pincel en ellas y comprobar tal o cual valeur de un color. Tales papeles de trabajo en el verdadero sentido de la palabra se convirtieron ahora en la base de acuarelas y pinturas que van desde alegres campos de manchas hasta intensas confrontaciones entre distintos principios formales. Los inicios de este nuevo \"lenguaje pict\u00f3rico\", que se formaron, por as\u00ed decirlo, a partir de s\u00ed mismos, tematizan tambi\u00e9n, naturalmente, el fen\u00f3meno del horror vacui, que exige ambiguamente, por un lado, acabar con el vac\u00edo, con el blanco puro de la hoja, al tiempo que esta tarea despierta temores que hacen casi imposible cualquier encuadre. Tal vez sea posible incluso establecer una conexi\u00f3n con el Impresionismo franc\u00e9s, que en su b\u00fasqueda de la verdadera realizaci\u00f3n visual y representaci\u00f3n del mundo se arroj\u00f3 literalmente sobre la esencia de la mancha. Pues esta mancha no es en \u00faltima instancia otra cosa que la \"tache\" a partir de la cual se construye la imagen impresionista del mundo como una fragmentaci\u00f3n extrema de la realidad visible en la pintura, y en estos cuadros podemos ver ya la respuesta contempor\u00e1nea a esta fragmentaci\u00f3n de la realidad.<\/p>\n<p>Exposici\u00f3n:<br \/>\nPesaje de vagones, Colonia, 25\/3 - 22\/4\/2007<\/p>","protected":false},"excerpt":{"rendered":"<p>Texto (alem\u00e1n\/ingl\u00e9s) de Max Wechsler<br \/>\n48 p. con 32 ilustraciones en color<br \/>\nFormato 24 x 28 cm, encuadernaci\u00f3n en tela, t\u00edtulo y lomo en relieve<\/p>","protected":false},"featured_media":5392,"template":"","meta":[],"product_brand":[],"product_cat":[117,63,92],"product_tag":[],"class_list":{"0":"post-3567","1":"product","2":"type-product","3":"status-publish","4":"has-post-thumbnail","6":"product_cat-117","7":"product_cat-f","8":"product_cat-guenther-foerg","10":"first","11":"instock","12":"taxable","13":"shipping-taxable","14":"purchasable","15":"product-type-simple"},"aioseo_notices":[],"_wp_attached_file":null,"_wp_attachment_metadata":null,"_wc_attachment_source":null,"_elementor_inline_svg":null,"_elementor_is_screenshot":null,"_elementor_source_image_hash":null,"_source_url":null,"_wp_attachment_context":null,"_menu_item_type":null,"_menu_item_menu_item_parent":null,"_menu_item_object_id":null,"_menu_item_object":null,"_menu_item_target":null,"_menu_item_classes":null,"_menu_item_xfn":null,"_menu_item_url":null,"__elementor_forms_snapshot":null,"_unit":"","_unit_base":"","_unit_product":"","_unit_price_auto":"no","_unit_price_regular":"","_unit_price":"","_unit_price_sale":"","_sale_price_label":"","_sale_price_regular_label":"","_manufacturer_slug":"","_mini_desc":"","_defect_description":"","_safety_instructions":"","_allergen_ids":[],"_warranty_attachment_id":"","_safety_attachment_ids":[],"_min_age":"","_ts_gtin":"","_ts_mpn":"","_delivery_time_countries":[],"_free_shipping":"no","_service":"no","_photovoltaic_system":"no","_used_good":"no","_defective_copy":"no","_wireless_electronic_device":"no","_device_contains_power_supply":"no","_device_charging_supports_usb_pd":"no","_device_charging_watt_min":"0","_device_charging_watt_max":"0","_is_food":"no","_differential_taxation":"no","_gzd_version":"3.18.7","_hs_code":"","_customs_description":"","_manufacture_country":"0","_is_non_returnable":"no","_shipping_length":"","_shipping_width":"","_shipping_height":"","_sku":"ISBN 978-3-936859-63-8","_global_unique_id":"978-3-936859-63-8","_regular_price":"68","total_sales":"0","_tax_status":"taxable","_tax_class":"","_manage_stock":"no","_backorders":"no","_sold_individually":"no","_weight":"1","_virtual":"no","_downloadable":"no","_download_limit":"-1","_download_expiry":"-1","_stock":"","_stock_status":"instock","_wc_average_rating":"0","_wc_review_count":"0","_product_version":"9.7.1","_price":"68","shopengine_product_views_count":"2687","_thumbnail_id":"5392","_product_attributes":{"erscheinungsdatum":{"name":"Erscheinungsdatum","value":"25.03.2007","position":0,"is_visible":1,"is_variation":0,"is_taxonomy":0,"checkout_visible":0}},"_nutrient_ids":[],"_upsell_ids":null,"pswc_subtitle":"","_default_delivery_time":"","_wp_desired_post_slug":null,"_isbn":null,"pageType":null,"isExternalUrl":null,"pageId":null,"externalUrl":null,"hideCookieBanner":null,"isTargetBlank":null,"isProviderCurrentWebsite":null,"isEmbeddingOnlyExternalResources":null,"legalBasis":null,"dataProcessingInCountries":null,"dataProcessingInCountriesSpecialTreatments":null,"technicalDefinitions":null,"googleConsentModeConsentTypes":null,"executePriority":null,"executeCodeOptInWhenNoTagManagerConsentIsGiven":null,"executeCodeOptOutWhenNoTagManagerConsentIsGiven":null,"deleteTechnicalDefinitionsAfterOptOut":null,"presetId":null,"presetVersion":null,"provider":null,"providerContactPhone":null,"providerContactEmail":null,"providerContactLink":null,"uniqueName":null,"providerPrivacyPolicyUrl":null,"providerLegalNoticeUrl":null,"codeOptIn":null,"codeOptOut":null,"codeOnPageLoad":null,"language_code":null,"shopengine_template__post_meta__type":null,"shopengine_template__post_meta":null,"shopengine_template__post_meta__edit_with":null,"origin":null,"_enabled":null,"_filters":null,"_layout":null,"_elementor_import_session_id":null,"_wp_trash_meta_status":null,"_wp_trash_meta_time":null,"_edit_lock":"1743527474:2","_elementor_floating_elements_type":null,"_elementor_edit_mode":null,"_elementor_template_type":null,"tc-thumb-fld":{"_thumb_id":5392,"_thumb_type":"thumb"},"_wp_page_template":"default","_elementor_version":null,"_elementor_pro_version":null,"_elementor_page_settings":null,"_elementor_data":null,"_elementor_conditions":null,"_elementor_popup_display_settings":null,"_edit_last":"2","_elementor_template_sub_type":null,"_elementor_controls_usage":null,"_elementor_screenshot":null,"_elementor_css":null,"_elementor_page_assets":[],"_elementor_element_cache":null,"_elementor_screenshot_failed":null,"_elementor_source":null,"_wp_old_date":null,"layout_key":"","post_slider_check_key":"0","_links":{"self":[{"href":"https:\/\/snoeck.de\/es\/wp-json\/wp\/v2\/product\/3567","targetHints":{"allow":["GET"]}}],"collection":[{"href":"https:\/\/snoeck.de\/es\/wp-json\/wp\/v2\/product"}],"about":[{"href":"https:\/\/snoeck.de\/es\/wp-json\/wp\/v2\/types\/product"}],"wp:featuredmedia":[{"embeddable":true,"href":"https:\/\/snoeck.de\/es\/wp-json\/wp\/v2\/media\/5392"}],"wp:attachment":[{"href":"https:\/\/snoeck.de\/es\/wp-json\/wp\/v2\/media?parent=3567"}],"wp:term":[{"taxonomy":"product_brand","embeddable":true,"href":"https:\/\/snoeck.de\/es\/wp-json\/wp\/v2\/product_brand?post=3567"},{"taxonomy":"product_cat","embeddable":true,"href":"https:\/\/snoeck.de\/es\/wp-json\/wp\/v2\/product_cat?post=3567"},{"taxonomy":"product_tag","embeddable":true,"href":"https:\/\/snoeck.de\/es\/wp-json\/wp\/v2\/product_tag?post=3567"}],"curies":[{"name":"wp","href":"https:\/\/api.w.org\/{rel}","templated":true}]}}