{"id":3568,"date":"2025-01-31T11:30:27","date_gmt":"2025-01-31T11:30:27","guid":{"rendered":"https:\/\/snoeck.process-vision.de\/shop\/guenther-foerg-zwoelf-bleibilder\/"},"modified":"2025-04-01T17:04:54","modified_gmt":"2025-04-01T17:04:54","slug":"guenther-foerg-zwoelf-bleibilder","status":"publish","type":"product","link":"https:\/\/snoeck.de\/es\/shop\/guenther-foerg-zwoelf-bleibilder\/","title":{"rendered":"G\u00fcnther F\u00f6rg: Doce pinturas sobre plomo"},"content":{"rendered":"<h3>G\u00fcnther F\u00f6rg - la \u00faltima publicaci\u00f3n en vida<\/h3>\n<p>Por primera vez, esta publicaci\u00f3n presenta doce pinturas sobre plomo de gran formato de G\u00fcnther F\u00f6rg (cada una de 240 x 160 cm) de 1989. Las grandes reproducciones a toda p\u00e1gina, cada una de 31 x 21 cm, transmiten una impresi\u00f3n inmediata del efecto creado por los originales que dif\u00edcilmente se ha logrado antes. Tal y como Max Wechsler describe en su texto, \"el atractivo especial de las pinturas sobre plomo reside no s\u00f3lo en su materialidad y en la materialidad \u00fanica de esta superficie pict\u00f3rica poco habitual. A ello se a\u00f1ade el especial colorido del plomo, que, resplandeciente entre el gris y el azul, aparece como una oscura tormenta amenazadora con sus infinitos valores de penumbra y entra en una sutil interacci\u00f3n con las p\u00e1tinas naturales y artificiales. Esta superficie de aspecto org\u00e1nico contrasta ahora en la presentaci\u00f3n pict\u00f3rica con las figuraciones geom\u00e9tricas directas de las divisiones. Los sutiles contrastes abren un campo de tensi\u00f3n en el que los programas sistem\u00e1ticos de composici\u00f3n y las investigaciones m\u00e1s intuitivas de las relaciones crom\u00e1ticas se desarrollan con la m\u00e1xima concentraci\u00f3n. Sin duda, esto tiene algo que ver con el hecho de que la aplicaci\u00f3n del color sobre el plomo es aparentemente casi sin resistencia, lo que a su vez halaga la notoria inclinaci\u00f3n de F\u00f6rg por la velocidad. Una de las razones de este r\u00e1pido deslizamiento es, por supuesto, el hecho de que esta superficie pict\u00f3rica es absolutamente no absorbente y la materia colorante se deposita, por as\u00ed decirlo, sobre la superficie\". La segunda autora del volumen, Britta Schr\u00f6der, describe el abrumador efecto como un cosmos cerrado: \"El color no empuja hacia el espacio, sino que se pega a la superficie como un im\u00e1n. Algunas personas temen tragarse partes del cuadro en cuanto se fijan en \u00e9l durante demasiado tiempo. En cambio, te sumerges en formas de color cuya fuerza de succi\u00f3n te absorbe como si cayeras de cabeza en un agujero negro\".<\/p>\n<p>Exposici\u00f3n:<br \/>\nGaler\u00eda B\u00e4rbel Gr\u00e4sslin Frankfurt, 23\/3 - 27\/4\/2013<\/p>","protected":false},"excerpt":{"rendered":"<p>Cat\u00e1logo de la exposici\u00f3n, Galer\u00eda B\u00e4rbel Gr\u00e4sslin, editado por B\u00e4rbel Gr\u00e4sslin y Uli Knecht<br \/>\nTextos (alem\u00e1n\/ingl\u00e9s) de Britta Schr\u00f6der, Max Wechsler<br \/>\n36 p. con 20 ilustraciones en color<br \/>\nFormato 35 x 25 cm, grapado con sobrecubierta<\/p>","protected":false},"featured_media":4983,"template":"","meta":[],"product_brand":[],"product_cat":[101,63,92],"product_tag":[],"class_list":{"0":"post-3568","1":"product","2":"type-product","3":"status-publish","4":"has-post-thumbnail","6":"product_cat-101","7":"product_cat-f","8":"product_cat-guenther-foerg","10":"first","11":"instock","12":"taxable","13":"shipping-taxable","14":"purchasable","15":"product-type-simple"},"aioseo_notices":[],"_wp_attached_file":null,"_wp_attachment_metadata":null,"_wc_attachment_source":null,"_elementor_inline_svg":null,"_elementor_is_screenshot":null,"_elementor_source_image_hash":null,"_source_url":null,"_wp_attachment_context":null,"_menu_item_type":null,"_menu_item_menu_item_parent":null,"_menu_item_object_id":null,"_menu_item_object":null,"_menu_item_target":null,"_menu_item_classes":null,"_menu_item_xfn":null,"_menu_item_url":null,"__elementor_forms_snapshot":null,"_unit":"","_unit_base":"","_unit_product":"","_unit_price_auto":"no","_unit_price_regular":"","_unit_price":"","_unit_price_sale":"","_sale_price_label":"","_sale_price_regular_label":"","_manufacturer_slug":"","_mini_desc":"","_defect_description":"","_safety_instructions":"","_allergen_ids":[],"_warranty_attachment_id":"","_safety_attachment_ids":[],"_min_age":"","_ts_gtin":"","_ts_mpn":"","_delivery_time_countries":[],"_free_shipping":"no","_service":"no","_photovoltaic_system":"no","_used_good":"no","_defective_copy":"no","_wireless_electronic_device":"no","_device_contains_power_supply":"no","_device_charging_supports_usb_pd":"no","_device_charging_watt_min":"0","_device_charging_watt_max":"0","_is_food":"no","_differential_taxation":"no","_gzd_version":"3.18.7","_hs_code":"","_customs_description":"","_manufacture_country":"0","_is_non_returnable":"no","_shipping_length":"","_shipping_width":"","_shipping_height":"","_sku":"ISBN 978-3-86442-049-8","_global_unique_id":"978-3-86442-049-8","_regular_price":"39.8","total_sales":"0","_tax_status":"taxable","_tax_class":"","_manage_stock":"no","_backorders":"no","_sold_individually":"no","_weight":"1","_virtual":"no","_downloadable":"no","_download_limit":"-1","_download_expiry":"-1","_stock":"","_stock_status":"instock","_wc_average_rating":"0","_wc_review_count":"0","_product_version":"9.7.1","_price":"39.8","shopengine_product_views_count":"2657","_thumbnail_id":"4983","_product_attributes":{"erscheinungsdatum":{"name":"Erscheinungsdatum","value":"30.04.2013","position":0,"is_visible":1,"is_variation":0,"is_taxonomy":0,"checkout_visible":0}},"_nutrient_ids":[],"_upsell_ids":null,"pswc_subtitle":null,"_default_delivery_time":null,"_wp_desired_post_slug":null,"_isbn":null,"pageType":null,"isExternalUrl":null,"pageId":null,"externalUrl":null,"hideCookieBanner":null,"isTargetBlank":null,"isProviderCurrentWebsite":null,"isEmbeddingOnlyExternalResources":null,"legalBasis":null,"dataProcessingInCountries":null,"dataProcessingInCountriesSpecialTreatments":null,"technicalDefinitions":null,"googleConsentModeConsentTypes":null,"executePriority":null,"executeCodeOptInWhenNoTagManagerConsentIsGiven":null,"executeCodeOptOutWhenNoTagManagerConsentIsGiven":null,"deleteTechnicalDefinitionsAfterOptOut":null,"presetId":null,"presetVersion":null,"provider":null,"providerContactPhone":null,"providerContactEmail":null,"providerContactLink":null,"uniqueName":null,"providerPrivacyPolicyUrl":null,"providerLegalNoticeUrl":null,"codeOptIn":null,"codeOptOut":null,"codeOnPageLoad":null,"language_code":null,"shopengine_template__post_meta__type":null,"shopengine_template__post_meta":null,"shopengine_template__post_meta__edit_with":null,"origin":null,"_enabled":null,"_filters":null,"_layout":null,"_elementor_import_session_id":null,"_wp_trash_meta_status":null,"_wp_trash_meta_time":null,"_edit_lock":"1743526954:2","_elementor_floating_elements_type":null,"_elementor_edit_mode":null,"_elementor_template_type":null,"tc-thumb-fld":{"_thumb_id":4983,"_thumb_type":"thumb"},"_wp_page_template":"default","_elementor_version":null,"_elementor_pro_version":null,"_elementor_page_settings":null,"_elementor_data":null,"_elementor_conditions":null,"_elementor_popup_display_settings":null,"_edit_last":"2","_elementor_template_sub_type":null,"_elementor_controls_usage":null,"_elementor_screenshot":null,"_elementor_css":null,"_elementor_page_assets":[],"_elementor_element_cache":null,"_elementor_screenshot_failed":null,"_elementor_source":null,"_wp_old_date":null,"layout_key":"","post_slider_check_key":"0","_links":{"self":[{"href":"https:\/\/snoeck.de\/es\/wp-json\/wp\/v2\/product\/3568","targetHints":{"allow":["GET"]}}],"collection":[{"href":"https:\/\/snoeck.de\/es\/wp-json\/wp\/v2\/product"}],"about":[{"href":"https:\/\/snoeck.de\/es\/wp-json\/wp\/v2\/types\/product"}],"wp:featuredmedia":[{"embeddable":true,"href":"https:\/\/snoeck.de\/es\/wp-json\/wp\/v2\/media\/4983"}],"wp:attachment":[{"href":"https:\/\/snoeck.de\/es\/wp-json\/wp\/v2\/media?parent=3568"}],"wp:term":[{"taxonomy":"product_brand","embeddable":true,"href":"https:\/\/snoeck.de\/es\/wp-json\/wp\/v2\/product_brand?post=3568"},{"taxonomy":"product_cat","embeddable":true,"href":"https:\/\/snoeck.de\/es\/wp-json\/wp\/v2\/product_cat?post=3568"},{"taxonomy":"product_tag","embeddable":true,"href":"https:\/\/snoeck.de\/es\/wp-json\/wp\/v2\/product_tag?post=3568"}],"curies":[{"name":"wp","href":"https:\/\/api.w.org\/{rel}","templated":true}]}}