{"id":3569,"date":"2025-01-31T11:30:27","date_gmt":"2025-01-31T11:30:27","guid":{"rendered":"https:\/\/snoeck.process-vision.de\/shop\/guenther-foerg-wall-paintings-deichtorhallen-hamburg\/"},"modified":"2025-04-01T16:59:34","modified_gmt":"2025-04-01T16:59:34","slug":"guenther-foerg-wall-paintings-deichtorhallen-hamburg","status":"publish","type":"product","link":"https:\/\/snoeck.de\/es\/shop\/guenther-foerg-wall-paintings-deichtorhallen-hamburg\/","title":{"rendered":"G\u00fcnther F\u00f6rg: Pinturas murales. Deichtorhallen Hamburgo"},"content":{"rendered":"<h3>G\u00fcnther F\u00f6rg era un aut\u00e9ntico artista espacial.<\/h3>\n<p>G\u00fcnther F\u00f6rg empez\u00f3 a pintar murales de colores en 1978, cuando a\u00fan era estudiante en la academia. Como le gusta decir entre risas, era lo m\u00e1s obvio para \u00e9l; al fin y al cabo, siempre hab\u00eda ganado dinero extra como pintor durante sus estudios. En total, cre\u00f3 m\u00e1s de 140 murales, una selecci\u00f3n de los cuales puede verse ahora en el Deichtorhallen. G\u00fcnther F\u00f6rg esperaba con impaciencia la exposici\u00f3n de los murales en las Deichtorhallen; en una entrevista hace a\u00f1os, ya hab\u00eda dividido claramente este importante conjunto de obras en diferentes tipos: \"... los primeros eran bisecciones verticales, m\u00e1s tarde horizontales de muros. Luego hay secuencias de color en las que diferentes zonas de color se sit\u00faan una junto a otra. Hab\u00eda habitaciones en las que las cuatro paredes estaban pintadas de distintos colores. Varios cuadros se crearon en espacios p\u00fablicos o semip\u00fablicos. En estas obras, la atenci\u00f3n se centra en la arquitectura, que la pintura hace visible o enfatiza. El color hace referencia al lugar... Tambi\u00e9n cre\u00f3 pinturas murales con superficies y rayas, as\u00ed como murales cercanos a las pinturas sobre tabla\". El cr\u00edtico Hans-Joachim M\u00fcller lo expres\u00f3 as\u00ed: \"\u00a1G\u00fcnther F\u00f6rg era un aut\u00e9ntico artista espacial!\".<\/p>\n<p>Exposici\u00f3n:<br \/>\nDeichtorhallen Hamburgo, 31\/7-25\/10\/2015<\/p>","protected":false},"excerpt":{"rendered":"<p>Cat\u00e1logo de la exposici\u00f3n, publicado por Editions Traverses S\u00e0rl, M\u00fcnchenstein\/Suisse, Michael Neff, Frankfurt\/Main con Dirk Luckow, Deichtorhallen Hamburg<br \/>\nEp\u00edlogo (alem\u00e1n\/ingl\u00e9s) de Dirk Luckow<br \/>\n24 p. con 22 ilustraciones en color de gran formato<br \/>\nFormato 33,5 x 45 cm, cosido con hilo y cubierta<\/p>","protected":false},"featured_media":4984,"template":"","meta":[],"product_brand":[],"product_cat":[102,63,92],"product_tag":[],"class_list":{"0":"post-3569","1":"product","2":"type-product","3":"status-publish","4":"has-post-thumbnail","6":"product_cat-102","7":"product_cat-f","8":"product_cat-guenther-foerg","10":"first","11":"instock","12":"taxable","13":"shipping-taxable","14":"purchasable","15":"product-type-simple"},"aioseo_notices":[],"_wp_attached_file":null,"_wp_attachment_metadata":null,"_wc_attachment_source":null,"_elementor_inline_svg":null,"_elementor_is_screenshot":null,"_elementor_source_image_hash":null,"_source_url":null,"_wp_attachment_context":null,"_menu_item_type":null,"_menu_item_menu_item_parent":null,"_menu_item_object_id":null,"_menu_item_object":null,"_menu_item_target":null,"_menu_item_classes":null,"_menu_item_xfn":null,"_menu_item_url":null,"__elementor_forms_snapshot":null,"_unit":"","_unit_base":"","_unit_product":"","_unit_price_auto":"no","_unit_price_regular":"","_unit_price":"","_unit_price_sale":"","_sale_price_label":"","_sale_price_regular_label":"","_manufacturer_slug":"","_mini_desc":"","_defect_description":"","_safety_instructions":"","_allergen_ids":[],"_warranty_attachment_id":"","_safety_attachment_ids":[],"_min_age":"","_ts_gtin":"","_ts_mpn":"","_delivery_time_countries":[],"_free_shipping":"no","_service":"no","_photovoltaic_system":"no","_used_good":"no","_defective_copy":"no","_wireless_electronic_device":"no","_device_contains_power_supply":"no","_device_charging_supports_usb_pd":"no","_device_charging_watt_min":"0","_device_charging_watt_max":"0","_is_food":"no","_differential_taxation":"no","_gzd_version":"3.18.7","_hs_code":"","_customs_description":"","_manufacture_country":"0","_is_non_returnable":"no","_shipping_length":"","_shipping_width":"","_shipping_height":"","_sku":"ISBN 978-3-86442-131-0","_global_unique_id":"978-3-86442-131-0","_regular_price":"48","total_sales":"0","_tax_status":"taxable","_tax_class":"","_manage_stock":"no","_backorders":"no","_sold_individually":"no","_weight":"1","_virtual":"no","_downloadable":"no","_download_limit":"-1","_download_expiry":"-1","_stock":"","_stock_status":"instock","_wc_average_rating":"0","_wc_review_count":"0","_product_version":"9.7.1","_price":"48","shopengine_product_views_count":"3886","_thumbnail_id":"4984","_product_attributes":{"erscheinungsdatum":{"name":"Fecha de publicaci\u00f3n","value":"07.09.2015","position":0,"is_visible":1,"is_variation":0,"is_taxonomy":0,"checkout_visible":0}},"_nutrient_ids":[],"_upsell_ids":null,"pswc_subtitle":null,"_default_delivery_time":null,"_wp_desired_post_slug":null,"_isbn":null,"pageType":null,"isExternalUrl":null,"pageId":null,"externalUrl":null,"hideCookieBanner":null,"isTargetBlank":null,"isProviderCurrentWebsite":null,"isEmbeddingOnlyExternalResources":null,"legalBasis":null,"dataProcessingInCountries":null,"dataProcessingInCountriesSpecialTreatments":null,"technicalDefinitions":null,"googleConsentModeConsentTypes":null,"executePriority":null,"executeCodeOptInWhenNoTagManagerConsentIsGiven":null,"executeCodeOptOutWhenNoTagManagerConsentIsGiven":null,"deleteTechnicalDefinitionsAfterOptOut":null,"presetId":null,"presetVersion":null,"provider":null,"providerContactPhone":null,"providerContactEmail":null,"providerContactLink":null,"uniqueName":null,"providerPrivacyPolicyUrl":null,"providerLegalNoticeUrl":null,"codeOptIn":null,"codeOptOut":null,"codeOnPageLoad":null,"language_code":null,"shopengine_template__post_meta__type":null,"shopengine_template__post_meta":null,"shopengine_template__post_meta__edit_with":null,"origin":null,"_enabled":null,"_filters":null,"_layout":null,"_elementor_import_session_id":null,"_wp_trash_meta_status":null,"_wp_trash_meta_time":null,"_edit_lock":"1743526650:2","_elementor_floating_elements_type":null,"_elementor_edit_mode":null,"_elementor_template_type":null,"tc-thumb-fld":{"_thumb_id":4984,"_thumb_type":"thumb"},"_wp_page_template":"default","_elementor_version":null,"_elementor_pro_version":null,"_elementor_page_settings":null,"_elementor_data":null,"_elementor_conditions":null,"_elementor_popup_display_settings":null,"_edit_last":"2","_elementor_template_sub_type":null,"_elementor_controls_usage":null,"_elementor_screenshot":null,"_elementor_css":null,"_elementor_page_assets":[],"_elementor_element_cache":null,"_elementor_screenshot_failed":null,"_elementor_source":null,"_wp_old_date":null,"layout_key":"","post_slider_check_key":"0","_links":{"self":[{"href":"https:\/\/snoeck.de\/es\/wp-json\/wp\/v2\/product\/3569","targetHints":{"allow":["GET"]}}],"collection":[{"href":"https:\/\/snoeck.de\/es\/wp-json\/wp\/v2\/product"}],"about":[{"href":"https:\/\/snoeck.de\/es\/wp-json\/wp\/v2\/types\/product"}],"wp:featuredmedia":[{"embeddable":true,"href":"https:\/\/snoeck.de\/es\/wp-json\/wp\/v2\/media\/4984"}],"wp:attachment":[{"href":"https:\/\/snoeck.de\/es\/wp-json\/wp\/v2\/media?parent=3569"}],"wp:term":[{"taxonomy":"product_brand","embeddable":true,"href":"https:\/\/snoeck.de\/es\/wp-json\/wp\/v2\/product_brand?post=3569"},{"taxonomy":"product_cat","embeddable":true,"href":"https:\/\/snoeck.de\/es\/wp-json\/wp\/v2\/product_cat?post=3569"},{"taxonomy":"product_tag","embeddable":true,"href":"https:\/\/snoeck.de\/es\/wp-json\/wp\/v2\/product_tag?post=3569"}],"curies":[{"name":"wp","href":"https:\/\/api.w.org\/{rel}","templated":true}]}}