{"id":3570,"date":"2025-01-31T11:30:28","date_gmt":"2025-01-31T11:30:28","guid":{"rendered":"https:\/\/snoeck.process-vision.de\/shop\/guenther-foerg-wandmalerei-1978-2013\/"},"modified":"2025-04-01T16:57:13","modified_gmt":"2025-04-01T16:57:13","slug":"guenther-foerg-wandmalerei-1978-2013","status":"publish","type":"product","link":"https:\/\/snoeck.de\/es\/shop\/guenther-foerg-wandmalerei-1978-2013\/","title":{"rendered":"G\u00fcnther F\u00f6rg: Wandmalerei \/ Pinturas murales 1978-2013"},"content":{"rendered":"<h3>Una primera visi\u00f3n sint\u00e9tica de un aspecto fundamental y a la vez ampl\u00edsimo de la obra<\/h3>\n<p>Cuando G\u00fcnther F\u00f6rg falleci\u00f3 el 5 de diciembre de 2013, hab\u00eda estado trabajando intensamente en un cat\u00e1logo razonado de sus murales ese mismo a\u00f1o, pero ya no pudo terminarlo. Los murales de G\u00fcnther F\u00f6rg son uno de los aspectos centrales de toda su obra art\u00edstica. Le abr\u00edan m\u00faltiples posibilidades de presentaci\u00f3n, pod\u00edan combinarse con obras fotogr\u00e1ficas y pict\u00f3ricas y siempre pretend\u00edan clarificar el espacio, como fuente de ritmo para su estructura interior. No era en absoluto inferior a sus grandes predecesores hist\u00f3ricos, ya fueran Malevich, Rothko o Palermo, en su apropiaci\u00f3n desenfadada, y quiz\u00e1s incluso les superaba de vez en cuando. En cualquier caso, no pocos de sus colegas artistas de la misma \u00e9poca le envidian hoy por cu\u00e1ndo y c\u00f3mo supo tratar con aplomo habitaciones individuales y espacios enteros. En 1986, Max Wechsler escribi\u00f3 en el peri\u00f3dico \"Vaterland\" con motivo de la exposici\u00f3n de G\u00fcnther F\u00f6rg en la Kunsthalle de Berna que \"el dise\u00f1o espacial y la presentaci\u00f3n de la imagen se compenetran con toda naturalidad. Al principio, las salas destilan una elegancia fr\u00eda, casi de dise\u00f1o, que subraya la arquitectura \u00fanica de la Kunsthalle e invita a los visitantes a dar una especie de paseo. Poco a poco, sin embargo, la puesta en escena se hace efectiva y la exagerada presencia de las salas comienza a irradiar, abriendo otros espacios: Miradas y vistas. Las estructuras se hacen efectivas, se conjuran estados de \u00e1nimo y se despiertan sentimientos; se abre un complejo sistema de relaciones que a la vez rompe y mantiene unido el conjunto\".<br \/>\nEl presente volumen retoma ahora los cuadernos del artista y los facsimila. Un cat\u00e1logo razonado debe reservarse para posteriores y minuciosos trabajos acad\u00e9micos. Lo que esta publicaci\u00f3n pretende, sin embargo, es ofrecer una primera visi\u00f3n resumida de este aspecto fundamental y al mismo tiempo extremadamente extenso de su obra. Para ello, se han facs\u00edmilado cuidadosamente las correcciones manuscritas de G\u00fcnther F\u00f6rg a las hojas de datos y se han completado algunas hojas con muestras de color casi id\u00e9nticas.<\/p>\n<p>Exposici\u00f3n:<br \/>\nDeichtorhallen Hamburg, 31\/7 - 25\/10\/2015<\/p>","protected":false},"excerpt":{"rendered":"<p>Editado por Editions Traverses S\u00e0rl, M\u00fcnchenstein, Suisse, y Michael Neff, Frankfurt\/Main<br \/>\nTexto (alem\u00e1n\/ingl\u00e9s) de Max Wechsler<br \/>\n392 p. con 250 ilustraciones en color<br \/>\nFormato 29,7 x 21 cm, cubierta de lino gofrado blanco<\/p>","protected":false},"featured_media":4985,"template":"","meta":[],"product_brand":[],"product_cat":[102,63,92],"product_tag":[],"class_list":{"0":"post-3570","1":"product","2":"type-product","3":"status-publish","4":"has-post-thumbnail","6":"product_cat-102","7":"product_cat-f","8":"product_cat-guenther-foerg","10":"first","11":"instock","12":"taxable","13":"shipping-taxable","14":"purchasable","15":"product-type-simple"},"aioseo_notices":[],"_wp_attached_file":null,"_wp_attachment_metadata":null,"_wc_attachment_source":null,"_elementor_inline_svg":null,"_elementor_is_screenshot":null,"_elementor_source_image_hash":null,"_source_url":null,"_wp_attachment_context":null,"_menu_item_type":null,"_menu_item_menu_item_parent":null,"_menu_item_object_id":null,"_menu_item_object":null,"_menu_item_target":null,"_menu_item_classes":null,"_menu_item_xfn":null,"_menu_item_url":null,"__elementor_forms_snapshot":null,"_unit":"","_unit_base":"","_unit_product":"","_unit_price_auto":"no","_unit_price_regular":"","_unit_price":"","_unit_price_sale":"","_sale_price_label":"","_sale_price_regular_label":"","_manufacturer_slug":"","_mini_desc":"","_defect_description":"","_safety_instructions":"","_allergen_ids":[],"_warranty_attachment_id":"","_safety_attachment_ids":[],"_min_age":"","_ts_gtin":"","_ts_mpn":"","_delivery_time_countries":[],"_free_shipping":"no","_service":"no","_photovoltaic_system":"no","_used_good":"no","_defective_copy":"no","_wireless_electronic_device":"no","_device_contains_power_supply":"no","_device_charging_supports_usb_pd":"no","_device_charging_watt_min":"0","_device_charging_watt_max":"0","_is_food":"no","_differential_taxation":"no","_gzd_version":"3.18.7","_hs_code":"","_customs_description":"","_manufacture_country":"0","_is_non_returnable":"no","_shipping_length":"","_shipping_width":"","_shipping_height":"","_sku":"ISBN 978-3-86442-130-3","_global_unique_id":"978-3-86442-130-3","_regular_price":"148","total_sales":"0","_tax_status":"taxable","_tax_class":"","_manage_stock":"no","_backorders":"no","_sold_individually":"no","_weight":"3","_virtual":"no","_downloadable":"no","_download_limit":"-1","_download_expiry":"-1","_stock":"","_stock_status":"instock","_wc_average_rating":"0","_wc_review_count":"0","_product_version":"9.7.1","_price":"148","shopengine_product_views_count":"2661","_thumbnail_id":"4985","_product_attributes":{"erscheinungsdatum":{"name":"Erscheinungsdatum","value":"31.07.2015","position":0,"is_visible":1,"is_variation":0,"is_taxonomy":0,"checkout_visible":0}},"_nutrient_ids":[],"_upsell_ids":null,"pswc_subtitle":null,"_default_delivery_time":null,"_wp_desired_post_slug":null,"_isbn":null,"pageType":null,"isExternalUrl":null,"pageId":null,"externalUrl":null,"hideCookieBanner":null,"isTargetBlank":null,"isProviderCurrentWebsite":null,"isEmbeddingOnlyExternalResources":null,"legalBasis":null,"dataProcessingInCountries":null,"dataProcessingInCountriesSpecialTreatments":null,"technicalDefinitions":null,"googleConsentModeConsentTypes":null,"executePriority":null,"executeCodeOptInWhenNoTagManagerConsentIsGiven":null,"executeCodeOptOutWhenNoTagManagerConsentIsGiven":null,"deleteTechnicalDefinitionsAfterOptOut":null,"presetId":null,"presetVersion":null,"provider":null,"providerContactPhone":null,"providerContactEmail":null,"providerContactLink":null,"uniqueName":null,"providerPrivacyPolicyUrl":null,"providerLegalNoticeUrl":null,"codeOptIn":null,"codeOptOut":null,"codeOnPageLoad":null,"language_code":null,"shopengine_template__post_meta__type":null,"shopengine_template__post_meta":null,"shopengine_template__post_meta__edit_with":null,"origin":null,"_enabled":null,"_filters":null,"_layout":null,"_elementor_import_session_id":null,"_wp_trash_meta_status":null,"_wp_trash_meta_time":null,"_edit_lock":"1743526564:2","_elementor_floating_elements_type":null,"_elementor_edit_mode":null,"_elementor_template_type":null,"tc-thumb-fld":{"_thumb_id":4985,"_thumb_type":"thumb"},"_wp_page_template":"default","_elementor_version":null,"_elementor_pro_version":null,"_elementor_page_settings":null,"_elementor_data":null,"_elementor_conditions":null,"_elementor_popup_display_settings":null,"_edit_last":"2","_elementor_template_sub_type":null,"_elementor_controls_usage":null,"_elementor_screenshot":null,"_elementor_css":null,"_elementor_page_assets":[],"_elementor_element_cache":null,"_elementor_screenshot_failed":null,"_elementor_source":null,"_wp_old_date":null,"layout_key":"","post_slider_check_key":"0","_links":{"self":[{"href":"https:\/\/snoeck.de\/es\/wp-json\/wp\/v2\/product\/3570","targetHints":{"allow":["GET"]}}],"collection":[{"href":"https:\/\/snoeck.de\/es\/wp-json\/wp\/v2\/product"}],"about":[{"href":"https:\/\/snoeck.de\/es\/wp-json\/wp\/v2\/types\/product"}],"wp:featuredmedia":[{"embeddable":true,"href":"https:\/\/snoeck.de\/es\/wp-json\/wp\/v2\/media\/4985"}],"wp:attachment":[{"href":"https:\/\/snoeck.de\/es\/wp-json\/wp\/v2\/media?parent=3570"}],"wp:term":[{"taxonomy":"product_brand","embeddable":true,"href":"https:\/\/snoeck.de\/es\/wp-json\/wp\/v2\/product_brand?post=3570"},{"taxonomy":"product_cat","embeddable":true,"href":"https:\/\/snoeck.de\/es\/wp-json\/wp\/v2\/product_cat?post=3570"},{"taxonomy":"product_tag","embeddable":true,"href":"https:\/\/snoeck.de\/es\/wp-json\/wp\/v2\/product_tag?post=3570"}],"curies":[{"name":"wp","href":"https:\/\/api.w.org\/{rel}","templated":true}]}}