{"id":3572,"date":"2025-01-31T11:30:29","date_gmt":"2025-01-31T11:30:29","guid":{"rendered":"https:\/\/snoeck.process-vision.de\/shop\/guenther-foerg-ohne-titel-1976-2008\/"},"modified":"2025-04-01T16:52:54","modified_gmt":"2025-04-01T16:52:54","slug":"guenther-foerg-ohne-titel-1976-2008","status":"publish","type":"product","link":"https:\/\/snoeck.de\/es\/shop\/guenther-foerg-ohne-titel-1976-2008\/","title":{"rendered":"G\u00fcnther F\u00f6rg: [Sin t\u00edtulo] 1976-2008"},"content":{"rendered":"<h3>G\u00fcnther F\u00f6rg - Amo del Universo<\/h3>\n<p>G\u00fcnther F\u00f6rg (1952-2013) es un gran innovador de la pintura entre el modernismo y el presente, entre Europa y Am\u00e9rica, entre el minimalismo abstracto-lac\u00f3nico y la expresi\u00f3n gestual sensible. La Kunstverein Reutlingen expone una selecci\u00f3n de sus pinturas de 1976 a 2008, procedentes de la colecci\u00f3n de Brunhilde y G\u00fcnther Friedrichs: 100 pinturas y obras sobre papel de m\u00e1s de 30 a\u00f1os se presentan al p\u00fablico por primera vez como un todo coherente y ofrecen una impresionante visi\u00f3n de las aventuras, arriesgadas y sensuales a partes iguales, de la pintura de G\u00fcnther F\u00f6rg.El volumen para la Kunstverein Reutlingen sigue la tradici\u00f3n de los numerosos libros que G\u00fcnther F\u00f6rg ha publicado con Snoeck. La colaboraci\u00f3n comenz\u00f3 con una publicaci\u00f3n conmemorativa de su 50 cumplea\u00f1os en 2002 (publicada en 2005) y continu\u00f3 en los a\u00f1os siguientes con toda una serie de maravillosas publicaciones, once en total. Tras su muerte, en 2015 se public\u00f3 un cat\u00e1logo de exposici\u00f3n para la presentaci\u00f3n de obras murales en las Deichtorhallen. Ese mismo a\u00f1o se public\u00f3 el volumen \"F\u00f6rg. Wandmalerei | Wallpaintings 1978-2013\", en el que el artista hab\u00eda estado trabajando hasta el final, se public\u00f3 ese mismo a\u00f1o (v\u00e9ase tambi\u00e9n nuestra p\u00e1gina extra con todas las publicaciones sobre G\u00fcnther F\u00f6rg).<\/p>\n<p>Exposici\u00f3n:<br \/>\nKunstverein Reutlingen, 10\/6 - 26\/8\/2018<\/p>","protected":false},"excerpt":{"rendered":"<p>Cat\u00e1logo de la exposici\u00f3n, Kunstverein Reutlingen, editado por Christian Malycha<br \/>\nTexto (alem\u00e1n\/ingl\u00e9s) de Christian Malycha<br \/>\n48 p. con 18 ilustraciones en color a doble p\u00e1gina<br \/>\nFormato: 30 x 24 cm, tapa blanda<\/p>","protected":false},"featured_media":4987,"template":"","meta":[],"product_brand":[],"product_cat":[111,63,92],"product_tag":[],"class_list":{"0":"post-3572","1":"product","2":"type-product","3":"status-publish","4":"has-post-thumbnail","6":"product_cat-111","7":"product_cat-f","8":"product_cat-guenther-foerg","10":"first","11":"instock","12":"taxable","13":"shipping-taxable","14":"purchasable","15":"product-type-simple"},"aioseo_notices":[],"_wp_attached_file":null,"_wp_attachment_metadata":null,"_wc_attachment_source":null,"_elementor_inline_svg":null,"_elementor_is_screenshot":null,"_elementor_source_image_hash":null,"_source_url":null,"_wp_attachment_context":null,"_menu_item_type":null,"_menu_item_menu_item_parent":null,"_menu_item_object_id":null,"_menu_item_object":null,"_menu_item_target":null,"_menu_item_classes":null,"_menu_item_xfn":null,"_menu_item_url":null,"__elementor_forms_snapshot":null,"_unit":"","_unit_base":"","_unit_product":"","_unit_price_auto":"no","_unit_price_regular":"","_unit_price":"","_unit_price_sale":"","_sale_price_label":"","_sale_price_regular_label":"","_manufacturer_slug":"","_mini_desc":"","_defect_description":"","_safety_instructions":"","_allergen_ids":[],"_warranty_attachment_id":"","_safety_attachment_ids":[],"_min_age":"","_ts_gtin":"","_ts_mpn":"","_delivery_time_countries":[],"_free_shipping":"no","_service":"no","_photovoltaic_system":"no","_used_good":"no","_defective_copy":"no","_wireless_electronic_device":"no","_device_contains_power_supply":"no","_device_charging_supports_usb_pd":"no","_device_charging_watt_min":"0","_device_charging_watt_max":"0","_is_food":"no","_differential_taxation":"no","_gzd_version":"3.18.7","_hs_code":"","_customs_description":"","_manufacture_country":"0","_is_non_returnable":"no","_shipping_length":"","_shipping_width":"","_shipping_height":"","_sku":"ISBN 978-3-86442-265-2","_global_unique_id":"978-3-86442-265-2","_regular_price":"24.8","total_sales":"0","_tax_status":"taxable","_tax_class":"","_manage_stock":"no","_backorders":"no","_sold_individually":"no","_weight":"1","_virtual":"no","_downloadable":"no","_download_limit":"-1","_download_expiry":"-1","_stock":"","_stock_status":"instock","_wc_average_rating":"0","_wc_review_count":"0","_product_version":"9.7.1","_price":"24.8","shopengine_product_views_count":"2690","_thumbnail_id":"4987","_product_attributes":{"erscheinungsdatum":{"name":"Fecha de publicaci\u00f3n","value":"07.08.2018","position":0,"is_visible":1,"is_variation":0,"is_taxonomy":0,"checkout_visible":0}},"_nutrient_ids":[],"_upsell_ids":null,"pswc_subtitle":null,"_default_delivery_time":null,"_wp_desired_post_slug":null,"_isbn":null,"pageType":null,"isExternalUrl":null,"pageId":null,"externalUrl":null,"hideCookieBanner":null,"isTargetBlank":null,"isProviderCurrentWebsite":null,"isEmbeddingOnlyExternalResources":null,"legalBasis":null,"dataProcessingInCountries":null,"dataProcessingInCountriesSpecialTreatments":null,"technicalDefinitions":null,"googleConsentModeConsentTypes":null,"executePriority":null,"executeCodeOptInWhenNoTagManagerConsentIsGiven":null,"executeCodeOptOutWhenNoTagManagerConsentIsGiven":null,"deleteTechnicalDefinitionsAfterOptOut":null,"presetId":null,"presetVersion":null,"provider":null,"providerContactPhone":null,"providerContactEmail":null,"providerContactLink":null,"uniqueName":null,"providerPrivacyPolicyUrl":null,"providerLegalNoticeUrl":null,"codeOptIn":null,"codeOptOut":null,"codeOnPageLoad":null,"language_code":null,"shopengine_template__post_meta__type":null,"shopengine_template__post_meta":null,"shopengine_template__post_meta__edit_with":null,"origin":null,"_enabled":null,"_filters":null,"_layout":null,"_elementor_import_session_id":null,"_wp_trash_meta_status":null,"_wp_trash_meta_time":null,"_edit_lock":"1743526234:2","_elementor_floating_elements_type":null,"_elementor_edit_mode":null,"_elementor_template_type":null,"tc-thumb-fld":{"_thumb_id":4987,"_thumb_type":"thumb"},"_wp_page_template":"default","_elementor_version":null,"_elementor_pro_version":null,"_elementor_page_settings":null,"_elementor_data":null,"_elementor_conditions":null,"_elementor_popup_display_settings":null,"_edit_last":"2","_elementor_template_sub_type":null,"_elementor_controls_usage":null,"_elementor_screenshot":null,"_elementor_css":null,"_elementor_page_assets":[],"_elementor_element_cache":null,"_elementor_screenshot_failed":null,"_elementor_source":null,"_wp_old_date":null,"layout_key":"","post_slider_check_key":"0","_links":{"self":[{"href":"https:\/\/snoeck.de\/es\/wp-json\/wp\/v2\/product\/3572","targetHints":{"allow":["GET"]}}],"collection":[{"href":"https:\/\/snoeck.de\/es\/wp-json\/wp\/v2\/product"}],"about":[{"href":"https:\/\/snoeck.de\/es\/wp-json\/wp\/v2\/types\/product"}],"wp:featuredmedia":[{"embeddable":true,"href":"https:\/\/snoeck.de\/es\/wp-json\/wp\/v2\/media\/4987"}],"wp:attachment":[{"href":"https:\/\/snoeck.de\/es\/wp-json\/wp\/v2\/media?parent=3572"}],"wp:term":[{"taxonomy":"product_brand","embeddable":true,"href":"https:\/\/snoeck.de\/es\/wp-json\/wp\/v2\/product_brand?post=3572"},{"taxonomy":"product_cat","embeddable":true,"href":"https:\/\/snoeck.de\/es\/wp-json\/wp\/v2\/product_cat?post=3572"},{"taxonomy":"product_tag","embeddable":true,"href":"https:\/\/snoeck.de\/es\/wp-json\/wp\/v2\/product_tag?post=3572"}],"curies":[{"name":"wp","href":"https:\/\/api.w.org\/{rel}","templated":true}]}}