{"id":3576,"date":"2025-01-31T11:30:31","date_gmt":"2025-01-31T11:30:31","guid":{"rendered":"https:\/\/snoeck.process-vision.de\/shop\/pia-fries-tausend-einerlei\/"},"modified":"2025-04-01T16:48:02","modified_gmt":"2025-04-01T16:48:02","slug":"pia-fries-tausend-einerlei","status":"publish","type":"product","link":"https:\/\/snoeck.de\/es\/shop\/pia-fries-tausend-einerlei\/","title":{"rendered":"Pia Fries: mil : una cosa"},"content":{"rendered":"<h3>Collages entre figuraci\u00f3n y abstracci\u00f3n<\/h3>\n<p>Pia Fries (*1955) utiliza el color directamente sobre sus lienzos, ya sea como masa densa o como trazo fluido, jugando con texturas, texturas y formas repetitivas. Al igual que otros colegas suyos de la pintura contempor\u00e1nea, hace un uso virtuoso de las posibilidades de la reproducci\u00f3n t\u00e9cnica. Sin embargo, con el uso de procesos fotomec\u00e1nicos en su obra pict\u00f3rica, no persigue ni aspectos de transparencia ni de reconocimiento de lo representado, sino que se centra en la vida en desarrollo de las distintas partes. La ant\u00edtesis de su pintura es el arte gr\u00e1fico, que oscila de forma fascinante entre el representacionismo y la abstracci\u00f3n, entre la historia y el presente. Para esta serie de obras, ha utilizado tres ejemplares del libro ilustrado \"Chinesische Bambuspapierherstellung. Un libro ilustrado del siglo XVIII\", elimin\u00f3 las aportaciones de texto y \"liber\u00f3 las l\u00e1minas individuales en color para que fueran independientes\", como ella misma escribe. \"Luego me apropi\u00e9 de estos paneles de im\u00e1genes independientes, los redise\u00f1\u00e9 con colores y estampados, y finalmente se convirtieron en algo nuevo\". Pia Fries, alumna aventajada de Gerhard Richter, estudi\u00f3 en D\u00fcsseldorf de 1980 a 1986 y ha adquirido renombre internacional desde su participaci\u00f3n en la Bienal de Venecia comisariada por Harald Szeemann en 1999.<\/p>","protected":false},"excerpt":{"rendered":"<p>Kienbaum Artists' Books 2022, editado por Jochen y Laura Kienbaum<br \/>\nPoemas (alem\u00e1n\/ingl\u00e9s) de John Yau<br \/>\n96 p. con 39 ilustraciones en color a doble p\u00e1gina<br \/>\nFormato 33,7 x 30,5 cm, tapa dura<\/p>","protected":false},"featured_media":4991,"template":"","meta":[],"product_brand":[],"product_cat":[86,63,68],"product_tag":[],"class_list":{"0":"post-3576","1":"product","2":"type-product","3":"status-publish","4":"has-post-thumbnail","6":"product_cat-86","7":"product_cat-f","8":"product_cat-k","10":"first","11":"instock","12":"taxable","13":"shipping-taxable","14":"purchasable","15":"product-type-simple"},"aioseo_notices":[],"_wp_attached_file":null,"_wp_attachment_metadata":null,"_wc_attachment_source":null,"_elementor_inline_svg":null,"_elementor_is_screenshot":null,"_elementor_source_image_hash":null,"_source_url":null,"_wp_attachment_context":null,"_menu_item_type":null,"_menu_item_menu_item_parent":null,"_menu_item_object_id":null,"_menu_item_object":null,"_menu_item_target":null,"_menu_item_classes":null,"_menu_item_xfn":null,"_menu_item_url":null,"__elementor_forms_snapshot":null,"_unit":"","_unit_base":"","_unit_product":"","_unit_price_auto":"no","_unit_price_regular":"","_unit_price":"","_unit_price_sale":"","_sale_price_label":"","_sale_price_regular_label":"","_manufacturer_slug":"","_mini_desc":"","_defect_description":"","_safety_instructions":"","_allergen_ids":[],"_warranty_attachment_id":"","_safety_attachment_ids":[],"_min_age":"","_ts_gtin":"","_ts_mpn":"","_delivery_time_countries":[],"_free_shipping":"no","_service":"no","_photovoltaic_system":"no","_used_good":"no","_defective_copy":"no","_wireless_electronic_device":"no","_device_contains_power_supply":"no","_device_charging_supports_usb_pd":"no","_device_charging_watt_min":"0","_device_charging_watt_max":"0","_is_food":"no","_differential_taxation":"no","_gzd_version":"3.18.7","_hs_code":"","_customs_description":"","_manufacture_country":"0","_is_non_returnable":"no","_shipping_length":"","_shipping_width":"","_shipping_height":"","_sku":"ISBN 978-3-86442-371-0","_global_unique_id":"978-3-86442-371-0","_regular_price":"48","total_sales":"0","_tax_status":"taxable","_tax_class":"","_manage_stock":"no","_backorders":"no","_sold_individually":"no","_weight":"2","_virtual":"no","_downloadable":"no","_download_limit":"-1","_download_expiry":"-1","_stock":"","_stock_status":"instock","_wc_average_rating":"0","_wc_review_count":"0","_product_version":"9.7.1","_price":"48","shopengine_product_views_count":"2500","_thumbnail_id":"4991","_product_attributes":{"erscheinungsdatum":{"name":"Fecha de publicaci\u00f3n","value":"03.01.2022","position":0,"is_visible":1,"is_variation":0,"is_taxonomy":0,"checkout_visible":0}},"_nutrient_ids":[],"_upsell_ids":null,"pswc_subtitle":null,"_default_delivery_time":null,"_wp_desired_post_slug":null,"_isbn":null,"pageType":null,"isExternalUrl":null,"pageId":null,"externalUrl":null,"hideCookieBanner":null,"isTargetBlank":null,"isProviderCurrentWebsite":null,"isEmbeddingOnlyExternalResources":null,"legalBasis":null,"dataProcessingInCountries":null,"dataProcessingInCountriesSpecialTreatments":null,"technicalDefinitions":null,"googleConsentModeConsentTypes":null,"executePriority":null,"executeCodeOptInWhenNoTagManagerConsentIsGiven":null,"executeCodeOptOutWhenNoTagManagerConsentIsGiven":null,"deleteTechnicalDefinitionsAfterOptOut":null,"presetId":null,"presetVersion":null,"provider":null,"providerContactPhone":null,"providerContactEmail":null,"providerContactLink":null,"uniqueName":null,"providerPrivacyPolicyUrl":null,"providerLegalNoticeUrl":null,"codeOptIn":null,"codeOptOut":null,"codeOnPageLoad":null,"language_code":null,"shopengine_template__post_meta__type":null,"shopengine_template__post_meta":null,"shopengine_template__post_meta__edit_with":null,"origin":null,"_enabled":null,"_filters":null,"_layout":null,"_elementor_import_session_id":null,"_wp_trash_meta_status":null,"_wp_trash_meta_time":null,"_edit_lock":"1743525943:2","_elementor_floating_elements_type":null,"_elementor_edit_mode":null,"_elementor_template_type":null,"tc-thumb-fld":{"_thumb_id":4991,"_thumb_type":"thumb"},"_wp_page_template":"default","_elementor_version":null,"_elementor_pro_version":null,"_elementor_page_settings":null,"_elementor_data":null,"_elementor_conditions":null,"_elementor_popup_display_settings":null,"_edit_last":"2","_elementor_template_sub_type":null,"_elementor_controls_usage":null,"_elementor_screenshot":null,"_elementor_css":null,"_elementor_page_assets":[],"_elementor_element_cache":null,"_elementor_screenshot_failed":null,"_elementor_source":null,"_wp_old_date":null,"layout_key":"","post_slider_check_key":"0","_links":{"self":[{"href":"https:\/\/snoeck.de\/es\/wp-json\/wp\/v2\/product\/3576","targetHints":{"allow":["GET"]}}],"collection":[{"href":"https:\/\/snoeck.de\/es\/wp-json\/wp\/v2\/product"}],"about":[{"href":"https:\/\/snoeck.de\/es\/wp-json\/wp\/v2\/types\/product"}],"wp:featuredmedia":[{"embeddable":true,"href":"https:\/\/snoeck.de\/es\/wp-json\/wp\/v2\/media\/4991"}],"wp:attachment":[{"href":"https:\/\/snoeck.de\/es\/wp-json\/wp\/v2\/media?parent=3576"}],"wp:term":[{"taxonomy":"product_brand","embeddable":true,"href":"https:\/\/snoeck.de\/es\/wp-json\/wp\/v2\/product_brand?post=3576"},{"taxonomy":"product_cat","embeddable":true,"href":"https:\/\/snoeck.de\/es\/wp-json\/wp\/v2\/product_cat?post=3576"},{"taxonomy":"product_tag","embeddable":true,"href":"https:\/\/snoeck.de\/es\/wp-json\/wp\/v2\/product_tag?post=3576"}],"curies":[{"name":"wp","href":"https:\/\/api.w.org\/{rel}","templated":true}]}}