{"id":3579,"date":"2025-01-31T11:30:33","date_gmt":"2025-01-31T11:30:33","guid":{"rendered":"https:\/\/snoeck.process-vision.de\/shop\/albrecht-fuchs-mk-95\/"},"modified":"2025-06-20T12:00:57","modified_gmt":"2025-06-20T11:00:57","slug":"albrecht-fuchs-mk-95","status":"publish","type":"product","link":"https:\/\/snoeck.de\/es\/shop\/albrecht-fuchs-mk-95\/","title":{"rendered":"Albrecht Fuchs: MK 95"},"content":{"rendered":"<h3>Kippenberger<\/h3>\n<p>Publicado en la primavera de 2008, Albrecht Fuchs ha sido nominado para el \"Deutsche B\u00f6rse Photography Prize 2008\" (organizado por la renombrada Photographer's Gallery de Londres) con su selecci\u00f3n de obras fotogr\u00e1ficas \"Retratos\". La prensa ya reaccion\u00f3 euf\u00f3ricamente a la publicaci\u00f3n del libro con grandes despliegues fotogr\u00e1ficos (por ejemplo, en Welt y Frankfurter Rundschau) y declar\u00f3 al fot\u00f3grafo de Colonia el \"favorito de los artistas\". Que esto no es una exageraci\u00f3n lo demuestra la peque\u00f1a, inspiradora e inicial serie de fotograf\u00edas que Albrecht Fuchs tom\u00f3 de Martin Kippenberger en el transcurso de 1995. Le acompa\u00f1\u00f3 a Dawson City, a su estudio o a la Selva Negra y experiment\u00f3 lo que \u00e9l mismo llama \"sus lecciones como fot\u00f3grafo\".<br \/>\nEste tremendo fen\u00f3meno Kippenberger, siempre y en todas partes fotografiado, bueno para muchas ideas pict\u00f3ricas sobresalientes, espont\u00e1neo e ingenioso, como algunos creen err\u00f3neamente, conoc\u00eda su efecto pict\u00f3rico con precisi\u00f3n y lo calculaba para arrancar a los fot\u00f3grafos la mayor fidelidad posible a su idea. No se trataba de posar, y en la medida en que Albrecht Fuchs se entusiasmaba con este proceso, lograba su estilo de retrato independiente y sensible. El volumen en un formato especial, cuidadosamente impreso y acabado, se publica \u00fanicamente en una peque\u00f1a edici\u00f3n firmada y limitada de 800 ejemplares, 30 de los cuales se reservan para una edici\u00f3n especial con tres motivos de Kippenberger.<\/p>","protected":false},"excerpt":{"rendered":"<p>Texto (alem\u00e1n\/ingl\u00e9s) de Michel W\u00fcrthle<br \/>\n56 p. con 20 ilustraciones en color<br \/>\nFormato 31,5 x 31,5 cm, lino gofrado, con sobrecubierta de doble pliegue<\/p>","protected":false},"featured_media":4994,"template":"","meta":[],"product_brand":[],"product_cat":[117,63,68],"product_tag":[],"class_list":{"0":"post-3579","1":"product","2":"type-product","3":"status-publish","4":"has-post-thumbnail","6":"product_cat-117","7":"product_cat-f","8":"product_cat-k","10":"first","11":"instock","12":"taxable","13":"shipping-taxable","14":"purchasable","15":"product-type-simple"},"aioseo_notices":[],"_wp_attached_file":null,"_wp_attachment_metadata":null,"_wc_attachment_source":null,"_elementor_inline_svg":null,"_elementor_is_screenshot":null,"_elementor_source_image_hash":null,"_source_url":null,"_wp_attachment_context":null,"_menu_item_type":null,"_menu_item_menu_item_parent":null,"_menu_item_object_id":null,"_menu_item_object":null,"_menu_item_target":null,"_menu_item_classes":null,"_menu_item_xfn":null,"_menu_item_url":null,"__elementor_forms_snapshot":null,"_unit":"","_unit_base":"","_unit_product":"","_unit_price_auto":"no","_unit_price_regular":"","_unit_price":"","_unit_price_sale":"","_sale_price_label":"","_sale_price_regular_label":"","_manufacturer_slug":"","_mini_desc":"","_defect_description":"","_safety_instructions":"","_allergen_ids":[],"_warranty_attachment_id":"","_safety_attachment_ids":[],"_min_age":"","_ts_gtin":"","_ts_mpn":"","_delivery_time_countries":[],"_free_shipping":"no","_service":"no","_photovoltaic_system":"no","_used_good":"no","_defective_copy":"no","_wireless_electronic_device":"no","_device_contains_power_supply":"no","_device_charging_supports_usb_pd":"no","_device_charging_watt_min":"0","_device_charging_watt_max":"0","_is_food":"no","_differential_taxation":"no","_gzd_version":"3.18.7","_hs_code":"","_customs_description":"","_manufacture_country":"0","_is_non_returnable":"no","_shipping_length":"","_shipping_width":"","_shipping_height":"","_sku":"ISBN 978-3-936859-75-1","_global_unique_id":"978-3-936859-75-1","_regular_price":"29.8","total_sales":"4","_tax_status":"taxable","_tax_class":"","_manage_stock":"no","_backorders":"no","_sold_individually":"no","_weight":"2","_virtual":"no","_downloadable":"no","_download_limit":"-1","_download_expiry":"-1","_stock":"","_stock_status":"instock","_wc_average_rating":"0","_wc_review_count":"0","_product_version":"9.8.3","_price":"29.8","shopengine_product_views_count":"3435","_thumbnail_id":"4994","_product_attributes":{"erscheinungsdatum":{"name":"Fecha de publicaci\u00f3n","value":"30.09.2007","position":0,"is_visible":1,"is_variation":0,"is_taxonomy":0,"checkout_visible":0}},"_nutrient_ids":[],"_upsell_ids":null,"pswc_subtitle":null,"_default_delivery_time":null,"_wp_desired_post_slug":null,"_isbn":null,"pageType":null,"isExternalUrl":null,"pageId":null,"externalUrl":null,"hideCookieBanner":null,"isTargetBlank":null,"isProviderCurrentWebsite":null,"isEmbeddingOnlyExternalResources":null,"legalBasis":null,"dataProcessingInCountries":null,"dataProcessingInCountriesSpecialTreatments":null,"technicalDefinitions":null,"googleConsentModeConsentTypes":null,"executePriority":null,"executeCodeOptInWhenNoTagManagerConsentIsGiven":null,"executeCodeOptOutWhenNoTagManagerConsentIsGiven":null,"deleteTechnicalDefinitionsAfterOptOut":null,"presetId":null,"presetVersion":null,"provider":null,"providerContactPhone":null,"providerContactEmail":null,"providerContactLink":null,"uniqueName":null,"providerPrivacyPolicyUrl":null,"providerLegalNoticeUrl":null,"codeOptIn":null,"codeOptOut":null,"codeOnPageLoad":null,"language_code":null,"shopengine_template__post_meta__type":null,"shopengine_template__post_meta":null,"shopengine_template__post_meta__edit_with":null,"origin":null,"_enabled":null,"_filters":null,"_layout":null,"_elementor_import_session_id":null,"_wp_trash_meta_status":null,"_wp_trash_meta_time":null,"_edit_lock":"1743525495:2","_elementor_floating_elements_type":null,"_elementor_edit_mode":null,"_elementor_template_type":null,"tc-thumb-fld":{"_thumb_id":4994,"_thumb_type":"thumb"},"_wp_page_template":"default","_elementor_version":null,"_elementor_pro_version":null,"_elementor_page_settings":null,"_elementor_data":null,"_elementor_conditions":null,"_elementor_popup_display_settings":null,"_edit_last":"2","_elementor_template_sub_type":null,"_elementor_controls_usage":null,"_elementor_screenshot":null,"_elementor_css":null,"_elementor_page_assets":[],"_elementor_element_cache":null,"_elementor_screenshot_failed":null,"_elementor_source":null,"_wp_old_date":null,"layout_key":"","post_slider_check_key":"0","_links":{"self":[{"href":"https:\/\/snoeck.de\/es\/wp-json\/wp\/v2\/product\/3579","targetHints":{"allow":["GET"]}}],"collection":[{"href":"https:\/\/snoeck.de\/es\/wp-json\/wp\/v2\/product"}],"about":[{"href":"https:\/\/snoeck.de\/es\/wp-json\/wp\/v2\/types\/product"}],"wp:featuredmedia":[{"embeddable":true,"href":"https:\/\/snoeck.de\/es\/wp-json\/wp\/v2\/media\/4994"}],"wp:attachment":[{"href":"https:\/\/snoeck.de\/es\/wp-json\/wp\/v2\/media?parent=3579"}],"wp:term":[{"taxonomy":"product_brand","embeddable":true,"href":"https:\/\/snoeck.de\/es\/wp-json\/wp\/v2\/product_brand?post=3579"},{"taxonomy":"product_cat","embeddable":true,"href":"https:\/\/snoeck.de\/es\/wp-json\/wp\/v2\/product_cat?post=3579"},{"taxonomy":"product_tag","embeddable":true,"href":"https:\/\/snoeck.de\/es\/wp-json\/wp\/v2\/product_tag?post=3579"}],"curies":[{"name":"wp","href":"https:\/\/api.w.org\/{rel}","templated":true}]}}