{"id":3580,"date":"2025-01-31T11:30:33","date_gmt":"2025-01-31T11:30:33","guid":{"rendered":"https:\/\/snoeck.process-vision.de\/shop\/rudi-fuchs-rembrandt-spricht\/"},"modified":"2025-04-01T16:43:34","modified_gmt":"2025-04-01T16:43:34","slug":"rudi-fuchs-rembrandt-spricht","status":"publish","type":"product","link":"https:\/\/snoeck.de\/es\/shop\/rudi-fuchs-rembrandt-spricht\/","title":{"rendered":"Rudi Fuchs: Rembrandt habla"},"content":{"rendered":"<h3>Rembrandt desenchufado<\/h3>\n<p>Con un lenguaje literario sencillo, descripciones precisas y observaciones casi fotogr\u00e1ficamente exactas, Rudi Fuchs nos permite participar en el desarrollo y la perfecci\u00f3n de uno de los m\u00e1s grandes pintores barrocos holandeses, que no se convirti\u00f3 en un pintor emblem\u00e1tico del Siglo de Oro hasta el siglo XX.Rudi Fuchs, \u00e9l mismo un famoso muse\u00f3logo e influyente conservador de arte contempor\u00e1neo (incluida la documenta 7), ha visitado muchos cientos de estudios a lo largo de las d\u00e9cadas y ha mantenido otras tantas conversaciones con artistas. documenta 7), ha visitado muchos cientos de estudios a lo largo de las d\u00e9cadas y ha mantenido otras tantas conversaciones con artistas. Ahora, por fin, nos lleva con \u00e9l en sus imaginarias visitas al estudio de Rembrandt, mira por encima del hombro de su famoso compatriota con gran concentraci\u00f3n mientras crea una selecci\u00f3n espec\u00edfica de sus obras m\u00e1s importantes y nos ofrece realmente una impresionante panor\u00e1mica de la obra de Rembrandt.Rudi Fuchs realmente deja hablar a su Rembrandt cuando le sigue paso a paso, de un cuadro al siguiente, quiz\u00e1s a trav\u00e9s de las distracciones de un boceto o un aguafuerte, hasta las soluciones pict\u00f3ricas concretas a los problemas. Al fin y al cabo, la historia del arte nunca ha dejado de lado una cosa: Rembrandt se reinventaba constantemente; se le considera quiz\u00e1 uno de los pintores menos convencionales del siglo XVII, siempre a la b\u00fasqueda de nuevas soluciones.<\/p>","protected":false},"excerpt":{"rendered":"<p>Novela biogr\u00e1fica en neerland\u00e9s de Jolanda Michelmann<br \/>\n320 p. con 180 ilustraciones en color<br \/>\nFormato 15 x 11 cm, tapa dura con marcador de cinta<\/p>","protected":false},"featured_media":4995,"template":"","meta":[],"product_brand":[],"product_cat":[105,63,75],"product_tag":[],"class_list":{"0":"post-3580","1":"product","2":"type-product","3":"status-publish","4":"has-post-thumbnail","6":"product_cat-105","7":"product_cat-f","8":"product_cat-r","10":"first","11":"instock","12":"taxable","13":"shipping-taxable","14":"purchasable","15":"product-type-simple"},"aioseo_notices":[],"_wp_attached_file":null,"_wp_attachment_metadata":null,"_wc_attachment_source":null,"_elementor_inline_svg":null,"_elementor_is_screenshot":null,"_elementor_source_image_hash":null,"_source_url":null,"_wp_attachment_context":null,"_menu_item_type":null,"_menu_item_menu_item_parent":null,"_menu_item_object_id":null,"_menu_item_object":null,"_menu_item_target":null,"_menu_item_classes":null,"_menu_item_xfn":null,"_menu_item_url":null,"__elementor_forms_snapshot":null,"_unit":"","_unit_base":"","_unit_product":"","_unit_price_auto":"no","_unit_price_regular":"","_unit_price":"","_unit_price_sale":"","_sale_price_label":"","_sale_price_regular_label":"","_manufacturer_slug":"","_mini_desc":"","_defect_description":"","_safety_instructions":"","_allergen_ids":[],"_warranty_attachment_id":"","_safety_attachment_ids":[],"_min_age":"","_ts_gtin":"","_ts_mpn":"","_delivery_time_countries":[],"_free_shipping":"no","_service":"no","_photovoltaic_system":"no","_used_good":"no","_defective_copy":"no","_wireless_electronic_device":"no","_device_contains_power_supply":"no","_device_charging_supports_usb_pd":"no","_device_charging_watt_min":"0","_device_charging_watt_max":"0","_is_food":"no","_differential_taxation":"no","_gzd_version":"3.18.7","_hs_code":"","_customs_description":"","_manufacture_country":"0","_is_non_returnable":"no","_shipping_length":"","_shipping_width":"","_shipping_height":"","_sku":"ISBN 978-3-940953-89-6","_global_unique_id":"978-3-940953-89-6","_regular_price":"19.8","total_sales":"1","_tax_status":"taxable","_tax_class":"","_manage_stock":"no","_backorders":"no","_sold_individually":"no","_weight":"1","_virtual":"no","_downloadable":"no","_download_limit":"-1","_download_expiry":"-1","_stock":"","_stock_status":"instock","_wc_average_rating":"0","_wc_review_count":"0","_product_version":"9.7.1","_price":"19.8","shopengine_product_views_count":"2578","_thumbnail_id":"4995","_product_attributes":{"erscheinungsdatum":{"name":"Fecha de publicaci\u00f3n","value":"30.08.2010","position":0,"is_visible":1,"is_variation":0,"is_taxonomy":0,"checkout_visible":0}},"_nutrient_ids":[],"_upsell_ids":null,"pswc_subtitle":null,"_default_delivery_time":null,"_wp_desired_post_slug":null,"_isbn":null,"pageType":null,"isExternalUrl":null,"pageId":null,"externalUrl":null,"hideCookieBanner":null,"isTargetBlank":null,"isProviderCurrentWebsite":null,"isEmbeddingOnlyExternalResources":null,"legalBasis":null,"dataProcessingInCountries":null,"dataProcessingInCountriesSpecialTreatments":null,"technicalDefinitions":null,"googleConsentModeConsentTypes":null,"executePriority":null,"executeCodeOptInWhenNoTagManagerConsentIsGiven":null,"executeCodeOptOutWhenNoTagManagerConsentIsGiven":null,"deleteTechnicalDefinitionsAfterOptOut":null,"presetId":null,"presetVersion":null,"provider":null,"providerContactPhone":null,"providerContactEmail":null,"providerContactLink":null,"uniqueName":null,"providerPrivacyPolicyUrl":null,"providerLegalNoticeUrl":null,"codeOptIn":null,"codeOptOut":null,"codeOnPageLoad":null,"language_code":null,"shopengine_template__post_meta__type":null,"shopengine_template__post_meta":null,"shopengine_template__post_meta__edit_with":null,"origin":null,"_enabled":null,"_filters":null,"_layout":null,"_elementor_import_session_id":null,"_wp_trash_meta_status":null,"_wp_trash_meta_time":null,"_edit_lock":"1743525675:2","_elementor_floating_elements_type":null,"_elementor_edit_mode":null,"_elementor_template_type":null,"tc-thumb-fld":{"_thumb_id":4995,"_thumb_type":"thumb"},"_wp_page_template":"default","_elementor_version":null,"_elementor_pro_version":null,"_elementor_page_settings":null,"_elementor_data":null,"_elementor_conditions":null,"_elementor_popup_display_settings":null,"_edit_last":"2","_elementor_template_sub_type":null,"_elementor_controls_usage":null,"_elementor_screenshot":null,"_elementor_css":null,"_elementor_page_assets":[],"_elementor_element_cache":null,"_elementor_screenshot_failed":null,"_elementor_source":null,"_wp_old_date":null,"layout_key":"","post_slider_check_key":"0","_links":{"self":[{"href":"https:\/\/snoeck.de\/es\/wp-json\/wp\/v2\/product\/3580","targetHints":{"allow":["GET"]}}],"collection":[{"href":"https:\/\/snoeck.de\/es\/wp-json\/wp\/v2\/product"}],"about":[{"href":"https:\/\/snoeck.de\/es\/wp-json\/wp\/v2\/types\/product"}],"wp:featuredmedia":[{"embeddable":true,"href":"https:\/\/snoeck.de\/es\/wp-json\/wp\/v2\/media\/4995"}],"wp:attachment":[{"href":"https:\/\/snoeck.de\/es\/wp-json\/wp\/v2\/media?parent=3580"}],"wp:term":[{"taxonomy":"product_brand","embeddable":true,"href":"https:\/\/snoeck.de\/es\/wp-json\/wp\/v2\/product_brand?post=3580"},{"taxonomy":"product_cat","embeddable":true,"href":"https:\/\/snoeck.de\/es\/wp-json\/wp\/v2\/product_cat?post=3580"},{"taxonomy":"product_tag","embeddable":true,"href":"https:\/\/snoeck.de\/es\/wp-json\/wp\/v2\/product_tag?post=3580"}],"curies":[{"name":"wp","href":"https:\/\/api.w.org\/{rel}","templated":true}]}}