{"id":3582,"date":"2025-01-31T11:30:35","date_gmt":"2025-01-31T11:30:35","guid":{"rendered":"https:\/\/snoeck.process-vision.de\/shop\/fuzzy-dark-spot\/"},"modified":"2025-04-01T16:37:47","modified_gmt":"2025-04-01T16:37:47","slug":"fuzzy-dark-spot","status":"publish","type":"product","link":"https:\/\/snoeck.de\/es\/shop\/fuzzy-dark-spot\/","title":{"rendered":"Mancha oscura difusa"},"content":{"rendered":"<h3>Tengo una mancha oscura difusa en mi lente<\/h3>\n<p>El libro FUZZY DARK SPOT que acompa\u00f1a a la exposici\u00f3n en la Colecci\u00f3n Falckenberg \/ Deichtorhallen Hamburg examina en 56 posiciones c\u00f3mo se utiliza el v\u00eddeo como medio art\u00edstico para interpretar las irritaciones y manipulaciones sociales y medi\u00e1ticas. Esto se refiere a la televisi\u00f3n, los movimientos de ilustraci\u00f3n del contrap\u00fablico en los a\u00f1os 70, el uso del v\u00eddeo como medio de vigilancia, as\u00ed como medio de narraci\u00f3n art\u00edstica como espejo psicosocial o instrumento de autooptimizaci\u00f3n en el presente digital. La gran influencia de las im\u00e1genes de v\u00eddeo en la memoria y la conciencia colectivas de los siglos XX y XXI hace que las dudas sobre la imagen, la incomodidad ante lo familiar y la desconfianza ante las pretensiones de verdad sean motivos importantes para la reflexi\u00f3n art\u00edstica. El t\u00edtulo de la exposici\u00f3n a\u00fana estos hilos y describe una mancha, lugar o condici\u00f3n nebulosa, borrosa y oscura. El t\u00e9rmino Fuzzy Dark Spot procede de un foro de Internet en el que se habla del moho que ha contaminado los objetivos de las c\u00e1maras. La exposici\u00f3n, comisariada por el videoartista hamburgu\u00e9s Wolfgang Oelze, hace un recorrido por la obra de artistas de Hamburgo en el contexto de la Colecci\u00f3n Falckenberg.<\/p>\n<p>Artistas:<br \/>\nVito Acconci, Gabor Altorjay, John Bock, Claus B\u00f6hmler, \u00d6yvind Fahlstr\u00f6m,<br \/>\nHarun Farocki, Jeanne Faust, Lee Friedlander, Gintersdorfer\/Kla\u00dfen, Rosanna Graf, Britta Gr\u00f6ne\/Peter Piller, Romeo Gr\u00fcnfelder, Christian Jankowski, Volko Kamensky, Naho Kawabe, Mike Kelley, Jon Kessler, Nina K\u00f6nnemann, Till Krause, Vlado Kristl, Lene Markusen,<br \/>\nPaul McCarthy, Aurelia Mihai, Ernst Mitzka, Vanessa Nica Mueller, Karina Nimmerfall, Wolfgang Oelze, Tony Oursler, Nam June Paik, Stefan Panhans, Rotraut Pape\/Raskin, reproducciones, Rainer Korsen\/Gerd Roscher, Oliver Ross, Gerhard R\u00fchm, Swen Erik Scheuerling, Corinna Schnitt, Paul Spengemann, Hans St\u00fctzer, Mike Mandel\/Larry Sultan, Inga Svala Thorsdottir, Helena Wittmann, Steffen Zillig.<\/p>\n<p>Exposici\u00f3n:<br \/>\nDeichtorhallen Hamburg \/ Colecci\u00f3n Falckenberg, Hamburgo-Harburgo, 13\/4-3\/11\/2019<\/p>","protected":false},"excerpt":{"rendered":"<p>Cat\u00e1logo de la exposici\u00f3n, Deichtorhallen Hamburg \/ Falckenberg Collection Hamburg-Harburg, editado por Dirk Luckow y Wolfgang Oelze<br \/>\nTextos (alem\u00e1n\/ingl\u00e9s) de Friedrich Heubach, Dirk Luckow, Thomas Macho, Wolfgang Oelze, Claudia Reiche, Gerd Roscher, Siegfried Zielinski y textos introductorios sobre los artistas.<br \/>\n324 p. con 210 ilustraciones en color<br \/>\nFormato 24 x 18 cm, tapa blanda gofrada<\/p>","protected":false},"featured_media":4997,"template":"","meta":[],"product_brand":[],"product_cat":[110,61,63,76],"product_tag":[],"class_list":{"0":"post-3582","1":"product","2":"type-product","3":"status-publish","4":"has-post-thumbnail","6":"product_cat-110","7":"product_cat-d","8":"product_cat-f","9":"product_cat-s","11":"first","12":"instock","13":"taxable","14":"shipping-taxable","15":"purchasable","16":"product-type-simple"},"aioseo_notices":[],"_wp_attached_file":null,"_wp_attachment_metadata":null,"_wc_attachment_source":null,"_elementor_inline_svg":null,"_elementor_is_screenshot":null,"_elementor_source_image_hash":null,"_source_url":null,"_wp_attachment_context":null,"_menu_item_type":null,"_menu_item_menu_item_parent":null,"_menu_item_object_id":null,"_menu_item_object":null,"_menu_item_target":null,"_menu_item_classes":null,"_menu_item_xfn":null,"_menu_item_url":null,"__elementor_forms_snapshot":null,"_unit":"","_unit_base":"","_unit_product":"","_unit_price_auto":"no","_unit_price_regular":"","_unit_price":"","_unit_price_sale":"","_sale_price_label":"","_sale_price_regular_label":"","_manufacturer_slug":"","_mini_desc":"","_defect_description":"","_safety_instructions":"","_allergen_ids":[],"_warranty_attachment_id":"","_safety_attachment_ids":[],"_min_age":"","_ts_gtin":"","_ts_mpn":"","_delivery_time_countries":[],"_free_shipping":"no","_service":"no","_photovoltaic_system":"no","_used_good":"no","_defective_copy":"no","_wireless_electronic_device":"no","_device_contains_power_supply":"no","_device_charging_supports_usb_pd":"no","_device_charging_watt_min":"0","_device_charging_watt_max":"0","_is_food":"no","_differential_taxation":"no","_gzd_version":"3.18.7","_hs_code":"","_customs_description":"","_manufacture_country":"0","_is_non_returnable":"no","_shipping_length":"","_shipping_width":"","_shipping_height":"","_sku":"ISBN 978-3-86442-287-4","_global_unique_id":"978-3-86442-287-4","_regular_price":"34","total_sales":"0","_tax_status":"taxable","_tax_class":"","_manage_stock":"no","_backorders":"no","_sold_individually":"no","_weight":"1","_virtual":"no","_downloadable":"no","_download_limit":"-1","_download_expiry":"-1","_stock":"","_stock_status":"instock","_wc_average_rating":"0","_wc_review_count":"0","_product_version":"9.7.1","_price":"34","shopengine_product_views_count":"3532","_thumbnail_id":"4997","_product_attributes":{"erscheinungsdatum":{"name":"Fecha de publicaci\u00f3n","value":"27.05.2019","position":0,"is_visible":1,"is_variation":0,"is_taxonomy":0,"checkout_visible":0}},"_nutrient_ids":[],"_upsell_ids":null,"pswc_subtitle":null,"_default_delivery_time":null,"_wp_desired_post_slug":null,"_isbn":null,"pageType":null,"isExternalUrl":null,"pageId":null,"externalUrl":null,"hideCookieBanner":null,"isTargetBlank":null,"isProviderCurrentWebsite":null,"isEmbeddingOnlyExternalResources":null,"legalBasis":null,"dataProcessingInCountries":null,"dataProcessingInCountriesSpecialTreatments":null,"technicalDefinitions":null,"googleConsentModeConsentTypes":null,"executePriority":null,"executeCodeOptInWhenNoTagManagerConsentIsGiven":null,"executeCodeOptOutWhenNoTagManagerConsentIsGiven":null,"deleteTechnicalDefinitionsAfterOptOut":null,"presetId":null,"presetVersion":null,"provider":null,"providerContactPhone":null,"providerContactEmail":null,"providerContactLink":null,"uniqueName":null,"providerPrivacyPolicyUrl":null,"providerLegalNoticeUrl":null,"codeOptIn":null,"codeOptOut":null,"codeOnPageLoad":null,"language_code":null,"shopengine_template__post_meta__type":null,"shopengine_template__post_meta":null,"shopengine_template__post_meta__edit_with":null,"origin":null,"_enabled":null,"_filters":null,"_layout":null,"_elementor_import_session_id":null,"_wp_trash_meta_status":null,"_wp_trash_meta_time":null,"_edit_lock":"1743525327:2","_elementor_floating_elements_type":null,"_elementor_edit_mode":null,"_elementor_template_type":null,"tc-thumb-fld":{"_thumb_id":4997,"_thumb_type":"thumb"},"_wp_page_template":"default","_elementor_version":null,"_elementor_pro_version":null,"_elementor_page_settings":null,"_elementor_data":null,"_elementor_conditions":null,"_elementor_popup_display_settings":null,"_edit_last":"2","_elementor_template_sub_type":null,"_elementor_controls_usage":null,"_elementor_screenshot":null,"_elementor_css":null,"_elementor_page_assets":[],"_elementor_element_cache":null,"_elementor_screenshot_failed":null,"_elementor_source":null,"_wp_old_date":null,"layout_key":"","post_slider_check_key":"0","_links":{"self":[{"href":"https:\/\/snoeck.de\/es\/wp-json\/wp\/v2\/product\/3582","targetHints":{"allow":["GET"]}}],"collection":[{"href":"https:\/\/snoeck.de\/es\/wp-json\/wp\/v2\/product"}],"about":[{"href":"https:\/\/snoeck.de\/es\/wp-json\/wp\/v2\/types\/product"}],"wp:featuredmedia":[{"embeddable":true,"href":"https:\/\/snoeck.de\/es\/wp-json\/wp\/v2\/media\/4997"}],"wp:attachment":[{"href":"https:\/\/snoeck.de\/es\/wp-json\/wp\/v2\/media?parent=3582"}],"wp:term":[{"taxonomy":"product_brand","embeddable":true,"href":"https:\/\/snoeck.de\/es\/wp-json\/wp\/v2\/product_brand?post=3582"},{"taxonomy":"product_cat","embeddable":true,"href":"https:\/\/snoeck.de\/es\/wp-json\/wp\/v2\/product_cat?post=3582"},{"taxonomy":"product_tag","embeddable":true,"href":"https:\/\/snoeck.de\/es\/wp-json\/wp\/v2\/product_tag?post=3582"}],"curies":[{"name":"wp","href":"https:\/\/api.w.org\/{rel}","templated":true}]}}