{"id":3583,"date":"2025-01-31T11:30:36","date_gmt":"2025-01-31T11:30:36","guid":{"rendered":"https:\/\/snoeck.process-vision.de\/shop\/gegeben-sind-%e2%86%92-reuterswaerd-fahlstroem-duchamp\/"},"modified":"2025-04-01T16:35:18","modified_gmt":"2025-04-01T16:35:18","slug":"gegeben-sind-%e2%86%92-reuterswaerd-fahlstroem-duchamp","status":"publish","type":"product","link":"https:\/\/snoeck.de\/es\/shop\/gegeben-sind-%e2%86%92-reuterswaerd-fahlstroem-duchamp\/","title":{"rendered":"Dado \/ Given \u2192 Reutersw\u00e4rd Fahlstr\u00f6m Duchamp"},"content":{"rendered":"<h3>NO VIOLENCIA<\/h3>\n<p>\u00d6yvind Fahlstr\u00f6m y Carl Fredrik Reutersw\u00e4rd -cuya obra est\u00e1 representada de forma destacada en la colecci\u00f3n del Museo Sprengel de Hannover gracias a una generosa donaci\u00f3n del artista- pertenec\u00edan a un c\u00edrculo dentro de la escena art\u00edstica sueca de los a\u00f1os 50 y 60 que estaba tan unido en su entusiasmo por la obra de Marcel Duchamp como en su feroz rechazo del expresionismo abstracto. Ahora, las obras de estos tres artistas tan diferentes se re\u00fanen en la exposici\u00f3n y, sobre todo, en el libro GEGEBEN SIND. Se ponen de manifiesto numerosas conexiones entre sus obras, de modo que lo que tienen en com\u00fan se hace cada vez m\u00e1s evidente a la vista de sus conceptos y juegos, sus juegos de palabras y su iron\u00eda. Una de las obras m\u00e1s conocidas de Carl Frederik Reutersw\u00e4rd es la escultura \"Non Violence\": el rev\u00f3lver con el ca\u00f1\u00f3n anudado que se ha colocado frente a la sede de la ONU en Nueva York y que ha pasado a simbolizar la aparentemente imposible tarea de esta instituci\u00f3n de preservar la paz mundial. Carl Frederik Reutersw\u00e4rd respondi\u00f3 al asesinato de John Lennon con esta escultura, que se instal\u00f3 en otros 16 lugares del mundo.<\/p>\n<p>Exposici\u00f3n:<br \/>\nMuseo Sprengel de Hannover, 26\/3 - 26\/6\/2022<\/p>","protected":false},"excerpt":{"rendered":"<p>Cat\u00e1logo de la exposici\u00f3n, Sprengel Museum Hannover, editado por Thomas Millroth, Norbert Nobis, Carina Plath, Paula Schwerdtfeger<br \/>\nTextos (alem\u00e1n\/ingl\u00e9s) de Teddy Hultberg, Thomas Millroth, Norbert Nobis, Jesper Olssen, Carina Plath, Paula Schwerdtfeger<br \/>\n176 p. con 35 ilustraciones en b\/n y 100 en color<br \/>\nFormato 32 x 21 cm, tapa dura gofrada<\/p>","protected":false},"featured_media":4998,"template":"","meta":[],"product_brand":[],"product_cat":[86,61,63,64,75],"product_tag":[],"class_list":{"0":"post-3583","1":"product","2":"type-product","3":"status-publish","4":"has-post-thumbnail","6":"product_cat-86","7":"product_cat-d","8":"product_cat-f","9":"product_cat-g","10":"product_cat-r","12":"first","13":"instock","14":"taxable","15":"shipping-taxable","16":"purchasable","17":"product-type-simple"},"aioseo_notices":[],"_wp_attached_file":null,"_wp_attachment_metadata":null,"_wc_attachment_source":null,"_elementor_inline_svg":null,"_elementor_is_screenshot":null,"_elementor_source_image_hash":null,"_source_url":null,"_wp_attachment_context":null,"_menu_item_type":null,"_menu_item_menu_item_parent":null,"_menu_item_object_id":null,"_menu_item_object":null,"_menu_item_target":null,"_menu_item_classes":null,"_menu_item_xfn":null,"_menu_item_url":null,"__elementor_forms_snapshot":null,"_unit":"","_unit_base":"","_unit_product":"","_unit_price_auto":"no","_unit_price_regular":"","_unit_price":"","_unit_price_sale":"","_sale_price_label":"","_sale_price_regular_label":"","_manufacturer_slug":"","_mini_desc":"","_defect_description":"","_safety_instructions":"","_allergen_ids":[],"_warranty_attachment_id":"","_safety_attachment_ids":[],"_min_age":"","_ts_gtin":"","_ts_mpn":"","_delivery_time_countries":[],"_free_shipping":"no","_service":"no","_photovoltaic_system":"no","_used_good":"no","_defective_copy":"no","_wireless_electronic_device":"no","_device_contains_power_supply":"no","_device_charging_supports_usb_pd":"no","_device_charging_watt_min":"0","_device_charging_watt_max":"0","_is_food":"no","_differential_taxation":"no","_gzd_version":"3.18.7","_hs_code":"","_customs_description":"","_manufacture_country":"0","_is_non_returnable":"no","_shipping_length":"","_shipping_width":"","_shipping_height":"","_sku":"ISBN 978-3-86442-378-9","_global_unique_id":"978-3-86442-378-9","_regular_price":"39.8","total_sales":"0","_tax_status":"taxable","_tax_class":"","_manage_stock":"no","_backorders":"no","_sold_individually":"no","_weight":"2","_virtual":"no","_downloadable":"no","_download_limit":"-1","_download_expiry":"-1","_stock":"","_stock_status":"instock","_wc_average_rating":"0","_wc_review_count":"0","_product_version":"9.7.1","_price":"39.8","shopengine_product_views_count":"5395","_thumbnail_id":"4998","_product_attributes":{"erscheinungsdatum":{"name":"Fecha de publicaci\u00f3n","value":"30.03.2022","position":0,"is_visible":1,"is_variation":0,"is_taxonomy":0,"checkout_visible":0}},"_nutrient_ids":[],"_upsell_ids":null,"pswc_subtitle":null,"_default_delivery_time":null,"_wp_desired_post_slug":null,"_isbn":null,"pageType":null,"isExternalUrl":null,"pageId":null,"externalUrl":null,"hideCookieBanner":null,"isTargetBlank":null,"isProviderCurrentWebsite":null,"isEmbeddingOnlyExternalResources":null,"legalBasis":null,"dataProcessingInCountries":null,"dataProcessingInCountriesSpecialTreatments":null,"technicalDefinitions":null,"googleConsentModeConsentTypes":null,"executePriority":null,"executeCodeOptInWhenNoTagManagerConsentIsGiven":null,"executeCodeOptOutWhenNoTagManagerConsentIsGiven":null,"deleteTechnicalDefinitionsAfterOptOut":null,"presetId":null,"presetVersion":null,"provider":null,"providerContactPhone":null,"providerContactEmail":null,"providerContactLink":null,"uniqueName":null,"providerPrivacyPolicyUrl":null,"providerLegalNoticeUrl":null,"codeOptIn":null,"codeOptOut":null,"codeOnPageLoad":null,"language_code":null,"shopengine_template__post_meta__type":null,"shopengine_template__post_meta":null,"shopengine_template__post_meta__edit_with":null,"origin":null,"_enabled":null,"_filters":null,"_layout":null,"_elementor_import_session_id":null,"_wp_trash_meta_status":null,"_wp_trash_meta_time":null,"_edit_lock":"1743525180:2","_elementor_floating_elements_type":null,"_elementor_edit_mode":null,"_elementor_template_type":null,"tc-thumb-fld":{"_thumb_id":4998,"_thumb_type":"thumb"},"_wp_page_template":"default","_elementor_version":null,"_elementor_pro_version":null,"_elementor_page_settings":null,"_elementor_data":null,"_elementor_conditions":null,"_elementor_popup_display_settings":null,"_edit_last":"2","_elementor_template_sub_type":null,"_elementor_controls_usage":null,"_elementor_screenshot":null,"_elementor_css":null,"_elementor_page_assets":[],"_elementor_element_cache":null,"_elementor_screenshot_failed":null,"_elementor_source":null,"_wp_old_date":null,"layout_key":"","post_slider_check_key":"0","_links":{"self":[{"href":"https:\/\/snoeck.de\/es\/wp-json\/wp\/v2\/product\/3583","targetHints":{"allow":["GET"]}}],"collection":[{"href":"https:\/\/snoeck.de\/es\/wp-json\/wp\/v2\/product"}],"about":[{"href":"https:\/\/snoeck.de\/es\/wp-json\/wp\/v2\/types\/product"}],"wp:featuredmedia":[{"embeddable":true,"href":"https:\/\/snoeck.de\/es\/wp-json\/wp\/v2\/media\/4998"}],"wp:attachment":[{"href":"https:\/\/snoeck.de\/es\/wp-json\/wp\/v2\/media?parent=3583"}],"wp:term":[{"taxonomy":"product_brand","embeddable":true,"href":"https:\/\/snoeck.de\/es\/wp-json\/wp\/v2\/product_brand?post=3583"},{"taxonomy":"product_cat","embeddable":true,"href":"https:\/\/snoeck.de\/es\/wp-json\/wp\/v2\/product_cat?post=3583"},{"taxonomy":"product_tag","embeddable":true,"href":"https:\/\/snoeck.de\/es\/wp-json\/wp\/v2\/product_tag?post=3583"}],"curies":[{"name":"wp","href":"https:\/\/api.w.org\/{rel}","templated":true}]}}