{"id":3584,"date":"2025-01-31T11:30:36","date_gmt":"2025-01-31T11:30:36","guid":{"rendered":"https:\/\/snoeck.process-vision.de\/shop\/thierry-geoffroy-colonel-a-propulsive-retrospective\/"},"modified":"2025-04-01T16:30:59","modified_gmt":"2025-04-01T16:30:59","slug":"thierry-geoffroy-colonel-a-propulsive-retrospective","status":"publish","type":"product","link":"https:\/\/snoeck.de\/es\/shop\/thierry-geoffroy-colonel-a-propulsive-retrospective\/","title":{"rendered":"Thierry Geoffroy | Coronel: UNA RETROSPECTIVA PROPULSIVA. Format Art | M\u00fasculo de la conciencia | Arte de emergencia | Ultracontempor\u00e1neo | Bienalista | Exposiciones en movimiento | Carrera cr\u00edtica | Museo del retraso | Laboratorio de la apat\u00eda | Extracteur"},"content":{"rendered":"<p>Tras su exposici\u00f3n individual THE AWARENESS MUSCLE TRAINING CENTER, Villa Stuck y Snoeck se complacen en presentar la primera monograf\u00eda completa de THIERRY GEOFFROY \/ COLONEL. La polifac\u00e9tica obra de este artista conceptual, nacido en Nancy (Francia) en 1961, puede seguirse aqu\u00ed a lo largo de m\u00e1s de cuatro d\u00e9cadas. Probablemente sea m\u00e1s conocido por los formatos de su ARTE DE EMERGENCIA.<br \/>\n\"Thierry Geoffroy\/ Colonel: A Propulsive Retrospective\" presenta 22 formatos art\u00edsticos diferentes, entre ellos EMERGENCY ROOM, CRITICAL RUN y BIENNALIST, que ha presentado en instituciones de todo el mundo. Geoffroy describe su Format Art como una respuesta art\u00edstica a la globalizaci\u00f3n, que ofrece al individuo una forma de autoexpresi\u00f3n a la que se puede recurrir una y otra vez, permitiendo a todo el mundo responder a emergencias y problemas reales en el aqu\u00ed y el ahora.<br \/>\nA trav\u00e9s del arte de formato y otros conceptos art\u00edsticos ULTRACONTEMPOR\u00c1NEOS, Geoffroy ha intentado abordar las reivindicaciones sociales y pol\u00edticas y tambi\u00e9n ha mostrado c\u00f3mo los artistas pueden encontrar soluciones. Esta monograf\u00eda analiza las formas que ha adoptado el arte de Geoffroy desde sus inicios hasta la actualidad, con cap\u00edtulos dedicados a su fotograf\u00eda, pintura, obras basadas en el lenguaje, arte multimedia y plataformas expositivas.<br \/>\nEn esta monograf\u00eda, historiadores del arte y antiguos colaboradores del artista analizan en profundidad su pr\u00e1ctica art\u00edstica, es decir, su movilidad y flexibilidad, as\u00ed como su constante empe\u00f1o por ir un paso \"por delante\" del azar y de su tiempo. Acompa\u00f1adas de m\u00e1s de 1.000 ilustraciones, sus contribuciones muestran el cuidado con que Geoffroy concibi\u00f3 sus obras para transmitir y canalizar mensajes sobre temas de identidad, migraci\u00f3n, guerra, propaganda o cambio clim\u00e1tico. Una cronolog\u00eda exhaustiva de la obra de Geoffroy, que enumera sus numerosas exposiciones e intervenciones en innumerables instituciones y eventos, revela la amplitud del artista y su ambici\u00f3n permanente de sensibilizar a la gente sobre su verdadero potencial de acci\u00f3n frente a las crisis.<br \/>\nLa prol\u00edfica producci\u00f3n de Geoffroy, fuertemente impulsada por un sentido de la urgencia, se caracteriza sin embargo por la cordialidad, la generosidad y, sobre todo, un sentido de la armon\u00eda. La obra de Geoffroy es estrat\u00e9gicamente frontal, po\u00e9tica, humor\u00edstica, cr\u00edtica consigo mismo y con las instituciones, pero tambi\u00e9n profundamente personal. Su energ\u00eda incontenible ha dado lugar a un movimiento art\u00edstico propio, centrado en el \"Arte de Emergencia\", que cuestiona el estado de \"retraso\" que paraliza el arte contempor\u00e1neo y el mundo que lo rodea.<br \/>\nEl subt\u00edtulo de esta monograf\u00eda, \"Una retrospectiva propulsora\", representa el car\u00e1cter \"prospectivo\" de esta publicaci\u00f3n, que condensa y analiza el pasado y, al mismo tiempo, pretende contribuir a seguir avanzando en la misi\u00f3n de combatir la apat\u00eda en el futuro. La publicaci\u00f3n ir\u00e1 acompa\u00f1ada de una serie de presentaciones y seminarios internacionales en los que se expondr\u00e1n, promover\u00e1n, investigar\u00e1n y profundizar\u00e1n las tesis de la obra de Geoffroy.<\/p>","protected":false},"excerpt":{"rendered":"<p>Cat\u00e1logo de la exposici\u00f3n, Villa Stuck M\u00fanich, editado por Michael Buhrs y Christian Ganzenberg<br \/>\nTextos (eng.) de Sebastian Baden, Michael Buhrs, Jonatan Habib Engqvist, Carsten Friberg, Morten Friis, Christian Ganzenberg, Elena Hansen, S\u00e9amus Kealy, Tijana Mi\u0161kovi\u0107, Susana Puente Matos, Marie-France Rafael, Johanne Schr\u00f8der, Inka Schube y contribuciones de Mikkel B\u00f8gh, Raphael Chikukwa, Julia Draganovi\u0107, Mascha Faurschou, \u00c5smund Boye Kverneland, Christopher Lew, Madeleine Park, Holger Reenberg.<br \/>\n608 p\u00e1gs. con unas 1.000 ilustraciones en color<br \/>\nFormato 31,2 x 24,5 cm, tapa dura<\/p>","protected":false},"featured_media":4999,"template":"","meta":[],"product_brand":[],"product_cat":[88,60,64,73],"product_tag":[],"class_list":{"0":"post-3584","1":"product","2":"type-product","3":"status-publish","4":"has-post-thumbnail","6":"product_cat-88","7":"product_cat-c","8":"product_cat-g","9":"product_cat-p","11":"first","12":"instock","13":"taxable","14":"shipping-taxable","15":"purchasable","16":"product-type-simple"},"aioseo_notices":[],"_wp_attached_file":null,"_wp_attachment_metadata":null,"_wc_attachment_source":null,"_elementor_inline_svg":null,"_elementor_is_screenshot":null,"_elementor_source_image_hash":null,"_source_url":null,"_wp_attachment_context":null,"_menu_item_type":null,"_menu_item_menu_item_parent":null,"_menu_item_object_id":null,"_menu_item_object":null,"_menu_item_target":null,"_menu_item_classes":null,"_menu_item_xfn":null,"_menu_item_url":null,"__elementor_forms_snapshot":null,"_unit":"","_unit_base":"","_unit_product":"","_unit_price_auto":"no","_unit_price_regular":"","_unit_price":"","_unit_price_sale":"","_sale_price_label":"","_sale_price_regular_label":"","_manufacturer_slug":"","_mini_desc":"","_defect_description":"","_safety_instructions":"","_allergen_ids":[],"_warranty_attachment_id":"","_safety_attachment_ids":[],"_min_age":"","_ts_gtin":"","_ts_mpn":"","_delivery_time_countries":[],"_free_shipping":"no","_service":"no","_photovoltaic_system":"no","_used_good":"no","_defective_copy":"no","_wireless_electronic_device":"no","_device_contains_power_supply":"no","_device_charging_supports_usb_pd":"no","_device_charging_watt_min":"0","_device_charging_watt_max":"0","_is_food":"no","_differential_taxation":"no","_gzd_version":"3.18.7","_hs_code":"","_customs_description":"","_manufacture_country":"0","_is_non_returnable":"no","_shipping_length":"","_shipping_width":"","_shipping_height":"","_sku":"ISBN 978-3-86442-395-6","_global_unique_id":"978-3-86442-395-6","_regular_price":"78","total_sales":"0","_tax_status":"taxable","_tax_class":"","_manage_stock":"no","_backorders":"no","_sold_individually":"no","_weight":"3","_virtual":"no","_downloadable":"no","_download_limit":"-1","_download_expiry":"-1","_stock":"","_stock_status":"instock","_wc_average_rating":"0","_wc_review_count":"0","_product_version":"9.7.1","_price":"78","shopengine_product_views_count":"3492","_thumbnail_id":"4999","_product_attributes":{"erscheinungsdatum":{"name":"Fecha de publicaci\u00f3n","value":"02.04.2024","position":0,"is_visible":1,"is_variation":0,"is_taxonomy":0,"checkout_visible":0}},"_nutrient_ids":[],"_upsell_ids":null,"pswc_subtitle":null,"_default_delivery_time":null,"_wp_desired_post_slug":null,"_isbn":null,"pageType":null,"isExternalUrl":null,"pageId":null,"externalUrl":null,"hideCookieBanner":null,"isTargetBlank":null,"isProviderCurrentWebsite":null,"isEmbeddingOnlyExternalResources":null,"legalBasis":null,"dataProcessingInCountries":null,"dataProcessingInCountriesSpecialTreatments":null,"technicalDefinitions":null,"googleConsentModeConsentTypes":null,"executePriority":null,"executeCodeOptInWhenNoTagManagerConsentIsGiven":null,"executeCodeOptOutWhenNoTagManagerConsentIsGiven":null,"deleteTechnicalDefinitionsAfterOptOut":null,"presetId":null,"presetVersion":null,"provider":null,"providerContactPhone":null,"providerContactEmail":null,"providerContactLink":null,"uniqueName":null,"providerPrivacyPolicyUrl":null,"providerLegalNoticeUrl":null,"codeOptIn":null,"codeOptOut":null,"codeOnPageLoad":null,"language_code":null,"shopengine_template__post_meta__type":null,"shopengine_template__post_meta":null,"shopengine_template__post_meta__edit_with":null,"origin":null,"_enabled":null,"_filters":null,"_layout":null,"_elementor_import_session_id":null,"_wp_trash_meta_status":null,"_wp_trash_meta_time":null,"_edit_lock":"1743524922:2","_elementor_floating_elements_type":null,"_elementor_edit_mode":null,"_elementor_template_type":null,"tc-thumb-fld":{"_thumb_id":4999,"_thumb_type":"thumb"},"_wp_page_template":"default","_elementor_version":null,"_elementor_pro_version":null,"_elementor_page_settings":null,"_elementor_data":null,"_elementor_conditions":null,"_elementor_popup_display_settings":null,"_edit_last":"2","_elementor_template_sub_type":null,"_elementor_controls_usage":null,"_elementor_screenshot":null,"_elementor_css":null,"_elementor_page_assets":[],"_elementor_element_cache":null,"_elementor_screenshot_failed":null,"_elementor_source":null,"_wp_old_date":null,"layout_key":"","post_slider_check_key":"0","_links":{"self":[{"href":"https:\/\/snoeck.de\/es\/wp-json\/wp\/v2\/product\/3584","targetHints":{"allow":["GET"]}}],"collection":[{"href":"https:\/\/snoeck.de\/es\/wp-json\/wp\/v2\/product"}],"about":[{"href":"https:\/\/snoeck.de\/es\/wp-json\/wp\/v2\/types\/product"}],"wp:featuredmedia":[{"embeddable":true,"href":"https:\/\/snoeck.de\/es\/wp-json\/wp\/v2\/media\/4999"}],"wp:attachment":[{"href":"https:\/\/snoeck.de\/es\/wp-json\/wp\/v2\/media?parent=3584"}],"wp:term":[{"taxonomy":"product_brand","embeddable":true,"href":"https:\/\/snoeck.de\/es\/wp-json\/wp\/v2\/product_brand?post=3584"},{"taxonomy":"product_cat","embeddable":true,"href":"https:\/\/snoeck.de\/es\/wp-json\/wp\/v2\/product_cat?post=3584"},{"taxonomy":"product_tag","embeddable":true,"href":"https:\/\/snoeck.de\/es\/wp-json\/wp\/v2\/product_tag?post=3584"}],"curies":[{"name":"wp","href":"https:\/\/api.w.org\/{rel}","templated":true}]}}