{"id":3586,"date":"2025-01-31T11:30:37","date_gmt":"2025-01-31T11:30:37","guid":{"rendered":"https:\/\/snoeck.process-vision.de\/shop\/siegfried-gohr-begegnungen\/"},"modified":"2025-04-01T16:24:06","modified_gmt":"2025-04-01T16:24:06","slug":"siegfried-gohr-begegnungen","status":"publish","type":"product","link":"https:\/\/snoeck.de\/es\/shop\/siegfried-gohr-begegnungen\/","title":{"rendered":"Siegfried Gohr: Encuentros"},"content":{"rendered":"<h3>Un mosaico de piedras de colores y tama\u00f1os diferentes<\/h3>\n<p>Siegfried Gohr echa la vista atr\u00e1s a 50 a\u00f1os llenos de encuentros en el mundo del arte, en los que trabaj\u00f3 como director de museo (1978-1985 Kunsthalle K\u00f6ln, luego Museum Ludwig K\u00f6ln hasta 1991), as\u00ed como profesor de historia del arte e historia de los medios de comunicaci\u00f3n en Karlsruhe (1993-2004) y de historia del arte en D\u00fcsseldorf (2006-2014). La gran exposici\u00f3n panor\u00e1mica \"Bilderstreit\" (La controversia de la imagen) en las salas de exposiciones de Colonia en 1989, que comisari\u00f3 junto con Johannes Gachnang, se ha convertido en legendaria. En nuestro volumen, gu\u00eda al lector anecd\u00f3ticamente a trav\u00e9s de sus \u00e1reas de inter\u00e9s - comenzando con un relato de un viaje de seminario a los EE.UU. como joven estudiante de arte con una visita a Quappi Beckmann, seguido de sus estancias en Par\u00eds, donde qued\u00f3 cautivado por la escena internacional de museos, marchantes y coleccionistas - un inter\u00e9s que tambi\u00e9n le puso en contacto con el gran coleccionista Peter Ludwig hasta la d\u00e9cada de 1990. Los recuerdos de sus encuentros con artistas y su frecuente amistad con ellos ocupan un lugar destacado: Dedica cap\u00edtulos individuales a Georg Baselitz, Joseph Beuys, Anthony Cragg, G\u00fcnther F\u00f6rg, Renato Guttuso, Antonius H\u00f6ckelmann, J\u00f6rg Immendorff, Konrad Klapheck, Per Kirkeby, Markus L\u00fcpertz, A. R. Penck y Sigmar Polke. Sus diversas conexiones le han situado en la primera fila de los publicistas de arte de posguerra; sus publicaciones incluyen innumerables colaboraciones en cat\u00e1logos, monograf\u00edas sobre Pablo Picasso, Ren\u00e9 Magritte y Markus L\u00fcpertz, as\u00ed como la edici\u00f3n de los cat\u00e1logos razonados de Ernst Wilhelm Nay, Max Beckmann y J\u00f6rg Immendorff. El prefacio de Siegfried Gohr afirma: \"Estos recuerdos se refieren a un mundo desaparecido que a\u00fan se caracterizaba por el optimismo y el entusiasmo en Renania. En aquella \u00e9poca, la gente se sent\u00eda en el centro de un cambio cultural, que encontr\u00f3 una expresi\u00f3n visible, entre otras cosas, en los nuevos edificios de los museos. Cuando en los a\u00f1os ochenta se hablaba de una nueva \"confusi\u00f3n\", pocos pod\u00edan imaginar que esta situaci\u00f3n se prolongar\u00eda hasta nuestros d\u00edas\". Lo nuevo, podr\u00eda concluirse, s\u00f3lo tiene un fundamento s\u00f3lido si se basa en el conocimiento hist\u00f3rico, es decir, si se apoya en los hombros de lo antiguo, por as\u00ed decirlo.<\/p>\n<p>Con cap\u00edtulos sobre: Quappi Beckmann, Georg Baselitz, Joseph Beuys, Anthony Cragg, G\u00fcnther F\u00f6rg, Johannes Gachnang, Renato Guttuso, Wolfgang Hahn, Antonius H\u00f6ckelmann, J\u00f6rg Immendorff, Fred Jahn, Knud W. Jensen, Konrad Klapheck, Per Kirkeby, Peter e Irene Ludwig, Markus L\u00fcpertz, Elisabeth Nay-Scheibler, A. R. Penck, Sigmar Polke, Wolfgang Rihm, Isabelle Rouault, Johannes Wasmuth.<\/p>","protected":false},"excerpt":{"rendered":"<p>Con fotograf\u00edas de Benjamin Katz y otros.<br \/>\n160 p. con 25 ilustraciones en b\/n<br \/>\nFormato 20,7 x 13,5 cm, r\u00fastica<\/p>","protected":false},"featured_media":5001,"template":"","meta":[],"product_brand":[],"product_cat":[84,64],"product_tag":[],"class_list":{"0":"post-3586","1":"product","2":"type-product","3":"status-publish","4":"has-post-thumbnail","6":"product_cat-84","7":"product_cat-g","9":"first","10":"instock","11":"taxable","12":"shipping-taxable","13":"purchasable","14":"product-type-simple"},"aioseo_notices":[],"_wp_attached_file":null,"_wp_attachment_metadata":null,"_wc_attachment_source":null,"_elementor_inline_svg":null,"_elementor_is_screenshot":null,"_elementor_source_image_hash":null,"_source_url":null,"_wp_attachment_context":null,"_menu_item_type":null,"_menu_item_menu_item_parent":null,"_menu_item_object_id":null,"_menu_item_object":null,"_menu_item_target":null,"_menu_item_classes":null,"_menu_item_xfn":null,"_menu_item_url":null,"__elementor_forms_snapshot":null,"_unit":"","_unit_base":"","_unit_product":"","_unit_price_auto":"no","_unit_price_regular":"","_unit_price":"","_unit_price_sale":"","_sale_price_label":"","_sale_price_regular_label":"","_manufacturer_slug":"","_mini_desc":"","_defect_description":"","_safety_instructions":"","_allergen_ids":[],"_warranty_attachment_id":"","_safety_attachment_ids":[],"_min_age":"","_ts_gtin":"","_ts_mpn":"","_delivery_time_countries":[],"_free_shipping":"no","_service":"no","_photovoltaic_system":"no","_used_good":"no","_defective_copy":"no","_wireless_electronic_device":"no","_device_contains_power_supply":"no","_device_charging_supports_usb_pd":"no","_device_charging_watt_min":"0","_device_charging_watt_max":"0","_is_food":"no","_differential_taxation":"no","_gzd_version":"3.18.7","_hs_code":"","_customs_description":"","_manufacture_country":"0","_is_non_returnable":"no","_shipping_length":"","_shipping_width":"","_shipping_height":"","_sku":"ISBN 978-3-86442-376-5","_global_unique_id":"978-3-86442-376-5","_regular_price":"24.8","total_sales":"0","_tax_status":"taxable","_tax_class":"","_manage_stock":"no","_backorders":"no","_sold_individually":"no","_weight":"1","_virtual":"no","_downloadable":"no","_download_limit":"-1","_download_expiry":"-1","_stock":"","_stock_status":"instock","_wc_average_rating":"0","_wc_review_count":"0","_product_version":"9.7.1","_price":"24.8","shopengine_product_views_count":"2468","_thumbnail_id":"5001","_product_attributes":{"erscheinungsdatum":{"name":"Erscheinungsdatum","value":"03.01.2020","position":0,"is_visible":1,"is_variation":0,"is_taxonomy":0,"checkout_visible":0}},"_nutrient_ids":[],"_upsell_ids":null,"pswc_subtitle":null,"_default_delivery_time":null,"_wp_desired_post_slug":null,"_isbn":null,"pageType":null,"isExternalUrl":null,"pageId":null,"externalUrl":null,"hideCookieBanner":null,"isTargetBlank":null,"isProviderCurrentWebsite":null,"isEmbeddingOnlyExternalResources":null,"legalBasis":null,"dataProcessingInCountries":null,"dataProcessingInCountriesSpecialTreatments":null,"technicalDefinitions":null,"googleConsentModeConsentTypes":null,"executePriority":null,"executeCodeOptInWhenNoTagManagerConsentIsGiven":null,"executeCodeOptOutWhenNoTagManagerConsentIsGiven":null,"deleteTechnicalDefinitionsAfterOptOut":null,"presetId":null,"presetVersion":null,"provider":null,"providerContactPhone":null,"providerContactEmail":null,"providerContactLink":null,"uniqueName":null,"providerPrivacyPolicyUrl":null,"providerLegalNoticeUrl":null,"codeOptIn":null,"codeOptOut":null,"codeOnPageLoad":null,"language_code":null,"shopengine_template__post_meta__type":null,"shopengine_template__post_meta":null,"shopengine_template__post_meta__edit_with":null,"origin":null,"_enabled":null,"_filters":null,"_layout":null,"_elementor_import_session_id":null,"_wp_trash_meta_status":null,"_wp_trash_meta_time":null,"_edit_lock":"1743524507:2","_elementor_floating_elements_type":null,"_elementor_edit_mode":null,"_elementor_template_type":null,"tc-thumb-fld":{"_thumb_id":5001,"_thumb_type":"thumb"},"_wp_page_template":"default","_elementor_version":null,"_elementor_pro_version":null,"_elementor_page_settings":null,"_elementor_data":null,"_elementor_conditions":null,"_elementor_popup_display_settings":null,"_edit_last":"2","_elementor_template_sub_type":null,"_elementor_controls_usage":null,"_elementor_screenshot":null,"_elementor_css":null,"_elementor_page_assets":[],"_elementor_element_cache":null,"_elementor_screenshot_failed":null,"_elementor_source":null,"_wp_old_date":null,"layout_key":"","post_slider_check_key":"0","_links":{"self":[{"href":"https:\/\/snoeck.de\/es\/wp-json\/wp\/v2\/product\/3586","targetHints":{"allow":["GET"]}}],"collection":[{"href":"https:\/\/snoeck.de\/es\/wp-json\/wp\/v2\/product"}],"about":[{"href":"https:\/\/snoeck.de\/es\/wp-json\/wp\/v2\/types\/product"}],"wp:featuredmedia":[{"embeddable":true,"href":"https:\/\/snoeck.de\/es\/wp-json\/wp\/v2\/media\/5001"}],"wp:attachment":[{"href":"https:\/\/snoeck.de\/es\/wp-json\/wp\/v2\/media?parent=3586"}],"wp:term":[{"taxonomy":"product_brand","embeddable":true,"href":"https:\/\/snoeck.de\/es\/wp-json\/wp\/v2\/product_brand?post=3586"},{"taxonomy":"product_cat","embeddable":true,"href":"https:\/\/snoeck.de\/es\/wp-json\/wp\/v2\/product_cat?post=3586"},{"taxonomy":"product_tag","embeddable":true,"href":"https:\/\/snoeck.de\/es\/wp-json\/wp\/v2\/product_tag?post=3586"}],"curies":[{"name":"wp","href":"https:\/\/api.w.org\/{rel}","templated":true}]}}