{"id":3587,"date":"2025-01-31T11:30:38","date_gmt":"2025-01-31T11:30:38","guid":{"rendered":"https:\/\/snoeck.process-vision.de\/shop\/bruno-goller-retrospektive-1922-1992\/"},"modified":"2025-04-01T16:22:39","modified_gmt":"2025-04-01T16:22:39","slug":"bruno-goller-retrospektive-1922-1992","status":"publish","type":"product","link":"https:\/\/snoeck.de\/es\/shop\/bruno-goller-retrospektive-1922-1992\/","title":{"rendered":"Bruno Goller: retrospectiva 1922-1992"},"content":{"rendered":"<h3>La proximidad de Goller al Surrealismo y a la Nueva Objetividad<\/h3>\n<p>La historia de la pintura del siglo XX se ha interpretado durante mucho tiempo como una competici\u00f3n entre escuelas y estilos, pasando por alto lo decisivos que pueden ser los outsiders para el desarrollo del arte. Bruno Goller tambi\u00e9n pertenece a este grupo de inconformistas poco convencionales, a pesar de algunos paralelismos entre su obra y el arte del Surrealismo y la Nueva Objetividad. Nacido en Gummersbach en 1901 y residente permanente en D\u00fcsseldorf desde 1927, pas\u00f3 m\u00e1s de setenta a\u00f1os creando un mundo m\u00e1gico de im\u00e1genes que, en contraste con la gran corriente contempor\u00e1nea de la abstracci\u00f3n, se caracteriza por un claro compromiso con el representacionalismo. Reconocemos casas, relojes, sombreros, rosas, paraguas, abrigos y, por \u00faltimo, pero no por ello menos importante, mujeres, que generalmente aparecen representadas de manera tipificada y estrictamente formalizada. Aunque los hombres aparecen ocasionalmente en sus cuadros, son las mujeres las que ocupan el centro de su arte. Sin embargo, su presencia idol\u00e1trica es tan dif\u00edcil de comprender e interpretar como todos los objetos que las rodean. \u00bfQu\u00e9 significado m\u00e1s profundo une a todos los elementos del cuadro? En algunos momentos es posible establecer v\u00ednculos asociativos entre el inventario pict\u00f3rico, pero los cuadros de Goller se resisten a una lectura inequ\u00edvoca. En \u00faltima instancia, se niegan a ser captados por el int\u00e9rprete y es precisamente de ah\u00ed de donde adquieren su resplandor: la magia de lo enigm\u00e1tico.<\/p>\n<p>Exposici\u00f3n:<br \/>\nKunstmuseum Bonn, 19\/9\/2024 - 19\/1\/2025<\/p>","protected":false},"excerpt":{"rendered":"<p>Cat\u00e1logo de la exposici\u00f3n, Kunstmuseum Bonn, editado por Stephan Berg y Christoph Schreier<br \/>\nTextos (alem\u00e1n\/ingl\u00e9s) de Stephan Berg, Christoph Schreier<br \/>\n176 p. con 100 ilustraciones en color<br \/>\nFormato 32 x 24 cm, r\u00fastica con sobrecubierta<\/p>","protected":false},"featured_media":5002,"template":"","meta":[],"product_brand":[],"product_cat":[88,64],"product_tag":[],"class_list":{"0":"post-3587","1":"product","2":"type-product","3":"status-publish","4":"has-post-thumbnail","6":"product_cat-88","7":"product_cat-g","9":"first","10":"instock","11":"taxable","12":"shipping-taxable","13":"purchasable","14":"product-type-simple"},"aioseo_notices":[],"_wp_attached_file":null,"_wp_attachment_metadata":null,"_wc_attachment_source":null,"_elementor_inline_svg":null,"_elementor_is_screenshot":null,"_elementor_source_image_hash":null,"_source_url":null,"_wp_attachment_context":null,"_menu_item_type":null,"_menu_item_menu_item_parent":null,"_menu_item_object_id":null,"_menu_item_object":null,"_menu_item_target":null,"_menu_item_classes":null,"_menu_item_xfn":null,"_menu_item_url":null,"__elementor_forms_snapshot":null,"_unit":"","_unit_base":"","_unit_product":"","_unit_price_auto":"no","_unit_price_regular":"","_unit_price":"","_unit_price_sale":"","_sale_price_label":"","_sale_price_regular_label":"","_manufacturer_slug":"","_mini_desc":"","_defect_description":"","_safety_instructions":"","_allergen_ids":[],"_warranty_attachment_id":"","_safety_attachment_ids":[],"_min_age":"","_ts_gtin":"","_ts_mpn":"","_delivery_time_countries":[],"_free_shipping":"no","_service":"no","_photovoltaic_system":"no","_used_good":"no","_defective_copy":"no","_wireless_electronic_device":"no","_device_contains_power_supply":"no","_device_charging_supports_usb_pd":"no","_device_charging_watt_min":"0","_device_charging_watt_max":"0","_is_food":"no","_differential_taxation":"no","_gzd_version":"3.18.7","_hs_code":"","_customs_description":"","_manufacture_country":"0","_is_non_returnable":"no","_shipping_length":"","_shipping_width":"","_shipping_height":"","_sku":"ISBN 978-3-86442-442-7","_global_unique_id":"978-3-86442-442-7","_regular_price":"39.8","total_sales":"0","_tax_status":"taxable","_tax_class":"","_manage_stock":"no","_backorders":"no","_sold_individually":"no","_weight":"1","_virtual":"no","_downloadable":"no","_download_limit":"-1","_download_expiry":"-1","_stock":"","_stock_status":"instock","_wc_average_rating":"0","_wc_review_count":"0","_product_version":"9.7.1","_price":"39.8","shopengine_product_views_count":"2936","_thumbnail_id":"5002","_product_attributes":{"erscheinungsdatum":{"name":"Fecha de publicaci\u00f3n","value":"19.09.2024","position":0,"is_visible":1,"is_variation":0,"is_taxonomy":0,"checkout_visible":0}},"_nutrient_ids":[],"_upsell_ids":null,"pswc_subtitle":null,"_default_delivery_time":null,"_wp_desired_post_slug":null,"_isbn":null,"pageType":null,"isExternalUrl":null,"pageId":null,"externalUrl":null,"hideCookieBanner":null,"isTargetBlank":null,"isProviderCurrentWebsite":null,"isEmbeddingOnlyExternalResources":null,"legalBasis":null,"dataProcessingInCountries":null,"dataProcessingInCountriesSpecialTreatments":null,"technicalDefinitions":null,"googleConsentModeConsentTypes":null,"executePriority":null,"executeCodeOptInWhenNoTagManagerConsentIsGiven":null,"executeCodeOptOutWhenNoTagManagerConsentIsGiven":null,"deleteTechnicalDefinitionsAfterOptOut":null,"presetId":null,"presetVersion":null,"provider":null,"providerContactPhone":null,"providerContactEmail":null,"providerContactLink":null,"uniqueName":null,"providerPrivacyPolicyUrl":null,"providerLegalNoticeUrl":null,"codeOptIn":null,"codeOptOut":null,"codeOnPageLoad":null,"language_code":null,"shopengine_template__post_meta__type":null,"shopengine_template__post_meta":null,"shopengine_template__post_meta__edit_with":null,"origin":null,"_enabled":null,"_filters":null,"_layout":null,"_elementor_import_session_id":null,"_wp_trash_meta_status":null,"_wp_trash_meta_time":null,"_edit_lock":"1743524595:2","_elementor_floating_elements_type":null,"_elementor_edit_mode":null,"_elementor_template_type":null,"tc-thumb-fld":{"_thumb_id":5002,"_thumb_type":"thumb"},"_wp_page_template":"default","_elementor_version":null,"_elementor_pro_version":null,"_elementor_page_settings":null,"_elementor_data":null,"_elementor_conditions":null,"_elementor_popup_display_settings":null,"_edit_last":"2","_elementor_template_sub_type":null,"_elementor_controls_usage":null,"_elementor_screenshot":null,"_elementor_css":null,"_elementor_page_assets":[],"_elementor_element_cache":null,"_elementor_screenshot_failed":null,"_elementor_source":null,"_wp_old_date":null,"layout_key":"","post_slider_check_key":"0","_links":{"self":[{"href":"https:\/\/snoeck.de\/es\/wp-json\/wp\/v2\/product\/3587","targetHints":{"allow":["GET"]}}],"collection":[{"href":"https:\/\/snoeck.de\/es\/wp-json\/wp\/v2\/product"}],"about":[{"href":"https:\/\/snoeck.de\/es\/wp-json\/wp\/v2\/types\/product"}],"wp:featuredmedia":[{"embeddable":true,"href":"https:\/\/snoeck.de\/es\/wp-json\/wp\/v2\/media\/5002"}],"wp:attachment":[{"href":"https:\/\/snoeck.de\/es\/wp-json\/wp\/v2\/media?parent=3587"}],"wp:term":[{"taxonomy":"product_brand","embeddable":true,"href":"https:\/\/snoeck.de\/es\/wp-json\/wp\/v2\/product_brand?post=3587"},{"taxonomy":"product_cat","embeddable":true,"href":"https:\/\/snoeck.de\/es\/wp-json\/wp\/v2\/product_cat?post=3587"},{"taxonomy":"product_tag","embeddable":true,"href":"https:\/\/snoeck.de\/es\/wp-json\/wp\/v2\/product_tag?post=3587"}],"curies":[{"name":"wp","href":"https:\/\/api.w.org\/{rel}","templated":true}]}}