{"id":3589,"date":"2025-01-31T11:30:39","date_gmt":"2025-01-31T11:30:39","guid":{"rendered":"https:\/\/snoeck.process-vision.de\/shop\/good-space\/"},"modified":"2026-04-08T15:19:03","modified_gmt":"2026-04-08T14:19:03","slug":"good-space","status":"publish","type":"product","link":"https:\/\/snoeck.de\/es\/shop\/good-space\/","title":{"rendered":"BUENO ESPACIO"},"content":{"rendered":"<h3>\"La comunidad presupone p\u00e9rdidas\"<\/h3>\n<p>Este es el titular del reportaje del Esslinger Zeitung sobre la inauguraci\u00f3n del fenomenal espect\u00e1culo \"\u00a1Bien! Space\". La impresionante presentaci\u00f3n es un ensayo expositivo que desaf\u00eda nuestra experiencia sensorial de forma intensa y l\u00fadica, centr\u00e1ndose en el desarrollo de las comunidades desde la perspectiva del arte contempor\u00e1neo. La diversidad social se realiza a trav\u00e9s del intercambio, la cohesi\u00f3n de las comunidades es causa y resultado de valores supraindividuales y conceptos de identidad, as\u00ed como de normas y reglas concretas. Sin embargo, este elemento unificador tambi\u00e9n est\u00e1 siempre inscrito en la exclusi\u00f3n y la marginaci\u00f3n, por lo que la cuesti\u00f3n de qu\u00e9 define el \"nosotros\" est\u00e1 llena de potencial explosivo -y pol\u00edtico-. Las obras de los artistas expuestos navegan por arquitecturas de poder -se abordan las consecuencias del colonialismo y se registran sus devastadoras secuelas-, ponen en juego el continuo del tiempo y el espacio -donde se cruzan tecnolog\u00eda y espiritualidad-, cuestionan ideas -como que nuestras vidas son libres, autodeterminadas y llenas de oportunidades para la autorrealizaci\u00f3n-, reivindicar el respeto incondicional del derecho de los animales a una vida autodeterminada -la relaci\u00f3n hombre-animal y las comunidades vegetales entran aqu\u00ed en escena tem\u00e1ticamente-, ser testigos de relaciones humanas parad\u00f3jicas -por ejemplo, en el caso de los conceptos de vivienda en el contexto del brutalismo arquitect\u00f3nico-, mostrarnos que las pel\u00edculas no s\u00f3lo proporcionan fuertes experiencias comunitarias en la sala de cine; tambi\u00e9n nos muestran la comunidad aislada de la tripulaci\u00f3n de un peque\u00f1o submarino. El ensayo expositivo se ve a s\u00ed mismo como un alegato a favor de una uni\u00f3n guiada por la curiosidad, el respeto y el aprecio que busca constantemente definir las necesidades y negociar las diferencias. En 2016, \"Buen espacio\" abord\u00f3 el tratamiento de los espacios no utilizados y los terrenos bald\u00edos; en 2019, se examinar\u00e1n cuestiones sobre c\u00f3mo revitalizar estos espacios y el funcionamiento de las comunidades, ya que el estado de \u00e1nimo pol\u00edtico ha cambiado considerablemente, y no solo como consecuencia del debate sobre la migraci\u00f3n.<\/p>\n<p>Artistas:<br \/>\nMartha Atienza, Fatma Bucak, Melanie Gilligan, Mikhail Karikis, Mary Reid Kelley &amp; Patrick Kelley, Fr\u00e9d\u00e9ric Moser &amp; Philippe Schwinger, Gabriela Oberkofler, Katrin Plavcak, Tabita Rezaire, Julika Rudelius, Lin May Saeed, Rob Voerman, Alberto Zamora Ruiz<\/p>\n<p>Exposici\u00f3n:<br \/>\nGaler\u00edas Villa Merkel de la ciudad de Esslingen, Merkelpark, salas de los Reales Talleres Ferroviarios de W\u00fcrttemberg; 2\/6-1\/9\/2019<\/p>","protected":false},"excerpt":{"rendered":"<p>Cat\u00e1logo de la exposici\u00f3n, Villa Merkel Esslingen, editado por Andreas Baur<br \/>\nTextos (alem\u00e1n\/ingl\u00e9s) de Andreas Baur, Julia Herrmann, Johannes Kaufmann, Anka Wenzel<br \/>\n248 p. con 134 ilustraciones en color<br \/>\nFormato 28 x 24 cm, tapa blanda<\/p>","protected":false},"featured_media":5004,"template":"","meta":[],"product_brand":[],"product_cat":[95],"product_tag":[],"class_list":{"0":"post-3589","1":"product","2":"type-product","3":"status-publish","4":"has-post-thumbnail","6":"product_cat-vergriffen","8":"first","9":"outofstock","10":"taxable","11":"shipping-taxable","12":"product-type-simple"},"aioseo_notices":[],"_wp_attached_file":null,"_wp_attachment_metadata":null,"_wc_attachment_source":null,"_elementor_inline_svg":null,"_elementor_is_screenshot":null,"_elementor_source_image_hash":null,"_source_url":null,"_wp_attachment_context":null,"_menu_item_type":null,"_menu_item_menu_item_parent":null,"_menu_item_object_id":null,"_menu_item_object":null,"_menu_item_target":null,"_menu_item_classes":null,"_menu_item_xfn":null,"_menu_item_url":null,"__elementor_forms_snapshot":null,"_unit":"","_unit_base":"","_unit_product":"","_unit_price_auto":"no","_unit_price_regular":"","_unit_price":"","_unit_price_sale":"","_sale_price_label":"","_sale_price_regular_label":"","_manufacturer_slug":"","_mini_desc":"","_defect_description":"","_safety_instructions":"","_allergen_ids":[],"_warranty_attachment_id":"","_safety_attachment_ids":[],"_min_age":"","_ts_gtin":"","_ts_mpn":"","_delivery_time_countries":[],"_free_shipping":"no","_service":"no","_photovoltaic_system":"no","_used_good":"no","_defective_copy":"no","_wireless_electronic_device":"no","_device_contains_power_supply":"no","_device_charging_supports_usb_pd":"no","_device_charging_watt_min":"0","_device_charging_watt_max":"0","_is_food":"no","_differential_taxation":"no","_gzd_version":"3.18.7","_hs_code":"","_customs_description":"","_manufacture_country":"0","_is_non_returnable":"no","_shipping_length":"","_shipping_width":"","_shipping_height":"","_sku":"ISBN 978-3-86442-276-8","_global_unique_id":"978-3-86442-276-8","_regular_price":null,"total_sales":"0","_tax_status":"taxable","_tax_class":"","_manage_stock":"no","_backorders":"no","_sold_individually":"no","_weight":"2","_virtual":"no","_downloadable":"no","_download_limit":"-1","_download_expiry":"-1","_stock":"","_stock_status":"outofstock","_wc_average_rating":"0","_wc_review_count":"0","_product_version":"10.1.4","_price":"","shopengine_product_views_count":"2633","_thumbnail_id":"5004","_product_attributes":{"erscheinungsdatum":{"name":"Fecha de publicaci\u00f3n","value":"01.09.2019","position":0,"is_visible":1,"is_variation":0,"is_taxonomy":0,"checkout_visible":0}},"_nutrient_ids":[],"_upsell_ids":null,"pswc_subtitle":null,"_default_delivery_time":null,"_wp_desired_post_slug":null,"_isbn":null,"pageType":null,"isExternalUrl":null,"pageId":null,"externalUrl":null,"hideCookieBanner":null,"isTargetBlank":null,"isProviderCurrentWebsite":null,"isEmbeddingOnlyExternalResources":null,"legalBasis":null,"dataProcessingInCountries":null,"dataProcessingInCountriesSpecialTreatments":null,"technicalDefinitions":null,"googleConsentModeConsentTypes":null,"executePriority":null,"executeCodeOptInWhenNoTagManagerConsentIsGiven":null,"executeCodeOptOutWhenNoTagManagerConsentIsGiven":null,"deleteTechnicalDefinitionsAfterOptOut":null,"presetId":null,"presetVersion":null,"provider":null,"providerContactPhone":null,"providerContactEmail":null,"providerContactLink":null,"uniqueName":null,"providerPrivacyPolicyUrl":null,"providerLegalNoticeUrl":null,"codeOptIn":null,"codeOptOut":null,"codeOnPageLoad":null,"language_code":null,"shopengine_template__post_meta__type":null,"shopengine_template__post_meta":null,"shopengine_template__post_meta__edit_with":null,"origin":null,"_enabled":null,"_filters":null,"_layout":null,"_elementor_import_session_id":null,"_wp_trash_meta_status":null,"_wp_trash_meta_time":null,"_edit_lock":"1743524149:2","_elementor_floating_elements_type":null,"_elementor_edit_mode":null,"_elementor_template_type":null,"tc-thumb-fld":{"_thumb_id":5004,"_thumb_type":"thumb"},"_wp_page_template":"default","_elementor_version":null,"_elementor_pro_version":null,"_elementor_page_settings":null,"_elementor_data":null,"_elementor_conditions":null,"_elementor_popup_display_settings":null,"_edit_last":"2","_elementor_template_sub_type":null,"_elementor_controls_usage":null,"_elementor_screenshot":null,"_elementor_css":null,"_elementor_page_assets":[],"_elementor_element_cache":null,"_elementor_screenshot_failed":null,"_elementor_source":null,"_wp_old_date":null,"layout_key":"","post_slider_check_key":"0","_links":{"self":[{"href":"https:\/\/snoeck.de\/es\/wp-json\/wp\/v2\/product\/3589","targetHints":{"allow":["GET"]}}],"collection":[{"href":"https:\/\/snoeck.de\/es\/wp-json\/wp\/v2\/product"}],"about":[{"href":"https:\/\/snoeck.de\/es\/wp-json\/wp\/v2\/types\/product"}],"wp:featuredmedia":[{"embeddable":true,"href":"https:\/\/snoeck.de\/es\/wp-json\/wp\/v2\/media\/5004"}],"wp:attachment":[{"href":"https:\/\/snoeck.de\/es\/wp-json\/wp\/v2\/media?parent=3589"}],"wp:term":[{"taxonomy":"product_brand","embeddable":true,"href":"https:\/\/snoeck.de\/es\/wp-json\/wp\/v2\/product_brand?post=3589"},{"taxonomy":"product_cat","embeddable":true,"href":"https:\/\/snoeck.de\/es\/wp-json\/wp\/v2\/product_cat?post=3589"},{"taxonomy":"product_tag","embeddable":true,"href":"https:\/\/snoeck.de\/es\/wp-json\/wp\/v2\/product_tag?post=3589"}],"curies":[{"name":"wp","href":"https:\/\/api.w.org\/{rel}","templated":true}]}}