{"id":3593,"date":"2025-01-31T11:30:41","date_gmt":"2025-01-31T11:30:41","guid":{"rendered":"https:\/\/snoeck.process-vision.de\/shop\/franz-grabmayr-oper-1970-1980\/"},"modified":"2025-04-01T16:10:40","modified_gmt":"2025-04-01T16:10:40","slug":"franz-grabmayr-oper-1970-1980","status":"publish","type":"product","link":"https:\/\/snoeck.de\/es\/shop\/franz-grabmayr-oper-1970-1980\/","title":{"rendered":"Franz Grabmayr: \u00d3pera 1970-1980"},"content":{"rendered":"<h3>\"Nureyev no se quedaba quieto en la \u00d3pera Estatal cuando yo trabajaba\"<\/h3>\n<p>\"Yo cronometro el movimiento. \u00a1Entonces es danza! La danza es din\u00e1mica\", dec\u00eda Franz Grabmayr (1927-2015) en los a\u00f1os 80 sobre sus \"cuadros de danza\". El pintor vien\u00e9s post-abstracto comenz\u00f3 su propio grupo de obras alrededor de 1971 en la \u00d3pera Estatal de Viena durante su entrenamiento de ballet y por las noches durante las representaciones, donde pod\u00eda situarse en un pasillo junto al escenario, entre dos telones diferentes por as\u00ed decirlo, con vistas a las actuaciones. Con carboncillo y tintas de colores, plasmaba en el papel las formas de los cuerpos humanos en movimiento. En cierto modo, seg\u00fan Robert Fleck, reactiv\u00f3 la pr\u00e1ctica del taller de Auguste Rodin, que a menudo ten\u00eda varios modelos desnudos movi\u00e9ndose libremente por la habitaci\u00f3n mientras \u00e9l los modelaba. En la obra de Franz Grabmayr, sin embargo, los modelos se exageran expresivamente en el sentido de la modulaci\u00f3n de C\u00e9zanne, al igual que en su pintura de paisaje. \"En realidad, la figura se desgarra cuando la bailarina trabaja de forma muy din\u00e1mica; cuando se mueve m\u00e1s despacio, las hojas se vuelven m\u00e1s planas. A menudo dejo que los bailarines juzguen mis hojas porque han sentido lo que han bailado. Y si pueden ver el sentimiento en la hoja, entonces la hoja es buena para ellos. Nureyev no se quedaba quieto en la \u00d3pera Estatal cuando yo trabajaba. Y as\u00ed aprend\u00ed a pintar conexiones r\u00edtmicas a partir del movimiento\". Robert Fleck relaciona este enfoque con las declaraciones program\u00e1ticas del movimiento vanguardista de los a\u00f1os 60, que propagaba el ideal ut\u00f3pico del \"arte directo\". Las obras de Franz Grabmayr estaban estrechamente vinculadas a esta idea, por lo que las obras de Frank Auerbach, Eug\u00e8ne Leroy y Chaim Soutine tambi\u00e9n pueden considerarse \"parientes\". Sin embargo, la pintura de Franz Grabmayr sigue siendo solitaria, sus motivos de balas de paja, campos de cereales, \u00e1rboles y portainjertos, su paisajismo y sus obras sobre la danza y la \u00f3pera son un rechazo a cualquier pesadez en la pintura. Si se desea, tambi\u00e9n se puede ver en su pintura de paisajes un temprano tratamiento art\u00edstico de los temas ecol\u00f3gicos. La joven generaci\u00f3n de artistas austriacos de los a\u00f1os 80, mucho m\u00e1s exitosa, descubri\u00f3 muy pronto a Franz Grabmayr como punto de referencia. Y la exposici\u00f3n de su obra que acaba de inaugurarse en el Albertina de Viena (hasta el 13 de octubre de 2024) lo sit\u00faa definitivamente en el canon del arte moderno. Y sus \"s\u00e1banas de danza\" y \"cuadros de danza\" flotan en el espacio, representando \"la ligereza\", como coincide la prensa.<\/p>\n<p>Exposici\u00f3n:<br \/>\n\u00d3pera Estatal de Viena, Viena, 4\/9\/2024 - 30\/1\/2025<\/p>","protected":false},"excerpt":{"rendered":"<p>Publicado por Jakob Grabmayr \/ Grabmayr Estate<br \/>\nTexto (alem\u00e1n) de Robert Fleck y entrevistas con los bailarines por Patrick Schuster<br \/>\n88 p. con 30 ilustraciones en color<br \/>\nFormato 17 x 12,8 cm, tapa dura<\/p>","protected":false},"featured_media":5007,"template":"","meta":[],"product_brand":[],"product_cat":[88,64],"product_tag":[],"class_list":{"0":"post-3593","1":"product","2":"type-product","3":"status-publish","4":"has-post-thumbnail","6":"product_cat-88","7":"product_cat-g","9":"first","10":"instock","11":"taxable","12":"shipping-taxable","13":"purchasable","14":"product-type-simple"},"aioseo_notices":[],"_wp_attached_file":null,"_wp_attachment_metadata":null,"_wc_attachment_source":null,"_elementor_inline_svg":null,"_elementor_is_screenshot":null,"_elementor_source_image_hash":null,"_source_url":null,"_wp_attachment_context":null,"_menu_item_type":null,"_menu_item_menu_item_parent":null,"_menu_item_object_id":null,"_menu_item_object":null,"_menu_item_target":null,"_menu_item_classes":null,"_menu_item_xfn":null,"_menu_item_url":null,"__elementor_forms_snapshot":null,"_unit":"","_unit_base":"","_unit_product":"","_unit_price_auto":"no","_unit_price_regular":"","_unit_price":"","_unit_price_sale":"","_sale_price_label":"","_sale_price_regular_label":"","_manufacturer_slug":"","_mini_desc":"","_defect_description":"","_safety_instructions":"","_allergen_ids":[],"_warranty_attachment_id":"","_safety_attachment_ids":[],"_min_age":"","_ts_gtin":"","_ts_mpn":"","_delivery_time_countries":[],"_free_shipping":"no","_service":"no","_photovoltaic_system":"no","_used_good":"no","_defective_copy":"no","_wireless_electronic_device":"no","_device_contains_power_supply":"no","_device_charging_supports_usb_pd":"no","_device_charging_watt_min":"0","_device_charging_watt_max":"0","_is_food":"no","_differential_taxation":"no","_gzd_version":"3.18.7","_hs_code":"","_customs_description":"","_manufacture_country":"0","_is_non_returnable":"no","_shipping_length":"","_shipping_width":"","_shipping_height":"","_sku":"ISBN 978-3-86442-446-5","_global_unique_id":"978-3-86442-446-5","_regular_price":"24.8","total_sales":"0","_tax_status":"taxable","_tax_class":"","_manage_stock":"no","_backorders":"no","_sold_individually":"no","_weight":"1","_virtual":"no","_downloadable":"no","_download_limit":"-1","_download_expiry":"-1","_stock":"","_stock_status":"instock","_wc_average_rating":"0","_wc_review_count":"0","_product_version":"9.7.1","_price":"24.8","shopengine_product_views_count":"2754","_thumbnail_id":"5007","_product_attributes":{"erscheinungsdatum":{"name":"Erscheinungsdatum","value":"26.08.2024","position":0,"is_visible":1,"is_variation":0,"is_taxonomy":0,"checkout_visible":0}},"_nutrient_ids":[],"_upsell_ids":null,"pswc_subtitle":null,"_default_delivery_time":null,"_wp_desired_post_slug":null,"_isbn":null,"pageType":null,"isExternalUrl":null,"pageId":null,"externalUrl":null,"hideCookieBanner":null,"isTargetBlank":null,"isProviderCurrentWebsite":null,"isEmbeddingOnlyExternalResources":null,"legalBasis":null,"dataProcessingInCountries":null,"dataProcessingInCountriesSpecialTreatments":null,"technicalDefinitions":null,"googleConsentModeConsentTypes":null,"executePriority":null,"executeCodeOptInWhenNoTagManagerConsentIsGiven":null,"executeCodeOptOutWhenNoTagManagerConsentIsGiven":null,"deleteTechnicalDefinitionsAfterOptOut":null,"presetId":null,"presetVersion":null,"provider":null,"providerContactPhone":null,"providerContactEmail":null,"providerContactLink":null,"uniqueName":null,"providerPrivacyPolicyUrl":null,"providerLegalNoticeUrl":null,"codeOptIn":null,"codeOptOut":null,"codeOnPageLoad":null,"language_code":null,"shopengine_template__post_meta__type":null,"shopengine_template__post_meta":null,"shopengine_template__post_meta__edit_with":null,"origin":null,"_enabled":null,"_filters":null,"_layout":null,"_elementor_import_session_id":null,"_wp_trash_meta_status":null,"_wp_trash_meta_time":null,"_edit_lock":"1743523700:2","_elementor_floating_elements_type":null,"_elementor_edit_mode":null,"_elementor_template_type":null,"tc-thumb-fld":{"_thumb_id":5007,"_thumb_type":"thumb"},"_wp_page_template":"default","_elementor_version":null,"_elementor_pro_version":null,"_elementor_page_settings":null,"_elementor_data":null,"_elementor_conditions":null,"_elementor_popup_display_settings":null,"_edit_last":"2","_elementor_template_sub_type":null,"_elementor_controls_usage":null,"_elementor_screenshot":null,"_elementor_css":null,"_elementor_page_assets":[],"_elementor_element_cache":null,"_elementor_screenshot_failed":null,"_elementor_source":null,"_wp_old_date":null,"layout_key":"","post_slider_check_key":"0","_links":{"self":[{"href":"https:\/\/snoeck.de\/es\/wp-json\/wp\/v2\/product\/3593","targetHints":{"allow":["GET"]}}],"collection":[{"href":"https:\/\/snoeck.de\/es\/wp-json\/wp\/v2\/product"}],"about":[{"href":"https:\/\/snoeck.de\/es\/wp-json\/wp\/v2\/types\/product"}],"wp:featuredmedia":[{"embeddable":true,"href":"https:\/\/snoeck.de\/es\/wp-json\/wp\/v2\/media\/5007"}],"wp:attachment":[{"href":"https:\/\/snoeck.de\/es\/wp-json\/wp\/v2\/media?parent=3593"}],"wp:term":[{"taxonomy":"product_brand","embeddable":true,"href":"https:\/\/snoeck.de\/es\/wp-json\/wp\/v2\/product_brand?post=3593"},{"taxonomy":"product_cat","embeddable":true,"href":"https:\/\/snoeck.de\/es\/wp-json\/wp\/v2\/product_cat?post=3593"},{"taxonomy":"product_tag","embeddable":true,"href":"https:\/\/snoeck.de\/es\/wp-json\/wp\/v2\/product_tag?post=3593"}],"curies":[{"name":"wp","href":"https:\/\/api.w.org\/{rel}","templated":true}]}}